{"id":836,"date":"2018-04-24T09:03:15","date_gmt":"2018-04-24T07:03:15","guid":{"rendered":"https:\/\/www.dfh-ufa.org\/fr\/diplome"},"modified":"2026-04-22T15:27:55","modified_gmt":"2026-04-22T13:27:55","slug":"diplome","status":"publish","type":"page","link":"https:\/\/www.dfh-ufa.org\/fr\/vous-etes\/diplome","title":{"rendered":"Dipl\u00f4m\u00e9\u00b7es"},"content":{"rendered":"<div class=\"csc-default\">\n<div class=\"csc-textpic csc-textpic-intext-left-nowrap\">\n<div class=\"row\">\n<div class=\"col-sm-3\">\n<h5 class=\"csc-textpic-imagewrap\"><img decoding=\"async\" loading=\"lazy\" class=\"wp-image-6896 alignleft\" src=\"https:\/\/www.dfh-ufa.org\/app\/uploads\/2018\/07\/logo_alumni_netzwerk.png\" alt=\"\" width=\"86\" height=\"86\" srcset=\"https:\/\/www.dfh-ufa.org\/app\/uploads\/2018\/07\/logo_alumni_netzwerk.png 190w, https:\/\/www.dfh-ufa.org\/app\/uploads\/2018\/07\/logo_alumni_netzwerk-150x150.png 150w\" sizes=\"(max-width: 86px) 100vw, 86px\" \/>Chaque ann\u00e9e, 1 300 \u00e9tudiant\u00b7es terminent leurs \u00e9tudes binationales ou trinationales avec un double dipl\u00f4me en poche. L\u2019UFA attache beaucoup d\u2019importance \u00e0 sa relation avec les \u00e9tudiant\u00b7es, pendant leurs \u00e9tudes mais aussi lors de leur insertion professionnelle puis tout au long de leur vie active. Ainsi, l\u2019UFA les soutient aussi bien de mani\u00e8re conceptuelle que financi\u00e8re.<\/h5>\n<\/div>\n<\/div>\n<\/div>\n<\/div>\n<div class=\"csc-default\">\n<div class=\"csc-textpic-text\">\n<div id=\"c23946\" class=\"csc-default\">\n<div class=\"csc-textpic-text\">\n<hr \/>\n<h3>Que propose l&rsquo;UFA \u00e0 ses \u00e9tudiant\u00b7es et dipl\u00f4m\u00e9\u00b7es ?<\/h3>\n<p><a href=\"\/fr\/vous-etes\/diplome\/associations-de-diplomes-dans-le-reseau-de-lufa\/soutien-conceptuel\" target=\"_blank\" rel=\"noopener noreferrer\">\u00bb Soutien conceptuel<\/a><\/p>\n<p><a href=\"https:\/\/www.dfh-ufa.org\/fr\/vous-etes\/diplome\/associations-de-diplomes-dans-le-reseau-de-lufa\/soutien-financier-1\">\u00bb Soutien financier<\/a><\/p>\n<hr \/>\n<h3>Prix d&rsquo;Excellence et de la Meilleure Th\u00e8se<\/h3>\n<p><img decoding=\"async\" loading=\"lazy\" class=\"alignleft wp-image-7148\" src=\"https:\/\/www.dfh-ufa.org\/app\/uploads\/2018\/07\/logo_ExzellenzPreis-1.png\" alt=\"\" width=\"86\" height=\"86\" srcset=\"https:\/\/www.dfh-ufa.org\/app\/uploads\/2018\/07\/logo_ExzellenzPreis-1.png 190w, https:\/\/www.dfh-ufa.org\/app\/uploads\/2018\/07\/logo_ExzellenzPreis-1-150x150.png 150w\" sizes=\"(max-width: 86px) 100vw, 86px\" \/>L&rsquo;UFA publie, cette ann\u00e9e encore, un appel \u00e0 candidatures pour les <a href=\"https:\/\/www.dfh-ufa.org\/fr\/vous-etes\/entreprises\/prix-dexcellence\/\" target=\"_blank\" rel=\"noopener noreferrer\">Prix d&rsquo;Excellence<\/a> et les <a href=\"https:\/\/www.dfh-ufa.org\/fr\/vous-etes\/entreprises\/prix-de-la-meilleure-these\/\" target=\"_blank\" rel=\"noopener noreferrer\">Prix de la Meilleure Th\u00e8se<\/a>, afin de r\u00e9compenser les meilleur\u00b7es dipl\u00f4m\u00e9\u00b7es et jeunes docteur\u00b7es soutenu\u00b7es par l\u2019UFA.<\/p>\n<hr \/>\n<h3><\/h3>\n<div class=\"csc-textpic-text\">\n<div id=\"c23946\" class=\"csc-default\">\n<div class=\"csc-textpic-text\">\n<h3>Ateliers interculturels<\/h3>\n<p>Vous terminez bient\u00f4t vos \u00e9tudes sup\u00e9rieures ou vous venez d\u2019\u00eatre dipl\u00f4m\u00e9\u00b7e? Afin de vous faciliter l\u2019entr\u00e9e sur le march\u00e9 de l\u2019emploi dans les deux pays, l\u2019UFA vous propose des ateliers interculturels.<\/p>\n<p><a href=\"https:\/\/www.dfh-ufa.org\/fr\/vous-etes\/etudiant-doctorant-diplome\/diplome\/entrainement-interculturel-a-la-candidature\/\" target=\"_blank\" rel=\"noopener noreferrer\">\u00bb en savoir plus<\/a><\/p>\n<hr \/>\n<h3>Forum Franco-Allemand<\/h3>\n<div><a href=\"https:\/\/www.dfh-ufa.org\/app\/uploads\/2024\/01\/logo-dff.png\"><img decoding=\"async\" loading=\"lazy\" class=\"alignnone wp-image-1953561\" src=\"https:\/\/www.dfh-ufa.org\/app\/uploads\/2024\/01\/logo-dff.png\" alt=\"\" width=\"248\" height=\"106\" srcset=\"https:\/\/www.dfh-ufa.org\/app\/uploads\/2024\/01\/logo-dff.png 399w, https:\/\/www.dfh-ufa.org\/app\/uploads\/2024\/01\/logo-dff-250x107.png 250w\" sizes=\"(max-width: 248px) 100vw, 248px\" \/><\/a><\/div>\n<div>Le <a href=\"https:\/\/www.ffa-dff.org\/fr\/accueil\">salon incontournable des formations sup\u00e9rieures franco-allemandes<\/a> a lieu tous les ans au mois de novembre \u00e0 Strasbourg.<\/div>\n<\/div>\n<\/div>\n<\/div>\n<p>&nbsp;<\/p>\n<hr \/>\n<h3><\/h3>\n<h3>Vous \u00eates \u00e0 la recherche d\u2019un stage ou d\u2019un emploi ?<\/h3>\n<p>L\u2019UFA propose des entra\u00eenements interculturels \u00e0 la candidature \u00e0 ses \u00e9tudiant\u00b7es et dipl\u00f4m\u00e9\u00b7es afin de faciliter leur insertion professionnelle sur le march\u00e9 de travail international. Par ailleurs, l\u2019UFA publie r\u00e9guli\u00e8rement des offres de stage et d\u2019emploi sur Facebook, Linkedin et Twitter et diffuse celles-ci au sein des associations de dipl\u00f4m\u00e9s de cursus int\u00e9gr\u00e9s.<\/p>\n<p>Vous trouverez ici une liste de sites internet utiles lors de votre recherche d\u2019emploi.<\/p>\n<p>Liste de liens : <a href=\"https:\/\/www.dfh-ufa.org\/fr\/liste-de-liens\/\" target=\"_blank\" rel=\"noopener noreferrer\">Stages\/offres d\u2019emplois\/aide \u00e0 la candidature<\/a><\/p>\n<hr \/>\n<h3>Mise en r\u00e9seau sur le web<\/h3>\n<p><img decoding=\"async\" loading=\"lazy\" class=\"alignleft wp-image-6894\" src=\"https:\/\/www.dfh-ufa.org\/app\/uploads\/2018\/07\/logo_DFH-Botschafter.png\" alt=\"\" width=\"86\" height=\"86\" srcset=\"https:\/\/www.dfh-ufa.org\/app\/uploads\/2018\/07\/logo_DFH-Botschafter.png 190w, https:\/\/www.dfh-ufa.org\/app\/uploads\/2018\/07\/logo_DFH-Botschafter-150x150.png 150w\" sizes=\"(max-width: 86px) 100vw, 86px\" \/>L\u2019UFA est pr\u00e9sente sur les plateformes num\u00e9riques <a href=\"https:\/\/www.alumniportal-deutschland.org\/deutschland\/\" target=\"_blank\" rel=\"noopener noreferrer\">Alumniportal Deutschland<\/a> et <a href=\"https:\/\/www.francealumni.fr\/fr\" target=\"_blank\" rel=\"noopener noreferrer\">FranceAlumni<\/a>. Nous vous invitons \u00e0 nous y rejoindre et \u00e0 retrouver ainsi les anciens de votre propre cursus et d\u2019autres cursus UFA.<\/p>\n<\/div>\n<\/div>\n<\/div>\n<div class=\"csc-textpic-text\">\n<div id=\"c23946\" class=\"csc-default\">\n<div class=\"csc-textpic-text\">\n<div><\/div>\n<p>&nbsp;<\/p>\n<\/div>\n<\/div>\n<\/div>\n<\/div>\n","protected":false},"excerpt":{"rendered":"<p>Chaque ann\u00e9e, 1 300 \u00e9tudiant\u00b7es terminent leurs \u00e9tudes binationales ou trinationales avec un double dipl\u00f4me en poche. L\u2019UFA attache beaucoup d\u2019importance \u00e0 sa relation avec les \u00e9tudiant\u00b7es, pendant leurs \u00e9tudes mais aussi lors de leur insertion professionnelle puis tout au long de leur vie active. Ainsi, l\u2019UFA les soutient aussi bien de mani\u00e8re conceptuelle que [&hellip;]<\/p>\n","protected":false},"author":1,"featured_media":0,"parent":811,"menu_order":860,"comment_status":"closed","ping_status":"closed","template":"","meta":{"_bbp_topic_count":0,"_bbp_reply_count":0,"_bbp_total_topic_count":0,"_bbp_total_reply_count":0,"_bbp_voice_count":0,"_bbp_anonymous_reply_count":0,"_bbp_topic_count_hidden":0,"_bbp_reply_count_hidden":0,"_bbp_forum_subforum_count":0,"inline_featured_image":false},"acf":[],"_links":{"self":[{"href":"https:\/\/www.dfh-ufa.org\/fr\/wp-json\/wp\/v2\/pages\/836"}],"collection":[{"href":"https:\/\/www.dfh-ufa.org\/fr\/wp-json\/wp\/v2\/pages"}],"about":[{"href":"https:\/\/www.dfh-ufa.org\/fr\/wp-json\/wp\/v2\/types\/page"}],"author":[{"embeddable":true,"href":"https:\/\/www.dfh-ufa.org\/fr\/wp-json\/wp\/v2\/users\/1"}],"replies":[{"embeddable":true,"href":"https:\/\/www.dfh-ufa.org\/fr\/wp-json\/wp\/v2\/comments?post=836"}],"version-history":[{"count":68,"href":"https:\/\/www.dfh-ufa.org\/fr\/wp-json\/wp\/v2\/pages\/836\/revisions"}],"predecessor-version":[{"id":1964004,"href":"https:\/\/www.dfh-ufa.org\/fr\/wp-json\/wp\/v2\/pages\/836\/revisions\/1964004"}],"up":[{"embeddable":true,"href":"https:\/\/www.dfh-ufa.org\/fr\/wp-json\/wp\/v2\/pages\/811"}],"wp:attachment":[{"href":"https:\/\/www.dfh-ufa.org\/fr\/wp-json\/wp\/v2\/media?parent=836"}],"curies":[{"name":"wp","href":"https:\/\/api.w.org\/{rel}","templated":true}]}}