{"id":844,"date":"2018-04-24T09:03:16","date_gmt":"2018-04-24T07:03:16","guid":{"rendered":"https:\/\/www.dfh-ufa.org\/fr\/etablissements"},"modified":"2026-02-13T10:58:44","modified_gmt":"2026-02-13T09:58:44","slug":"etablissements","status":"publish","type":"page","link":"https:\/\/www.dfh-ufa.org\/fr\/vous-etes\/etablissements","title":{"rendered":"\u00c9tablissement"},"content":{"rendered":"<div id=\"pl-844\"  class=\"panel-layout\" ><div id=\"pg-844-0\"  class=\"panel-grid panel-no-style\" ><div id=\"pgc-844-0-0\"  class=\"panel-grid-cell\" ><div id=\"panel-844-0-0-0\" class=\"so-panel widget widget_sow-editor panel-first-child panel-last-child\" data-index=\"0\" ><div class=\"so-widget-sow-editor so-widget-sow-editor-base\">\n<div class=\"siteorigin-widget-tinymce textwidget\">\n\t<figure id=\"attachment_1960365\" aria-describedby=\"caption-attachment-1960365\" style=\"width: 150px\" class=\"wp-caption alignleft\"><a href=\"https:\/\/www.dfh-ufa.org\/app\/uploads\/2025\/06\/B7F1148D-6E73-4B8F-85EE-66B286B1E4F0-1-scaled.jpg\"><img decoding=\"async\" loading=\"lazy\" class=\"wp-image-1960365 size-thumbnail\" src=\"https:\/\/www.dfh-ufa.org\/app\/uploads\/2025\/06\/B7F1148D-6E73-4B8F-85EE-66B286B1E4F0-1-scaled-150x150.jpg\" alt=\"\" width=\"150\" height=\"150\" \/><\/a><figcaption id=\"caption-attachment-1960365\" class=\"wp-caption-text\">Copyright: Aix Marseille Universit\u00e9<\/figcaption><\/figure>\n<h3>Assembl\u00e9e des \u00e9tablissements membres et Rencontre des responsables de programmes 2026 \u00e0 Aix-en-Provence<\/h3>\n<p>&nbsp;<\/p>\n<p>La <a href=\"https:\/\/www.dfh-ufa.org\/fr\/actualites\/news\/assemblee-des-etablissements-membres-et-rencontre-des-responsables-de-programmes-de-lufa-2026-a-aix-en-provence\" target=\"_blank\" rel=\"noopener noreferrer\">double manifestation 2026<\/a> aura lieu les 28 et 29 mai 2026 \u00e0 Aix-en-Provence.<\/p>\n<hr \/>\n<figure id=\"attachment_1955197\" aria-describedby=\"caption-attachment-1955197\" style=\"width: 215px\" class=\"wp-caption alignleft\"><a href=\"https:\/\/www.dfh-ufa.org\/app\/uploads\/2024\/06\/University-of-Passau-DFH-1-1.jpg\"><img decoding=\"async\" loading=\"lazy\" class=\"wp-image-1955197\" src=\"https:\/\/www.dfh-ufa.org\/app\/uploads\/2024\/06\/University-of-Passau-DFH-1-1-1024x724.jpg\" alt=\"\" width=\"215\" height=\"152\" srcset=\"https:\/\/www.dfh-ufa.org\/app\/uploads\/2024\/06\/University-of-Passau-DFH-1-1-1024x724.jpg 1024w, https:\/\/www.dfh-ufa.org\/app\/uploads\/2024\/06\/University-of-Passau-DFH-1-1-250x177.jpg 250w, https:\/\/www.dfh-ufa.org\/app\/uploads\/2024\/06\/University-of-Passau-DFH-1-1-768x543.jpg 768w, https:\/\/www.dfh-ufa.org\/app\/uploads\/2024\/06\/University-of-Passau-DFH-1-1-1536x1086.jpg 1536w, https:\/\/www.dfh-ufa.org\/app\/uploads\/2024\/06\/University-of-Passau-DFH-1-1.jpg 1754w\" sizes=\"(max-width: 215px) 100vw, 215px\" \/><\/a><figcaption id=\"caption-attachment-1955197\" class=\"wp-caption-text\">Copyright: Universit\u00e4t Passau<\/figcaption><\/figure>\n<h3>Assembl\u00e9e des \u00e9tablissements membres et\u00a0Rencontre des responsables de programmes\u00a02025 \u00e0 Passau<\/h3>\n<p>La <a href=\"https:\/\/www.dfh-ufa.org\/fr\/actualites\/news\/programmbeauftragtentreffen-und-versammlung-der-mitgliedshochschulen-2025-2?noredirect=fr_FR\" target=\"_blank\" rel=\"noopener noreferrer\">double manifestation 2025<\/a> a eu lieu les 15 et 16 mai 2025 \u00e0 Passau.<\/p>\n<hr \/>\n<figure id=\"attachment_1954575\" aria-describedby=\"caption-attachment-1954575\" style=\"width: 206px\" class=\"wp-caption alignleft\"><img decoding=\"async\" loading=\"lazy\" class=\"wp-image-1954575\" src=\"https:\/\/www.dfh-ufa.org\/app\/uploads\/2024\/04\/ISI_2134-geschnitten-scaled-250x154.jpg\" alt=\"\" width=\"206\" height=\"127\" srcset=\"https:\/\/www.dfh-ufa.org\/app\/uploads\/2024\/04\/ISI_2134-geschnitten-scaled-250x154.jpg 250w, https:\/\/www.dfh-ufa.org\/app\/uploads\/2024\/04\/ISI_2134-geschnitten-scaled-1024x629.jpg 1024w, https:\/\/www.dfh-ufa.org\/app\/uploads\/2024\/04\/ISI_2134-geschnitten-scaled-768x472.jpg 768w, https:\/\/www.dfh-ufa.org\/app\/uploads\/2024\/04\/ISI_2134-geschnitten-scaled-1536x944.jpg 1536w, https:\/\/www.dfh-ufa.org\/app\/uploads\/2024\/04\/ISI_2134-geschnitten-scaled-2048x1258.jpg 2048w\" sizes=\"(max-width: 206px) 100vw, 206px\" \/><figcaption id=\"caption-attachment-1954575\" class=\"wp-caption-text\">@Copyright Iris Maurer<\/figcaption><\/figure>\n<h3><strong>Chaires franco-allemandes<\/strong><\/h3>\n<p>Afin de d\u00e9velopper et de renforcer la recherche ainsi que les enseignements dans le contexte franco-allemand, l\u2019Universit\u00e9 franco-allemande (UFA) a soutenu, dans le cadre de deux projets pilotes, la mise en place de chaires franco-allemandes. <a href=\"https:\/\/www.dfh-ufa.org\/fr\/vous-etes\/etablissements\/chaires-franco-allemandes\">En savoir plus<\/a><\/p>\n<hr \/>\n<figure id=\"attachment_1954576\" aria-describedby=\"caption-attachment-1954576\" style=\"width: 228px\" class=\"wp-caption alignleft\"><img decoding=\"async\" loading=\"lazy\" class=\"wp-image-1954576\" src=\"https:\/\/www.dfh-ufa.org\/app\/uploads\/2024\/04\/DFH_89187-scaled-250x166.jpg\" alt=\"\" width=\"228\" height=\"151\" srcset=\"https:\/\/www.dfh-ufa.org\/app\/uploads\/2024\/04\/DFH_89187-scaled-250x166.jpg 250w, https:\/\/www.dfh-ufa.org\/app\/uploads\/2024\/04\/DFH_89187-scaled-1024x681.jpg 1024w, https:\/\/www.dfh-ufa.org\/app\/uploads\/2024\/04\/DFH_89187-scaled-768x511.jpg 768w, https:\/\/www.dfh-ufa.org\/app\/uploads\/2024\/04\/DFH_89187-scaled-1536x1022.jpg 1536w, https:\/\/www.dfh-ufa.org\/app\/uploads\/2024\/04\/DFH_89187-scaled-2048x1362.jpg 2048w\" sizes=\"(max-width: 228px) 100vw, 228px\" \/><figcaption id=\"caption-attachment-1954576\" class=\"wp-caption-text\">@Copyright Oliver Dietze<\/figcaption><\/figure>\n<h3><strong>Troisi\u00e8me appel \u00e0 projets pour la cr\u00e9ation de tutorats franco-allemands<\/strong><\/h3>\n<p>Les \u00e9tablissements d\u2019enseignement sup\u00e9rieur ont eu jusqu\u2019au 30 avril 2025 pour envoyer leur candidature et b\u00e9n\u00e9ficier du soutien pour la mise en place d\u2019un tutorat d\u2019enseignement franco-allemand. La publication du prochain appel \u00e0 projets est pr\u00e9vue d\u00e9but septembre 2025. <a href=\"https:\/\/www.dfh-ufa.org\/fr\/vous-etes\/etablissements\/tutorats-franco-allemands\" target=\"_blank\" rel=\"noopener\">En savoir plus<\/a><\/p>\n<hr \/>\n<h3><img decoding=\"async\" loading=\"lazy\" class=\"wp-image-5913 alignleft\" src=\"https:\/\/www.dfh-ufa.org\/app\/uploads\/2018\/06\/LOGO_UFA-DFH_RGB_2009_01.jpg\" alt=\"\" width=\"260\" height=\"86\" srcset=\"https:\/\/www.dfh-ufa.org\/app\/uploads\/2018\/06\/LOGO_UFA-DFH_RGB_2009_01.jpg 2078w, https:\/\/www.dfh-ufa.org\/app\/uploads\/2018\/06\/LOGO_UFA-DFH_RGB_2009_01-300x100.jpg 300w, https:\/\/www.dfh-ufa.org\/app\/uploads\/2018\/06\/LOGO_UFA-DFH_RGB_2009_01-768x255.jpg 768w, https:\/\/www.dfh-ufa.org\/app\/uploads\/2018\/06\/LOGO_UFA-DFH_RGB_2009_01-1024x340.jpg 1024w\" sizes=\"(max-width: 260px) 100vw, 260px\" \/><\/h3>\n<h3>Formation des responsables de programmes - Mardi 22 septembre 2023<\/h3>\n<p>Une formation des responsables de programmes a eu\u00a0 lieu le 22 septembre 2023 \u00e0\u00a0 Sarrebruck. <a href=\"https:\/\/www.dfh-ufa.org\/fr\/vous-etes\/etablissements\/gestion-des-programmes\/formation\/\" target=\"_blank\" rel=\"noopener noreferrer\"><strong>En savoir plus<\/strong><\/a><\/p>\n<hr \/>\n<h3><img decoding=\"async\" loading=\"lazy\" class=\"alignleft wp-image-7494\" src=\"https:\/\/www.dfh-ufa.org\/app\/uploads\/2018\/07\/csm_004_dfh-ufa_library_03_acbf8e9c23.jpg\" alt=\"\" width=\"180\" height=\"120\" \/>Cours de langue en ligne DUO pour les \u00e9tudiants de l'UFA<\/h3>\n<p>En partenariat avec Deutsch-Uni Online, l\u2019UFA propose gratuitement \u00e0 tous ses \u00e9tudiants allemands et fran\u00e7ais des cours de langue en ligne leur permettant de se perfectionner dans la langue du pays partenaire (niveau minimum requis : B1).<\/p>\n<p><a href=\"https:\/\/www.dfh-ufa.org\/fr\/vous-etes\/etudiant-doctorant-diplome\/etudiant\/cours-de-langue-en-ligne\/\" target=\"_blank\" rel=\"noopener noreferrer\"><strong>Plus d'informations<\/strong><\/a><\/p>\n<ul>\n<li class=\"download__list__item\"><a href=\"https:\/\/www.dfh-ufa.org\/app\/uploads\/2018\/07\/DFH-Flyer_fr.pdf\" target=\"_blank\" rel=\"noopener noreferrer\">Acc\u00e9dez au Flyer<\/a><\/li>\n<\/ul>\n<hr \/>\n<h3><img decoding=\"async\" loading=\"lazy\" class=\"alignleft wp-image-6896\" src=\"https:\/\/www.dfh-ufa.org\/app\/uploads\/2018\/07\/logo_alumni_netzwerk.png\" alt=\"\" width=\"86\" height=\"86\" srcset=\"https:\/\/www.dfh-ufa.org\/app\/uploads\/2018\/07\/logo_alumni_netzwerk.png 190w, https:\/\/www.dfh-ufa.org\/app\/uploads\/2018\/07\/logo_alumni_netzwerk-150x150.png 150w\" sizes=\"(max-width: 86px) 100vw, 86px\" \/>Bourses d'entreprises<\/h3>\n<p>L'UFA met en \u0153uvre des programmes de bourses en coop\u00e9ration avec diff\u00e9rents partenaires \u00e9conomiques tels que Michelin Deutschland, BNP Paribas et la banque SaarLB.\u00a0<a href=\"https:\/\/www.dfh-ufa.org\/fr\/vous-etes\/entreprises\/partenariats\/programmes-de-bourses?noredirect=fr_FR\" target=\"_blank\" rel=\"noopener noreferrer\"><strong>En savoir plus<\/strong><\/a><\/p>\n<p>&nbsp;<\/p>\n<div id=\"sconnect-is-installed\">2.15.1.0<\/div>\n<div id=\"sconnect-is-installed\">2.15.1.0<\/div>\n<\/div>\n<\/div><\/div><\/div><div id=\"pgc-844-0-1\"  class=\"panel-grid-cell\" ><div id=\"panel-844-0-1-0\" class=\"so-panel widget widget_sow-editor panel-first-child panel-last-child\" data-index=\"1\" ><div class=\"so-widget-sow-editor so-widget-sow-editor-base\">\n<div class=\"siteorigin-widget-tinymce textwidget\">\n\t<h4 class=\"csc-firstHeader\">Rapport annuel 2024<\/h4>\n<p><a href=\"https:\/\/www.dfh-ufa.org\/app\/uploads\/2025\/05\/DFH_Jahresbericht_28042025_fr_web.pdf\"><img decoding=\"async\" loading=\"lazy\" class=\"alignnone wp-image-1960025 size-medium\" src=\"https:\/\/www.dfh-ufa.org\/app\/uploads\/2025\/05\/Cover-JB-F-178x250.png\" alt=\"\" width=\"178\" height=\"250\" srcset=\"https:\/\/www.dfh-ufa.org\/app\/uploads\/2025\/05\/Cover-JB-F-178x250.png 178w, https:\/\/www.dfh-ufa.org\/app\/uploads\/2025\/05\/Cover-JB-F.png 650w\" sizes=\"(max-width: 178px) 100vw, 178px\" \/><\/a><\/p>\n<ul>\n<li class=\"download__list__item\"><a href=\"https:\/\/www.dfh-ufa.org\/app\/uploads\/2025\/05\/DFH_Jahresbericht_28042025_fr_web.pdf\" target=\"_blank\" rel=\"noopener\">Download Rapport annuel<\/a><\/li>\n<li class=\"download__list__item\"><a href=\"https:\/\/www.dfh-ufa.org\/app\/uploads\/2025\/05\/jahresbericht_2024_anhang_e07_web.pdf\" target=\"_blank\" rel=\"noopener\">Download Annexes<\/a><\/li>\n<\/ul>\n<p>&nbsp;<\/p>\n<h4>Charte d'\u00e9valuation<\/h4>\n<p><img decoding=\"async\" loading=\"lazy\" class=\"alignnone wp-image-189772 \" src=\"https:\/\/www.dfh-ufa.org\/app\/uploads\/2020\/05\/Charte_fr-747x1024.jpg\" alt=\"\" width=\"165\" height=\"226\" srcset=\"https:\/\/www.dfh-ufa.org\/app\/uploads\/2020\/05\/Charte_fr-747x1024.jpg 747w, https:\/\/www.dfh-ufa.org\/app\/uploads\/2020\/05\/Charte_fr-182x250.jpg 182w, https:\/\/www.dfh-ufa.org\/app\/uploads\/2020\/05\/Charte_fr-768x1053.jpg 768w, https:\/\/www.dfh-ufa.org\/app\/uploads\/2020\/05\/Charte_fr.jpg 1393w\" sizes=\"(max-width: 165px) 100vw, 165px\" \/><\/p>\n<ul>\n<li class=\"download__list__item\"><a href=\"https:\/\/www.dfh-ufa.org\/app\/uploads\/2020\/05\/dfh_ufa_CHARTE_DEVALUATION_F.pdf\" target=\"_blank\" rel=\"noopener noreferrer\">Download<\/a><\/li>\n<\/ul>\n<h4>En route avec l'UFA<\/h4>\n<p><a href=\"https:\/\/www.dfh-ufa.org\/app\/uploads\/2021\/08\/DFH_Infografik_A4_2024_F-1.jpg\" target=\"_blank\" rel=\"noopener noreferrer\"><img decoding=\"async\" loading=\"lazy\" class=\"alignleft wp-image-821121 size-medium\" src=\"https:\/\/www.dfh-ufa.org\/app\/uploads\/2021\/08\/DFH_Infografik_A4_2024_F-1-250x177.jpg\" alt=\"\" width=\"250\" height=\"177\" srcset=\"https:\/\/www.dfh-ufa.org\/app\/uploads\/2021\/08\/DFH_Infografik_A4_2024_F-1-250x177.jpg 250w, https:\/\/www.dfh-ufa.org\/app\/uploads\/2021\/08\/DFH_Infografik_A4_2024_F-1-1024x725.jpg 1024w, https:\/\/www.dfh-ufa.org\/app\/uploads\/2021\/08\/DFH_Infografik_A4_2024_F-1-768x543.jpg 768w, https:\/\/www.dfh-ufa.org\/app\/uploads\/2021\/08\/DFH_Infografik_A4_2024_F-1.jpg 1351w\" sizes=\"(max-width: 250px) 100vw, 250px\" \/><\/a><\/p>\n<p>&nbsp;<\/p>\n<\/div>\n<\/div><\/div><\/div><\/div><\/div>","protected":false},"excerpt":{"rendered":"<p>Assembl\u00e9e des \u00e9tablissements membres et Rencontre des responsables de programmes 2026 \u00e0 Aix-en-Provence &nbsp; La double manifestation 2026 aura lieu les 28 et 29 mai 2026 \u00e0 Aix-en-Provence. Assembl\u00e9e des \u00e9tablissements membres et\u00a0Rencontre des responsables de programmes\u00a02025 \u00e0 Passau La double manifestation 2025 a eu lieu les 15 et 16 mai 2025 \u00e0 Passau. Chaires [&hellip;]<\/p>\n","protected":false},"author":1,"featured_media":8864,"parent":811,"menu_order":1191,"comment_status":"closed","ping_status":"closed","template":"","meta":{"_bbp_topic_count":0,"_bbp_reply_count":0,"_bbp_total_topic_count":0,"_bbp_total_reply_count":0,"_bbp_voice_count":0,"_bbp_anonymous_reply_count":0,"_bbp_topic_count_hidden":0,"_bbp_reply_count_hidden":0,"_bbp_forum_subforum_count":0,"inline_featured_image":false},"acf":[],"_links":{"self":[{"href":"https:\/\/www.dfh-ufa.org\/fr\/wp-json\/wp\/v2\/pages\/844"}],"collection":[{"href":"https:\/\/www.dfh-ufa.org\/fr\/wp-json\/wp\/v2\/pages"}],"about":[{"href":"https:\/\/www.dfh-ufa.org\/fr\/wp-json\/wp\/v2\/types\/page"}],"author":[{"embeddable":true,"href":"https:\/\/www.dfh-ufa.org\/fr\/wp-json\/wp\/v2\/users\/1"}],"replies":[{"embeddable":true,"href":"https:\/\/www.dfh-ufa.org\/fr\/wp-json\/wp\/v2\/comments?post=844"}],"version-history":[{"count":269,"href":"https:\/\/www.dfh-ufa.org\/fr\/wp-json\/wp\/v2\/pages\/844\/revisions"}],"predecessor-version":[{"id":1963275,"href":"https:\/\/www.dfh-ufa.org\/fr\/wp-json\/wp\/v2\/pages\/844\/revisions\/1963275"}],"up":[{"embeddable":true,"href":"https:\/\/www.dfh-ufa.org\/fr\/wp-json\/wp\/v2\/pages\/811"}],"wp:featuredmedia":[{"embeddable":true,"href":"https:\/\/www.dfh-ufa.org\/fr\/wp-json\/wp\/v2\/media\/8864"}],"wp:attachment":[{"href":"https:\/\/www.dfh-ufa.org\/fr\/wp-json\/wp\/v2\/media?parent=844"}],"curies":[{"name":"wp","href":"https:\/\/api.w.org\/{rel}","templated":true}]}}