{"id":845,"date":"2018-04-24T09:03:16","date_gmt":"2018-04-24T07:03:16","guid":{"rendered":"https:\/\/www.dfh-ufa.org\/fr\/infos-online"},"modified":"2018-06-06T14:21:14","modified_gmt":"2018-06-06T12:21:14","slug":"infos-online","status":"publish","type":"page","link":"https:\/\/www.dfh-ufa.org\/fr\/vous-etes\/etablissements\/infos-online","title":{"rendered":"Infos Online"},"content":{"rendered":"<div class=\"csc-textpic-text\">\n<p>Madame, Monsieur, chers responsables de programmes,<\/p>\n<p>Vous trouverez votre espace Infos en ligne sous le lien suivant :<br \/>\n<a href=\"https:\/\/login.dfh-ufa.org\/?lang=fr\" target=\"_blank\" rel=\"noopener\"><br \/>\nhttps:\/\/login.dfh-ufa.org\/?lang=fr<\/a><\/p>\n<p>Vous y acc\u00e9dez gr\u00e2ce \u00e0 votre num\u00e9ro d\u2019utilisateur (champ \u00ab nom d\u2019utilisateur \u00bb) et votre mot de passe habituels. Choisissez votre langue puis cliquez sur \u00ab Login \u00bb.<\/p>\n<p>N\u2019h\u00e9sitez pas \u00e0 nous contacter pour toute question.<\/p>\n<p>Bien cordialement,<\/p>\n<p>Le d\u00e9partement \u00ab Cursus int\u00e9gr\u00e9s et formation doctorale \u00bb<\/p>\n<\/div>\n","protected":false},"excerpt":{"rendered":"<p>Madame, Monsieur, chers responsables de programmes, Vous trouverez votre espace Infos en ligne sous le lien suivant : https:\/\/login.dfh-ufa.org\/?lang=fr Vous y acc\u00e9dez gr\u00e2ce \u00e0 votre num\u00e9ro d\u2019utilisateur (champ \u00ab nom d\u2019utilisateur \u00bb) et votre mot de passe habituels. Choisissez votre langue puis cliquez sur \u00ab Login \u00bb. N\u2019h\u00e9sitez pas \u00e0 nous contacter pour toute question. [&hellip;]<\/p>\n","protected":false},"author":1,"featured_media":0,"parent":844,"menu_order":1196,"comment_status":"closed","ping_status":"closed","template":"","meta":{"_bbp_topic_count":0,"_bbp_reply_count":0,"_bbp_total_topic_count":0,"_bbp_total_reply_count":0,"_bbp_voice_count":0,"_bbp_anonymous_reply_count":0,"_bbp_topic_count_hidden":0,"_bbp_reply_count_hidden":0,"_bbp_forum_subforum_count":0,"inline_featured_image":false},"acf":[],"_links":{"self":[{"href":"https:\/\/www.dfh-ufa.org\/fr\/wp-json\/wp\/v2\/pages\/845"}],"collection":[{"href":"https:\/\/www.dfh-ufa.org\/fr\/wp-json\/wp\/v2\/pages"}],"about":[{"href":"https:\/\/www.dfh-ufa.org\/fr\/wp-json\/wp\/v2\/types\/page"}],"author":[{"embeddable":true,"href":"https:\/\/www.dfh-ufa.org\/fr\/wp-json\/wp\/v2\/users\/1"}],"replies":[{"embeddable":true,"href":"https:\/\/www.dfh-ufa.org\/fr\/wp-json\/wp\/v2\/comments?post=845"}],"version-history":[{"count":2,"href":"https:\/\/www.dfh-ufa.org\/fr\/wp-json\/wp\/v2\/pages\/845\/revisions"}],"predecessor-version":[{"id":4237,"href":"https:\/\/www.dfh-ufa.org\/fr\/wp-json\/wp\/v2\/pages\/845\/revisions\/4237"}],"up":[{"embeddable":true,"href":"https:\/\/www.dfh-ufa.org\/fr\/wp-json\/wp\/v2\/pages\/844"}],"wp:attachment":[{"href":"https:\/\/www.dfh-ufa.org\/fr\/wp-json\/wp\/v2\/media?parent=845"}],"curies":[{"name":"wp","href":"https:\/\/api.w.org\/{rel}","templated":true}]}}