{"id":846,"date":"2018-04-24T09:03:16","date_gmt":"2018-04-24T07:03:16","guid":{"rendered":"https:\/\/www.dfh-ufa.org\/fr\/appels-a-projets"},"modified":"2026-02-23T12:49:31","modified_gmt":"2026-02-23T11:49:31","slug":"appels-a-projets","status":"publish","type":"page","link":"https:\/\/www.dfh-ufa.org\/fr\/vous-etes\/etablissements\/appels-a-projets","title":{"rendered":"Appels \u00e0 projets"},"content":{"rendered":"\r\n<h2 class=\"csc-firstHeader wp-block-heading\">L&rsquo;Universit\u00e9 franco-allemande soutient&#8230;<\/h2>\r\n<p>\u2026 la mise en place de projets et de programmes pour les \u00e9tudiant\u00b7es et les jeunes chercheur\u00b7euses de niveau licence, master et doctorat, dont :<\/p>\r\n<ul>\r\n<li><a href=\"https:\/\/www.dfh-ufa.org\/fr\/vous-etes\/etablissements\/appels-a-projets\/cursus\/\">Cursus int\u00e9gr\u00e9s et \u00e0 reconnaissance mutuelle<\/a><\/li>\r\n<li><a href=\"https:\/\/www.dfh-ufa.org\/fr\/vous-etes\/etablissements\/appels-a-projets\/cursus\/\">Programmes de PhD-Track<\/a><\/li>\r\n<li><a href=\"https:\/\/www.dfh-ufa.org\/fr\/vous-etes\/etablissements\/appels-a-projets\/rencontres-preparatoires\">Rencontres pr\u00e9paratoires<\/a><\/li>\r\n<li><a href=\"https:\/\/www.dfh-ufa.org\/fr\/vous-etes\/etablissements\/appels-a-projets\/formation-doctorale\/\">Coll\u00e8ges doctoraux<\/a><\/li>\r\n<li><a href=\"https:\/\/www.dfh-ufa.org\/fr\/vous-etes\/etablissements\/appels-a-projets\/formation-doctorale\/\">Cotutelles de th\u00e8se<\/a><\/li>\r\n<li><a href=\"https:\/\/www.dfh-ufa.org\/fr\/vous-etes\/etablissements\/appels-a-projets\/formation-doctorale\/manifestations-scientifiques\">Manifestations scientifiques<\/a><\/li>\r\n<\/ul>\r\n<p>&nbsp;<\/p>\r\n<h2>Infographie : En route avec l&rsquo;UFA<\/h2>\r\n<p><a href=\"https:\/\/www.dfh-ufa.org\/app\/uploads\/2021\/08\/DFH_Infografik_A4_2024_F-1.jpg\" target=\"_blank\" rel=\"noopener noreferrer\"><img decoding=\"async\" loading=\"lazy\" class=\"alignnone wp-image-821121 size-full\" src=\"https:\/\/www.dfh-ufa.org\/app\/uploads\/2021\/08\/DFH_Infografik_A4_2024_F-1.jpg\" alt=\"\" width=\"1790\" height=\"1192\" srcset=\"https:\/\/www.dfh-ufa.org\/app\/uploads\/2021\/08\/DFH_Infografik_A4_2024_F-1-1351x900.jpg 1351w, https:\/\/www.dfh-ufa.org\/app\/uploads\/2021\/08\/DFH_Infografik_A4_2024_F-1-272x182.jpg 272w\" sizes=\"(max-width: 1790px) 100vw, 1790px\" \/><\/a><\/p>\r\n\r\n\r\n","protected":false},"excerpt":{"rendered":"<p>L&rsquo;Universit\u00e9 franco-allemande soutient&#8230; \u2026 la mise en place de projets et de programmes pour les \u00e9tudiant\u00b7es et les jeunes chercheur\u00b7euses de niveau licence, master et doctorat, dont : Cursus int\u00e9gr\u00e9s et \u00e0 reconnaissance mutuelle Programmes de PhD-Track Rencontres pr\u00e9paratoires Coll\u00e8ges doctoraux Cotutelles de th\u00e8se Manifestations scientifiques &nbsp; Infographie : En route avec l&rsquo;UFA<\/p>\n","protected":false},"author":1,"featured_media":0,"parent":844,"menu_order":1207,"comment_status":"closed","ping_status":"closed","template":"","meta":{"_bbp_topic_count":0,"_bbp_reply_count":0,"_bbp_total_topic_count":0,"_bbp_total_reply_count":0,"_bbp_voice_count":0,"_bbp_anonymous_reply_count":0,"_bbp_topic_count_hidden":0,"_bbp_reply_count_hidden":0,"_bbp_forum_subforum_count":0,"inline_featured_image":false},"acf":[],"_links":{"self":[{"href":"https:\/\/www.dfh-ufa.org\/fr\/wp-json\/wp\/v2\/pages\/846"}],"collection":[{"href":"https:\/\/www.dfh-ufa.org\/fr\/wp-json\/wp\/v2\/pages"}],"about":[{"href":"https:\/\/www.dfh-ufa.org\/fr\/wp-json\/wp\/v2\/types\/page"}],"author":[{"embeddable":true,"href":"https:\/\/www.dfh-ufa.org\/fr\/wp-json\/wp\/v2\/users\/1"}],"replies":[{"embeddable":true,"href":"https:\/\/www.dfh-ufa.org\/fr\/wp-json\/wp\/v2\/comments?post=846"}],"version-history":[{"count":47,"href":"https:\/\/www.dfh-ufa.org\/fr\/wp-json\/wp\/v2\/pages\/846\/revisions"}],"predecessor-version":[{"id":1963514,"href":"https:\/\/www.dfh-ufa.org\/fr\/wp-json\/wp\/v2\/pages\/846\/revisions\/1963514"}],"up":[{"embeddable":true,"href":"https:\/\/www.dfh-ufa.org\/fr\/wp-json\/wp\/v2\/pages\/844"}],"wp:attachment":[{"href":"https:\/\/www.dfh-ufa.org\/fr\/wp-json\/wp\/v2\/media?parent=846"}],"curies":[{"name":"wp","href":"https:\/\/api.w.org\/{rel}","templated":true}]}}