{"id":847,"date":"2018-04-24T09:03:16","date_gmt":"2018-04-24T07:03:16","guid":{"rendered":"https:\/\/www.dfh-ufa.org\/fr\/cursus"},"modified":"2026-03-19T09:45:27","modified_gmt":"2026-03-19T08:45:27","slug":"cursus","status":"publish","type":"page","link":"https:\/\/www.dfh-ufa.org\/fr\/vous-etes\/etablissements\/appels-a-projets\/cursus","title":{"rendered":"Cursus"},"content":{"rendered":"\r\n<h3 class=\"wp-block-heading\">Cursus int\u00e9gr\u00e9s et \u00e0 reconnaissance mutuelle franco-allemands<\/h3>\r\n<p>L\u2019Universit\u00e9 franco-allemande (UFA) soutient des cursus franco-allemands bi et trinationaux, qui m\u00e8nent \u00e0 deux (voire trois) dipl\u00f4mes nationaux de niveau \u00e9quivalent (double dipl\u00f4me) ou \u00e0 un dipl\u00f4me conjoint. Afin de demander le soutien de l\u2019UFA, il \u00e9tait tout d\u2019abord n\u00e9cessaire de lui transmettre une manifestation d\u2019int\u00e9r\u00eat au plus tard pour le 30\/06\/2025 (via le <a href=\"https:\/\/www.dfh-ufa.org\/informationen-fuer\/hochschulen\/ausschreibungen\/studiengaenge\/antragsankuendigung-manifestation-dinteret\">formulaire web<\/a> pr\u00e9vu \u00e0 cet effet). La date butoir pour le d\u00e9p\u00f4t d\u2019une demande de soutien en ligne \u00e9tait le 31\/10\/2025. En cas d\u2019\u00e9valuation positive de la demande de soutien, le soutien sera de 4 ans.<\/p>\r\n<p>Le 13\/06\/2025, l\u2019UFA a organis\u00e9 une r\u00e9union d\u2019information en ligne qui \u00e9tait l\u2019occasion pour toute personne int\u00e9ress\u00e9e de s\u2019informer sur les modalit\u00e9s du soutien financier, les crit\u00e8res de qualit\u00e9 \u00e0 respecter, la proc\u00e9dure d\u2019\u00e9valuation ainsi que les \u00e9l\u00e9ments et d\u00e9lais importants pour le d\u00e9p\u00f4t d\u2019une demande de soutien. La pr\u00e9sentation de cette r\u00e9union est disponible <a href=\"https:\/\/www.dfh-ufa.org\/app\/uploads\/2025\/06\/Info_Antragstellung-Studiengaenge_demande-de-soutien-cursus.pdf\">ici<\/a>.<\/p>\r\n<p>La publication du prochain appel \u00e0 projets est pr\u00e9vue d\u00e9but mai 2026.<\/p>\r\n<p>&nbsp;<\/p>\r\n<ul>\r\n<li class=\"download__list__item\"><a href=\"https:\/\/www.dfh-ufa.org\/app\/uploads\/2025\/04\/F_dfh-ufa_Appel_a_-projets_cursus_2026-27.pdf\" target=\"_blank\" rel=\"noopener\">Appel \u00e0 projets<\/a> (d\u00e9lai expir\u00e9)<\/li>\r\n<li><a href=\"https:\/\/www.dfh-ufa.org\/informationen-fuer\/hochschulen\/ausschreibungen\/studiengaenge\/antragsankuendigung-manifestation-dinteret\" target=\"_blank\" rel=\"noopener\">Manifestation d&rsquo;int\u00e9r\u00eat<\/a> (formulaire web, d\u00e9lai expir\u00e9) ; <em>Apr\u00e8s la transmission du formulaire web \u00e0 l\u2019UFA en cliquant sur\u00a0 \u00a0 <\/em><em>\u00ab Envoyer \u00bb, un accus\u00e9 de r\u00e9ception sera envoy\u00e9 \u00e0 tou\u00b7tes les responsables de programme et interlocuteur\u00b7trices indiqu\u00e9\u00b7es dans la manifestation d\u2019int\u00e9r\u00eat.<\/em><\/li>\r\n<li>Inscription \u00e0 la r\u00e9union d&rsquo;information en ligne le 13\/06\/2025 (d\u00e9lai d&rsquo;inscription expir\u00e9, pr\u00e9sentation disponible <a href=\"https:\/\/www.dfh-ufa.org\/app\/uploads\/2025\/06\/Info_Antragstellung-Studiengaenge_demande-de-soutien-cursus.pdf\">ici<\/a>)<\/li>\r\n<li class=\"download__list__item\"><a href=\"https:\/\/www.dfh-ufa.org\/app\/uploads\/2025\/05\/ufa_20260-27_informations_porteurs-de-projets.pdf\" target=\"_blank\" rel=\"noopener\">Informations \u00e0 l&rsquo;attention des \u00e9tablissements porteurs de projets<\/a><\/li>\r\n<li class=\"download__list__item\"><a href=\"https:\/\/www.dfh-ufa.org\/app\/uploads\/2022\/05\/DF_dfh_ufa_Anlagen-Annexe_1_2.pdf\" target=\"_blank\" rel=\"noopener\">Informations concernant les annexes obligatoires<\/a> (convention de coop\u00e9ration sp\u00e9cifique au cursus et programme commun de formation)<\/li>\r\n<li class=\"download__list__item\"><a href=\"https:\/\/www.dfh-ufa.org\/app\/uploads\/2025\/04\/Demande_F_modele_2025.pdf\" target=\"_blank\" rel=\"noopener\">Mod\u00e8le de demande de soutien<\/a><\/li>\r\n<\/ul>\r\n<h6>\u00a0<\/h6>\r\n\r\n\r\n\r\n\r\n\r\n<h3 class=\"wp-block-heading\"><a href=\"https:\/\/www.dfh-ufa.org\/fr\/vous-etes\/etudiant-doctorant-diplome\/doctorant\/programmes-de-phd-track-franco-allemands\/\">Programmes de PhD-Track<\/a><\/h3>\r\n<p>L\u2018Universit\u00e9 franco-allemande (UFA) soutient le d\u00e9veloppement de programmes franco-allemands, int\u00e9grant deux ann\u00e9es de master et trois ann\u00e9es de doctorat au sein d\u2019un programme unique d\u2019une dur\u00e9e de cinq ans. En cas d\u2019\u00e9valuation positive de la demande de soutien, le soutien est de 5 ans. Afin de demander le soutien de l\u2019UFA, il \u00e9tait tout d\u2019abord n\u00e9cessaire de lui transmettre une manifestation d\u2019int\u00e9r\u00eat au plus tard pour le 30\/06\/2025 (via le <a href=\"https:\/\/www.dfh-ufa.org\/informationen-fuer\/hochschulen\/ausschreibungen\/promotion\/antragsankuendigung-manifestation-dinteret-phd\" target=\"_blank\" rel=\"noopener\">formulaire web<\/a> pr\u00e9vu \u00e0 cet effet). La date butoir pour le d\u00e9p\u00f4t d\u2019une demande de soutien \u00e9tait le 31\/10\/2025.<\/p>\r\n<p>La publication du prochain appel \u00e0 projets est pr\u00e9vue d\u00e9but mai 2026.<\/p>\r\n<p>&nbsp;<\/p>\r\n<ul>\r\n<li class=\"download__list__item\"><a href=\"https:\/\/www.dfh-ufa.org\/app\/uploads\/2025\/04\/AAP_PhD-Tracks_2026-27.pdf\" target=\"_blank\" rel=\"noopener\">Appel \u00e0 projets<\/a> (d\u00e9lai expir\u00e9)<\/li>\r\n<li><a href=\"https:\/\/www.dfh-ufa.org\/informationen-fuer\/hochschulen\/ausschreibungen\/promotion\/antragsankuendigung-manifestation-dinteret-phd\" target=\"_blank\" rel=\"noopener\">Manifestation d&rsquo;int\u00e9r\u00eat<\/a> (formulaire web, d\u00e9lai expir\u00e9) ; <em>Apr\u00e8s la transmission du formulaire web \u00e0 l\u2019UFA en cliquant sur\u00a0 \u00a0 \u00ab Envoyer \u00bb, un accus\u00e9 de r\u00e9ception sera envoy\u00e9 \u00e0 tou\u00b7tes les responsables de programme et interlocuteur\u00b7trices indiqu\u00e9\u00b7es dans la manifestation d\u2019int\u00e9r\u00eat.<\/em><\/li>\r\n<li><em>Nous vous enverrons le formulaire de demande de soutien sur simple demande ou apr\u00e8s r\u00e9ception de votre manifestation d\u2019int\u00e9r\u00eat.<\/em><\/li>\r\n<\/ul>\r\n<h6>\u00a0<\/h6>\r\n\r\n\r\n\r\n\r\n\r\n\r\n\r\n<h3 class=\"wp-block-heading\">Rencontres pr\u00e9paratoires<\/h3>\r\n\r\n\r\n\r\n<p>L\u2019Universit\u00e9 franco-allemande propose un soutien financier destin\u00e9 \u00e0 faciliter la pr\u00e9paration de nouveaux projets concernant des programmes d\u2019\u00e9tudes et\/ou des coop\u00e9rations pour jeunes chercheur\u00b7euses. Il s&rsquo;agit d&rsquo;un appel \u00e0 projets permanent. Les demandes sont \u00e0 d\u00e9poser 1 mois avant le d\u00e9but de la rencontre. Vous trouverez l&rsquo;appel \u00e0 projets <a href=\"https:\/\/www.dfh-ufa.org\/fr\/vous-etes\/etablissements\/appels-a-projets\/rencontres-preparatoires\" target=\"_blank\" rel=\"noopener noreferrer\">ici<\/a>. \u00a0<\/p>\r\n","protected":false},"excerpt":{"rendered":"<p>Cursus int\u00e9gr\u00e9s et \u00e0 reconnaissance mutuelle franco-allemands L\u2019Universit\u00e9 franco-allemande (UFA) soutient des cursus franco-allemands bi et trinationaux, qui m\u00e8nent \u00e0 deux (voire trois) dipl\u00f4mes nationaux de niveau \u00e9quivalent (double dipl\u00f4me) ou \u00e0 un dipl\u00f4me conjoint. Afin de demander le soutien de l\u2019UFA, il \u00e9tait tout d\u2019abord n\u00e9cessaire de lui transmettre une manifestation d\u2019int\u00e9r\u00eat au plus [&hellip;]<\/p>\n","protected":false},"author":1,"featured_media":0,"parent":846,"menu_order":1212,"comment_status":"closed","ping_status":"closed","template":"","meta":{"_bbp_topic_count":0,"_bbp_reply_count":0,"_bbp_total_topic_count":0,"_bbp_total_reply_count":0,"_bbp_voice_count":0,"_bbp_anonymous_reply_count":0,"_bbp_topic_count_hidden":0,"_bbp_reply_count_hidden":0,"_bbp_forum_subforum_count":0,"inline_featured_image":false},"acf":[],"_links":{"self":[{"href":"https:\/\/www.dfh-ufa.org\/fr\/wp-json\/wp\/v2\/pages\/847"}],"collection":[{"href":"https:\/\/www.dfh-ufa.org\/fr\/wp-json\/wp\/v2\/pages"}],"about":[{"href":"https:\/\/www.dfh-ufa.org\/fr\/wp-json\/wp\/v2\/types\/page"}],"author":[{"embeddable":true,"href":"https:\/\/www.dfh-ufa.org\/fr\/wp-json\/wp\/v2\/users\/1"}],"replies":[{"embeddable":true,"href":"https:\/\/www.dfh-ufa.org\/fr\/wp-json\/wp\/v2\/comments?post=847"}],"version-history":[{"count":74,"href":"https:\/\/www.dfh-ufa.org\/fr\/wp-json\/wp\/v2\/pages\/847\/revisions"}],"predecessor-version":[{"id":1963730,"href":"https:\/\/www.dfh-ufa.org\/fr\/wp-json\/wp\/v2\/pages\/847\/revisions\/1963730"}],"up":[{"embeddable":true,"href":"https:\/\/www.dfh-ufa.org\/fr\/wp-json\/wp\/v2\/pages\/846"}],"wp:attachment":[{"href":"https:\/\/www.dfh-ufa.org\/fr\/wp-json\/wp\/v2\/media?parent=847"}],"curies":[{"name":"wp","href":"https:\/\/api.w.org\/{rel}","templated":true}]}}