{"id":848,"date":"2018-04-24T09:03:16","date_gmt":"2018-04-24T07:03:16","guid":{"rendered":"https:\/\/www.dfh-ufa.org\/fr\/cotutelle-de-these"},"modified":"2026-04-21T14:26:34","modified_gmt":"2026-04-21T12:26:34","slug":"formation-doctorale","status":"publish","type":"page","link":"https:\/\/www.dfh-ufa.org\/fr\/formation-doctorale","title":{"rendered":"Formation doctorale"},"content":{"rendered":"<h3><a href=\"https:\/\/www.dfh-ufa.org\/fr\/vous-etes\/etudiant-doctorant-diplome\/doctorant\/colleges-doctoraux-franco-allemands\/\">Coll\u00e8ges doctoraux franco-allemands<\/a><\/h3>\n<p>L\u2019Universit\u00e9 franco-allemande (UFA) soutient, dans le cadre du d\u00e9veloppement de formations doctorales structur\u00e9es conjointes, des Coll\u00e8ges doctoraux franco-allemands. L\u2019appel \u00e0 projets pour ce programme fait l\u2019objet d\u2019une publication annuelle pour une p\u00e9riode de soutien respective de quatre ans. Afin de demander le soutien de l\u2019UFA, il \u00e9tait tout d\u2019abord n\u00e9cessaire de lui transmettre une manifestation d\u2019int\u00e9r\u00eat au plus tard pour le 30\/06\/2025 (via le <a href=\"https:\/\/www.dfh-ufa.org\/informationen-fuer\/hochschulen\/ausschreibungen\/promotion\/antragsankuendigung-manifestation-dinteret-cdfa\" target=\"_blank\" rel=\"noopener\">formulaire web<\/a> pr\u00e9vu \u00e0 cet effet). La date butoir pour le d\u00e9p\u00f4t d\u2019une demande de soutien \u00e9tait le 31\/10\/2025.<\/p>\n<p>La publication du prochain appel \u00e0 projets est pr\u00e9vue d\u00e9but mai 2026.<\/p>\n<p>&nbsp;<\/p>\n<ul>\n<li class=\"download__list__item\"><a href=\"https:\/\/www.dfh-ufa.org\/app\/uploads\/2025\/04\/AAP_CDFA_2027-2030.pdf\" target=\"_blank\" rel=\"noopener\">Appel \u00e0 projets<\/a> (d\u00e9lai expir\u00e9)<\/li>\n<li><a href=\"https:\/\/www.dfh-ufa.org\/informationen-fuer\/hochschulen\/ausschreibungen\/promotion\/antragsankuendigung-manifestation-dinteret-cdfa\" target=\"_blank\" rel=\"noopener\">Manifestation d&rsquo;int\u00e9r\u00eat <\/a>(formulaire web, d\u00e9lai expir\u00e9 ; <em>Apr\u00e8s la transmission du formulaire web \u00e0 l\u2019UFA en cliquant sur \u00ab Envoyer \u00bb, un accus\u00e9 de r\u00e9ception sera envoy\u00e9 \u00e0 tou\u00b7tes les responsables de programme et interlocuteur\u00b7trices indiqu\u00e9\u00b7es. <\/em><\/li>\n<li class=\"download__list__item\"><a href=\"https:\/\/www.dfh-ufa.org\/app\/uploads\/2025\/04\/DFH-UFA_CDFA_Demande_de-soutien_DFDK_Antragsformular_2027-2030.docx\" target=\"_blank\" rel=\"noopener\">Formulaire de demande de soutien 2027-2030<\/a> (d\u00e9lai expir\u00e9)<\/li>\n<\/ul>\n<p>&nbsp;<\/p>\n<h3><a href=\"https:\/\/www.dfh-ufa.org\/fr\/vous-etes\/etudiant-doctorant-diplome\/doctorant\/programmes-de-phd-track-franco-allemands\/\">Programmes de PhD-Track franco-allemands<\/a><\/h3>\n<p>L\u2019Universit\u00e9 franco-allemande (UFA) soutien le d\u00e9veloppement de programmes franco-allemands, int\u00e9grant deux ann\u00e9es de master et trois ann\u00e9es de doctorat au sein d\u2019un programme unique d\u2019une dur\u00e9e de cinq ans. En cas d\u2019\u00e9valuation positive de la demande de soutien, le soutien est de 5 ans. Afin de demander le soutien de l\u2019UFA, il \u00e9tait tout d\u2019abord n\u00e9cessaire de lui transmettre une manifestation d\u2019int\u00e9r\u00eat au plus tard pour le 30\/06\/2025 (via le <a href=\"https:\/\/www.dfh-ufa.org\/informationen-fuer\/hochschulen\/ausschreibungen\/promotion\/antragsankuendigung-manifestation-dinteret-phd\" target=\"_blank\" rel=\"noopener\">formulaire web<\/a> pr\u00e9vu \u00e0 cet effet). La date butoir pour le d\u00e9p\u00f4t d\u2019une demande de soutien \u00e9tait le 31\/10\/2025.<\/p>\n<p>La publication du prochain appel \u00e0 projets est pr\u00e9vue d\u00e9but mai 2026.<\/p>\n<p>&nbsp;<\/p>\n<ul>\n<li class=\"download__list__item\"><a href=\"https:\/\/www.dfh-ufa.org\/app\/uploads\/2025\/04\/AAP_PhD-Tracks_2026-27.pdf\" target=\"_blank\" rel=\"noopener\">Appel \u00e0 projets<\/a><a href=\"https:\/\/www.dfh-ufa.org\/app\/uploads\/2023\/05\/F_dfh-ufa_Appel_a_projets_PhD-Track_2024-25.pdf\">\u00a0<\/a>(d\u00e9lai expir\u00e9)<\/li>\n<li><a href=\"https:\/\/www.dfh-ufa.org\/informationen-fuer\/hochschulen\/ausschreibungen\/promotion\/antragsankuendigung-manifestation-dinteret-phd\" target=\"_blank\" rel=\"noopener\">Manifestation d&rsquo;int\u00e9r\u00eat<\/a> (formulaire web, d\u00e9lai expir\u00e9) ; <em>Apr\u00e8s la transmission du formulaire web \u00e0 l\u2019UFA en cliquant sur \u00ab Envoyer \u00bb, un accus\u00e9 de r\u00e9ception sera envoy\u00e9 \u00e0 tou\u00b7tes les responsables de programme et interlocuteur\u00b7trices indiqu\u00e9\u00b7es. <\/em><\/li>\n<li><em>Nous vous enverrons le formulaire de demande de soutien sur simple demande ou apr\u00e8s r\u00e9ception de votre manifestation d\u2019int\u00e9r\u00eat.<br \/>\n<\/em><\/li>\n<\/ul>\n<p>&nbsp;<\/p>\n<h3><a href=\"https:\/\/www.dfh-ufa.org\/fr\/vous-etes\/etudiant-doctorant-diplome\/doctorant\/cotutelle-de-these\/\">Cotutelles de th\u00e8se<\/a><\/h3>\n<p>L\u2019UFA soutient les doctorant\u00b7es qui entreprennent une th\u00e8se encadr\u00e9e par au moins un\u00b7e professeur\u00b7e exer\u00e7ant dans un \u00e9tablissement d\u2019enseignement sup\u00e9rieur fran\u00e7ais et un\u00b7e professeur\u00b7e exer\u00e7ant dans un \u00e9tablissement d\u2019enseignement sup\u00e9rieur allemand et qui visent l\u2019obtention du dipl\u00f4me de doctorat des deux universit\u00e9s participantes.<\/p>\n<ul>\n<li class=\"download__list__item\"><a href=\"https:\/\/www.dfh-ufa.org\/app\/uploads\/2026\/02\/AAP_Cotutelle-de-these_2026.pdf\" target=\"_blank\" rel=\"noopener\">Appel \u00e0 candidatures<\/a><\/li>\n<li class=\"download__list__item\"><a href=\"https:\/\/www.dfh-ufa.org\/app\/uploads\/2026\/02\/DFH-UFA_Cotutelle_formulaire_de_demande_de_soutien_Antrag_2026.docx\">Formulaire de demande de soutien<\/a><\/li>\n<\/ul>\n<p>&nbsp;<\/p>\n<p>Il s&rsquo;agit d&rsquo;un appel \u00e0 projets permanent. Le dossier de demande peut \u00eatre d\u00e9pos\u00e9 d\u00e8s que la convention de cotutelle de th\u00e8se aura \u00e9t\u00e9 sign\u00e9e par les \u00e9tablissements contractants. La date d&rsquo;\u00e9tablissement de cette convention ne devra pas \u00eatre sup\u00e9rieure \u00e0 un an (sauf s\u2019il s\u2019agit d\u2019une demande de soutien limit\u00e9e \u00e0 la soutenance). Les demandes de soutien limit\u00e9es \u00e0 la soutenance de la th\u00e8se devront \u00eatre d\u00e9pos\u00e9es au plus tard 6 semaines avant la soutenance de th\u00e8se.<\/p>\n<p>&nbsp;<\/p>\n<h3><a href=\"https:\/\/www.dfh-ufa.org\/fr\/vous-etes\/etablissements\/appels-a-projets\/manifestations-scientifiques\" target=\"_blank\" rel=\"noopener noreferrer\">Rencontres pr\u00e9paratoires<\/a><\/h3>\n<p>L\u2019Universit\u00e9 franco-allemande propose un soutien financier destin\u00e9 \u00e0 faciliter la pr\u00e9paration de nouveaux projets concernant des programmes d\u2019\u00e9tudes et\/ou des coop\u00e9rations pour jeunes chercheur\u00b7euses.<\/p>\n<p>Il s\u2019agit d\u2019un appel \u00e0 projets permanent. Les demandes sont \u00e0 d\u00e9poser 1 mois avant le d\u00e9but de la rencontre. Vous trouverez l&rsquo;appel \u00e0 projets <a href=\"https:\/\/www.dfh-ufa.org\/fr\/vous-etes\/etablissements\/appels-a-projets\/manifestations-scientifiques\" target=\"_blank\" rel=\"noopener noreferrer\">ici<\/a>.<\/p>\n<p>&nbsp;<\/p>\n<h3><a href=\"https:\/\/www.dfh-ufa.org\/fr\/vous-etes\/etudiant-doctorant-diplome\/doctorant\/manifestations-scientifiques-pour-jeunes-chercheurs\/?noredirect=fr_FR\">Les manifestations scientifiques pour jeunes chercheur\u00b7euses<\/a><\/h3>\n<p>L\u2019Universit\u00e9 franco-allemande (UFA) soutient l\u2019organisation de manifestations franco-allemandes destin\u00e9es aux jeunes chercheur\u00b7euses (doctorant\u00b7es et\/ou post-docs) afin de favoriser la mise en r\u00e9seau des chercheur\u00b7euses et le dialogue scientifique franco-allemand. La dur\u00e9e de la manifestation peut s\u2019\u00e9tendre de 2 jours minimum \u00e0 4 semaines maximum.<\/p>\n<p>L\u2019appel \u00e0 projets s\u2019adresse aux \u00e9tablissements d\u2019enseignement sup\u00e9rieur fran\u00e7ais et allemand ainsi qu\u2019aux organismes de recherche et est ouvert \u00e0 toutes les disciplines. L\u2019implication d\u2019un pays tiers est envisag\u00e9e positivement.<\/p>\n<p>Vous trouverez l&rsquo;appel \u00e0 projets, le formulaire de demande de soutien ainsi que de plus amples informations <a href=\"https:\/\/www.dfh-ufa.org\/fr\/vous-etes\/etablissements\/appels-a-projets\/formation-doctorale\/manifestations-scientifiques\" target=\"_blank\" rel=\"noopener noreferrer\">ici<\/a>.<\/p>\n","protected":false},"excerpt":{"rendered":"<p>Coll\u00e8ges doctoraux franco-allemands L\u2019Universit\u00e9 franco-allemande (UFA) soutient, dans le cadre du d\u00e9veloppement de formations doctorales structur\u00e9es conjointes, des Coll\u00e8ges doctoraux franco-allemands. L\u2019appel \u00e0 projets pour ce programme fait l\u2019objet d\u2019une publication annuelle pour une p\u00e9riode de soutien respective de quatre ans. Afin de demander le soutien de l\u2019UFA, il \u00e9tait tout d\u2019abord n\u00e9cessaire de lui [&hellip;]<\/p>\n","protected":false},"author":1,"featured_media":0,"parent":0,"menu_order":1223,"comment_status":"closed","ping_status":"closed","template":"","meta":{"_bbp_topic_count":0,"_bbp_reply_count":0,"_bbp_total_topic_count":0,"_bbp_total_reply_count":0,"_bbp_voice_count":0,"_bbp_anonymous_reply_count":0,"_bbp_topic_count_hidden":0,"_bbp_reply_count_hidden":0,"_bbp_forum_subforum_count":0,"inline_featured_image":false},"acf":[],"_links":{"self":[{"href":"https:\/\/www.dfh-ufa.org\/fr\/wp-json\/wp\/v2\/pages\/848"}],"collection":[{"href":"https:\/\/www.dfh-ufa.org\/fr\/wp-json\/wp\/v2\/pages"}],"about":[{"href":"https:\/\/www.dfh-ufa.org\/fr\/wp-json\/wp\/v2\/types\/page"}],"author":[{"embeddable":true,"href":"https:\/\/www.dfh-ufa.org\/fr\/wp-json\/wp\/v2\/users\/1"}],"replies":[{"embeddable":true,"href":"https:\/\/www.dfh-ufa.org\/fr\/wp-json\/wp\/v2\/comments?post=848"}],"version-history":[{"count":138,"href":"https:\/\/www.dfh-ufa.org\/fr\/wp-json\/wp\/v2\/pages\/848\/revisions"}],"predecessor-version":[{"id":1963631,"href":"https:\/\/www.dfh-ufa.org\/fr\/wp-json\/wp\/v2\/pages\/848\/revisions\/1963631"}],"wp:attachment":[{"href":"https:\/\/www.dfh-ufa.org\/fr\/wp-json\/wp\/v2\/media?parent=848"}],"curies":[{"name":"wp","href":"https:\/\/api.w.org\/{rel}","templated":true}]}}