{"id":849,"date":"2021-09-13T09:00:16","date_gmt":"2021-09-13T07:00:16","guid":{"rendered":"https:\/\/www.dfh-ufa.org\/fr\/manifestations-scientifiques"},"modified":"2026-04-08T11:53:55","modified_gmt":"2026-04-08T09:53:55","slug":"manifestations-scientifiques","status":"publish","type":"page","link":"https:\/\/www.dfh-ufa.org\/fr\/manifestations-scientifiques","title":{"rendered":"Manifestations scientifiques"},"content":{"rendered":"<div id=\"pl-849\"  class=\"panel-layout\" ><div id=\"pg-849-0\"  class=\"panel-grid panel-no-style\" ><div id=\"pgc-849-0-0\"  class=\"panel-grid-cell\" ><div id=\"panel-849-0-0-0\" class=\"so-panel widget widget_sow-editor panel-first-child\" data-index=\"0\" ><div class=\"so-widget-sow-editor so-widget-sow-editor-base\">\n<div class=\"siteorigin-widget-tinymce textwidget\">\n\t<h2><a href=\"https:\/\/www.dfh-ufa.org\/fr\/vous-etes\/etudiant-doctorant-diplome\/doctorant\/manifestations-scientifiques-pour-jeunes-chercheurs\/\"><strong>Manifestations scientifiques pour jeunes chercheur\u00b7euses (Ateliers de recherche, \u00c9coles d\u2019\u00e9t\u00e9)<\/strong><\/a><\/h2>\n<p>&nbsp;<\/p>\n<p><strong>Bases de soutien\u00a0<\/strong><\/p>\n<p>L\u2019Universit\u00e9 franco-allemande (UFA) soutient l\u2019organisation de manifestations franco-allemandes destin\u00e9es aux jeunes chercheur\u00b7euses (doctorant\u00b7es et\/ou post-docs) afin de favoriser la mise en r\u00e9seau des chercheur\u00b7euses et le dialogue scientifique franco-allemand.<\/p>\n<p><strong>Appels \u00e0 projets\u00a0: <\/strong><\/p>\n<p>\u00c0 ce titre, elle publie le 15\u00a0mars 2026 un appel \u00e0 projet blanc et deux appels \u00e0 projets cibl\u00e9s\u00a0: \u00ab\u00a0La s\u00e9curit\u00e9 et ses enjeux pour la soci\u00e9t\u00e9\u00a0\u00bbet \u00ab\u00a0R\u00e9silience\u00a0: approches interdisciplinaires et recoupements th\u00e9matiques dans le cadre du dialogue franco-allemand\u00a0\u00bb.<\/p>\n<p>Les projets peuvent \u00eatre d\u00e9pos\u00e9s dans le cadre d\u2019une seule et unique campagne de soutien\u00a0: 15 juin 2026.<\/p>\n<p>L\u2019appel \u00e0 projets s\u2019adresse aux \u00e9tablissements d\u2019enseignement sup\u00e9rieur fran\u00e7ais et allemand ainsi qu\u2019aux organismes de recherche et est ouvert \u00e0 toutes les disciplines. L\u2019implication d\u2019un pays tiers est envisag\u00e9e positivement.<\/p>\n<p>La dur\u00e9e de la manifestation peut s\u2019\u00e9tendre de 2\u00a0jours minimum \u00e0 4\u00a0semaines maximum. . Les manifestations devront se tenir au plus tard le 31 d\u00e9cembre 2026.<\/p>\n<p><strong>Modalit\u00e9s du soutien\u00a0:<\/strong><\/p>\n<p>Le montant de la subvention d\u00e9pend de la dur\u00e9e de la manifestation et du nombre de participant\u00b7es. Il s\u2019\u00e9l\u00e8ve \u00e0 une somme maximale de 5 000\u20ac.<\/p>\n<p>Le soutien est destin\u00e9 \u00e0 financer la r\u00e9alisation de la manifestation. \u00c0 ce titre, il couvre une partie ou la totalit\u00e9 des frais de d\u00e9placement et de s\u00e9jour ainsi que, dans des cas exceptionnels, les honoraires des intervenant\u00b7es de la manifestation. Peuvent \u00e9galement \u00eatre prises en charge les missions de vacation des \u00e9tudiant\u00b7es destin\u00e9es \u00e0 l\u2019organisation de la manifestation et les d\u00e9penses de communication sp\u00e9cifiques \u00e0 la manifestation flyers, cr\u00e9ation d\u2019un site web). Les frais de d\u00e9placement des participant\u00b7es peuvent leur \u00eatre rembours\u00e9s. Les frais de publication ne peuvent pas \u00eatre couverts avec les allocations de l\u2019UFA.<\/p>\n<p>Le formulaire de d\u00e9p\u00f4t du projet devra \u00eatre d\u00fbment compl\u00e9t\u00e9 en ligne.<\/p>\n<p><strong>Appel \u00e0 projets blanc<\/strong><\/p>\n<ul>\n<li><a href=\"https:\/\/www.dfh-ufa.org\/app\/uploads\/2026\/03\/Appel-a-projets_blanc_2026_F.pdf\" target=\"_blank\" rel=\"noopener\">Appel \u00e0 projets<\/a> (date limite de d\u00e9p\u00f4t de demandes\u00a0: 15\/06\/2026)<\/li>\n<\/ul>\n<p>&nbsp;<\/p>\n<div id=\"sconnect-is-installed\"><\/div>\n<\/div>\n<\/div><\/div><div id=\"panel-849-0-0-1\" class=\"so-panel widget widget_sow-editor\" data-index=\"1\" ><div class=\"so-widget-sow-editor so-widget-sow-editor-base\">\n<div class=\"siteorigin-widget-tinymce textwidget\">\n\t<p><strong>Appel \u00e0 projets \u00ab\u00a0La s\u00e9curit\u00e9 et ses enjeux pour la soci\u00e9t\u00e9\u00a0\u00bb <\/strong><\/p>\n<ul>\n<li><a href=\"https:\/\/www.dfh-ufa.org\/app\/uploads\/2026\/03\/Appel-a-projets_-securite_2026-F-1.pdf\" target=\"_blank\" rel=\"noopener\">Appel \u00e0 projets<\/a> (date limite de d\u00e9p\u00f4t de demandes\u00a0: 15\/06\/2026)<\/li>\n<\/ul>\n<p>&nbsp;<\/p>\n<\/div>\n<\/div><\/div><div id=\"panel-849-0-0-2\" class=\"so-panel widget widget_sow-editor\" data-index=\"2\" ><div class=\"so-widget-sow-editor so-widget-sow-editor-base\">\n<div class=\"siteorigin-widget-tinymce textwidget\">\n\t<p><strong>Appel \u00e0 projets \u00ab\u00a0R\u00e9silience\u00a0: approches interdisciplinaires et recoupements th\u00e9matiques dans le cadre du dialogue franco-allemand\u00a0\u00bb<\/strong><\/p>\n<ul>\n<li><a href=\"https:\/\/www.dfh-ufa.org\/app\/uploads\/2026\/03\/Appel-a-projets_resilience_2026_F-1.pdf\" target=\"_blank\" rel=\"noopener\">Appel \u00e0 projets<\/a> (date limite de d\u00e9p\u00f4t de demandes\u00a0: 15\/06\/2026)<\/li>\n<\/ul>\n<p>&nbsp;<\/p>\n<\/div>\n<\/div><\/div><div id=\"panel-849-0-0-3\" class=\"so-panel widget widget_sow-editor\" data-index=\"3\" ><div class=\"so-widget-sow-editor so-widget-sow-editor-base\">\n<div class=\"siteorigin-widget-tinymce textwidget\">\n\t<p><a href=\"https:\/\/manifestations-veranstaltungen.dfh-ufa.org\/\" target=\"_blank\" rel=\"noopener\">Vers la proc\u00e9dure de demande de soutien en ligne<\/a><\/p>\n<div id=\"sconnect-is-installed\"><\/div>\n<div><\/div>\n<p>&nbsp;<\/p>\n<\/div>\n<\/div><\/div><div id=\"panel-849-0-0-4\" class=\"so-panel widget widget_sow-editor\" data-index=\"4\" ><div class=\"so-widget-sow-editor so-widget-sow-editor-base\">\n<div class=\"siteorigin-widget-tinymce textwidget\">\n\t<\/div>\n<\/div><\/div><div id=\"panel-849-0-0-5\" class=\"so-panel widget widget_box\" data-index=\"5\" ><aside class=\"box\">\n\n\t\n\t\n\t\t\t<footer class=\"box__footer\">\n\t\t\t<p>\n\t\t\t\t<a class=\"button primary\" href=\"https:\/\/manifestations-veranstaltungen.dfh-ufa.org\/\">Vers la proc\u00e9dure de demande de soutien en ligne<\/a>\n\t\t\t<\/p>\n\t\t<\/footer>\n\t\n<\/aside><!-- .box -->\n\n<style type=\"text\/css\">\n    .border-none > .box {\n        border: none;\n    }\n<\/style><\/div><div id=\"panel-849-0-0-6\" class=\"so-panel widget widget_sow-editor panel-last-child\" data-index=\"6\" ><div class=\"so-widget-sow-editor so-widget-sow-editor-base\">\n<div class=\"siteorigin-widget-tinymce textwidget\">\n\t<h2><\/h2>\n<h2>Rencontres pr\u00e9paratoires<\/h2>\n<p>L\u2019Universit\u00e9 franco-allemande propose un soutien financier destin\u00e9 \u00e0 faciliter la pr\u00e9paration de nouveaux projets concernant des programmes d\u2019\u00e9tudes et\/ou des coop\u00e9rations pour jeunes chercheur\u00b7euses.<\/p>\n<p>Il s\u2019agit d\u2019un appel \u00e0 projets permanent. Les demandes sont \u00e0 d\u00e9poser au moins 1\u00a0mois avant le d\u00e9but de la rencontre. Vous trouverez l\u2019appel \u00e0 projets <a href=\"https:\/\/www.dfh-ufa.org\/fr\/vous-etes\/etablissements\/appels-a-projets\/rencontres-preparatoires\">ici<\/a>.<\/p>\n<p>&nbsp;<\/p>\n<p>&nbsp;<\/p>\n<\/div>\n<\/div><\/div><\/div><\/div><\/div>","protected":false},"excerpt":{"rendered":"<p>Manifestations scientifiques pour jeunes chercheur\u00b7euses (Ateliers de recherche, \u00c9coles d\u2019\u00e9t\u00e9) &nbsp; Bases de soutien\u00a0 L\u2019Universit\u00e9 franco-allemande (UFA) soutient l\u2019organisation de manifestations franco-allemandes destin\u00e9es aux jeunes chercheur\u00b7euses (doctorant\u00b7es et\/ou post-docs) afin de favoriser la mise en r\u00e9seau des chercheur\u00b7euses et le dialogue scientifique franco-allemand. Appels \u00e0 projets\u00a0: \u00c0 ce titre, elle publie le 15\u00a0mars 2026 un [&hellip;]<\/p>\n","protected":false},"author":1,"featured_media":0,"parent":0,"menu_order":1232,"comment_status":"closed","ping_status":"closed","template":"","meta":{"_bbp_topic_count":0,"_bbp_reply_count":0,"_bbp_total_topic_count":0,"_bbp_total_reply_count":0,"_bbp_voice_count":0,"_bbp_anonymous_reply_count":0,"_bbp_topic_count_hidden":0,"_bbp_reply_count_hidden":0,"_bbp_forum_subforum_count":0,"inline_featured_image":false},"acf":[],"_links":{"self":[{"href":"https:\/\/www.dfh-ufa.org\/fr\/wp-json\/wp\/v2\/pages\/849"}],"collection":[{"href":"https:\/\/www.dfh-ufa.org\/fr\/wp-json\/wp\/v2\/pages"}],"about":[{"href":"https:\/\/www.dfh-ufa.org\/fr\/wp-json\/wp\/v2\/types\/page"}],"author":[{"embeddable":true,"href":"https:\/\/www.dfh-ufa.org\/fr\/wp-json\/wp\/v2\/users\/1"}],"replies":[{"embeddable":true,"href":"https:\/\/www.dfh-ufa.org\/fr\/wp-json\/wp\/v2\/comments?post=849"}],"version-history":[{"count":107,"href":"https:\/\/www.dfh-ufa.org\/fr\/wp-json\/wp\/v2\/pages\/849\/revisions"}],"predecessor-version":[{"id":1963855,"href":"https:\/\/www.dfh-ufa.org\/fr\/wp-json\/wp\/v2\/pages\/849\/revisions\/1963855"}],"wp:attachment":[{"href":"https:\/\/www.dfh-ufa.org\/fr\/wp-json\/wp\/v2\/media?parent=849"}],"curies":[{"name":"wp","href":"https:\/\/api.w.org\/{rel}","templated":true}]}}