{"id":850,"date":"2018-04-24T09:03:16","date_gmt":"2018-04-24T07:03:16","guid":{"rendered":"https:\/\/www.dfh-ufa.org\/fr\/evaluation"},"modified":"2023-07-12T11:10:24","modified_gmt":"2023-07-12T09:10:24","slug":"evaluation","status":"publish","type":"page","link":"https:\/\/www.dfh-ufa.org\/fr\/vous-etes\/etablissements\/evaluation","title":{"rendered":"\u00c9valuation"},"content":{"rendered":"<div class=\"csc-default\">\n<div class=\"csc-header csc-header-n1\">\n<h2>Charte d&rsquo;\u00e9valuation<\/h2>\n<\/div>\n<p>&nbsp;<\/p>\n<ul>\n<li class=\"download__list__item\"><span class=\"csc-uploads-fileName\"><a href=\"https:\/\/www.dfh-ufa.org\/app\/uploads\/2020\/05\/dfh_ufa_CHARTE_DEVALUATION_F.pdf\">Charte d&rsquo;\u00e9valuation et d&rsquo;assurance-qualit\u00e9 des programmes d&rsquo;\u00e9tudes et programmes de soutien aux jeunes chercheurs<\/a><em> (version imprimable au format PDF)<\/em><\/span><\/li>\n<\/ul>\n<p>&nbsp;<\/p>\n<p><a href=\"https:\/\/www.dfh-ufa.org\/fr\/vous-etes\/etablissements\/evaluation\/charte-devaluation-et-dassurance-qualite-des-programmes-detudes-et-programmes-de-soutien-aux-jeunes-chercheurs\">Cliquez ici<\/a> pour consulter la version web de la Charte d&rsquo;\u00e9valuation.<\/p>\n<\/div>\n","protected":false},"excerpt":{"rendered":"<p>Charte d&rsquo;\u00e9valuation &nbsp; Charte d&rsquo;\u00e9valuation et d&rsquo;assurance-qualit\u00e9 des programmes d&rsquo;\u00e9tudes et programmes de soutien aux jeunes chercheurs (version imprimable au format PDF) &nbsp; Cliquez ici pour consulter la version web de la Charte d&rsquo;\u00e9valuation.<\/p>\n","protected":false},"author":1,"featured_media":0,"parent":844,"menu_order":1247,"comment_status":"closed","ping_status":"closed","template":"","meta":{"_bbp_topic_count":0,"_bbp_reply_count":0,"_bbp_total_topic_count":0,"_bbp_total_reply_count":0,"_bbp_voice_count":0,"_bbp_anonymous_reply_count":0,"_bbp_topic_count_hidden":0,"_bbp_reply_count_hidden":0,"_bbp_forum_subforum_count":0,"inline_featured_image":false},"acf":[],"_links":{"self":[{"href":"https:\/\/www.dfh-ufa.org\/fr\/wp-json\/wp\/v2\/pages\/850"}],"collection":[{"href":"https:\/\/www.dfh-ufa.org\/fr\/wp-json\/wp\/v2\/pages"}],"about":[{"href":"https:\/\/www.dfh-ufa.org\/fr\/wp-json\/wp\/v2\/types\/page"}],"author":[{"embeddable":true,"href":"https:\/\/www.dfh-ufa.org\/fr\/wp-json\/wp\/v2\/users\/1"}],"replies":[{"embeddable":true,"href":"https:\/\/www.dfh-ufa.org\/fr\/wp-json\/wp\/v2\/comments?post=850"}],"version-history":[{"count":8,"href":"https:\/\/www.dfh-ufa.org\/fr\/wp-json\/wp\/v2\/pages\/850\/revisions"}],"predecessor-version":[{"id":186845,"href":"https:\/\/www.dfh-ufa.org\/fr\/wp-json\/wp\/v2\/pages\/850\/revisions\/186845"}],"up":[{"embeddable":true,"href":"https:\/\/www.dfh-ufa.org\/fr\/wp-json\/wp\/v2\/pages\/844"}],"wp:attachment":[{"href":"https:\/\/www.dfh-ufa.org\/fr\/wp-json\/wp\/v2\/media?parent=850"}],"curies":[{"name":"wp","href":"https:\/\/api.w.org\/{rel}","templated":true}]}}