{"id":851,"date":"2018-04-24T09:03:16","date_gmt":"2018-04-24T07:03:16","guid":{"rendered":"https:\/\/www.dfh-ufa.org\/fr\/avancement-des-cursus-et-programmes-de-phd-track"},"modified":"2025-05-09T10:22:13","modified_gmt":"2025-05-09T08:22:13","slug":"avancement-des-cursus-et-programmes-de-phd-track","status":"publish","type":"page","link":"https:\/\/www.dfh-ufa.org\/fr\/vous-etes\/etablissements\/evaluation\/avancement-des-cursus-et-programmes-de-phd-track","title":{"rendered":"Avancement des cursus et programmes de PhD-Track"},"content":{"rendered":"<div class=\"csc-default\">\n<div class=\"csc-textpicHeader csc-textpicHeader-2\">\n<div class=\"csc-header csc-header-n1\">\n<h2 class=\"csc-firstHeader\">Avancement des cursus \/ programmes de PhD-Track et \u00e9ch\u00e9ance \u00e0 laquelle devra \u00eatre d\u00e9pos\u00e9e la prochaine demande de soutien<\/h2>\n<\/div>\n<\/div>\n<div class=\"csc-textpic-text\">\n<p>Apr\u00e8s \u00e9valuation positive d&rsquo;une nouvelle demande de soutien, l&rsquo;UFA classera la coop\u00e9ration en ann\u00e9e de soutien 1. Le d\u00e9p\u00f4t d&rsquo;une demande de prolongation de soutien s&rsquo;effectue tous les 4 ans pour les cursus, c.\u00e0.d. lors de <span lang=\"FR\">la 4<sup>e<\/sup>, 8<sup>e<\/sup>, 12<sup>e<\/sup>, 16<sup>e<\/sup> \u2026 ann\u00e9e de soutien, et tous les 5 ans pour les programmes de PhD-Track.<br \/>\n<\/span><\/p>\n<p>&nbsp;<\/p>\n<p><span lang=\"FR\">Le document ci-dessous vous informe sur la prochaine \u00e9ch\u00e9ance d\u2019\u00e9valuation n\u00e9cessitant le d\u00e9p\u00f4t d\u2019une demande de prolongation de soutien. Un d\u00e9p\u00f4t de demande de soutien devra toujours \u00eatre signal\u00e9 \u00e0 l&rsquo;UFA au plus tard pour le 30.06. et le dossier en ligne valid\u00e9 pour le 31.10. de l&rsquo;ann\u00e9e concern\u00e9e.<br \/>\n<\/span><\/p>\n<p><span lang=\"FR\">\u00a0<\/span><\/p>\n<p><span lang=\"FR\"><a href=\"https:\/\/www.dfh-ufa.org\/fr\/vous-etes\/etablissements\/evaluation\/dispositif-de-soutien-et-rythme-d%e2%80%99evaluation\/\" target=\"_blank\" rel=\"noopener\">Vous trouverez sous ce lien<\/a><\/span> <span lang=\"FR\">un graphique repr\u00e9sentant le dispositif de soutien des cursus de l\u2019UFA avec les \u00e9ch\u00e9ances de d\u00e9p\u00f4t d\u2019une demande de soutien. <\/span><\/p>\n<\/div>\n<h2>\u00c9ch\u00e9ance \u00e0 laquelle vous devez d\u00e9poser la prochaine demande de soutien (2025-26)<\/h2>\n<hr \/>\n<p>&nbsp;<\/p>\n<ul>\n<li><a href=\"https:\/\/www.dfh-ufa.org\/app\/uploads\/2025\/05\/Naechste_Antragstellung_Studiengaenge_PhD-Track-Programme_2026-27.pdf\">Indications concernant l&rsquo;ann\u00e9e dans laquelle devra \u00eatre d\u00e9pos\u00e9e la prochaine demande de soutien<\/a><\/li>\n<\/ul>\n<p>&nbsp;<\/p>\n<\/div>\n<div class=\"csc-default\">\n<div class=\"csc-textpicHeader csc-textpicHeader-2\">\n<div class=\"csc-header csc-header-n3\"><\/div>\n<\/div>\n<\/div>\n<div class=\"csc-default\">\n<p>&nbsp;<\/p>\n<\/div>\n","protected":false},"excerpt":{"rendered":"<p>Avancement des cursus \/ programmes de PhD-Track et \u00e9ch\u00e9ance \u00e0 laquelle devra \u00eatre d\u00e9pos\u00e9e la prochaine demande de soutien Apr\u00e8s \u00e9valuation positive d&rsquo;une nouvelle demande de soutien, l&rsquo;UFA classera la coop\u00e9ration en ann\u00e9e de soutien 1. Le d\u00e9p\u00f4t d&rsquo;une demande de prolongation de soutien s&rsquo;effectue tous les 4 ans pour les cursus, c.\u00e0.d. lors de [&hellip;]<\/p>\n","protected":false},"author":1,"featured_media":0,"parent":850,"menu_order":1252,"comment_status":"closed","ping_status":"closed","template":"","meta":{"_bbp_topic_count":0,"_bbp_reply_count":0,"_bbp_total_topic_count":0,"_bbp_total_reply_count":0,"_bbp_voice_count":0,"_bbp_anonymous_reply_count":0,"_bbp_topic_count_hidden":0,"_bbp_reply_count_hidden":0,"_bbp_forum_subforum_count":0,"inline_featured_image":false},"acf":[],"_links":{"self":[{"href":"https:\/\/www.dfh-ufa.org\/fr\/wp-json\/wp\/v2\/pages\/851"}],"collection":[{"href":"https:\/\/www.dfh-ufa.org\/fr\/wp-json\/wp\/v2\/pages"}],"about":[{"href":"https:\/\/www.dfh-ufa.org\/fr\/wp-json\/wp\/v2\/types\/page"}],"author":[{"embeddable":true,"href":"https:\/\/www.dfh-ufa.org\/fr\/wp-json\/wp\/v2\/users\/1"}],"replies":[{"embeddable":true,"href":"https:\/\/www.dfh-ufa.org\/fr\/wp-json\/wp\/v2\/comments?post=851"}],"version-history":[{"count":21,"href":"https:\/\/www.dfh-ufa.org\/fr\/wp-json\/wp\/v2\/pages\/851\/revisions"}],"predecessor-version":[{"id":1960004,"href":"https:\/\/www.dfh-ufa.org\/fr\/wp-json\/wp\/v2\/pages\/851\/revisions\/1960004"}],"up":[{"embeddable":true,"href":"https:\/\/www.dfh-ufa.org\/fr\/wp-json\/wp\/v2\/pages\/850"}],"wp:attachment":[{"href":"https:\/\/www.dfh-ufa.org\/fr\/wp-json\/wp\/v2\/media?parent=851"}],"curies":[{"name":"wp","href":"https:\/\/api.w.org\/{rel}","templated":true}]}}