{"id":852,"date":"2018-04-24T09:03:16","date_gmt":"2018-04-24T07:03:16","guid":{"rendered":"https:\/\/www.dfh-ufa.org\/fr\/calendrier-et-deroulement-de-l%e2%80%99evaluation"},"modified":"2026-01-29T10:48:56","modified_gmt":"2026-01-29T09:48:56","slug":"calendrier-et-deroulement-de-levaluation","status":"publish","type":"page","link":"https:\/\/www.dfh-ufa.org\/fr\/vous-etes\/etablissements\/evaluation\/calendrier-et-deroulement-de-levaluation","title":{"rendered":"Calendrier et d\u00e9roulement de l\u2019\u00e9valuation"},"content":{"rendered":"<div class=\"csc-default\">\n<div class=\"csc-textpic-text\">\n<div class=\"csc-textpic-text\">\n<p><strong>2 mai 2025<\/strong><\/p>\n<p>Publication de\u00a0<a href=\"https:\/\/www.dfh-ufa.org\/fr\/vous-etes\/etablissements\/appels-a-projets\/cursus\" target=\"_blank\" rel=\"noopener\">l&rsquo;appel \u00e0 projets<\/a> des cursus franco-allemands et programmes de PhD-Track<\/p>\n<p><strong>13\u00a0 juin 2025<\/strong><\/p>\n<p><a href=\"https:\/\/www.dfh-ufa.org\/fr\/vous-etes\/etablissements\/appels-a-projets\/cursus\/reunion-dinformation-en-ligne\" target=\"_blank\" rel=\"noopener\">R\u00e9union d\u2019information<\/a> sur les modalit\u00e9s du soutien financier, les crit\u00e8res de qualit\u00e9 \u00e0 respecter, la proc\u00e9dure d\u2019\u00e9valuation ainsi que les \u00e9l\u00e9ments et d\u00e9lais importants pour le d\u00e9p\u00f4t d\u2019une demande de soutien.<\/p>\n<p><strong>30 juin 2025<\/strong><\/p>\n<p>Date limite pour la signalisation du d\u00e9p\u00f4t de demande de soutien pr\u00e9vu (via le <a href=\"https:\/\/www.dfh-ufa.org\/informationen-fuer\/hochschulen\/ausschreibungen\/studiengaenge\/antragsankuendigung-manifestation-dinteret\" target=\"_blank\" rel=\"noopener\">formulaire web \u00ab\u00a0manifestation d&rsquo;int\u00e9r\u00eat\u00a0\u00bb<\/a>) ; envoi par l&rsquo;UFA du lien pour acc\u00e9der \u00e0 la demande de soutien en ligne<\/p>\n<p><strong>31 octobre 2025<\/strong><\/p>\n<p>Date d&rsquo;\u00e9ch\u00e9ance pour la validation des demandes de soutien en ligne pour 2026-27 (validation du dossier jusqu&rsquo;\u00e0 23h59)<\/p>\n<p><strong>Novembre 2025<\/strong><\/p>\n<p>Evaluation administrative (secr\u00e9tariat de l&rsquo;UFA)<\/p>\n<p><strong>D\u00e9cembre 2025<\/strong> <strong>\u2013 mars 2026<\/strong><\/p>\n<p>Evaluation scientifique<br \/>\n(tandems d&rsquo;expert\u00b7es franco-allemands, groupes d\u2019\u00e9valuation disciplinaires, commission scientifique)<\/p>\n<p><strong>Avril<\/strong><strong> 2026<\/strong><\/p>\n<p>D\u00e9cision du Conseil d\u2019universit\u00e9 concernant le soutien des cursus int\u00e9gr\u00e9s et \u00e0 reconnaissance mutuelle, ainsi que des programmes de PhD-Track pour l\u2019ann\u00e9e universitaire 2026-27<\/p>\n<p><strong>Avril <\/strong><strong>2026 <i>(directement apr\u00e8s le Conseil d&rsquo;universit\u00e9)<\/i><br \/>\n<\/strong><\/p>\n<p>Communication de la d\u00e9cision de soutien aux \u00e9tablissements<br \/>\n(par courrier \u00e0 la direction d&rsquo;\u00e9tablissement, par e-mail aux responsables de programmes)<\/p>\n<\/div>\n<\/div>\n<\/div>\n","protected":false},"excerpt":{"rendered":"<p>2 mai 2025 Publication de\u00a0l&rsquo;appel \u00e0 projets des cursus franco-allemands et programmes de PhD-Track 13\u00a0 juin 2025 R\u00e9union d\u2019information sur les modalit\u00e9s du soutien financier, les crit\u00e8res de qualit\u00e9 \u00e0 respecter, la proc\u00e9dure d\u2019\u00e9valuation ainsi que les \u00e9l\u00e9ments et d\u00e9lais importants pour le d\u00e9p\u00f4t d\u2019une demande de soutien. 30 juin 2025 Date limite pour la [&hellip;]<\/p>\n","protected":false},"author":1,"featured_media":0,"parent":850,"menu_order":1262,"comment_status":"closed","ping_status":"closed","template":"","meta":{"_bbp_topic_count":0,"_bbp_reply_count":0,"_bbp_total_topic_count":0,"_bbp_total_reply_count":0,"_bbp_voice_count":0,"_bbp_anonymous_reply_count":0,"_bbp_topic_count_hidden":0,"_bbp_reply_count_hidden":0,"_bbp_forum_subforum_count":0,"inline_featured_image":false},"acf":[],"_links":{"self":[{"href":"https:\/\/www.dfh-ufa.org\/fr\/wp-json\/wp\/v2\/pages\/852"}],"collection":[{"href":"https:\/\/www.dfh-ufa.org\/fr\/wp-json\/wp\/v2\/pages"}],"about":[{"href":"https:\/\/www.dfh-ufa.org\/fr\/wp-json\/wp\/v2\/types\/page"}],"author":[{"embeddable":true,"href":"https:\/\/www.dfh-ufa.org\/fr\/wp-json\/wp\/v2\/users\/1"}],"replies":[{"embeddable":true,"href":"https:\/\/www.dfh-ufa.org\/fr\/wp-json\/wp\/v2\/comments?post=852"}],"version-history":[{"count":19,"href":"https:\/\/www.dfh-ufa.org\/fr\/wp-json\/wp\/v2\/pages\/852\/revisions"}],"predecessor-version":[{"id":1962981,"href":"https:\/\/www.dfh-ufa.org\/fr\/wp-json\/wp\/v2\/pages\/852\/revisions\/1962981"}],"up":[{"embeddable":true,"href":"https:\/\/www.dfh-ufa.org\/fr\/wp-json\/wp\/v2\/pages\/850"}],"wp:attachment":[{"href":"https:\/\/www.dfh-ufa.org\/fr\/wp-json\/wp\/v2\/media?parent=852"}],"curies":[{"name":"wp","href":"https:\/\/api.w.org\/{rel}","templated":true}]}}