{"id":853,"date":"2018-04-24T09:03:16","date_gmt":"2018-04-24T07:03:16","guid":{"rendered":"https:\/\/www.dfh-ufa.org\/fr\/dispositif-de-soutien-et-rythme-d%e2%80%99evaluation"},"modified":"2026-03-09T16:18:09","modified_gmt":"2026-03-09T15:18:09","slug":"dispositif-de-soutien-et-rythme-d%e2%80%99evaluation","status":"publish","type":"page","link":"https:\/\/www.dfh-ufa.org\/fr\/vous-etes\/etablissements\/evaluation\/dispositif-de-soutien-et-rythme-d%e2%80%99evaluation","title":{"rendered":"Dispositif de soutien et rythme d\u2019\u00e9valuation"},"content":{"rendered":"<div class=\"csc-default\">\n<div class=\"csc-header csc-header-n1\">\n<h2 class=\"csc-firstHeader\">Le dispositif de soutien des cursus soutenus par l\u2019UFA<\/h2>\n<\/div>\n<\/div>\n<div class=\"csc-default\">\n<div class=\"csc-textpicHeader csc-textpicHeader-2\"><\/div>\n<div class=\"csc-textpic csc-textpic-left csc-textpic-above\">\n<div class=\"csc-textpic-imagewrap\">\n<div class=\"row\">\n<div class=\"col-xs-12\"><img decoding=\"async\" loading=\"lazy\" class=\"aligncenter wp-image-5740 size-full\" src=\"https:\/\/www.dfh-ufa.org\/app\/uploads\/2018\/06\/Rythme-evaluation_neu.jpg\" alt=\"\" width=\"1020\" height=\"415\" \/><\/div>\n<div>\n<section class=\"col-md-8\">\n<div class=\"main-content\">\n<div id=\"c8369\" class=\"csc-default\">\n<div class=\"csc-textpicHeader csc-textpicHeader-2\">\n<div class=\"csc-header csc-header-n3\">\n<h3>Rythme d\u2019\u00e9valuation<\/h3>\n<h5><\/h5>\n<\/div>\n<\/div>\n<div class=\"csc-textpic-text\">\n<p><strong><span lang=\"FR\">Le soutien de cursus\u00a0par l\u2019UFA d\u00e9pend d\u2019une \u00e9valuation r\u00e9guli\u00e8re des programmes. Un dossier de demande de soutien sera soumis \u00e0 \u00e9valuation. <\/span><\/strong><\/p>\n<p><strong><span lang=\"FR\">Pour les cas suivants, nous vous recommandons de d\u00e9poser un dossier de demande de soutien (date limite : 31\/10\/2025) pour l\u2019ann\u00e9e universitaire 2026-27 :<\/span><\/strong><\/p>\n<h6><\/h6>\n<p><span lang=\"FR\">\u00a0<\/span><span lang=\"FR\">1. Vous souhaitez \u00e9laborer un nouveau cursus ou vous avez d\u00e9j\u00e0 mis en place un cursus qui r\u00e9pond aux crit\u00e8res de l\u2019appel \u00e0 projets de l\u2019UFA concernant les cursus mais qui ne se trouve pas encore sous l\u2019\u00e9gide de l\u2019UFA. Dans ce cas, veuillez d\u00e9poser <i><strong>une nouvelle demande de soutien<\/strong><\/i> selon les modalit\u00e9s d\u00e9crites dans l\u2019appel \u00e0 projets. <\/span><\/p>\n<h6><\/h6>\n<p><span lang=\"FR\">\u00a0<\/span><span lang=\"FR\">2. Votre cursus est d\u00e9j\u00e0 soutenu par l\u2019UFA et se trouve durant l\u2019ann\u00e9e universitaire 2025-26 en<\/span> ann\u00e9e de soutien 4, 8 ou 12. Dans ce cas, vous devez d\u00e9poser <i><strong>une demande de prolongation de soutien<\/strong><\/i> pour que celui-ci soit reconduit. Le tableau \u00ab\u00a0<a href=\"https:\/\/www.dfh-ufa.org\/fr\/vous-etes\/etablissements\/evaluation\/avancement-des-cursus-et-programmes-de-phd-track\" target=\"_blank\" rel=\"noopener\">\u00c9ch\u00e9ance \u00e0 laquelle devra \u00eatre d\u00e9pos\u00e9e la prochaine demande de soutien pour les cursus et programmes de PhD-Track<\/a>\u00a0\u00bb indique l&rsquo;\u00e9ch\u00e9ance \u00e0 laquelle vous devrez d\u00e9poser un dossier de prolongation de soutien.<\/p>\n<h6><\/h6>\n<p><span lang=\"FR\">\u00a0<\/span><span lang=\"FR\">3.\u00a0 Votre cursus <strong>a bascul\u00e9 dans le syst\u00e8me LMD ou vous avez apport\u00e9 une modification substantielle \u00e0 votre cursus <\/strong>depuis la derni\u00e8re \u00e9valuation et vous voulez continuer \u00e0 b\u00e9n\u00e9ficier du soutien de l\u2019UFA. Dans ce cas, vous devez d\u00e9poser une nouvelle demande de soutien et ceci dans les meilleurs d\u00e9lais. <\/span><\/p>\n<h6><\/h6>\n<p><span lang=\"FR\">4. Le r\u00e9sultat de <strong>la derni\u00e8re \u00e9valuation de votre cursus a \u00e9t\u00e9 n\u00e9gatif<\/strong>. Tel que stipul\u00e9 dans la notification de la d\u00e9cision de soutien, vous pouvez renouveler votre demande de soutien. <\/span><\/p>\n<h6><\/h6>\n<p><span lang=\"FR\">\u00a0<\/span><span lang=\"FR\">5. En accord avec l&rsquo;UFA votre cursus avait \u00e9t\u00e9 mis en veille jusqu\u2019\u00e0 pr\u00e9sent. Si vous souhaitez \u00e0 nouveau b\u00e9n\u00e9ficier d\u2019un soutien de l\u2019UFA pour 2026-27, vous devez d\u00e9poser une nouvelle demande de soutien.<\/span><\/p>\n<h5><\/h5>\n<\/div>\n<\/div>\n<div id=\"c11193\" class=\"csc-default\">\n<p><strong>Veuillez \u00e9galement tenir compte des documents suivants :<\/strong><\/p>\n<ul>\n<li><a href=\"https:\/\/www.dfh-ufa.org\/app\/uploads\/2025\/04\/F_dfh-ufa_Appel_a_-projets_cursus_2026-27.pdf\" target=\"_blank\" rel=\"noopener\">Appel \u00e0 projets pour les programmes d&rsquo;\u00e9tudes franco-allemands<\/a><\/li>\n<li><a href=\"https:\/\/www.dfh-ufa.org\/app\/uploads\/2025\/05\/ufa_20260-27_informations_porteurs-de-projets.pdf\" target=\"_blank\" rel=\"noopener\">Informations \u00e0 l&rsquo;attention des \u00e9tablissements porteurs de projets<\/a><\/li>\n<li><a href=\"https:\/\/www.dfh-ufa.org\/app\/uploads\/2025\/05\/Naechste_Antragstellung_Studiengaenge_PhD-Track-Programme_2026-27.pdf\">Indications concernant l&rsquo;ann\u00e9e dans laquelle devra \u00eatre d\u00e9pos\u00e9e la prochaine demande de soutien<\/a><\/li>\n<\/ul>\n<p>&nbsp;<\/p>\n<p>Les demandes devront \u00eatre d\u00e9pos\u00e9es conjointement par les \u00e9tablissements partenaires et parvenir \u00e0 l\u2019UFA au plus tard <strong>le 31\/10\/2025. <\/strong>Nous vous prions de bien vouloir nous informer de votre intention de d\u00e9poser une demande de soutien avant le 30\/06\/2025 \u00e0 l\u2019aide du <a href=\"https:\/\/www.dfh-ufa.org\/informationen-fuer\/hochschulen\/ausschreibungen\/studiengaenge\/antragsankuendigung-manifestation-dinteret\" target=\"_blank\" rel=\"noopener\">formulaire web de manifestation d&rsquo;int\u00e9r\u00eat<\/a>. D\u00e8s r\u00e9ception, une demande de soutien en ligne pourra \u00eatre \u00e9labor\u00e9e sur cette base et \u00eatre mise \u00e0 votre disposition.<\/p>\n<\/div>\n<\/div>\n<\/section>\n<aside class=\"col-md-4\">\n<div class=\"right-content\"><\/div>\n<\/aside>\n<\/div>\n<\/div>\n<\/div>\n<\/div>\n<\/div>\n","protected":false},"excerpt":{"rendered":"<p>Le dispositif de soutien des cursus soutenus par l\u2019UFA Rythme d\u2019\u00e9valuation Le soutien de cursus\u00a0par l\u2019UFA d\u00e9pend d\u2019une \u00e9valuation r\u00e9guli\u00e8re des programmes. Un dossier de demande de soutien sera soumis \u00e0 \u00e9valuation. Pour les cas suivants, nous vous recommandons de d\u00e9poser un dossier de demande de soutien (date limite : 31\/10\/2025) pour l\u2019ann\u00e9e universitaire 2026-27 [&hellip;]<\/p>\n","protected":false},"author":1,"featured_media":0,"parent":850,"menu_order":1272,"comment_status":"closed","ping_status":"closed","template":"","meta":{"_bbp_topic_count":0,"_bbp_reply_count":0,"_bbp_total_topic_count":0,"_bbp_total_reply_count":0,"_bbp_voice_count":0,"_bbp_anonymous_reply_count":0,"_bbp_topic_count_hidden":0,"_bbp_reply_count_hidden":0,"_bbp_forum_subforum_count":0,"inline_featured_image":false},"acf":[],"_links":{"self":[{"href":"https:\/\/www.dfh-ufa.org\/fr\/wp-json\/wp\/v2\/pages\/853"}],"collection":[{"href":"https:\/\/www.dfh-ufa.org\/fr\/wp-json\/wp\/v2\/pages"}],"about":[{"href":"https:\/\/www.dfh-ufa.org\/fr\/wp-json\/wp\/v2\/types\/page"}],"author":[{"embeddable":true,"href":"https:\/\/www.dfh-ufa.org\/fr\/wp-json\/wp\/v2\/users\/1"}],"replies":[{"embeddable":true,"href":"https:\/\/www.dfh-ufa.org\/fr\/wp-json\/wp\/v2\/comments?post=853"}],"version-history":[{"count":33,"href":"https:\/\/www.dfh-ufa.org\/fr\/wp-json\/wp\/v2\/pages\/853\/revisions"}],"predecessor-version":[{"id":1963634,"href":"https:\/\/www.dfh-ufa.org\/fr\/wp-json\/wp\/v2\/pages\/853\/revisions\/1963634"}],"up":[{"embeddable":true,"href":"https:\/\/www.dfh-ufa.org\/fr\/wp-json\/wp\/v2\/pages\/850"}],"wp:attachment":[{"href":"https:\/\/www.dfh-ufa.org\/fr\/wp-json\/wp\/v2\/media?parent=853"}],"curies":[{"name":"wp","href":"https:\/\/api.w.org\/{rel}","templated":true}]}}