{"id":854,"date":"2018-04-24T09:03:16","date_gmt":"2018-04-24T07:03:16","guid":{"rendered":"https:\/\/www.dfh-ufa.org\/fr\/gestion-des-programmes"},"modified":"2026-02-13T11:01:22","modified_gmt":"2026-02-13T10:01:22","slug":"gestion-des-programmes","status":"publish","type":"page","link":"https:\/\/www.dfh-ufa.org\/fr\/vous-etes\/etablissements\/gestion-des-programmes","title":{"rendered":"Gestion des programmes"},"content":{"rendered":"<p>Ch\u00e8res et chers responsables de programmes,<\/p>\n<p>Vous trouverez dans cette rubrique des informations concernant la gestion d&rsquo;un cursus sous l&rsquo;\u00e9gide de l&rsquo;UFA.<\/p>\n<p>De plus, nous mettons \u00e0 votre disposition notre calendrier r\u00e9capitulant les diff\u00e9rentes t\u00e2ches du responsable de programme UFA, ainsi que les pr\u00e9sentations de notre derni\u00e8re formation des responsables de programmes et de nos s\u00e9minaires concernant la demande de soutien.<\/p>\n<p>N&rsquo;h\u00e9sitez pas \u00e0 <a href=\"https:\/\/www.dfh-ufa.org\/fr\/lufa\/lequipe-de-lufa\/cursus-integres-et-formation-doctorale\/\" target=\"_blank\" rel=\"noopener noreferrer\">nous<\/a> contacter pour tout compl\u00e9ment d&rsquo;information !<\/p>\n<h3><\/h3>\n<h3>Planification annuelle pour les responsables de programmes<\/h3>\n<ul>\n<li class=\"download__list__item\"><a href=\"https:\/\/www.dfh-ufa.org\/app\/uploads\/2025\/09\/calendrier_UFA_resp_progr_F_2025.pdf\" target=\"_blank\" rel=\"noopener\">t\u00e2ches des responsables de programmes, ann\u00e9e 2025\/2026<\/a><\/li>\n<\/ul>\n<p>&nbsp;<\/p>\n<h3>Formation des responsables de programmes<\/h3>\n<ul>\n<li class=\"download__list__item\"><a href=\"https:\/\/www.dfh-ufa.org\/app\/uploads\/2026\/02\/formation_RP_F_2025-2026.pdf\" target=\"_blank\" rel=\"noopener noreferrer\"><span class=\"csc-uploads-fileName\">Pr\u00e9sentation &#8211; formation des responsables de programmes 2025<\/span><\/a><\/li>\n<\/ul>\n<h3><\/h3>\n<h3>R\u00e9union d&rsquo;information : demande de soutien cursus<\/h3>\n<ul>\n<li class=\"download__list__item\"><a href=\"https:\/\/www.dfh-ufa.org\/app\/uploads\/2025\/06\/Info_Antragstellung-Studiengaenge_demande-de-soutien-cursus.pdf\" target=\"_blank\" rel=\"noopener\">Pr\u00e9sentation &#8211; r\u00e9union d&rsquo;information : demande de soutien &#8211; cursus (13\/06\/2025)<\/a><\/li>\n<\/ul>\n<h3><\/h3>\n<h3>S\u00e9minaire de conseil : demande de soutien cursus<\/h3>\n<ul>\n<li class=\"download__list__item\"><a href=\"https:\/\/www.dfh-ufa.org\/app\/uploads\/2025\/09\/Antragsberatung_DF_2025.pdf\" target=\"_blank\" rel=\"noopener\">Pr\u00e9sentation &#8211; s\u00e9minaire de conseil en ligne : demande de soutien (26\/09\/2025)<\/a><\/li>\n<\/ul>\n","protected":false},"excerpt":{"rendered":"<p>Ch\u00e8res et chers responsables de programmes, Vous trouverez dans cette rubrique des informations concernant la gestion d&rsquo;un cursus sous l&rsquo;\u00e9gide de l&rsquo;UFA. De plus, nous mettons \u00e0 votre disposition notre calendrier r\u00e9capitulant les diff\u00e9rentes t\u00e2ches du responsable de programme UFA, ainsi que les pr\u00e9sentations de notre derni\u00e8re formation des responsables de programmes et de nos [&hellip;]<\/p>\n","protected":false},"author":20,"featured_media":0,"parent":844,"menu_order":1289,"comment_status":"closed","ping_status":"closed","template":"","meta":{"_bbp_topic_count":0,"_bbp_reply_count":0,"_bbp_total_topic_count":0,"_bbp_total_reply_count":0,"_bbp_voice_count":0,"_bbp_anonymous_reply_count":0,"_bbp_topic_count_hidden":0,"_bbp_reply_count_hidden":0,"_bbp_forum_subforum_count":0,"inline_featured_image":false},"acf":[],"_links":{"self":[{"href":"https:\/\/www.dfh-ufa.org\/fr\/wp-json\/wp\/v2\/pages\/854"}],"collection":[{"href":"https:\/\/www.dfh-ufa.org\/fr\/wp-json\/wp\/v2\/pages"}],"about":[{"href":"https:\/\/www.dfh-ufa.org\/fr\/wp-json\/wp\/v2\/types\/page"}],"author":[{"embeddable":true,"href":"https:\/\/www.dfh-ufa.org\/fr\/wp-json\/wp\/v2\/users\/20"}],"replies":[{"embeddable":true,"href":"https:\/\/www.dfh-ufa.org\/fr\/wp-json\/wp\/v2\/comments?post=854"}],"version-history":[{"count":45,"href":"https:\/\/www.dfh-ufa.org\/fr\/wp-json\/wp\/v2\/pages\/854\/revisions"}],"predecessor-version":[{"id":1963276,"href":"https:\/\/www.dfh-ufa.org\/fr\/wp-json\/wp\/v2\/pages\/854\/revisions\/1963276"}],"up":[{"embeddable":true,"href":"https:\/\/www.dfh-ufa.org\/fr\/wp-json\/wp\/v2\/pages\/844"}],"wp:attachment":[{"href":"https:\/\/www.dfh-ufa.org\/fr\/wp-json\/wp\/v2\/media?parent=854"}],"curies":[{"name":"wp","href":"https:\/\/api.w.org\/{rel}","templated":true}]}}