{"id":856,"date":"2018-04-24T09:03:16","date_gmt":"2018-04-24T07:03:16","guid":{"rendered":"https:\/\/www.dfh-ufa.org\/fr\/formation"},"modified":"2026-02-13T11:08:45","modified_gmt":"2026-02-13T10:08:45","slug":"formation","status":"publish","type":"page","link":"https:\/\/www.dfh-ufa.org\/fr\/vous-etes\/etablissements\/gestion-des-programmes\/formation","title":{"rendered":"Formation"},"content":{"rendered":"<p>L\u2019UFA a accueilli le 19 septembre 2025 \u00e0 Sarrebruck des responsables de programmes\u00a0 lors d\u2019une journ\u00e9e de formation interactive organis\u00e9e par le d\u00e9partement \u00ab Cursus int\u00e9gr\u00e9s et formation doctorale \u00bb.<\/p>\n<p>Formulaire de demande de soutien, inscription des \u00e9tudiant\u00b7es, demandes d\u2019aides \u00e0 la mobilit\u00e9, justifications des allocations per\u00e7ues\u2026 Ce sont tous ces aspects de la gestion d\u2019un cursus qui ont \u00e9t\u00e9 pr\u00e9sent\u00e9s par les collaboratrices de l\u2019UFA aux responsables de programmes pr\u00e9sents. Sollicit\u00e9s toute l\u2019ann\u00e9e tant pour la gestion p\u00e9dagogique qu\u2019administrative de leur programme, les interlocuteurs et les interlocutrices de l\u2019UFA dans les \u00e9tablissements partenaires ont ainsi pu se familiariser avec les formulaires, les \u00e9ch\u00e9ances \u00e0 respecter, les r\u00e8gles de financement et \u00e9changer entre coll\u00e8gues. Rendez-vous pour la prochaine \u00e9dition en 2026 !<\/p>\n<p>Retrouvez les documents de s\u00e9ance complets <a href=\"https:\/\/www.dfh-ufa.org\/app\/uploads\/2026\/02\/formation_RP_F_2025-2026.pdf\" target=\"_blank\" rel=\"noopener\">ici<\/a>.<\/p>\n<p>Veuillez trouver la pr\u00e9sentation de \u00ab Deutsch Uni Online (DUO) \u00bb <a href=\"https:\/\/www.dfh-ufa.org\/app\/uploads\/2026\/02\/250919_DUO_DFH.pdf\" target=\"_blank\" rel=\"noopener\">ici<\/a>.<\/p>\n","protected":false},"excerpt":{"rendered":"<p>L\u2019UFA a accueilli le 19 septembre 2025 \u00e0 Sarrebruck des responsables de programmes\u00a0 lors d\u2019une journ\u00e9e de formation interactive organis\u00e9e par le d\u00e9partement \u00ab Cursus int\u00e9gr\u00e9s et formation doctorale \u00bb. Formulaire de demande de soutien, inscription des \u00e9tudiant\u00b7es, demandes d\u2019aides \u00e0 la mobilit\u00e9, justifications des allocations per\u00e7ues\u2026 Ce sont tous ces aspects de la gestion [&hellip;]<\/p>\n","protected":false},"author":1,"featured_media":0,"parent":854,"menu_order":1303,"comment_status":"closed","ping_status":"closed","template":"","meta":{"_bbp_topic_count":0,"_bbp_reply_count":0,"_bbp_total_topic_count":0,"_bbp_total_reply_count":0,"_bbp_voice_count":0,"_bbp_anonymous_reply_count":0,"_bbp_topic_count_hidden":0,"_bbp_reply_count_hidden":0,"_bbp_forum_subforum_count":0,"inline_featured_image":false},"acf":[],"_links":{"self":[{"href":"https:\/\/www.dfh-ufa.org\/fr\/wp-json\/wp\/v2\/pages\/856"}],"collection":[{"href":"https:\/\/www.dfh-ufa.org\/fr\/wp-json\/wp\/v2\/pages"}],"about":[{"href":"https:\/\/www.dfh-ufa.org\/fr\/wp-json\/wp\/v2\/types\/page"}],"author":[{"embeddable":true,"href":"https:\/\/www.dfh-ufa.org\/fr\/wp-json\/wp\/v2\/users\/1"}],"replies":[{"embeddable":true,"href":"https:\/\/www.dfh-ufa.org\/fr\/wp-json\/wp\/v2\/comments?post=856"}],"version-history":[{"count":56,"href":"https:\/\/www.dfh-ufa.org\/fr\/wp-json\/wp\/v2\/pages\/856\/revisions"}],"predecessor-version":[{"id":1963281,"href":"https:\/\/www.dfh-ufa.org\/fr\/wp-json\/wp\/v2\/pages\/856\/revisions\/1963281"}],"up":[{"embeddable":true,"href":"https:\/\/www.dfh-ufa.org\/fr\/wp-json\/wp\/v2\/pages\/854"}],"wp:attachment":[{"href":"https:\/\/www.dfh-ufa.org\/fr\/wp-json\/wp\/v2\/media?parent=856"}],"curies":[{"name":"wp","href":"https:\/\/api.w.org\/{rel}","templated":true}]}}