{"id":857,"date":"2018-04-24T09:03:16","date_gmt":"2018-04-24T07:03:16","guid":{"rendered":"https:\/\/www.dfh-ufa.org\/fr\/regles-de-financement"},"modified":"2026-04-28T15:07:45","modified_gmt":"2026-04-28T13:07:45","slug":"regles-de-financement","status":"publish","type":"page","link":"https:\/\/www.dfh-ufa.org\/fr\/vous-etes\/etablissements\/gestion-des-programmes\/regles-de-financement","title":{"rendered":"R\u00e8gles de financement"},"content":{"rendered":"\r\n<h1 class=\"wp-block-heading\">Soutien financier de l&rsquo;UFA<\/h1>\r\n\r\n\r\n\r\n<h3 class=\"wp-block-heading\">R\u00e8gles de financement<\/h3>\r\n\r\n\r\n\r\n<ul>\r\n<li><a href=\"https:\/\/www.dfh-ufa.org\/app\/uploads\/2026\/04\/Regles_de_financement_binat_2026-27.pdf\" target=\"_blank\" rel=\"noopener\">2026\/27, cursus binationaux<\/a><\/li>\r\n<li><a href=\"https:\/\/www.dfh-ufa.org\/app\/uploads\/2026\/04\/Regles_de_financement_trinat_26-27.pdf\" target=\"_blank\" rel=\"noopener\">2026\/27, cursus trinationaux<\/a><\/li>\r\n<li><a href=\"https:\/\/www.dfh-ufa.org\/app\/uploads\/2025\/06\/Regles_de_financement_binat_2025-26.pdf\" target=\"_blank\" rel=\"noopener\">2025\/26, cursus binationaux<\/a><\/li>\r\n<li><a href=\"https:\/\/www.dfh-ufa.org\/app\/uploads\/2025\/06\/Regles_de_financement_trinat_25-26.pdf\" target=\"_blank\" rel=\"noopener\">2025\/26, cursus trinationaux<\/a><\/li>\r\n<li><a href=\"https:\/\/www.dfh-ufa.org\/app\/uploads\/2025\/06\/Regles-de-financement_PhD_2025-26-extern.pdf\" target=\"_blank\" rel=\"noopener\">2025\/26, programmes de PhD-Track<\/a><\/li>\r\n<li><a href=\"https:\/\/www.dfh-ufa.org\/app\/uploads\/2024\/05\/Regles_de_financement_2024-25.pdf\" target=\"_blank\" rel=\"noopener\">2024\/25, cursus binationaux et trinationaux<\/a><\/li>\r\n<li><a href=\"https:\/\/www.dfh-ufa.org\/app\/uploads\/2024\/05\/Regles-de-financement_PhD_2024-25-extern.pdf\" target=\"_blank\" rel=\"noopener\">2024\/25, programmes de PhD-Track<\/a><\/li>\r\n<\/ul>\r\n<p>&nbsp;<\/p>\r\n<ul>\r\n<li><a href=\"https:\/\/www.dfh-ufa.org\/app\/uploads\/2026\/04\/Principe_de_respect_des_engagements_pris_detaille_2026.pdf\" target=\"_blank\" rel=\"noopener\">Principe de respect des engagements pris d\u00e9taill\u00e9<\/a><\/li>\r\n<\/ul>\r\n<p>&nbsp;<\/p>\r\n<ul>\r\n<li><a href=\"https:\/\/www.dfh-ufa.org\/app\/uploads\/2024\/01\/ufa_soutien_stage_2024.pdf\" target=\"_blank\" rel=\"noopener\">Soutien d&rsquo;un \u00e9tudiant pendant son stage obligatoire<\/a><\/li>\r\n<\/ul>\r\n\r\n\r\n\r\n<h3 class=\"wp-block-heading\">\u00a0<\/h3>\r\n<h3>Cofinancement<\/h3>\r\n\r\n\r\n\r\n<ul>\r\n<li><a href=\"https:\/\/www.dfh-ufa.org\/app\/uploads\/2018\/06\/Cofinancement_2012.pdf\">Cofinancement-FAQ<\/a><\/li>\r\n<\/ul>\r\n\r\n\r\n\r\n<p>&nbsp;<\/p>\r\n","protected":false},"excerpt":{"rendered":"<p>Soutien financier de l&rsquo;UFA R\u00e8gles de financement 2026\/27, cursus binationaux 2026\/27, cursus trinationaux 2025\/26, cursus binationaux 2025\/26, cursus trinationaux 2025\/26, programmes de PhD-Track 2024\/25, cursus binationaux et trinationaux 2024\/25, programmes de PhD-Track &nbsp; Principe de respect des engagements pris d\u00e9taill\u00e9 &nbsp; Soutien d&rsquo;un \u00e9tudiant pendant son stage obligatoire \u00a0 Cofinancement Cofinancement-FAQ &nbsp;<\/p>\n","protected":false},"author":1,"featured_media":0,"parent":854,"menu_order":1313,"comment_status":"closed","ping_status":"closed","template":"","meta":{"_bbp_topic_count":0,"_bbp_reply_count":0,"_bbp_total_topic_count":0,"_bbp_total_reply_count":0,"_bbp_voice_count":0,"_bbp_anonymous_reply_count":0,"_bbp_topic_count_hidden":0,"_bbp_reply_count_hidden":0,"_bbp_forum_subforum_count":0,"inline_featured_image":false},"acf":[],"_links":{"self":[{"href":"https:\/\/www.dfh-ufa.org\/fr\/wp-json\/wp\/v2\/pages\/857"}],"collection":[{"href":"https:\/\/www.dfh-ufa.org\/fr\/wp-json\/wp\/v2\/pages"}],"about":[{"href":"https:\/\/www.dfh-ufa.org\/fr\/wp-json\/wp\/v2\/types\/page"}],"author":[{"embeddable":true,"href":"https:\/\/www.dfh-ufa.org\/fr\/wp-json\/wp\/v2\/users\/1"}],"replies":[{"embeddable":true,"href":"https:\/\/www.dfh-ufa.org\/fr\/wp-json\/wp\/v2\/comments?post=857"}],"version-history":[{"count":23,"href":"https:\/\/www.dfh-ufa.org\/fr\/wp-json\/wp\/v2\/pages\/857\/revisions"}],"predecessor-version":[{"id":1964043,"href":"https:\/\/www.dfh-ufa.org\/fr\/wp-json\/wp\/v2\/pages\/857\/revisions\/1964043"}],"up":[{"embeddable":true,"href":"https:\/\/www.dfh-ufa.org\/fr\/wp-json\/wp\/v2\/pages\/854"}],"wp:attachment":[{"href":"https:\/\/www.dfh-ufa.org\/fr\/wp-json\/wp\/v2\/media?parent=857"}],"curies":[{"name":"wp","href":"https:\/\/api.w.org\/{rel}","templated":true}]}}