{"id":858,"date":"2018-04-24T09:03:16","date_gmt":"2018-04-24T07:03:16","guid":{"rendered":"https:\/\/www.dfh-ufa.org\/fr\/utilisation-des-allocations"},"modified":"2025-10-23T08:03:56","modified_gmt":"2025-10-23T06:03:56","slug":"utilisation-des-allocations","status":"publish","type":"page","link":"https:\/\/www.dfh-ufa.org\/fr\/vous-etes\/etablissements\/gestion-des-programmes\/utilisation-des-allocations","title":{"rendered":"Utilisation des allocations"},"content":{"rendered":"\r\n<h1 class=\"csc-firstHeader wp-block-heading\">Directives et contr\u00f4le de l&rsquo;utilisation des allocations<\/h1>\r\n\r\n\r\n\r\n<h3 class=\"wp-block-heading\">Directives relatives \u00e0 l&rsquo;utilisation des allocations de l&rsquo;UFA<\/h3>\r\n\r\n\r\n\r\n<ul>\r\n<li><a href=\"https:\/\/www.dfh-ufa.org\/app\/uploads\/2025\/10\/directives_bi-et-trinationales_2025_26.pdf\" target=\"_blank\" rel=\"noopener\">Ann\u00e9e universitaire 2025\/26<\/a><\/li>\r\n<li><a href=\"https:\/\/www.dfh-ufa.org\/app\/uploads\/2024\/10\/directives_bi-et-trinationales_2024_25.pdf\" target=\"_blank\" rel=\"noopener\">Ann\u00e9e universitaire 2024\/25<\/a><\/li>\r\n<li><a href=\"https:\/\/www.dfh-ufa.org\/app\/uploads\/2023\/11\/directives_bi-et-trinationales_2023_24.pdf\" target=\"_blank\" rel=\"noopener\">Ann\u00e9e universitaire 2023\/24<\/a><\/li>\r\n<li><a href=\"https:\/\/www.dfh-ufa.org\/app\/uploads\/2022\/10\/directives_bi-et-trinationales_2022_23.pdf\">Ann\u00e9e universitaire 2022\/23<\/a><\/li>\r\n<li><a href=\"https:\/\/www.dfh-ufa.org\/app\/uploads\/2021\/07\/directives_bi-et-trinationales_2021_22.pdf\">Ann\u00e9e universitaire 2021\/22<\/a><\/li>\r\n<\/ul>\r\n\r\n\r\n","protected":false},"excerpt":{"rendered":"<p>Directives et contr\u00f4le de l&rsquo;utilisation des allocations Directives relatives \u00e0 l&rsquo;utilisation des allocations de l&rsquo;UFA Ann\u00e9e universitaire 2025\/26 Ann\u00e9e universitaire 2024\/25 Ann\u00e9e universitaire 2023\/24 Ann\u00e9e universitaire 2022\/23 Ann\u00e9e universitaire 2021\/22<\/p>\n","protected":false},"author":1,"featured_media":0,"parent":854,"menu_order":1323,"comment_status":"closed","ping_status":"closed","template":"","meta":{"_bbp_topic_count":0,"_bbp_reply_count":0,"_bbp_total_topic_count":0,"_bbp_total_reply_count":0,"_bbp_voice_count":0,"_bbp_anonymous_reply_count":0,"_bbp_topic_count_hidden":0,"_bbp_reply_count_hidden":0,"_bbp_forum_subforum_count":0,"inline_featured_image":false},"acf":[],"_links":{"self":[{"href":"https:\/\/www.dfh-ufa.org\/fr\/wp-json\/wp\/v2\/pages\/858"}],"collection":[{"href":"https:\/\/www.dfh-ufa.org\/fr\/wp-json\/wp\/v2\/pages"}],"about":[{"href":"https:\/\/www.dfh-ufa.org\/fr\/wp-json\/wp\/v2\/types\/page"}],"author":[{"embeddable":true,"href":"https:\/\/www.dfh-ufa.org\/fr\/wp-json\/wp\/v2\/users\/1"}],"replies":[{"embeddable":true,"href":"https:\/\/www.dfh-ufa.org\/fr\/wp-json\/wp\/v2\/comments?post=858"}],"version-history":[{"count":19,"href":"https:\/\/www.dfh-ufa.org\/fr\/wp-json\/wp\/v2\/pages\/858\/revisions"}],"predecessor-version":[{"id":1961702,"href":"https:\/\/www.dfh-ufa.org\/fr\/wp-json\/wp\/v2\/pages\/858\/revisions\/1961702"}],"up":[{"embeddable":true,"href":"https:\/\/www.dfh-ufa.org\/fr\/wp-json\/wp\/v2\/pages\/854"}],"wp:attachment":[{"href":"https:\/\/www.dfh-ufa.org\/fr\/wp-json\/wp\/v2\/media?parent=858"}],"curies":[{"name":"wp","href":"https:\/\/api.w.org\/{rel}","templated":true}]}}