{"id":859,"date":"2018-04-24T09:03:16","date_gmt":"2018-04-24T07:03:16","guid":{"rendered":"https:\/\/www.dfh-ufa.org\/fr\/abandon-des-etudes"},"modified":"2018-06-19T12:25:17","modified_gmt":"2018-06-19T10:25:17","slug":"abandon-des-etudes","status":"publish","type":"page","link":"https:\/\/www.dfh-ufa.org\/fr\/vous-etes\/etablissements\/gestion-des-programmes\/abandon-des-etudes","title":{"rendered":"Abandon des \u00e9tudes"},"content":{"rendered":"\r\n<h1 class=\"csc-firstHeader wp-block-heading\">Abandon et interruption des \u00e9tudes<\/h1>\r\n\r\n\r\n\r\n<h3 class=\"wp-block-heading\">Informations sur l&rsquo;abandon des \u00e9tudes<\/h3>\r\n\r\n\r\n\r\n<ul>\r\n \t<li><a href=\"https:\/\/www.dfh-ufa.org\/app\/uploads\/2018\/06\/Information_abandon_des_etudes_UFA.pdf\">Informations g\u00e9n\u00e9rales sur l&rsquo;abandon des \u00e9tudes<\/a><\/li>\r\n<\/ul>\r\n\r\n\r\n\r\n<h3 class=\"wp-block-heading\"><\/h3>\r\n<h3>Informations sur l&rsquo;interruption des \u00e9tudes<\/h3>\r\n\r\n\r\n\r\n<ul>\r\n \t<li><a href=\"https:\/\/www.dfh-ufa.org\/app\/uploads\/2018\/06\/Information_interruption_temporaire_des_etudes_UFA.pdf\">Informations g\u00e9n\u00e9rales sur l&rsquo;interruption des \u00e9tudes<\/a><\/li>\r\n<\/ul>\r\n\r\n\r\n\r\n<h3 class=\"wp-block-heading\"><\/h3>\r\n<h3>Mod\u00e8le de convention entre l&rsquo;\u00e9tablissement et l&rsquo;\u00e9tudiant<\/h3>\r\n\r\n\r\n\r\n<ul>\r\n \t<li><a href=\"https:\/\/www.dfh-ufa.org\/app\/uploads\/2018\/06\/modele_contrat_F.pdf\">Mod\u00e8le de convention<\/a><\/li>\r\n<\/ul>\r\n","protected":false},"excerpt":{"rendered":"<p>Abandon et interruption des \u00e9tudes Informations sur l&rsquo;abandon des \u00e9tudes Informations g\u00e9n\u00e9rales sur l&rsquo;abandon des \u00e9tudes Informations sur l&rsquo;interruption des \u00e9tudes Informations g\u00e9n\u00e9rales sur l&rsquo;interruption des \u00e9tudes Mod\u00e8le de convention entre l&rsquo;\u00e9tablissement et l&rsquo;\u00e9tudiant Mod\u00e8le de convention<\/p>\n","protected":false},"author":1,"featured_media":0,"parent":854,"menu_order":1333,"comment_status":"closed","ping_status":"closed","template":"","meta":{"_bbp_topic_count":0,"_bbp_reply_count":0,"_bbp_total_topic_count":0,"_bbp_total_reply_count":0,"_bbp_voice_count":0,"_bbp_anonymous_reply_count":0,"_bbp_topic_count_hidden":0,"_bbp_reply_count_hidden":0,"_bbp_forum_subforum_count":0,"inline_featured_image":false},"acf":[],"_links":{"self":[{"href":"https:\/\/www.dfh-ufa.org\/fr\/wp-json\/wp\/v2\/pages\/859"}],"collection":[{"href":"https:\/\/www.dfh-ufa.org\/fr\/wp-json\/wp\/v2\/pages"}],"about":[{"href":"https:\/\/www.dfh-ufa.org\/fr\/wp-json\/wp\/v2\/types\/page"}],"author":[{"embeddable":true,"href":"https:\/\/www.dfh-ufa.org\/fr\/wp-json\/wp\/v2\/users\/1"}],"replies":[{"embeddable":true,"href":"https:\/\/www.dfh-ufa.org\/fr\/wp-json\/wp\/v2\/comments?post=859"}],"version-history":[{"count":4,"href":"https:\/\/www.dfh-ufa.org\/fr\/wp-json\/wp\/v2\/pages\/859\/revisions"}],"predecessor-version":[{"id":5724,"href":"https:\/\/www.dfh-ufa.org\/fr\/wp-json\/wp\/v2\/pages\/859\/revisions\/5724"}],"up":[{"embeddable":true,"href":"https:\/\/www.dfh-ufa.org\/fr\/wp-json\/wp\/v2\/pages\/854"}],"wp:attachment":[{"href":"https:\/\/www.dfh-ufa.org\/fr\/wp-json\/wp\/v2\/media?parent=859"}],"curies":[{"name":"wp","href":"https:\/\/api.w.org\/{rel}","templated":true}]}}