{"id":861,"date":"2018-04-24T09:03:16","date_gmt":"2018-04-24T07:03:16","guid":{"rendered":"https:\/\/www.dfh-ufa.org\/fr\/entreprises"},"modified":"2026-03-10T16:09:38","modified_gmt":"2026-03-10T15:09:38","slug":"entreprises","status":"publish","type":"page","link":"https:\/\/www.dfh-ufa.org\/fr\/vous-etes\/entreprises","title":{"rendered":"Entreprise"},"content":{"rendered":"<div id=\"pl-861\"  class=\"panel-layout\" ><div id=\"pg-861-0\"  class=\"panel-grid panel-no-style\" ><div id=\"pgc-861-0-0\"  class=\"panel-grid-cell\" ><div id=\"panel-861-0-0-0\" class=\"so-panel widget widget_siteorigin-panels-builder panel-first-child panel-last-child\" data-index=\"0\" ><div id=\"pl-w692816ffceada\"  class=\"panel-layout\" ><div id=\"pg-w692816ffceada-0\"  class=\"panel-grid panel-no-style\" ><div id=\"pgc-w692816ffceada-0-0\"  class=\"panel-grid-cell\" ><div id=\"panel-w692816ffceada-0-0-0\" class=\"so-panel widget widget_media_image panel-first-child panel-last-child\" data-index=\"0\" ><img width=\"190\" height=\"190\" src=\"https:\/\/www.dfh-ufa.org\/app\/uploads\/2018\/07\/logo_alumni_netzwerk.png\" class=\"image wp-image-6896  attachment-full size-full\" alt=\"\" decoding=\"async\" loading=\"lazy\" style=\"max-width: 100%; height: auto;\" srcset=\"https:\/\/www.dfh-ufa.org\/app\/uploads\/2018\/07\/logo_alumni_netzwerk.png 190w, https:\/\/www.dfh-ufa.org\/app\/uploads\/2018\/07\/logo_alumni_netzwerk-150x150.png 150w\" sizes=\"(max-width: 190px) 100vw, 190px\" \/><\/div><\/div><div id=\"pgc-w692816ffceada-0-1\"  class=\"panel-grid-cell\" ><div id=\"panel-w692816ffceada-0-1-0\" class=\"so-panel widget widget_sow-editor panel-first-child panel-last-child\" data-index=\"1\" ><div class=\"so-widget-sow-editor so-widget-sow-editor-base\">\n<div class=\"siteorigin-widget-tinymce textwidget\">\n\t<h3>Vous cherchez des collaboratrices et des collaborateurs comp\u00e9tent\u00b7s ?<\/h3>\n<p>Pensez aux dipl\u00f4m\u00e9\u00b7es de l\u2019UFA !<br \/>\n<a href=\"https:\/\/www.dfh-ufa.org\/fr\/vous-etes\/entreprises\/nos-diplomes\/\">Les comp\u00e9tences-cl\u00e9s de nos dipl\u00f4m\u00e9\u00b7es<\/a><\/p>\n<div>Nous diffusons gratuitement <strong>vos offres de stage et d\u2019emploi<\/strong> au sein du r\u00e9seau de l\u2019UFA.<\/div>\n<div>Contact : <span id=\"OBJ_PREFIX_DWT2687_ZmEmailObjectHandler\" class=\"Object\" role=\"link\"><span id=\"OBJ_PREFIX_DWT2706_ZmEmailObjectHandler\" class=\"Object\" role=\"link\"><a href=\"mailto:offresemploi-stellenangebote@dfh-ufa.org\" target=\"_blank\" rel=\"nofollow%20noopener%20noreferrer nofollow noopener noreferrer\">offresemploi-stellenangebote[at]dfh-ufa.org<\/a><\/span><\/span><\/div>\n<div><\/div>\n<p>&nbsp;<\/p>\n<p>&nbsp;<\/p>\n<\/div>\n<\/div><\/div><\/div><\/div><div id=\"pg-w692816ffceada-1\"  class=\"panel-grid panel-no-style\" ><div id=\"pgc-w692816ffceada-1-0\"  class=\"panel-grid-cell\" ><div id=\"panel-w692816ffceada-1-0-0\" class=\"so-panel widget widget_media_image panel-first-child panel-last-child\" data-index=\"2\" ><img width=\"190\" height=\"190\" src=\"https:\/\/www.dfh-ufa.org\/app\/uploads\/2018\/07\/logo_alumni_netzwerk.png\" class=\"image wp-image-6896  attachment-full size-full\" alt=\"\" decoding=\"async\" loading=\"lazy\" style=\"max-width: 100%; height: auto;\" srcset=\"https:\/\/www.dfh-ufa.org\/app\/uploads\/2018\/07\/logo_alumni_netzwerk.png 190w, https:\/\/www.dfh-ufa.org\/app\/uploads\/2018\/07\/logo_alumni_netzwerk-150x150.png 150w\" sizes=\"(max-width: 190px) 100vw, 190px\" \/><\/div><\/div><div id=\"pgc-w692816ffceada-1-1\"  class=\"panel-grid-cell\" ><div id=\"panel-w692816ffceada-1-1-0\" class=\"so-panel widget widget_sow-editor panel-first-child panel-last-child\" data-index=\"3\" ><div class=\"so-widget-sow-editor so-widget-sow-editor-base\">\n<div class=\"siteorigin-widget-tinymce textwidget\">\n\t<h3>Partenariats<\/h3>\n<p>Les partenariats avec les acteurs \u00e9conomiques jouent un r\u00f4le essentiel pour l\u2019UFA, que ce soit sous forme d'un soutien financier ou de participation d\u2019\u00e9tudiant\u00b7es de l\u2019UFA \u00e0 des jeux d\u2019entreprise ou des \u00e9tudes de cas. Ces partenariats sont b\u00e9n\u00e9fiques aux deux parties.<br \/>\n<a class=\"button primary\" href=\"https:\/\/www.dfh-ufa.org\/fr\/vous-etes\/entreprises\/partenariats\/\">\u00bb en savoir plus<\/a><\/p>\n<p>&nbsp;<\/p>\n<p>&nbsp;<\/p>\n<p>&nbsp;<\/p>\n<\/div>\n<\/div><\/div><\/div><\/div><div id=\"pg-w692816ffceada-2\"  class=\"panel-grid panel-no-style\" ><div id=\"pgc-w692816ffceada-2-0\"  class=\"panel-grid-cell\" ><div id=\"panel-w692816ffceada-2-0-0\" class=\"so-panel widget widget_media_image panel-first-child panel-last-child\" data-index=\"4\" ><img width=\"190\" height=\"190\" src=\"https:\/\/www.dfh-ufa.org\/app\/uploads\/2018\/07\/logo_ExzellenzPreis.png\" class=\"image wp-image-6895  attachment-full size-full\" alt=\"\" decoding=\"async\" loading=\"lazy\" style=\"max-width: 100%; height: auto;\" srcset=\"https:\/\/www.dfh-ufa.org\/app\/uploads\/2018\/07\/logo_ExzellenzPreis.png 190w, https:\/\/www.dfh-ufa.org\/app\/uploads\/2018\/07\/logo_ExzellenzPreis-150x150.png 150w\" sizes=\"(max-width: 190px) 100vw, 190px\" \/><\/div><\/div><div id=\"pgc-w692816ffceada-2-1\"  class=\"panel-grid-cell\" ><div id=\"panel-w692816ffceada-2-1-0\" class=\"so-panel widget widget_sow-editor panel-first-child panel-last-child\" data-index=\"5\" ><div class=\"so-widget-sow-editor so-widget-sow-editor-base\">\n<div class=\"siteorigin-widget-tinymce textwidget\">\n\t<h3>Prix d\u2019Excellence<\/h3>\n<p>L\u2019Universit\u00e9 franco-allemande publie, cette ann\u00e9e encore, un appel \u00e0 candidatures pour les Prix d\u2019Excellence, d\u00e9cern\u00e9s aux meilleur\u00b7es dipl\u00f4m\u00e9\u00b7es des cursus binationaux et trinationaux soutenus par l\u2019UFA.<br \/>\n<a class=\"button primary\" href=\"https:\/\/www.dfh-ufa.org\/fr\/vous-etes\/entreprises\/prix-dexcellence\/\">\u00bb en savoir plus<\/a><\/p>\n<p>&nbsp;<\/p>\n<p>&nbsp;<\/p>\n<\/div>\n<\/div><\/div><\/div><\/div><div id=\"pg-w692816ffceada-3\"  class=\"panel-grid panel-no-style\" ><div id=\"pgc-w692816ffceada-3-0\"  class=\"panel-grid-cell\" ><div id=\"panel-w692816ffceada-3-0-0\" class=\"so-panel widget widget_media_image panel-first-child panel-last-child\" data-index=\"6\" ><img width=\"190\" height=\"190\" src=\"https:\/\/www.dfh-ufa.org\/app\/uploads\/2018\/07\/logo_dissertationspreis.png\" class=\"image wp-image-7147  attachment-full size-full\" alt=\"\" decoding=\"async\" loading=\"lazy\" style=\"max-width: 100%; height: auto;\" srcset=\"https:\/\/www.dfh-ufa.org\/app\/uploads\/2018\/07\/logo_dissertationspreis.png 190w, https:\/\/www.dfh-ufa.org\/app\/uploads\/2018\/07\/logo_dissertationspreis-150x150.png 150w\" sizes=\"(max-width: 190px) 100vw, 190px\" \/><\/div><\/div><div id=\"pgc-w692816ffceada-3-1\"  class=\"panel-grid-cell\" ><div id=\"panel-w692816ffceada-3-1-0\" class=\"so-panel widget widget_sow-editor panel-first-child panel-last-child\" data-index=\"7\" ><div class=\"so-widget-sow-editor so-widget-sow-editor-base\">\n<div class=\"siteorigin-widget-tinymce textwidget\">\n\t<h3>Prix de la Meilleure Th\u00e8se<\/h3>\n<p>L\u2019Universit\u00e9 franco-allemande publie, cette ann\u00e9e encore, un appel \u00e0 candidatures pour les Prix de la Meilleure Th\u00e8se, pour r\u00e9compenser les meilleures th\u00e8ses de doctorat binationales soutenues par l\u2019UFA.<br \/>\n<a class=\"button primary\" href=\"https:\/\/www.dfh-ufa.org\/fr\/vous-etes\/entreprises\/prix-de-la-meilleure-these\/\">\u00bb en savoir plus<\/a><\/p>\n<p>&nbsp;<\/p>\n<p>&nbsp;<\/p>\n<\/div>\n<\/div><\/div><\/div><\/div><div id=\"pg-w692816ffceada-4\"  class=\"panel-grid panel-no-style\" ><div id=\"pgc-w692816ffceada-4-0\"  class=\"panel-grid-cell panel-grid-cell-empty panel-grid-cell-mobile-last\" ><\/div><div id=\"pgc-w692816ffceada-4-1\"  class=\"panel-grid-cell panel-grid-cell-empty\" ><\/div><\/div><div id=\"pg-w692816ffceada-5\"  class=\"panel-grid panel-no-style\" ><div id=\"pgc-w692816ffceada-5-0\"  class=\"panel-grid-cell panel-grid-cell-empty panel-grid-cell-mobile-last\" ><\/div><div id=\"pgc-w692816ffceada-5-1\"  class=\"panel-grid-cell panel-grid-cell-empty\" ><\/div><\/div><\/div><\/div><\/div><div id=\"pgc-861-0-1\"  class=\"panel-grid-cell\" ><div id=\"panel-861-0-1-0\" class=\"so-panel widget widget_sow-editor panel-first-child\" data-index=\"1\" ><div class=\"so-widget-sow-editor so-widget-sow-editor-base\">\n<div class=\"siteorigin-widget-tinymce textwidget\">\n\t<h3>Dossier d'information : votre partenariat avec l'Universit\u00e9 franco-allemande<\/h3>\n<\/div>\n<\/div><\/div><div id=\"panel-861-0-1-1\" class=\"so-panel widget widget_media_image\" data-index=\"2\" ><a href=\"https:\/\/www.dfh-ufa.org\/app\/uploads\/2026\/03\/Dossier-dinformation_F_Final_2026.pdf\" target=\"_blank\" rel=\"noopener\"><img width=\"177\" height=\"250\" src=\"https:\/\/www.dfh-ufa.org\/app\/uploads\/2025\/05\/cover_F_2025-177x250.png\" class=\"image wp-image-1960349  attachment-medium size-medium\" alt=\"cover F 2025\" decoding=\"async\" loading=\"lazy\" style=\"max-width: 100%; height: auto;\" srcset=\"https:\/\/www.dfh-ufa.org\/app\/uploads\/2025\/05\/cover_F_2025-177x250.png 177w, https:\/\/www.dfh-ufa.org\/app\/uploads\/2025\/05\/cover_F_2025-726x1024.png 726w, https:\/\/www.dfh-ufa.org\/app\/uploads\/2025\/05\/cover_F_2025.png 754w\" sizes=\"(max-width: 177px) 100vw, 177px\" \/><\/a><\/div><div id=\"panel-861-0-1-2\" class=\"so-panel widget widget_sow-editor panel-last-child\" data-index=\"3\" ><div class=\"so-widget-sow-editor so-widget-sow-editor-base\">\n<div class=\"siteorigin-widget-tinymce textwidget\">\n\t<div id=\"panel-863-0-1-2\" class=\"so-panel widget widget_sow-editor\">\n<div class=\"so-widget-sow-editor so-widget-sow-editor-base\">\n<div class=\"siteorigin-widget-tinymce textwidget\">\n<h4>Contact<\/h4>\n<p><strong>Anika Kost<\/strong><br \/>\nResponsable du d\u00e9partement \u00ab Relations publiques et partenariales \u00bb<br \/>\nTel. : +49 (0) 681 93812-146<br \/>\nE-Mail:\u00a0 <a href=\"mailto:kost@dfh-ufa.org\">kost(at)dfh-ufa.org<\/a><\/p>\n<p><strong>Annika Matulla<\/strong><br \/>\nCharg\u00e9e de dossiers \u00ab Dipl\u00f4m\u00e9\u00b7es, relations entreprises et manifestations \u00bb<a href=\"mailto:leeder@dfh.ufa.org\"><br \/>\n<\/a>Tel. : +49 (0) 681 93812-140<a href=\"mailto:leeder@dfh.ufa.org\"><br \/>\n<\/a>E-Mail:\u00a0 <a href=\"mailto:matulla@dfh-ufa.org\" target=\"_blank\" rel=\"nofollow noopener noreferrer\">matulla(at)dfh-ufa.org<\/a><\/p>\n<p>&nbsp;<\/p>\n<\/div>\n<\/div>\n<\/div>\n<\/div>\n<\/div><\/div><\/div><\/div><\/div>","protected":false},"excerpt":{"rendered":"<p>Dossier d&rsquo;information : votre partenariat avec l&rsquo;Universit\u00e9 franco-allemande Contact Anika Kost Responsable du d\u00e9partement \u00ab Relations publiques et partenariales \u00bb Tel. : +49 (0) 681 93812-146 E-Mail:\u00a0 kost(at)dfh-ufa.org Annika Matulla Charg\u00e9e de dossiers \u00ab Dipl\u00f4m\u00e9\u00b7es, relations entreprises et manifestations \u00bb Tel. : +49 (0) 681 93812-140 E-Mail:\u00a0 matulla(at)dfh-ufa.org &nbsp;<\/p>\n","protected":false},"author":1,"featured_media":8869,"parent":811,"menu_order":1363,"comment_status":"closed","ping_status":"closed","template":"","meta":{"_bbp_topic_count":0,"_bbp_reply_count":0,"_bbp_total_topic_count":0,"_bbp_total_reply_count":0,"_bbp_voice_count":0,"_bbp_anonymous_reply_count":0,"_bbp_topic_count_hidden":0,"_bbp_reply_count_hidden":0,"_bbp_forum_subforum_count":0,"inline_featured_image":false},"acf":[],"_links":{"self":[{"href":"https:\/\/www.dfh-ufa.org\/fr\/wp-json\/wp\/v2\/pages\/861"}],"collection":[{"href":"https:\/\/www.dfh-ufa.org\/fr\/wp-json\/wp\/v2\/pages"}],"about":[{"href":"https:\/\/www.dfh-ufa.org\/fr\/wp-json\/wp\/v2\/types\/page"}],"author":[{"embeddable":true,"href":"https:\/\/www.dfh-ufa.org\/fr\/wp-json\/wp\/v2\/users\/1"}],"replies":[{"embeddable":true,"href":"https:\/\/www.dfh-ufa.org\/fr\/wp-json\/wp\/v2\/comments?post=861"}],"version-history":[{"count":144,"href":"https:\/\/www.dfh-ufa.org\/fr\/wp-json\/wp\/v2\/pages\/861\/revisions"}],"predecessor-version":[{"id":1963677,"href":"https:\/\/www.dfh-ufa.org\/fr\/wp-json\/wp\/v2\/pages\/861\/revisions\/1963677"}],"up":[{"embeddable":true,"href":"https:\/\/www.dfh-ufa.org\/fr\/wp-json\/wp\/v2\/pages\/811"}],"wp:featuredmedia":[{"embeddable":true,"href":"https:\/\/www.dfh-ufa.org\/fr\/wp-json\/wp\/v2\/media\/8869"}],"wp:attachment":[{"href":"https:\/\/www.dfh-ufa.org\/fr\/wp-json\/wp\/v2\/media?parent=861"}],"curies":[{"name":"wp","href":"https:\/\/api.w.org\/{rel}","templated":true}]}}