{"id":862,"date":"2018-04-24T09:03:17","date_gmt":"2018-04-24T07:03:17","guid":{"rendered":"https:\/\/www.dfh-ufa.org\/fr\/nos-diplomes"},"modified":"2025-12-02T12:06:39","modified_gmt":"2025-12-02T11:06:39","slug":"nos-diplomes","status":"publish","type":"page","link":"https:\/\/www.dfh-ufa.org\/fr\/vous-etes\/entreprises\/nos-diplomes","title":{"rendered":"Nos dipl\u00f4m\u00e9\u00b7es"},"content":{"rendered":"\r\n<figure class=\"wp-block-image\"><img decoding=\"async\" src=\"https:\/\/www.dfh-ufa.org\/fileadmin\/_processed_\/csm_logo_absolventen_09_c0afb065d5.jpg\" alt=\"\" \/><\/figure>\r\n\r\n\r\n\r\n<p><span lang=\"FR\">Epaul\u00e9\u00b7es par l\u2019UFA, plus de 1 300 \u00e9tudiant\u00b7es obtiennent chaque ann\u00e9e leur double dipl\u00f4me de fin d\u2019\u00e9tudes.<\/span><span lang=\"FR\">\u00a0<\/span> <span lang=\"FR\">Au-del\u00e0 du savoir-faire sp\u00e9cifique acquis au cours de leur formation, chacun\u00b7e des \u00e9tudiant\u00b7es de l\u2019UFA d\u00e9veloppe une s\u00e9rie de comp\u00e9tences qui constitue le socle commun de profils internationaux tr\u00e8s concurrentiels. Ces comp\u00e9tences sont les suivantes :<\/span> <span lang=\"FR\">\u00a0<\/span><\/p>\r\n<ul>\r\n<li><span lang=\"FR\">\u00a0 <\/span><span lang=\"FR\">expertise disciplinaire<\/span><\/li>\r\n<li><span lang=\"FR\">\u00a0 <\/span><span lang=\"FR\">exp\u00e9rience de s\u00e9jours \u00e0 l\u2019\u00e9tranger<\/span><\/li>\r\n<li><span lang=\"FR\">\u00a0 comp\u00e9tence linguistique &#8211; g\u00e9n\u00e9rale et sp\u00e9cialis\u00e9e<\/span><\/li>\r\n<li><span lang=\"FR\">\u00a0 <\/span><span lang=\"FR\">comp\u00e9tence interculturelle<\/span><\/li>\r\n<li><span lang=\"FR\">\u00a0 <\/span><span lang=\"FR\">flexibilit\u00e9 et mobilit\u00e9<\/span><\/li>\r\n<li><span lang=\"FR\">\u00a0 <\/span><span lang=\"FR\">engagement et pers\u00e9v\u00e9rance<\/span><\/li>\r\n<li><span lang=\"FR\">\u00a0 premi\u00e8res <\/span><span lang=\"FR\">exp\u00e9riences professionnelles<\/span><\/li>\r\n<li><span lang=\"FR\">\u00a0 <\/span><span lang=\"FR\">esprit d\u2019\u00e9quipe <\/span><\/li>\r\n<\/ul>\r\n<p>&nbsp;<\/p>\r\n<p><span lang=\"FR\">En effet, les \u00e9tudiant\u00b7es de l\u2019UFA ont surmont\u00e9 de nombreux d\u00e9fis au cours de leur formation :<\/span> \u00a0<\/p>\r\n<ul type=\"disc\">\r\n<li><span lang=\"FR\">vivre et \u00e9tudier dans deux, voire trois pays tout au long du cursus <\/span><\/li>\r\n<li><span lang=\"FR\">acqu\u00e9rir des connaissances disciplinaires au sein de syst\u00e8mes universitaires diff\u00e9rents<\/span><\/li>\r\n<li><span lang=\"FR\">s\u2019adapter \u00e0 diff\u00e9rents types d\u2019\u00e9tablissements et \u00e0 diff\u00e9rentes m\u00e9thodes d\u2019enseignement<\/span><\/li>\r\n<li><span lang=\"FR\">effectuer des \u00e9tudes au sein d\u2019un groupe d\u2019\u00e9tudiants fran\u00e7ais et allemands, \u00e9galement ouverts \u00e0 d\u2019autres \u00e9tudiants internationaux, et c\u00f4toyer quotidiennement et effectivement des cultures \u00e9trang\u00e8res<\/span><\/li>\r\n<li><span lang=\"FR\">effectuer des stages obligatoires et acqu\u00e9rir ainsi des comp\u00e9tences professionnelles \u00e0 l\u2019international<\/span><\/li>\r\n<li><span lang=\"FR\">assumer une charge de travail importante pour l\u2019obtention du double dipl\u00f4me de fin d\u2019\u00e9tudes<\/span><\/li>\r\n<\/ul>\r\n\r\n\r\n","protected":false},"excerpt":{"rendered":"<p>Epaul\u00e9\u00b7es par l\u2019UFA, plus de 1 300 \u00e9tudiant\u00b7es obtiennent chaque ann\u00e9e leur double dipl\u00f4me de fin d\u2019\u00e9tudes.\u00a0 Au-del\u00e0 du savoir-faire sp\u00e9cifique acquis au cours de leur formation, chacun\u00b7e des \u00e9tudiant\u00b7es de l\u2019UFA d\u00e9veloppe une s\u00e9rie de comp\u00e9tences qui constitue le socle commun de profils internationaux tr\u00e8s concurrentiels. Ces comp\u00e9tences sont les suivantes : \u00a0 \u00a0 [&hellip;]<\/p>\n","protected":false},"author":1,"featured_media":0,"parent":861,"menu_order":1365,"comment_status":"closed","ping_status":"closed","template":"","meta":{"_bbp_topic_count":0,"_bbp_reply_count":0,"_bbp_total_topic_count":0,"_bbp_total_reply_count":0,"_bbp_voice_count":0,"_bbp_anonymous_reply_count":0,"_bbp_topic_count_hidden":0,"_bbp_reply_count_hidden":0,"_bbp_forum_subforum_count":0,"inline_featured_image":false},"acf":[],"_links":{"self":[{"href":"https:\/\/www.dfh-ufa.org\/fr\/wp-json\/wp\/v2\/pages\/862"}],"collection":[{"href":"https:\/\/www.dfh-ufa.org\/fr\/wp-json\/wp\/v2\/pages"}],"about":[{"href":"https:\/\/www.dfh-ufa.org\/fr\/wp-json\/wp\/v2\/types\/page"}],"author":[{"embeddable":true,"href":"https:\/\/www.dfh-ufa.org\/fr\/wp-json\/wp\/v2\/users\/1"}],"replies":[{"embeddable":true,"href":"https:\/\/www.dfh-ufa.org\/fr\/wp-json\/wp\/v2\/comments?post=862"}],"version-history":[{"count":22,"href":"https:\/\/www.dfh-ufa.org\/fr\/wp-json\/wp\/v2\/pages\/862\/revisions"}],"predecessor-version":[{"id":1962073,"href":"https:\/\/www.dfh-ufa.org\/fr\/wp-json\/wp\/v2\/pages\/862\/revisions\/1962073"}],"up":[{"embeddable":true,"href":"https:\/\/www.dfh-ufa.org\/fr\/wp-json\/wp\/v2\/pages\/861"}],"wp:attachment":[{"href":"https:\/\/www.dfh-ufa.org\/fr\/wp-json\/wp\/v2\/media?parent=862"}],"curies":[{"name":"wp","href":"https:\/\/api.w.org\/{rel}","templated":true}]}}