{"id":863,"date":"2018-04-24T09:03:17","date_gmt":"2018-04-24T07:03:17","guid":{"rendered":"https:\/\/www.dfh-ufa.org\/fr\/partenariats"},"modified":"2026-04-21T15:57:31","modified_gmt":"2026-04-21T13:57:31","slug":"partenariats","status":"publish","type":"page","link":"https:\/\/www.dfh-ufa.org\/fr\/vous-etes\/entreprises\/partenariats","title":{"rendered":"Partenariats"},"content":{"rendered":"<div id=\"pl-863\"  class=\"panel-layout\" ><div id=\"pg-863-0\"  class=\"panel-grid panel-no-style\" ><div id=\"pgc-863-0-0\"  class=\"panel-grid-cell\" ><div id=\"panel-863-0-0-0\" class=\"so-panel widget widget_sow-editor panel-first-child\" data-index=\"0\" ><div class=\"so-widget-sow-editor so-widget-sow-editor-base\">\n<div class=\"siteorigin-widget-tinymce textwidget\">\n\t<p><span lang=\"FR\"><img decoding=\"async\" loading=\"lazy\" class=\"alignleft wp-image-5942\" src=\"https:\/\/www.dfh-ufa.org\/app\/uploads\/2018\/06\/csm_logo_wirtschaftskontakte_51bd116bf6.jpg\" alt=\"\" width=\"126\" height=\"126\" srcset=\"https:\/\/www.dfh-ufa.org\/app\/uploads\/2018\/06\/csm_logo_wirtschaftskontakte_51bd116bf6.jpg 190w, https:\/\/www.dfh-ufa.org\/app\/uploads\/2018\/06\/csm_logo_wirtschaftskontakte_51bd116bf6-150x150.jpg 150w\" sizes=\"(max-width: 126px) 100vw, 126px\" \/>Les partenariats avec les acteurs \u00e9conomiques jouent un r\u00f4le essentiel pour l\u2019UFA, que ce soit sous forme de coop\u00e9rations ou de participation d\u2019\u00e9tudiant\u00b7es de l\u2019UFA \u00e0 des manifestations.<\/span><\/p>\n<p><span lang=\"FR\">Ces partenariats sont b\u00e9n\u00e9fiques aux deux parties :<\/span><\/p>\n<ul>\n<li>Les entreprises ont la possibilit\u00e9 de se faire connaitre aupr\u00e8s des \u00e9tudiant\u00b7es inscrit\u00b7es dans des cursus binationaux, et peuvent ainsi recruter des stagiaires ou de futur\u00b7es collaborateur\u00b7trices.<\/li>\n<\/ul>\n<ul>\n<li><span lang=\"FR\">Les \u00e9tudiant\u00b7es et dipl\u00f4m\u00e9\u00b7es de l\u2019UFA b\u00e9n\u00e9ficient d\u2019un soutien dans le cadre de ces projets\u00a0 et sont r\u00e9compens\u00e9\u00b7es pour leurs performances.<\/span><\/li>\n<\/ul>\n<\/div>\n<\/div><\/div><div id=\"panel-863-0-0-1\" class=\"so-panel widget widget_sow-editor panel-last-child\" data-index=\"1\" ><div class=\"so-widget-sow-editor so-widget-sow-editor-base\">\n<div class=\"siteorigin-widget-tinymce textwidget\">\n\t<p><!-- wp:paragraph --><\/p>\n<p><!-- wp:heading --><\/p>\n<h3><\/h3>\n<h3>Coop\u00e9rations<\/h3>\n<p><!-- \/wp:heading --><\/p>\n<p><!-- wp:paragraph --><\/p>\n<p><span lang=\"FR\">L\u2019UFA propose plusieurs possibilit\u00e9s de coop\u00e9ration :<\/span><\/p>\n<ul>\n<li><a href=\"https:\/\/www.dfh-ufa.org\/fr\/vous-etes\/entreprises\/prix-dexcellence\">Le Prix d\u2019Excellence<\/a><\/li>\n<li><a href=\"https:\/\/www.dfh-ufa.org\/fr\/vous-etes\/entreprises\/prix-de-la-meilleure-these\">Le Prix de la Meilleure Th\u00e8se<\/a><\/li>\n<li><a href=\"https:\/\/www.dfh-ufa.org\/fr\/vous-etes\/entreprises\/partenariats\/programmes-de-bourses\/bourses-dentreprises\">Programmes de bourses<\/a><\/li>\n<\/ul>\n<p><!-- \/wp:paragraph --><\/p>\n<p><!-- wp:list --><\/p>\n<p><!-- \/wp:list --><\/p>\n<p><!-- wp:heading --><\/p>\n<h3><\/h3>\n<h3>Transmission gratuite d'offres de stage et d'emploi<\/h3>\n<p><!-- \/wp:heading --><\/p>\n<p><!-- wp:paragraph --><\/p>\n<div>Nous diffusons gratuitement <strong>vos offres de stage et d\u2019emploi<\/strong> au sein du r\u00e9seau de l\u2019UFA.<\/div>\n<div>Contact : <span id=\"OBJ_PREFIX_DWT2687_ZmEmailObjectHandler\" class=\"Object\" role=\"link\"><span id=\"OBJ_PREFIX_DWT2706_ZmEmailObjectHandler\" class=\"Object\" role=\"link\"><a href=\"mailto:offresemploi-stellenangebote@dfh-ufa.org\" target=\"_blank\" rel=\"nofollow%20noopener%20noreferrer nofollow noopener noreferrer\">offresemploi-stellenangebote[at]dfh-ufa.org<\/a><\/span><\/span><\/div>\n<div><\/div>\n<p>&nbsp;<\/p>\n<p><!-- \/wp:paragraph --><\/p>\n<p><!-- wp:heading --><\/p>\n<p>&nbsp;<\/p>\n<p><!-- \/wp:heading --><\/p>\n<p><!-- \/wp:paragraph --><\/p>\n<p><!-- wp:image {\"align\":\"right\"} --><\/p>\n<p><!-- wp:image {\"align\":\"right\"} --><\/p>\n<p><!-- \/wp:image --><\/p>\n<p><!-- wp:paragraph --><\/p>\n<p><!-- wp:heading --><\/p>\n<p>&nbsp;<\/p>\n<p><!-- \/wp:heading --><\/p>\n<p><!-- \/wp:paragraph --><\/p>\n<p><!-- \/wp:image --><\/p>\n<\/div>\n<\/div><\/div><\/div><div id=\"pgc-863-0-1\"  class=\"panel-grid-cell\" ><div id=\"panel-863-0-1-0\" class=\"so-panel widget widget_sow-editor panel-first-child panel-last-child\" data-index=\"2\" ><div class=\"so-widget-sow-editor so-widget-sow-editor-base\">\n<div class=\"siteorigin-widget-tinymce textwidget\">\n\t<h4>Pour plus d\u2019infos<\/h4>\n<p><strong>Anika Kost<\/strong><br \/>\nResponsable du d\u00e9partement \u00ab Relations publiques et partenariales \u00bb<br \/>\nTel. : +49 (0) 681 93812-146<br \/>\nE-Mail:\u00a0 <a href=\"mailto:kost@dfh-ufa.org\">kost(at)dfh-ufa.org<\/a><\/p>\n<p><strong>Annika Matulla<\/strong><br \/>\nCharg\u00e9e de dossiers \u00ab Dipl\u00f4m\u00e9\u00b7es, relations entreprises et manifestations \u00bb<a href=\"mailto:leeder@dfh.ufa.org\"><br \/>\n<\/a>Tel. : +49 (0) 681 93812-140<a href=\"mailto:leeder@dfh.ufa.org\"><br \/>\n<\/a>E-Mail:\u00a0 <a href=\"mailto:matulla@dfh-ufa.org\">matulla(at)dfh-ufa.org<\/a><\/p>\n<p>&nbsp;<\/p>\n<\/div>\n<\/div><\/div><\/div><\/div><\/div>","protected":false},"excerpt":{"rendered":"<p>Les partenariats avec les acteurs \u00e9conomiques jouent un r\u00f4le essentiel pour l\u2019UFA, que ce soit sous forme de coop\u00e9rations ou de participation d\u2019\u00e9tudiant\u00b7es de l\u2019UFA \u00e0 des manifestations. Ces partenariats sont b\u00e9n\u00e9fiques aux deux parties : Les entreprises ont la possibilit\u00e9 de se faire connaitre aupr\u00e8s des \u00e9tudiant\u00b7es inscrit\u00b7es dans des cursus binationaux, et peuvent [&hellip;]<\/p>\n","protected":false},"author":1,"featured_media":0,"parent":861,"menu_order":1375,"comment_status":"closed","ping_status":"closed","template":"","meta":{"_bbp_topic_count":0,"_bbp_reply_count":0,"_bbp_total_topic_count":0,"_bbp_total_reply_count":0,"_bbp_voice_count":0,"_bbp_anonymous_reply_count":0,"_bbp_topic_count_hidden":0,"_bbp_reply_count_hidden":0,"_bbp_forum_subforum_count":0,"inline_featured_image":false},"acf":[],"_links":{"self":[{"href":"https:\/\/www.dfh-ufa.org\/fr\/wp-json\/wp\/v2\/pages\/863"}],"collection":[{"href":"https:\/\/www.dfh-ufa.org\/fr\/wp-json\/wp\/v2\/pages"}],"about":[{"href":"https:\/\/www.dfh-ufa.org\/fr\/wp-json\/wp\/v2\/types\/page"}],"author":[{"embeddable":true,"href":"https:\/\/www.dfh-ufa.org\/fr\/wp-json\/wp\/v2\/users\/1"}],"replies":[{"embeddable":true,"href":"https:\/\/www.dfh-ufa.org\/fr\/wp-json\/wp\/v2\/comments?post=863"}],"version-history":[{"count":95,"href":"https:\/\/www.dfh-ufa.org\/fr\/wp-json\/wp\/v2\/pages\/863\/revisions"}],"predecessor-version":[{"id":1963974,"href":"https:\/\/www.dfh-ufa.org\/fr\/wp-json\/wp\/v2\/pages\/863\/revisions\/1963974"}],"up":[{"embeddable":true,"href":"https:\/\/www.dfh-ufa.org\/fr\/wp-json\/wp\/v2\/pages\/861"}],"wp:attachment":[{"href":"https:\/\/www.dfh-ufa.org\/fr\/wp-json\/wp\/v2\/media?parent=863"}],"curies":[{"name":"wp","href":"https:\/\/api.w.org\/{rel}","templated":true}]}}