{"id":864,"date":"2018-04-24T09:03:17","date_gmt":"2018-04-24T07:03:17","guid":{"rendered":"https:\/\/www.dfh-ufa.org\/fr\/manifestations"},"modified":"2026-02-27T10:54:05","modified_gmt":"2026-02-27T09:54:05","slug":"manifestations","status":"publish","type":"page","link":"https:\/\/www.dfh-ufa.org\/fr\/vous-etes\/entreprises\/manifestations","title":{"rendered":"Manifestations"},"content":{"rendered":"\r\n<h2 class=\"csc-firstHeader wp-block-heading\">Dialogue avec le monde \u00e9conomique<\/h2>\r\n<p>Dans le cadre de la s\u00e9rie \u00ab Dialogue avec le monde \u00e9conomique \u00bb, l&rsquo;UFA organise tous les deux ans depuis 2009 en coop\u00e9ration avec les CCEF section Allemagne une manifestation pour renforcer la mise en r\u00e9seau et les \u00e9changes entre \u00e9tudiant*es, enseignement sup\u00e9rieur et monde \u00e9conomique.<\/p>\r\n<p><a class=\"button primary\" href=\"https:\/\/www.dfh-ufa.org\/fr\/vous-etes\/entreprises\/manifestations\/dialogue-avec-le-monde-economique-2019\/\">\u00bb Francfort 2019<\/a><\/p>\r\n\r\n\r\n\r\n<p><a class=\"button primary\" href=\"https:\/\/www.dfh-ufa.org\/fr\/vous-etes\/entreprises\/manifestations\/dialogue-avec-le-monde-economique-le-13-novembre-2017-a-partir-de-18-heures-dans-les-locaux-de-lindustrie-club-dusseldorf\/\">\u00bb D\u00fcsseldorf 2017<\/a><\/p>\r\n<p><a class=\"button primary\" href=\"https:\/\/www.dfh-ufa.org\/fr\/dialogue-avec-le-monde-economique-le-15-octobre-2015-a-partir-de-17-heures-a-mannheim\/\">\u00bb Mannheim 2015<\/a><\/p>\r\n<hr \/>\r\n<h2>\u00ab\u00a0L\u2019UFA \u00e0 la rencontre des entreprises\u00a0\u00bb<\/h2>\r\n<p>L\u2019Universit\u00e9 franco-allemande (UFA), le Club \u00c9conomique Franco-Allemand (CEFA) et la Chambre Franco-Allemande de Commerce et d\u2019Industrie (CFACI) ont organis\u00e9 le 1er avril 2014 et le 11 octobre 2018 un \u00e9v\u00e9nement commun dont l\u2019objectif \u00e9tait de renforcer les \u00e9changes entre enseignement sup\u00e9rieur, \u00e9tudiant*es et monde \u00e9conomique.<\/p>\r\n<p><a class=\"button primary\" href=\"https:\/\/www.dfh-ufa.org\/fr\/vous-etes\/entreprises\/manifestations\/9528-2\/\">\u00bb En savoir plus sur la manifestation de 2018<\/a><\/p>\r\n<p><a class=\"button primary\" href=\"https:\/\/www.youtube.com\/watch?v=volQw-Um-jw&amp;list=UUKbXbb46PhNWTe3bH82LzBA\">\u00bb Voir la vid\u00e9o de 2014<\/a><\/p>\r\n\r\n\r\n<hr class=\"wp-block-separator wp-block-separator--large\" \/>\r\n\r\n\r\n<h2 class=\"wp-block-heading\">Business Dinner<\/h2>\r\n\r\n\r\n\r\n<p><span lang=\"FR\">Dans le cadre des \u00ab business dinner \u00bb, les \u00e9tudiant*es et jeunes dipl\u00f4m\u00e9*es de l&rsquo;UFA ont l\u2019occasion d&rsquo;\u00e9changer avec des repr\u00e9sentant*es d&rsquo;entreprises sur leurs exp\u00e9riences dans un environnement professionnel international.<\/span><\/p>\r\n\r\n\r\n\r\n<p><a class=\"button primary\" href=\"https:\/\/www.dfh-ufa.org\/fr\/vous-etes\/diplome\/entrainement-interculturel-a-la-candidature\/cooperations\">\u00bb En savoir plus<\/a><\/p>\r\n\r\n\r\n<hr class=\"wp-block-separator wp-block-separator--large\" \/>\r\n\r\n\r\n<h2 class=\"wp-block-heading\">Business Speed Dating de l&rsquo;UFA<\/h2>\r\n\r\n\r\n\r\n<p>Le 26 janvier 2017, des recruteurs de dix grands groupes \u00e9taient au rendez-vous \u00e0 l\u2019Ambassade de France \u00e0 Berlin pour rencontrer des \u00e9tudiant*es et dipl\u00f4m\u00e9*es de l\u2019UFA.<\/p>\r\n\r\n\r\n\r\n<p><a class=\"button primary\" href=\"https:\/\/www.dfh-ufa.org\/fr\/vous-etes\/entreprises\/manifestations\/business-speed-dating-pour-les-etudiants-et-diplomes-de-lufa\/\">\u00bb En savoir plus<\/a><\/p>\r\n\r\n\r\n<hr class=\"wp-block-separator wp-block-separator--large\" \/>\r\n\r\n\r\n<div class=\"csc-textpicHeader csc-textpicHeader-2\">\r\n<div class=\"csc-header csc-header-n4\">\r\n<h2 class=\"wp-block-heading\">\u00ab L&rsquo;UFA : un acteur de l&rsquo;enseignement sup\u00e9rieur \u2013 un passeport pour l&#8217;emploi \u00bb le 1er juin 2016 \u00e0 Nice<\/h2>\r\n<\/div>\r\n<\/div>\r\n<div class=\"csc-textpic-text\">\u00a0 A l\u2019occasion de son assembl\u00e9e g\u00e9n\u00e9rale \u00e0 Nice, l&rsquo;UFA a organis\u00e9 une table ronde \u00e0 l\u2019attention des repr\u00e9sentant*es \u00e9conomiques, politiques, scolaires et universitaires de la r\u00e9gion PACA afin de pr\u00e9senter ses activit\u00e9s et de favoriser la mise en r\u00e9seau des diff\u00e9rents acteurs pr\u00e9sents. <\/div>\r\n\r\n<p><a class=\"button primary\" href=\"https:\/\/www.dfh-ufa.org\/fr\/vous-etes\/entreprises\/manifestations\/luniversite-franco-allemande-un-acteur-de-lenseignement-superieur-un-passeport-pour-lemploi\/\">\u00bb En savoir plus<\/a><\/p>\r\n<hr \/>\r\n<div class=\"csc-textpicHeader csc-textpicHeader-2\">\r\n<div class=\"csc-header csc-header-n6\">\r\n<h2>Rencontre d&rsquo;\u00e9changes de l\u2019UFA en 2013<\/h2>\r\n<\/div>\r\n<\/div>\r\n<div class=\"csc-textpic-text\">\u00a0 Le 19 avril 2013, l\u2019UFA a organis\u00e9 \u00e0 l\u2019Ambassade d\u2019Allemagne en France \u00e0 Paris une rencontre d\u2019\u00e9changes dans le cadre de la \u00ab\u00a0Semaine franco-allemande de la science et des alumnis\u00a0\u00bb, projet qui a b\u00e9n\u00e9fici\u00e9 du label du cinquantenaire du Trait\u00e9 de l\u2019Elys\u00e9e.<\/div>\r\n\r\n\r\n\r\n<p><a class=\"button primary\" href=\"https:\/\/www.dfh-ufa.org\/fr\/vous-etes\/entreprises\/manifestations\/recherche-innovation-carrieres-internationales-rencontre-dechanges-de-luniversite-franco-allemande-ufa\/\">\u00bb En savoir plus<\/a><\/p>\r\n\r\n\r\n<hr class=\"wp-block-separator wp-block-separator--large\" \/>\r\n\r\n\r\n<div class=\"csc-textpicHeader csc-textpicHeader-2\">\r\n<div class=\"csc-header csc-header-n7\">\r\n<h2 class=\"wp-block-heading\">Forum Franco-Allemand<\/h2>\r\n<\/div>\r\n<\/div>\r\n<div class=\"csc-textpic-text\">\u00a0 Salon des formations franco-allemandes qui a pour objectif de faire dialoguer lyc\u00e9en*nes et \u00e9tudiant*es du 1er cycle avec des sp\u00e9cialistes des formations bilingues et internationales. Des entreprises y sont \u00e9galement repr\u00e9sent\u00e9es, afin que les jeunes \u00e9tudiant*es et dipl\u00f4m\u00e9*es \u00e0 la recherche d\u2019un stage ou d\u2019un emploi puissent aller \u00e0 leur rencontre.<\/div>\r\n\r\n\r\n\r\n<p><a class=\"button primary\" href=\"http:\/\/www.ffa-dff.org\/fr\/accueil\/\">\u00bb En savoir plus<\/a><\/p>\r\n","protected":false},"excerpt":{"rendered":"<p>Dialogue avec le monde \u00e9conomique Dans le cadre de la s\u00e9rie \u00ab Dialogue avec le monde \u00e9conomique \u00bb, l&rsquo;UFA organise tous les deux ans depuis 2009 en coop\u00e9ration avec les CCEF section Allemagne une manifestation pour renforcer la mise en r\u00e9seau et les \u00e9changes entre \u00e9tudiant*es, enseignement sup\u00e9rieur et monde \u00e9conomique. \u00bb Francfort 2019 \u00bb [&hellip;]<\/p>\n","protected":false},"author":1,"featured_media":0,"parent":861,"menu_order":1387,"comment_status":"closed","ping_status":"closed","template":"","meta":{"_bbp_topic_count":0,"_bbp_reply_count":0,"_bbp_total_topic_count":0,"_bbp_total_reply_count":0,"_bbp_voice_count":0,"_bbp_anonymous_reply_count":0,"_bbp_topic_count_hidden":0,"_bbp_reply_count_hidden":0,"_bbp_forum_subforum_count":0,"inline_featured_image":false},"acf":[],"_links":{"self":[{"href":"https:\/\/www.dfh-ufa.org\/fr\/wp-json\/wp\/v2\/pages\/864"}],"collection":[{"href":"https:\/\/www.dfh-ufa.org\/fr\/wp-json\/wp\/v2\/pages"}],"about":[{"href":"https:\/\/www.dfh-ufa.org\/fr\/wp-json\/wp\/v2\/types\/page"}],"author":[{"embeddable":true,"href":"https:\/\/www.dfh-ufa.org\/fr\/wp-json\/wp\/v2\/users\/1"}],"replies":[{"embeddable":true,"href":"https:\/\/www.dfh-ufa.org\/fr\/wp-json\/wp\/v2\/comments?post=864"}],"version-history":[{"count":36,"href":"https:\/\/www.dfh-ufa.org\/fr\/wp-json\/wp\/v2\/pages\/864\/revisions"}],"predecessor-version":[{"id":1182289,"href":"https:\/\/www.dfh-ufa.org\/fr\/wp-json\/wp\/v2\/pages\/864\/revisions\/1182289"}],"up":[{"embeddable":true,"href":"https:\/\/www.dfh-ufa.org\/fr\/wp-json\/wp\/v2\/pages\/861"}],"wp:attachment":[{"href":"https:\/\/www.dfh-ufa.org\/fr\/wp-json\/wp\/v2\/media?parent=864"}],"curies":[{"name":"wp","href":"https:\/\/api.w.org\/{rel}","templated":true}]}}