{"id":865,"date":"2018-04-24T09:03:17","date_gmt":"2018-04-24T07:03:17","guid":{"rendered":"https:\/\/www.dfh-ufa.org\/fr\/temoignages"},"modified":"2021-02-03T13:26:05","modified_gmt":"2021-02-03T12:26:05","slug":"temoignages","status":"publish","type":"page","link":"https:\/\/www.dfh-ufa.org\/fr\/vous-etes\/entreprises\/temoignages","title":{"rendered":"T\u00e9moignages"},"content":{"rendered":"\r\n\r\n            <section class=\"testimonials\">\n                <blockquote class=\"testimonial\">\n\n    <div class=\"testimonial__container\">\n\n        <div class=\"testimonial__content\">\n            Ma\u00eetriser parfaitement l\u2019anglais pour entrer sur le march\u00e9 du travail europ\u00e9en\r\n\r\nne suffit plus, conna\u00eetre une langue vivante suppl\u00e9mentaire est le minimum requis, et ce, m\u00eame dans le domaine des sciences naturelles. Outre l\u2019exp\u00e9rience internationale\r\n\r\net la flexibilit\u00e9, des capacit\u00e9s de communication, l\u2019esprit d\u2019\u00e9quipe ainsi qu\u2019une ouverture vers l\u2019international sont des comp\u00e9tences tr\u00e8s demand\u00e9es. Gr\u00e2ce \u00e0 mes \u00e9tudes int\u00e9gr\u00e9es \u00e0 l\u2019UFA, j\u2019ai eu l\u2019opportunit\u00e9 d\u2019acqu\u00e9rir de l\u2019exp\u00e9rience au niveau international et par cons\u00e9quent d\u2019augmenter mes chances sur le march\u00e9 europ\u00e9en de l\u2019emploi.        <\/div><!-- .testimonial__content -->\n\n        <footer class=\"testimonial__footer\">\n            <cite class=\"testimonial__author\">\n                <b>Dr. Sandra Schinzel<\/b><br \/>\n                Dipl\u00f4m\u00e9e de l\u2019UFA,  Chef de projet \u201e Operational Excellence\u201c, F.Hoffmann \u2013 La Roche AG <br \/>\n                            <\/cite>\n        <\/footer><!-- .testimonial__Foter -->\n\n    <\/div><!-- .testimonial__container -->\n\n    \n<\/blockquote><!-- .testimonial -->\n<blockquote class=\"testimonial\">\n\n    <div class=\"testimonial__container\">\n\n        <div class=\"testimonial__content\">\n            <p>Pour faire face aux nombreux d\u00e9fis de march\u00e9s mondialis\u00e9s, les entreprises doivent pouvoir recourir \u00e0 des cadres et collaborateurs de plus en plus qualifi\u00e9s et form\u00e9s \u00e0 l\u2019international dans une mesure sans cesse plus importante. Parall\u00e8lement \u00e0 leur excellence disciplinaire et scientifique, les doubles dipl\u00f4m\u00e9s de l\u2019UFA disposent de comp\u00e9tences linguistiques et interculturelles qui les destinent particuli\u00e8rement \u00e0 des postes de responsabilit\u00e9 dans les domaines les plus vari\u00e9s et au service d\u2019entreprises fran\u00e7aises et allemandes de toutes tailles. Conscient du r\u00f4le essentiel de la relation \u00e9conomique franco-allemande, le Medef a constitu\u00e9 une instance de dialogue sp\u00e9cifique entre<br \/>\nentreprises fran\u00e7aises et allemandes. Dans ce contexte, il entretient un dialogue r\u00e9gulier avec l\u2019UFA et son r\u00e9seau et souhaite ainsi d\u00e9velopper encore davantage un \u00e9change \u00ab gagnant-gagnant \u00bb entre les dipl\u00f4m\u00e9s de l\u2019UFA et les entreprises \u00e0 la recherche de personnel hautement qualifi\u00e9, contribuant ainsi \u00e0 construire une \u00e9conomie europ\u00e9enne forte.<\/p>\n        <\/div><!-- .testimonial__content -->\n\n        <footer class=\"testimonial__footer\">\n            <cite class=\"testimonial__author\">\n                <b>Doroth\u00e9e Pineau<\/b><br \/>\n                Directrice g\u00e9n\u00e9rale adjointe du Medef en charge de l\u2019Europe et de l\u2019international<br \/>\n                Extrait du d\u00e9pliant Cursus int\u00e9gr\u00e9s franco-allemands 2016\/2017            <\/cite>\n        <\/footer><!-- .testimonial__Foter -->\n\n    <\/div><!-- .testimonial__container -->\n\n    \n<\/blockquote><!-- .testimonial -->\n<blockquote class=\"testimonial\">\n\n    <div class=\"testimonial__container\">\n\n        <div class=\"testimonial__content\">\n            <p>Les \u00e9tudiants de l\u2019UFA ont un atout fantastique \u00e0 faire valoir aupr\u00e8s des entreprises : il tient \u00e0 la valeur ajout\u00e9e de ces diff\u00e9rents cursus binationaux. Au-del\u00e0 de certains avantages relativement \u00e9vidents \u2013 tels que multiculturalisme, comp\u00e9tence linguistique, flexibilit\u00e9 et mobilit\u00e9, ouverture \u00e0 l\u2019international,&#8230; \u2013 le cursus binational est aussi la d\u00e9monstration par les \u00e9tudiants de l\u2019UFA de leur capacit\u00e9 \u00e0 appr\u00e9hender et \u00e0 travailler de mani\u00e8re imm\u00e9diate dans deux environnements proches mais n\u00e9anmoins tr\u00e8s diff\u00e9rents, que ce soit en termes de formation, de rapports au travail, de relations sociales, ou de cadre politique relatif \u00e0 la comp\u00e9titivit\u00e9, \u00e0 la croissance, \u00e0 l\u2019emploi et \u00e0 la place de l\u2019industrie dans le paysage de la soci\u00e9t\u00e9.<\/p>\n        <\/div><!-- .testimonial__content -->\n\n        <footer class=\"testimonial__footer\">\n            <cite class=\"testimonial__author\">\n                <b>Olivier Homolle<\/b><br \/>\n                Pr\u00e9sident de BASF France<br \/>\n                Extrait du d\u00e9pliant Cursus int\u00e9gr\u00e9s franco-allemands 2014\/2015            <\/cite>\n        <\/footer><!-- .testimonial__Foter -->\n\n    <\/div><!-- .testimonial__container -->\n\n    \n<\/blockquote><!-- .testimonial -->\n<blockquote class=\"testimonial\">\n\n    <div class=\"testimonial__container\">\n\n        <div class=\"testimonial__content\">\n            <p>Parrain de l\u2019AA.UFA depuis sa cr\u00e9ation, je suis heureux de constater que l\u2019UFA d\u00e9veloppe son action avec dynamisme et que les entreprises ne cessent de s\u2019int\u00e9resser aux \u00e9tudiants dont elle a marqu\u00e9 le parcours. Nous avons collectivement deux devoirs majeurs : convaincre le monde des affaires de ses responsabilit\u00e9s au sein de la soci\u00e9t\u00e9, imposer l\u2019id\u00e9e que plus la formation de nos \u00e9tudiants franco-allemands est duale aussi bien qu\u2019ouverte sur le monde, plus l\u2019Europe devient une r\u00e9alit\u00e9 quotidienne porteuse de progr\u00e8s pour ses citoyens. L\u2019UFA, au carrefour de l\u2019enseignement et de l\u2019entreprise, m\u00e9rite tous nos encouragements et nos v\u0153ux de succ\u00e8s.<\/p>\n        <\/div><!-- .testimonial__content -->\n\n        <footer class=\"testimonial__footer\">\n            <cite class=\"testimonial__author\">\n                <b>Francis Mer<\/b><br \/>\n                Ancien Ministre de l\u2019Economie et des Finances,  Pr\u00e9sident du Club Economique Franco-Allemand de Paris <br \/>\n                Extrait de la brochure \u00e9conomique 2009             <\/cite>\n        <\/footer><!-- .testimonial__Foter -->\n\n    <\/div><!-- .testimonial__container -->\n\n    \n<\/blockquote><!-- .testimonial -->\n<blockquote class=\"testimonial\">\n\n    <div class=\"testimonial__container\">\n\n        <div class=\"testimonial__content\">\n            <p>Pour des entreprises de renomm\u00e9e internationale comme Siemens, les dipl\u00f4m\u00e9s \u00e0 formation internationale sont d\u2019une importance croissante. Le profil \u2018multiculturel\u2019 des \u00e9tudiants de l\u2019UFA correspond \u00e0 ces exigences. Ils b\u00e9n\u00e9ficient d\u2019un bagage essentiel, qui leur ouvre les portes du march\u00e9 du travail international, en termes de capacit\u00e9s professionnelles mais \u00e9galement de \u2018soft-skills\u2019.<\/p>\n        <\/div><!-- .testimonial__content -->\n\n        <footer class=\"testimonial__footer\">\n            <cite class=\"testimonial__author\">\n                <b>Romain Bay\u00e8re<\/b><br \/>\n                Siemens Energy Berlin<br \/>\n                Extrait de la brochure \u00e9conomique 2009            <\/cite>\n        <\/footer><!-- .testimonial__Foter -->\n\n    <\/div><!-- .testimonial__container -->\n\n    \n<\/blockquote><!-- .testimonial -->\n<blockquote class=\"testimonial\">\n\n    <div class=\"testimonial__container\">\n\n        <div class=\"testimonial__content\">\n            <p>Le r\u00e9seau exceptionnel de l\u2019Universit\u00e9 franco-allemande r\u00e9pond aux attentes concr\u00e8tes du secteur priv\u00e9 en France et en Allemagne en termes de ressources humaines qualifi\u00e9es \u2013 que ce soit au niveau disciplinaire, linguistique ou interculturel. L\u2019Universit\u00e9 franco-allemande est par ailleurs un pilier pour le d\u00e9veloppement de la mobilit\u00e9 et de la flexibilit\u00e9 \u00e0 un niveau europ\u00e9en sur les march\u00e9s de la formation, des \u00e9tudes sup\u00e9rieures et du travail.<\/p>\n        <\/div><!-- .testimonial__content -->\n\n        <footer class=\"testimonial__footer\">\n            <cite class=\"testimonial__author\">\n                <b>J\u00f6rn Bousselmi<\/b><br \/>\n                Directeur G\u00e9n\u00e9ral de la Chambre Franco-Allemande de Commerce et d\u2019Industrie, Paris<br \/>\n                Extrait de la brochure \u00e9conomique 2009            <\/cite>\n        <\/footer><!-- .testimonial__Foter -->\n\n    <\/div><!-- .testimonial__container -->\n\n    \n<\/blockquote><!-- .testimonial -->\n<blockquote class=\"testimonial\">\n\n    <div class=\"testimonial__container\">\n\n        <div class=\"testimonial__content\">\n            <p>Les doubles voire triples dipl\u00f4mes ne repr\u00e9sentent ni une fin en soi ni une garantie d\u2019insertion professionnelle r\u00e9ussie. Toutefois, l\u2019obtention d\u2019un tel dipl\u00f4me permet \u00e0 un candidat potentiel de se d\u00e9marquer pour int\u00e9grer une filiale d\u2019une multinationale comme la n\u00f4tre, dont les cadres dirigeants proviennent de divers horizons internationaux. L\u2019exp\u00e9rience \u00e0 l\u2019\u00e9tranger n\u2019est pas d\u00e9cisive, mais elle d\u00e9montre n\u00e9anmoins les capacit\u00e9s n\u00e9cessaires du candidat de mener \u00e0 terme une t\u00e2che dans un contexte culturel autre que le sien et cela de mani\u00e8re cibl\u00e9e et fructueuse de sorte qu\u2019elle s\u2019inscrit dans les ambitions professionnelles du candidat. L\u2019obtention d\u2019un double voire triple dipl\u00f4me augmente, certes, les chances d\u2019embauche, mais ensuite c\u2019est au candidat de faire ses preuves.<\/p>\n        <\/div><!-- .testimonial__content -->\n\n        <footer class=\"testimonial__footer\">\n            <cite class=\"testimonial__author\">\n                <b>Dirk Schneemann<\/b><br \/>\n                Directeur des ressources humaines et achats  TOTAL Allemagne <br \/>\n                Extrait du d\u00e9pliant Cursus int\u00e9gr\u00e9s franco-allemands 2011\/2012            <\/cite>\n        <\/footer><!-- .testimonial__Foter -->\n\n    <\/div><!-- .testimonial__container -->\n\n    \n<\/blockquote><!-- .testimonial -->\n            <\/section><!-- .testimonials -->\n            \r\n\r\n&nbsp;\r\n\r\n","protected":false},"excerpt":{"rendered":"<p>&nbsp;<\/p>\n","protected":false},"author":1,"featured_media":0,"parent":861,"menu_order":1399,"comment_status":"closed","ping_status":"closed","template":"","meta":{"_bbp_topic_count":0,"_bbp_reply_count":0,"_bbp_total_topic_count":0,"_bbp_total_reply_count":0,"_bbp_voice_count":0,"_bbp_anonymous_reply_count":0,"_bbp_topic_count_hidden":0,"_bbp_reply_count_hidden":0,"_bbp_forum_subforum_count":0,"inline_featured_image":false},"acf":[],"_links":{"self":[{"href":"https:\/\/www.dfh-ufa.org\/fr\/wp-json\/wp\/v2\/pages\/865"}],"collection":[{"href":"https:\/\/www.dfh-ufa.org\/fr\/wp-json\/wp\/v2\/pages"}],"about":[{"href":"https:\/\/www.dfh-ufa.org\/fr\/wp-json\/wp\/v2\/types\/page"}],"author":[{"embeddable":true,"href":"https:\/\/www.dfh-ufa.org\/fr\/wp-json\/wp\/v2\/users\/1"}],"replies":[{"embeddable":true,"href":"https:\/\/www.dfh-ufa.org\/fr\/wp-json\/wp\/v2\/comments?post=865"}],"version-history":[{"count":6,"href":"https:\/\/www.dfh-ufa.org\/fr\/wp-json\/wp\/v2\/pages\/865\/revisions"}],"predecessor-version":[{"id":6902,"href":"https:\/\/www.dfh-ufa.org\/fr\/wp-json\/wp\/v2\/pages\/865\/revisions\/6902"}],"up":[{"embeddable":true,"href":"https:\/\/www.dfh-ufa.org\/fr\/wp-json\/wp\/v2\/pages\/861"}],"wp:attachment":[{"href":"https:\/\/www.dfh-ufa.org\/fr\/wp-json\/wp\/v2\/media?parent=865"}],"curies":[{"name":"wp","href":"https:\/\/api.w.org\/{rel}","templated":true}]}}