{"id":866,"date":"2018-04-24T09:03:17","date_gmt":"2018-04-24T07:03:17","guid":{"rendered":"https:\/\/www.dfh-ufa.org\/fr\/prix-dexcellence"},"modified":"2026-02-02T13:49:14","modified_gmt":"2026-02-02T12:49:14","slug":"prix-dexcellence","status":"publish","type":"page","link":"https:\/\/www.dfh-ufa.org\/fr\/vous-etes\/entreprises\/prix-dexcellence","title":{"rendered":"Prix d&rsquo;Excellence"},"content":{"rendered":"<div id=\"pl-866\"  class=\"panel-layout\" ><div id=\"pg-866-0\"  class=\"panel-grid panel-no-style\" ><div id=\"pgc-866-0-0\"  class=\"panel-grid-cell\" ><div id=\"panel-866-0-0-0\" class=\"so-panel widget widget_sow-editor panel-first-child\" data-index=\"0\" ><div class=\"so-widget-sow-editor so-widget-sow-editor-base\">\n<div class=\"siteorigin-widget-tinymce textwidget\">\n\t<p><img decoding=\"async\" loading=\"lazy\" class=\"alignnone wp-image-9289\" src=\"https:\/\/www.dfh-ufa.org\/app\/uploads\/2018\/07\/logo_exzellenzpreis_hochaufloesend-300x112.jpg\" alt=\"\" width=\"312\" height=\"117\" srcset=\"https:\/\/www.dfh-ufa.org\/app\/uploads\/2018\/07\/logo_exzellenzpreis_hochaufloesend-300x112.jpg 300w, https:\/\/www.dfh-ufa.org\/app\/uploads\/2018\/07\/logo_exzellenzpreis_hochaufloesend-768x288.jpg 768w, https:\/\/www.dfh-ufa.org\/app\/uploads\/2018\/07\/logo_exzellenzpreis_hochaufloesend-1024x384.jpg 1024w, https:\/\/www.dfh-ufa.org\/app\/uploads\/2018\/07\/logo_exzellenzpreis_hochaufloesend.jpg 1667w\" sizes=\"(max-width: 312px) 100vw, 312px\" \/><\/p>\n<h4>Appel \u00e0 candidatures de l'UFA pour les meilleurs dipl\u00f4m\u00e9\u00b7es de cursus int\u00e9gr\u00e9s binationaux et trinationaux soutenus par l'UFA<\/h4>\n<p><span lang=\"FR\">Les Prix d\u2019Excellence ont pour objectif de r\u00e9compenser les dipl\u00f4m\u00e9\u00b7es de cursus int\u00e9gr\u00e9s de l\u2019UFA de niveau Licence ou Master ayant d\u00e9montr\u00e9 leur excellence aux niveaux scientifique et interculturel (r\u00e9sultats particuli\u00e8rement brillants et\/ou m\u00e9rites particuliers). Ils visent \u00e9galement \u00e0 renforcer les \u00e9changes entre le monde \u00e9conomique et les jeunes dipl\u00f4m\u00e9\u00b7es.<\/span><\/p>\n<p>Dot\u00e9s de <strong>1\u00a0500 euros<\/strong> chacun, les prix sont financ\u00e9s par des acteurs \u00e9conomiques et des institutions de diff\u00e9rents secteurs.<br \/>\nPlusieurs prix seront d\u00e9cern\u00e9s pour les quatre groupes disciplinaires suivants\u00a0:<\/p>\n<p>- Sciences \u00e9conomiques<\/p>\n<p>- Sciences de l'ing\u00e9nieur, Sciences, Informatique, Architecture<\/p>\n<p>- Droit<\/p>\n<p>- Sciences humaines et sociales, Formation des enseignants<\/p>\n<hr \/>\n<h4>Vous souhaitez d\u00e9poser votre candidature ?<\/h4>\n<\/div>\n<\/div><\/div><div id=\"panel-866-0-0-1\" class=\"so-panel widget widget_accordion\" data-index=\"1\" >        <div class=\"accordion\" data-collapse=\"1\">\n\n\t\t\t\t\t\t\t\t\t\t\t\t                    <div class=\"accordion__item\" id=\"69e49eb74b779\">\n\n\t\t\t\t\t\t                            <header class=\"accordion__header\">\n                                <h2 class=\"accordion__title\">Appel \u00e0 candidatures<\/h2>\n                            <\/header>\n\t\t\t\t\t\t\n\t\t\t\t\t\t                            <div class=\"accordion__content\">\n\t\t\t\t\t\t\t\t<ul>\n<li class=\"download__list__item\">\n<p class=\"csc-firstHeader\"><a href=\"https:\/\/www.dfh-ufa.org\/app\/uploads\/2025\/05\/2026_PEX_Appel_a_candidatures.pdf\" target=\"_blank\" rel=\"noopener\"><strong>Appel \u00e0 candidatures pour les Prix d'Excellence de l'UFA 2026<\/strong><\/a><\/p>\n<\/li>\n<\/ul>\n<p>&nbsp;<\/p>\n                            <\/div>\n\t\t\t\t\t\t\n\t\t\t\t\t\t\n                    <\/div><!-- .accordion -->\n\n\t\t\t\t\n\t\t\t\t\t\t\t\t\t                    <div class=\"accordion__item\" id=\"69e49eb74b798\">\n\n\t\t\t\t\t\t                            <header class=\"accordion__header\">\n                                <h2 class=\"accordion__title\">Conditions de candidature en bref<\/h2>\n                            <\/header>\n\t\t\t\t\t\t\n\t\t\t\t\t\t                            <div class=\"accordion__content\">\n\t\t\t\t\t\t\t\t<h4>Puis-je poser ma candidature pour le Prix d\u2019Excellence ?<\/h4>\n<p>Nous vous remercions pour l\u2019int\u00e9r\u00eat que vous portez au Prix d\u2019Excellence 2026 de l\u2019UFA.<\/p>\n<p>Afin de pouvoir poser votre candidature, vous devez imp\u00e9rativement remplir les conditions suivantes\u00a0:<\/p>\n<ul>\n<li>Le cursus pour lequel vous souhaitez postuler a \u00e9t\u00e9 soutenu par l\u2019UFA pendant la dur\u00e9e de vos \u00e9tudes.<\/li>\n<li>Vous avez achev\u00e9 vos \u00e9tudes sup\u00e9rieures avec succ\u00e8s entre le 01\/10\/2024 et le 15\/10\/2025 et\/ou avez re\u00e7u votre dipl\u00f4me de fin d'\u00e9tudes \u00e0 cette p\u00e9riode. Vous avez donc effectu\u00e9 tous les examens, y compris (le cas \u00e9ch\u00e9ant) la r\u00e9daction et le d\u00e9p\u00f4t du m\u00e9moire de fin d\u2019\u00e9tudes, et rempli toutes les conditions requises pour l\u2019obtention du dipl\u00f4me de fin d\u2019\u00e9tudes sup\u00e9rieures. Remarque : Les \u00e9tudiant*es qui re\u00e7oivent un dipl\u00f4me de fin d\u2019\u00e9tudes seulement apr\u00e8s avoir atteint un niveau Master ne peuvent pas soumettre leur candidature apr\u00e8s la fin de leur Licence, donc sans avoir re\u00e7u un dipl\u00f4me de fin d\u2019\u00e9tudes de la part de leurs deux \u00e9tablissements partenaires (cela s\u2019applique par exemple \u00e0 quelques cursus en droit ; si vous avez des doutes, n\u2019h\u00e9sitez pas \u00e0 nous contacter \u00e0 l\u2019adresse <a href=\"mailto:prix-preise@dfh-ufa.org\">prix-preise(at)dfh-ufa.org<\/a> avant l\u2019envoi de votre candidature).<\/li>\n<li>Vous devez \u00eatre en mesure de pr\u00e9senter un dipl\u00f4me de fin d\u2019\u00e9tudes ou une attestation officielle \u00e9quivalente d\u00e9livr\u00e9e par votre \u00e9tablissement d\u2019enseignement sup\u00e9rieur et certifiant que vous avez obtenu votre dipl\u00f4me de fin d\u2019\u00e9tudes imp\u00e9rativement avant le 15 octobre 2025. Si jamais le processus devait durer plus longtemps, la possibilit\u00e9 de se porter candidat subsiste pour la remise des Prix d\u2019Excellence de l\u2019ann\u00e9e suivante. Aucun document suppl\u00e9mentaire ne sera accept\u00e9 apr\u00e8s la fin du d\u00e9lai de d\u00e9p\u00f4t des candidatures.<\/li>\n<li>Votre pr\u00e9sence le jour de la remise des prix \u00e0 l\u2019Ambassade est obligatoire.<\/li>\n<\/ul>\n<p>&nbsp;<\/p>\n<h4>Ne sont PAS des crit\u00e8res d\u2019exclusion :<\/h4>\n<ul>\n<li>Votre cursus ne pr\u00e9voit pas la r\u00e9daction d\u2019un m\u00e9moire de fin d\u2019\u00e9tudes (ce qui peut \u00eatre le cas dans les cursus de droit notamment. Si tel est le cas, veuillez joindre le r\u00e9sum\u00e9 d\u2019un travail \u00e9crit et approfondi r\u00e9dig\u00e9 dans le cadre d\u2019une unit\u00e9 d\u2019enseignement et mentionner cette particularit\u00e9 en r\u00e9pondant \u00e0 la question relative au m\u00e9moire de fin d\u2019\u00e9tudes).<\/li>\n<li>Le sujet de votre m\u00e9moire de fin d\u2019\u00e9tudes n\u2019a pas de rapport particulier \u00e0 l\u2019interculturalit\u00e9.<\/li>\n<li>Le m\u00e9moire n\u2019a \u00e9t\u00e9 r\u00e9dig\u00e9 ni en fran\u00e7ais ni en allemand.<\/li>\n<li>Votre cursus n\u2019est pas \u00e9vident \u00e0 classer dans l\u2019un des groupes disciplinaires propos\u00e9s, par ex. ing\u00e9nierie \u00e9conomique (le cas \u00e9ch\u00e9ant, merci de bien vouloir pr\u00eater attention aux pr\u00e9cisions sur le formulaire).<\/li>\n<li>Vous avez termin\u00e9 vos \u00e9tudes avec une bonne note, mais pas la meilleure.<\/li>\n<li>Vous n\u2019avez qu\u2019un dipl\u00f4me de licence (voir ci-dessus pour les exceptions).<\/li>\n<li>Vous n\u2019avez re\u00e7u votre dipl\u00f4me de fin d\u2019\u00e9tudes que de la part de l\u2019un de vos \u00e9tablissements d\u2019enseignement sup\u00e9rieur.<\/li>\n<li>Vous avez r\u00e9dig\u00e9 votre m\u00e9moire de fin d\u2019\u00e9tudes en coop\u00e9ration avec une entreprise.<\/li>\n<\/ul>\n<p>Comme cela est indiqu\u00e9 dans l\u2019appel \u00e0 candidatures, vos exp\u00e9riences interculturelles ainsi que votre engagement socioculturel sont \u00e9galement d\u00e9terminants pour l\u2019\u00e9valuation de votre dossier de candidature.<\/p>\n<p>&nbsp;<\/p>\n<p><strong>Vous trouverez des informations suppl\u00e9mentaires et plus d\u00e9taill\u00e9es dans nos FAQs.<\/strong><\/p>\n<p>&nbsp;<\/p>\n                            <\/div>\n\t\t\t\t\t\t\n\t\t\t\t\t\t\n                    <\/div><!-- .accordion -->\n\n\t\t\t\t\n\t\t\t\t\t\t\t\t\t                    <div class=\"accordion__item\" id=\"69e49eb74b7fa\">\n\n\t\t\t\t\t\t                            <header class=\"accordion__header\">\n                                <h2 class=\"accordion__title\">Formulaire d'inscription<\/h2>\n                            <\/header>\n\t\t\t\t\t\t\n\t\t\t\t\t\t                            <div class=\"accordion__content\">\n\t\t\t\t\t\t\t\t<p><a href=\"https:\/\/www.dfh-ufa.org\/fr\/vous-etes\/entreprises\/prix-dexcellence\/formulaire-dinscription-prix-dexcellence-2026\" target=\"_blank\" rel=\"noopener\">Formulaire d'inscription Prix d'Excellence 2026<\/a><\/p>\n                            <\/div>\n\t\t\t\t\t\t\n\t\t\t\t\t\t\n                    <\/div><!-- .accordion -->\n\n\t\t\t\t\n\t\t\t\t\t\t\t\t\t                    <div class=\"accordion__item\" id=\"69e49eb74b806\">\n\n\t\t\t\t\t\t                            <header class=\"accordion__header\">\n                                <h2 class=\"accordion__title\">Page de garde \u00e0 t\u00e9l\u00e9charger<\/h2>\n                            <\/header>\n\t\t\t\t\t\t\n\t\t\t\t\t\t                            <div class=\"accordion__content\">\n\t\t\t\t\t\t\t\t<ul>\n<li class=\"download__list__item\"><a href=\"https:\/\/www.dfh-ufa.org\/app\/uploads\/2025\/05\/Deckblatt_PEX.pdf\" target=\"_blank\" rel=\"noopener\">Page de garde Prix d'Excellence 2026<\/a><\/li>\n<\/ul>\n                            <\/div>\n\t\t\t\t\t\t\n\t\t\t\t\t\t\n                    <\/div><!-- .accordion -->\n\n\t\t\t\t\n\t\t\t\t\t\t\t\t\t                    <div class=\"accordion__item\" id=\"69e49eb74b817\">\n\n\t\t\t\t\t\t                            <header class=\"accordion__header\">\n                                <h2 class=\"accordion__title\">FAQ<\/h2>\n                            <\/header>\n\t\t\t\t\t\t\n\t\t\t\t\t\t                            <div class=\"accordion__content\">\n\t\t\t\t\t\t\t\t<h4>Vous avez encore des questions ?<\/h4>\n<ul>\n<li class=\"download__list__item\"><a href=\"https:\/\/www.dfh-ufa.org\/app\/uploads\/2025\/05\/FAQ_PEX_F_2026.pdf\" target=\"_blank\" rel=\"noopener\">FAQ Prix d'Excellence de l'UFA<\/a><\/li>\n<\/ul>\n                            <\/div>\n\t\t\t\t\t\t\n\t\t\t\t\t\t\n                    <\/div><!-- .accordion -->\n\n\t\t\t\t\n\t\t\t\t\t\t\t\n        <\/div><!-- .accordion -->\n\n\t\t<\/div><div id=\"panel-866-0-0-2\" class=\"so-panel widget widget_text panel-last-child\" data-index=\"2\" >\t\t\t<div class=\"textwidget\"><h4>Interlocutrice pour les candidat\u00b7es :<\/h4>\n<p><strong>Annika Matulla<\/strong><br \/>\nCharg\u00e9e de dossiers \u00ab Dipl\u00f4m\u00e9\u00b7es, relations entreprises et manifestations \u00bb<a href=\"mailto:leeder@dfh.ufa.org\"><br \/>\n<\/a>Tel. : +49 (0) 681 93812-140<a href=\"mailto:leeder@dfh.ufa.org\"><br \/>\n<\/a>E-Mail:\u00a0 <a href=\"mailto:matulla@dfh-ufa.org\" target=\"_blank\" rel=\"nofollow noopener noreferrer\">matulla(at)dfh-ufa.org<\/a><\/p>\n<hr class=\"wp-block-separator\" \/>\n<h3>Vous souhaitez soutenir un des prix\u00a0?<\/h3>\n<p>En contrepartie de cette initiative, l\u2019UFA vous propose :<\/p>\n<ul>\n<li>de publier votre logo sur notre site Internet<\/li>\n<li>de participer au jury franco-allemand<\/li>\n<li>d\u2019\u00eatre associ\u00e9 aux op\u00e9rations marketing et de communication, avant et pendant la remise des prix<\/li>\n<li>de remettre en main propre le prix que vous avez financ\u00e9 au laur\u00e9at ou \u00e0 la laur\u00e9ate lors de la remise des prix<\/li>\n<\/ul>\n<h4>Interlocutrice pour les partenaires :<\/h4>\n<p><strong>Anika Kost<\/strong><br \/>\nResponsable du d\u00e9partement \u00ab Relations publiques et partenariales \u00bb<br \/>\nTel. : +49 (0) 681 93812-146<br \/>\nE-Mail:\u00a0 <a href=\"mailto:kost@dfh-ufa.org\">kost(at)dfh-ufa.org<\/a><\/p>\n<p>&nbsp;<\/p>\n<\/div>\n\t\t<\/div><\/div><div id=\"pgc-866-0-1\"  class=\"panel-grid-cell\" ><div id=\"panel-866-0-1-0\" class=\"so-panel widget widget_text panel-first-child panel-last-child\" data-index=\"3\" ><h2 class=\"widget-title\">Les partenaires 2026<\/h2>\t\t\t<div class=\"textwidget\"><p><img decoding=\"async\" loading=\"lazy\" class=\"wp-image-1963050 size-full\" src=\"https:\/\/www.dfh-ufa.org\/app\/uploads\/2026\/02\/Logos-PEX-2026.jpg\" alt=\"Logos PEX 2026\" width=\"334\" height=\"960\" srcset=\"https:\/\/www.dfh-ufa.org\/app\/uploads\/2026\/02\/Logos-PEX-2026.jpg 334w, https:\/\/www.dfh-ufa.org\/app\/uploads\/2026\/02\/Logos-PEX-2026-87x250.jpg 87w\" sizes=\"(max-width: 334px) 100vw, 334px\" \/><\/p>\n<p>&nbsp;<\/p>\n<\/div>\n\t\t<\/div><\/div><\/div><\/div>","protected":false},"excerpt":{"rendered":"<p>Appel \u00e0 candidatures de l&rsquo;UFA pour les meilleurs dipl\u00f4m\u00e9\u00b7es de cursus int\u00e9gr\u00e9s binationaux et trinationaux soutenus par l&rsquo;UFA Les Prix d\u2019Excellence ont pour objectif de r\u00e9compenser les dipl\u00f4m\u00e9\u00b7es de cursus int\u00e9gr\u00e9s de l\u2019UFA de niveau Licence ou Master ayant d\u00e9montr\u00e9 leur excellence aux niveaux scientifique et interculturel (r\u00e9sultats particuli\u00e8rement brillants et\/ou m\u00e9rites particuliers). Ils visent [&hellip;]<\/p>\n","protected":false},"author":1,"featured_media":0,"parent":861,"menu_order":1407,"comment_status":"closed","ping_status":"closed","template":"","meta":{"_bbp_topic_count":0,"_bbp_reply_count":0,"_bbp_total_topic_count":0,"_bbp_total_reply_count":0,"_bbp_voice_count":0,"_bbp_anonymous_reply_count":0,"_bbp_topic_count_hidden":0,"_bbp_reply_count_hidden":0,"_bbp_forum_subforum_count":0,"inline_featured_image":false},"acf":[],"_links":{"self":[{"href":"https:\/\/www.dfh-ufa.org\/fr\/wp-json\/wp\/v2\/pages\/866"}],"collection":[{"href":"https:\/\/www.dfh-ufa.org\/fr\/wp-json\/wp\/v2\/pages"}],"about":[{"href":"https:\/\/www.dfh-ufa.org\/fr\/wp-json\/wp\/v2\/types\/page"}],"author":[{"embeddable":true,"href":"https:\/\/www.dfh-ufa.org\/fr\/wp-json\/wp\/v2\/users\/1"}],"replies":[{"embeddable":true,"href":"https:\/\/www.dfh-ufa.org\/fr\/wp-json\/wp\/v2\/comments?post=866"}],"version-history":[{"count":320,"href":"https:\/\/www.dfh-ufa.org\/fr\/wp-json\/wp\/v2\/pages\/866\/revisions"}],"predecessor-version":[{"id":1963083,"href":"https:\/\/www.dfh-ufa.org\/fr\/wp-json\/wp\/v2\/pages\/866\/revisions\/1963083"}],"up":[{"embeddable":true,"href":"https:\/\/www.dfh-ufa.org\/fr\/wp-json\/wp\/v2\/pages\/861"}],"wp:attachment":[{"href":"https:\/\/www.dfh-ufa.org\/fr\/wp-json\/wp\/v2\/media?parent=866"}],"curies":[{"name":"wp","href":"https:\/\/api.w.org\/{rel}","templated":true}]}}