{"id":867,"date":"2018-04-24T09:03:17","date_gmt":"2018-04-24T07:03:17","guid":{"rendered":"https:\/\/www.dfh-ufa.org\/fr\/prix-de-la-meilleure-these"},"modified":"2026-02-02T13:41:57","modified_gmt":"2026-02-02T12:41:57","slug":"prix-de-la-meilleure-these","status":"publish","type":"page","link":"https:\/\/www.dfh-ufa.org\/fr\/vous-etes\/entreprises\/prix-de-la-meilleure-these","title":{"rendered":"Prix de la Meilleure Th\u00e8se"},"content":{"rendered":"<div id=\"pl-867\"  class=\"panel-layout\" ><div id=\"pg-867-0\"  class=\"panel-grid panel-no-style\" ><div id=\"pgc-867-0-0\"  class=\"panel-grid-cell\" ><div id=\"panel-867-0-0-0\" class=\"so-panel widget widget_sow-editor panel-first-child\" data-index=\"0\" ><div class=\"so-widget-sow-editor so-widget-sow-editor-base\">\n<div class=\"siteorigin-widget-tinymce textwidget\">\n\t<p><!-- wp:image --><\/p>\n<figure class=\"wp-block-image\"><a href=\"https:\/\/www.dfh-ufa.org\/app\/uploads\/2018\/08\/csm_prix-these_titre_8369fdd649.jpg\"><img decoding=\"async\" loading=\"lazy\" class=\"alignnone size-full wp-image-10742\" src=\"https:\/\/www.dfh-ufa.org\/app\/uploads\/2018\/08\/csm_prix-these_titre_8369fdd649.jpg\" alt=\"\" width=\"629\" height=\"125\" srcset=\"https:\/\/www.dfh-ufa.org\/app\/uploads\/2018\/08\/csm_prix-these_titre_8369fdd649.jpg 629w, https:\/\/www.dfh-ufa.org\/app\/uploads\/2018\/08\/csm_prix-these_titre_8369fdd649-300x60.jpg 300w\" sizes=\"(max-width: 629px) 100vw, 629px\" \/><\/a><\/figure>\n<p><!-- \/wp:image --><\/p>\n<p><!-- wp:heading --><\/p>\n<div id=\"c31404\" class=\"csc-default\">\n<div class=\"csc-header csc-header-n2\">\n<h4>Appel \u00e0 candidatures de l\u2019UFA pour les meilleures th\u00e8ses franco-allemandes soutenues par l'UFA<\/h4>\n<\/div>\n<p><span lang=\"FR\">Parall\u00e8lement au soutien octroy\u00e9 aux cursus d\u2019\u00e9tudes binationaux et trinationaux, l\u2019UFA soutient des coop\u00e9rations en mati\u00e8re de recherche et de d\u00e9veloppement et favorise ainsi les \u00e9changes \u00e9troits et la coop\u00e9ration entre jeunes chercheur\u00b7euses.<\/span><\/p>\n<p><span lang=\"FR\">Dans l\u2019objectif de r\u00e9compenser les travaux de recherche d\u2019excellent niveau et de promouvoir le dialogue entre les repr\u00e9sentants \u00e9conomiques et les jeunes chercheur\u00b7euses, l\u2019UFA d\u00e9cerne chaque ann\u00e9e des Prix de la Meilleure Th\u00e8se \u00e0 de jeunes docteur\u00b7es ayant b\u00e9n\u00e9fici\u00e9 du soutien de l\u2019UFA. <\/span><\/p>\n<p><span lang=\"FR\">Peuvent \u00eatre candidat\u00b7es les docteur\u00b7es qui ont r\u00e9alis\u00e9 leur th\u00e8se dans le cadre d\u2019un des programmes soutenus par l\u2019UFA suivants :<\/span><\/p>\n<p><span lang=\"FR\">a)\u00a0\u00a0 <\/span><span lang=\"FR\">PhD-Track<\/span><\/p>\n<p><span lang=\"FR\">b)\u00a0\u00a0 <\/span><span lang=\"FR\">Cotutelle de th\u00e8se <\/span><\/p>\n<p><span lang=\"FR\">c)\u00a0\u00a0 <\/span><span lang=\"FR\">Coll\u00e8ge doctoral franco-allemand (CDFA) <\/span><\/p>\n<p>Dot\u00e9s de <strong>2 000 \u00e0 4 500 euros<\/strong>, les Prix de la Meilleure Th\u00e8se sont financ\u00e9s par des acteurs \u00e9conomiques et des institutions de diff\u00e9rents secteurs.<\/p>\n<\/div>\n<p><!-- \/wp:heading --><\/p>\n<p><!-- wp:separator --><\/p>\n<hr class=\"wp-block-separator\" \/>\n<p><!-- \/wp:separator --><\/p>\n<p><!-- wp:heading --><\/p>\n<div id=\"c40072\" class=\"csc-default\">\n<div id=\"collapsible-40072\" class=\"panel-group\">\n<div class=\"csc-header csc-header-n4\">\n<h4>Vous souhaitez d\u00e9poser votre candidature ?<\/h4>\n<\/div>\n<\/div>\n<\/div>\n<p><!-- \/wp:heading --><\/p>\n<p><!-- wp:heading --><\/p>\n<p><!-- \/wp:heading --><\/p>\n<\/div>\n<\/div><\/div><div id=\"panel-867-0-0-1\" class=\"so-panel widget widget_accordion\" data-index=\"1\" >        <div class=\"accordion\" data-collapse=\"1\">\n\n\t\t\t\t\t\t\t\t\t\t\t\t                    <div class=\"accordion__item\" id=\"69e0f7965973a\">\n\n\t\t\t\t\t\t                            <header class=\"accordion__header\">\n                                <h2 class=\"accordion__title\">Appel \u00e0 candidatures<\/h2>\n                            <\/header>\n\t\t\t\t\t\t\n\t\t\t\t\t\t                            <div class=\"accordion__content\">\n\t\t\t\t\t\t\t\t<ul>\n<li class=\"download__list__item\">\n<p class=\"csc-firstHeader\"><a href=\"https:\/\/www.dfh-ufa.org\/app\/uploads\/2025\/05\/2026_PMT_Appel_a_candidatures.pdf\" target=\"_blank\" rel=\"noopener\"><strong>Appel \u00e0 candidatures pour les Prix de la Meilleure Th\u00e8se de l'UFA 2026<\/strong><\/a><\/p>\n<\/li>\n<\/ul>\n<p>&nbsp;<\/p>\n                            <\/div>\n\t\t\t\t\t\t\n\t\t\t\t\t\t\n                    <\/div><!-- .accordion -->\n\n\t\t\t\t\n\t\t\t\t\t\t\t\t\t                    <div class=\"accordion__item\" id=\"69e0f79659758\">\n\n\t\t\t\t\t\t                            <header class=\"accordion__header\">\n                                <h2 class=\"accordion__title\">Formulaire d'inscription<\/h2>\n                            <\/header>\n\t\t\t\t\t\t\n\t\t\t\t\t\t                            <div class=\"accordion__content\">\n\t\t\t\t\t\t\t\t<p><a href=\"https:\/\/www.dfh-ufa.org\/fr\/vous-etes\/entreprises\/prix-de-la-meilleure-these\/formulaire-dinscription-prix-de-la-meilleure-these-2026\" target=\"_blank\" rel=\"noopener\">Formulaire d'inscription Prix de la Meilleure Th\u00e8se 2026<\/a><\/p>\n                            <\/div>\n\t\t\t\t\t\t\n\t\t\t\t\t\t\n                    <\/div><!-- .accordion -->\n\n\t\t\t\t\n\t\t\t\t\t\t\t\t\t                    <div class=\"accordion__item\" id=\"69e0f79659765\">\n\n\t\t\t\t\t\t                            <header class=\"accordion__header\">\n                                <h2 class=\"accordion__title\">Page de garde \u00e0 t\u00e9l\u00e9charger<\/h2>\n                            <\/header>\n\t\t\t\t\t\t\n\t\t\t\t\t\t                            <div class=\"accordion__content\">\n\t\t\t\t\t\t\t\t<p><a href=\"https:\/\/www.dfh-ufa.org\/app\/uploads\/2025\/05\/Deckblatt_PMT_Cotutelle.pdf\" target=\"_blank\" rel=\"noopener\">Page de garde Prix de la Meilleure Th\u00e8se - Cotutelle de th\u00e8se<\/a><\/p>\n<p><a href=\"https:\/\/www.dfh-ufa.org\/app\/uploads\/2025\/05\/Deckblatt_PMT_Doktorandenkolleg.pdf\" target=\"_blank\" rel=\"noopener\">Page de garde Prix de la Meilleure Th\u00e8se - Coll\u00e8ge doctoral franco-allemand (CDFA)<\/a><\/p>\n<p><a href=\"https:\/\/www.dfh-ufa.org\/app\/uploads\/2025\/10\/Deckblatt_PMT_PhD.pdf\">Page de garde Prix de la Meilleure Th\u00e8se - PhD-Track<\/a><\/p>\n                            <\/div>\n\t\t\t\t\t\t\n\t\t\t\t\t\t\n                    <\/div><!-- .accordion -->\n\n\t\t\t\t\n\t\t\t\t\t\t\t\t\t                    <div class=\"accordion__item\" id=\"69e0f79659779\">\n\n\t\t\t\t\t\t                            <header class=\"accordion__header\">\n                                <h2 class=\"accordion__title\">FAQ<\/h2>\n                            <\/header>\n\t\t\t\t\t\t\n\t\t\t\t\t\t                            <div class=\"accordion__content\">\n\t\t\t\t\t\t\t\t<div id=\"c40071\" class=\"panel-collapse collapse in\">\n<div class=\"panel-body\">\n<div id=\"c25993\" class=\"csc-default\">\n<div class=\"csc-header csc-header-n1\">\n<h4 class=\"csc-firstHeader\">Vous avez encore des questions ?<\/h4>\n<ul>\n<li class=\"download__list__item\"><a href=\"https:\/\/www.dfh-ufa.org\/app\/uploads\/2025\/05\/FAQ_PMT_F_2026.pdf\" target=\"_blank\" rel=\"noopener\">FAQ Prix de la Meilleure Th\u00e8se de l'UFA<\/a><\/li>\n<\/ul>\n<\/div>\n<\/div>\n<\/div>\n<\/div>\n                            <\/div>\n\t\t\t\t\t\t\n\t\t\t\t\t\t\n                    <\/div><!-- .accordion -->\n\n\t\t\t\t\n\t\t\t\t\t\t\t\n        <\/div><!-- .accordion -->\n\n\t\t<\/div><div id=\"panel-867-0-0-2\" class=\"so-panel widget widget_text panel-last-child\" data-index=\"2\" >\t\t\t<div class=\"textwidget\"><div id=\"c31409\" class=\"csc-default\">\n<h4>Interlocutrice pour les candidat\u00b7es :<\/h4>\n<p><strong>Annika Matulla<\/strong><br \/>\nCharg\u00e9e de dossiers \u00ab Dipl\u00f4m\u00e9\u00b7es, relations entreprises et manifestations \u00bb<a href=\"mailto:leeder@dfh.ufa.org\"><br \/>\n<\/a>Tel. : +49 (0) 681 93812-140<a href=\"mailto:leeder@dfh.ufa.org\"><br \/>\n<\/a>E-Mail:\u00a0 <a href=\"mailto:matulla@dfa-ufa.org\">matulla(at)dfh-ufa.org<\/a><\/p>\n<p>&nbsp;<\/p>\n<\/div>\n<div class=\"csc-default\">\n<div class=\"divider\">\n<hr \/>\n<\/div>\n<\/div>\n<div id=\"c24952\" class=\"csc-default\">\n<div class=\"csc-header csc-header-n7\">\n<h2><\/h2>\n<h3>Vous souhaitez soutenir un des prix ?<\/h3>\n<\/div>\n<p><span lang=\"FR\">En contrepartie de cette initiative, l\u2019UFA vous propose :<\/span><\/p>\n<ul>\n<li><span lang=\"FR\">de publier votre logo sur notre site Internet<\/span><\/li>\n<li>de participer au jury franco-allemand<\/li>\n<li><span lang=\"FR\">d\u2019\u00eatre associ\u00e9 aux op\u00e9rations marketing et de communication, avant et pendant la remise des prix<\/span><\/li>\n<li><span lang=\"FR\">de remettre en main propre le prix que vous avez financ\u00e9 au*\u00e0 la laur\u00e9at*e lors de la remise des prix<\/span><span lang=\"FR\"><br \/>\n<\/span><\/li>\n<\/ul>\n<\/div>\n<div id=\"c15090\" class=\"csc-default\">\n<div class=\"csc-header csc-header-n8\">\n<h3><\/h3>\n<h4>Interlocutrice pour les partenaires :<\/h4>\n<\/div>\n<p><strong>Anika Kost<\/strong><br \/>\nResponsable du d\u00e9partement \u00ab Relations publiques et partenariales \u00bb<br \/>\nTel. : +49 (0) 681 93812-146<br \/>\nE-Mail:\u00a0 <a href=\"mailto:kost@dfh-ufa.org\">kost(at)dfh-ufa.org<\/a><\/p>\n<\/div>\n<\/div>\n\t\t<\/div><\/div><div id=\"pgc-867-0-1\"  class=\"panel-grid-cell\" ><div id=\"panel-867-0-1-0\" class=\"so-panel widget widget_text panel-first-child panel-last-child\" data-index=\"3\" >\t\t\t<div class=\"textwidget\"><h5>Partenaire du \u00ab Prix de l&rsquo;interculturalit\u00e9 \u00bb<\/h5>\n<p><a href=\"https:\/\/www.dfh-ufa.org\/app\/uploads\/2024\/01\/Familie-Mehdorn-Stiftung.png\"><img decoding=\"async\" loading=\"lazy\" class=\"alignnone wp-image-1953822\" src=\"https:\/\/www.dfh-ufa.org\/app\/uploads\/2024\/01\/Familie-Mehdorn-Stiftung.png\" alt=\"\" width=\"297\" height=\"70\" srcset=\"https:\/\/www.dfh-ufa.org\/app\/uploads\/2024\/01\/Familie-Mehdorn-Stiftung.png 462w, https:\/\/www.dfh-ufa.org\/app\/uploads\/2024\/01\/Familie-Mehdorn-Stiftung-250x59.png 250w\" sizes=\"(max-width: 297px) 100vw, 297px\" \/><\/a><\/p>\n<h5><\/h5>\n<h5>Partenaire du \u00ab Prix europ\u00e9en \u00bb<\/h5>\n<p><img decoding=\"async\" loading=\"lazy\" class=\"wp-image-1963071 size-medium\" src=\"https:\/\/www.dfh-ufa.org\/app\/uploads\/2026\/02\/dfj_logo_quer_farbe_cmyk-scaled-250x126.jpg\" alt=\"dfj logo quer farbe cmyk\" width=\"250\" height=\"126\" srcset=\"https:\/\/www.dfh-ufa.org\/app\/uploads\/2026\/02\/dfj_logo_quer_farbe_cmyk-scaled-250x126.jpg 250w, https:\/\/www.dfh-ufa.org\/app\/uploads\/2026\/02\/dfj_logo_quer_farbe_cmyk-scaled-1024x515.jpg 1024w, https:\/\/www.dfh-ufa.org\/app\/uploads\/2026\/02\/dfj_logo_quer_farbe_cmyk-scaled-768x386.jpg 768w, https:\/\/www.dfh-ufa.org\/app\/uploads\/2026\/02\/dfj_logo_quer_farbe_cmyk-scaled-1536x773.jpg 1536w, https:\/\/www.dfh-ufa.org\/app\/uploads\/2026\/02\/dfj_logo_quer_farbe_cmyk-scaled-2048x1030.jpg 2048w\" sizes=\"(max-width: 250px) 100vw, 250px\" \/><\/p>\n<h5><\/h5>\n<h5>Partenaire du \u00ab Prix des affaires \u00bb<\/h5>\n<p><a href=\"https:\/\/www.dfh-ufa.org\/app\/uploads\/2024\/02\/LOGO-HWH-01-scaled.jpg\"><img decoding=\"async\" loading=\"lazy\" class=\"alignnone wp-image-1953870 \" src=\"https:\/\/www.dfh-ufa.org\/app\/uploads\/2024\/02\/LOGO-HWH-01-scaled-1024x724.jpg\" alt=\"\" width=\"286\" height=\"202\" srcset=\"https:\/\/www.dfh-ufa.org\/app\/uploads\/2024\/02\/LOGO-HWH-01-scaled-1024x724.jpg 1024w, https:\/\/www.dfh-ufa.org\/app\/uploads\/2024\/02\/LOGO-HWH-01-scaled-250x177.jpg 250w, https:\/\/www.dfh-ufa.org\/app\/uploads\/2024\/02\/LOGO-HWH-01-scaled-768x543.jpg 768w, https:\/\/www.dfh-ufa.org\/app\/uploads\/2024\/02\/LOGO-HWH-01-scaled-1536x1087.jpg 1536w, https:\/\/www.dfh-ufa.org\/app\/uploads\/2024\/02\/LOGO-HWH-01-scaled-2048x1449.jpg 2048w\" sizes=\"(max-width: 286px) 100vw, 286px\" \/><\/a><\/p>\n<h5><\/h5>\n<h5>Partenaire du \u00ab Prix de la solidarit\u00e9 \u00bb<\/h5>\n<p><img decoding=\"async\" loading=\"lazy\" class=\"wp-image-1963074 size-medium\" src=\"https:\/\/www.dfh-ufa.org\/app\/uploads\/2026\/02\/LOGO-EA-1-250x186.jpg\" alt=\"LOGO EA 1\" width=\"250\" height=\"186\" srcset=\"https:\/\/www.dfh-ufa.org\/app\/uploads\/2026\/02\/LOGO-EA-1-250x186.jpg 250w, https:\/\/www.dfh-ufa.org\/app\/uploads\/2026\/02\/LOGO-EA-1-1024x762.jpg 1024w, https:\/\/www.dfh-ufa.org\/app\/uploads\/2026\/02\/LOGO-EA-1-768x572.jpg 768w, https:\/\/www.dfh-ufa.org\/app\/uploads\/2026\/02\/LOGO-EA-1-1536x1143.jpg 1536w, https:\/\/www.dfh-ufa.org\/app\/uploads\/2026\/02\/LOGO-EA-1.jpg 1693w\" sizes=\"(max-width: 250px) 100vw, 250px\" \/><\/p>\n<h5><\/h5>\n<h5>Partenaire du \u00ab Prix international \u00bb<\/h5>\n<p><img decoding=\"async\" loading=\"lazy\" class=\"wp-image-1963072\" src=\"https:\/\/www.dfh-ufa.org\/app\/uploads\/2026\/02\/ForvisMazars-Logo-Color-CMYK.jpg\" alt=\"ForvisMazars Logo Color CMYK\" width=\"250\" height=\"139\" \/><\/p>\n<\/div>\n\t\t<\/div><\/div><\/div><\/div>","protected":false},"excerpt":{"rendered":"<p>Appel \u00e0 candidatures de l\u2019UFA pour les meilleures th\u00e8ses franco-allemandes soutenues par l&rsquo;UFA Parall\u00e8lement au soutien octroy\u00e9 aux cursus d\u2019\u00e9tudes binationaux et trinationaux, l\u2019UFA soutient des coop\u00e9rations en mati\u00e8re de recherche et de d\u00e9veloppement et favorise ainsi les \u00e9changes \u00e9troits et la coop\u00e9ration entre jeunes chercheur\u00b7euses. Dans l\u2019objectif de r\u00e9compenser les travaux de recherche d\u2019excellent [&hellip;]<\/p>\n","protected":false},"author":1,"featured_media":0,"parent":861,"menu_order":1423,"comment_status":"closed","ping_status":"closed","template":"","meta":{"_bbp_topic_count":0,"_bbp_reply_count":0,"_bbp_total_topic_count":0,"_bbp_total_reply_count":0,"_bbp_voice_count":0,"_bbp_anonymous_reply_count":0,"_bbp_topic_count_hidden":0,"_bbp_reply_count_hidden":0,"_bbp_forum_subforum_count":0,"inline_featured_image":false},"acf":[],"_links":{"self":[{"href":"https:\/\/www.dfh-ufa.org\/fr\/wp-json\/wp\/v2\/pages\/867"}],"collection":[{"href":"https:\/\/www.dfh-ufa.org\/fr\/wp-json\/wp\/v2\/pages"}],"about":[{"href":"https:\/\/www.dfh-ufa.org\/fr\/wp-json\/wp\/v2\/types\/page"}],"author":[{"embeddable":true,"href":"https:\/\/www.dfh-ufa.org\/fr\/wp-json\/wp\/v2\/users\/1"}],"replies":[{"embeddable":true,"href":"https:\/\/www.dfh-ufa.org\/fr\/wp-json\/wp\/v2\/comments?post=867"}],"version-history":[{"count":206,"href":"https:\/\/www.dfh-ufa.org\/fr\/wp-json\/wp\/v2\/pages\/867\/revisions"}],"predecessor-version":[{"id":1963078,"href":"https:\/\/www.dfh-ufa.org\/fr\/wp-json\/wp\/v2\/pages\/867\/revisions\/1963078"}],"up":[{"embeddable":true,"href":"https:\/\/www.dfh-ufa.org\/fr\/wp-json\/wp\/v2\/pages\/861"}],"wp:attachment":[{"href":"https:\/\/www.dfh-ufa.org\/fr\/wp-json\/wp\/v2\/media?parent=867"}],"curies":[{"name":"wp","href":"https:\/\/api.w.org\/{rel}","templated":true}]}}