{"id":881,"date":"2018-04-24T09:03:17","date_gmt":"2018-04-24T07:03:17","guid":{"rendered":"https:\/\/www.dfh-ufa.org\/fr\/liste-de-liens"},"modified":"2022-04-29T09:40:09","modified_gmt":"2022-04-29T07:40:09","slug":"liste-de-liens","status":"publish","type":"page","link":"https:\/\/www.dfh-ufa.org\/fr\/liste-de-liens","title":{"rendered":"Liste de liens"},"content":{"rendered":"<ul>\n<li><a href=\"https:\/\/www.dfh-ufa.org\/fr\/liste-de-liens\/etudiants-et-futurs-etudiants\/\">\u00c9tudiants et futurs \u00e9tudiants<\/a><\/li>\n<li><a href=\"https:\/\/www.dfh-ufa.org\/fr\/liste-de-liens\/etablissements\/\">\u00c9tablissements<\/a><\/li>\n<li><a href=\"https:\/\/www.dfh-ufa.org\/fr\/liste-de-liens\/doctorants-chercheurs\/\">Doctorants\/chercheurs<\/a><\/li>\n<li><a href=\"https:\/\/www.dfh-ufa.org\/fr\/liste-de-liens\/entreprises\/\">Entreprises<\/a><\/li>\n<li><a href=\"https:\/\/www.dfh-ufa.org\/fr\/liste-de-liens\/diplomes\/\">Dipl\u00f4m\u00e9s<\/a><\/li>\n<li><a href=\"https:\/\/www.dfh-ufa.org\/fr\/liste-de-liens\/liens-utiles-2\/\">Liens utiles<\/a><\/li>\n<\/ul>\n","protected":false},"excerpt":{"rendered":"<p>\u00c9tudiants et futurs \u00e9tudiants \u00c9tablissements Doctorants\/chercheurs Entreprises Dipl\u00f4m\u00e9s Liens utiles<\/p>\n","protected":false},"author":1,"featured_media":0,"parent":0,"menu_order":1628,"comment_status":"closed","ping_status":"closed","template":"","meta":{"_bbp_topic_count":0,"_bbp_reply_count":0,"_bbp_total_topic_count":0,"_bbp_total_reply_count":0,"_bbp_voice_count":0,"_bbp_anonymous_reply_count":0,"_bbp_topic_count_hidden":0,"_bbp_reply_count_hidden":0,"_bbp_forum_subforum_count":0,"inline_featured_image":false},"acf":[],"_links":{"self":[{"href":"https:\/\/www.dfh-ufa.org\/fr\/wp-json\/wp\/v2\/pages\/881"}],"collection":[{"href":"https:\/\/www.dfh-ufa.org\/fr\/wp-json\/wp\/v2\/pages"}],"about":[{"href":"https:\/\/www.dfh-ufa.org\/fr\/wp-json\/wp\/v2\/types\/page"}],"author":[{"embeddable":true,"href":"https:\/\/www.dfh-ufa.org\/fr\/wp-json\/wp\/v2\/users\/1"}],"replies":[{"embeddable":true,"href":"https:\/\/www.dfh-ufa.org\/fr\/wp-json\/wp\/v2\/comments?post=881"}],"version-history":[{"count":10,"href":"https:\/\/www.dfh-ufa.org\/fr\/wp-json\/wp\/v2\/pages\/881\/revisions"}],"predecessor-version":[{"id":10231,"href":"https:\/\/www.dfh-ufa.org\/fr\/wp-json\/wp\/v2\/pages\/881\/revisions\/10231"}],"wp:attachment":[{"href":"https:\/\/www.dfh-ufa.org\/fr\/wp-json\/wp\/v2\/media?parent=881"}],"curies":[{"name":"wp","href":"https:\/\/api.w.org\/{rel}","templated":true}]}}