{"id":894063,"date":"2021-10-20T13:03:18","date_gmt":"2021-10-20T11:03:18","guid":{"rendered":"https:\/\/www.dfh-ufa.org\/fr\/?page_id=894063"},"modified":"2022-12-07T12:04:11","modified_gmt":"2022-12-07T11:04:11","slug":"dialogue-franco-allemand-pour-le-developpement-durable-2-0-anticiper-lavenir","status":"publish","type":"page","link":"https:\/\/www.dfh-ufa.org\/fr\/actualites\/news\/dialogue-franco-allemand-pour-le-developpement-durable-2-0-anticiper-lavenir","title":{"rendered":"Dialogue franco-allemand pour le d\u00e9veloppement durable 2.0 &#8211; Anticiper l&rsquo;avenir"},"content":{"rendered":"<div id=\"pl-894063\"  class=\"panel-layout\" ><div id=\"pg-894063-0\"  class=\"panel-grid panel-no-style\" ><div id=\"pgc-894063-0-0\"  class=\"panel-grid-cell\" ><div id=\"panel-894063-0-0-0\" class=\"widget_text so-panel widget widget_custom_html panel-first-child\" data-index=\"0\" ><div class=\"textwidget custom-html-widget\"><b>28 et 29 octobre 2021 \u00e0 Bonn (Kurf\u00fcrstliches Schloss, Am Hof 1, 53113 Bonn)<\/b> \n<br>\n<br><\/div><\/div><div id=\"panel-894063-0-0-1\" class=\"so-panel widget widget_accordion\" data-index=\"1\" >        <div class=\"accordion\" data-collapse=\"1\">\n\n\t\t\t\t\t\t\t\t\t\t\t\t                    <div class=\"accordion__item\" id=\"69ddfaeb6957d\">\n\n\t\t\t\t\t\t                            <header class=\"accordion__header\">\n                                <h2 class=\"accordion__title\">Programme<\/h2>\n                            <\/header>\n\t\t\t\t\t\t\n\t\t\t\t\t\t                            <div class=\"accordion__content\">\n\t\t\t\t\t\t\t\t<p><a href=\"https:\/\/www.dfh-ufa.org\/app\/uploads\/2021\/10\/Programme_DFADD.pdf\">Programme_DFADD<\/a><\/p>\n                            <\/div>\n\t\t\t\t\t\t\n\t\t\t\t\t\t\n                    <\/div><!-- .accordion -->\n\n\t\t\t\t\n\t\t\t\t\t\t\t\t\t                    <div class=\"accordion__item\" id=\"69ddfaeb695a4\">\n\n\t\t\t\t\t\t                            <header class=\"accordion__header\">\n                                <h2 class=\"accordion__title\">Communiqu\u00e9 de presse<\/h2>\n                            <\/header>\n\t\t\t\t\t\t\n\t\t\t\t\t\t                            <div class=\"accordion__content\">\n\t\t\t\t\t\t\t\t<p><a href=\"https:\/\/www.dfh-ufa.org\/app\/uploads\/2021\/12\/UFA_2021_CP_Dialogue-Franco-Allemand-pour-le-developpement-durable-2.0-\u2013-Anticiper-l-avenir.pdf\">UFA_2021_CP_Dialogue Franco-Allemand pour le developpement durable 2.0 \u2013 Anticiper l avenir<\/a><\/p>\n                            <\/div>\n\t\t\t\t\t\t\n\t\t\t\t\t\t\n                    <\/div><!-- .accordion -->\n\n\t\t\t\t\n\t\t\t\t\t\t\t\t\t                    <div class=\"accordion__item\" id=\"69ddfaeb695b2\">\n\n\t\t\t\t\t\t                            <header class=\"accordion__header\">\n                                <h2 class=\"accordion__title\">Vid\u00e9os<\/h2>\n                            <\/header>\n\t\t\t\t\t\t\n\t\t\t\t\t\t                            <div class=\"accordion__content\">\n\t\t\t\t\t\t\t\t<p><strong>Mot de bienvenue du pr\u00e9sident de l'UFA, Olivier Mentz<\/strong><\/p>\n<p><iframe src=\"https:\/\/www.youtube.com\/embed\/da88YmqkClE\" width=\"560\" height=\"315\" frameborder=\"0\" allowfullscreen=\"allowfullscreen\"><\/iframe><\/p>\n<p><strong>Claire Gauthier, Pr\u00e9sentation du projet \u201eDigitalskills4Future.eu\"<\/strong><\/p>\n<p><iframe src=\"https:\/\/www.youtube.com\/embed\/BJufkBoCSWk\" width=\"560\" height=\"315\" frameborder=\"0\" allowfullscreen=\"allowfullscreen\"><\/iframe><\/p>\n<p><strong>Discussion pl\u00e9ni\u00e8re et d\u00e9bat avec la soci\u00e9t\u00e9 civile<\/strong><\/p>\n<p><iframe src=\"https:\/\/www.youtube.com\/embed\/hCYdlBFWzn0\" width=\"560\" height=\"315\" frameborder=\"0\" allowfullscreen=\"allowfullscreen\"><\/iframe><\/p>\n<p><strong>Conclusions g\u00e9n\u00e9rales du vice-pr\u00e9sident de l'UFA, Philippe Gr\u00e9ciano<\/strong><\/p>\n<p><iframe src=\"https:\/\/www.youtube.com\/embed\/16kviQ2zsEA\" width=\"560\" height=\"315\" frameborder=\"0\" allowfullscreen=\"allowfullscreen\"><\/iframe><\/p>\n                            <\/div>\n\t\t\t\t\t\t\n\t\t\t\t\t\t\n                    <\/div><!-- .accordion -->\n\n\t\t\t\t\n\t\t\t\t\t\t\t\t\t                    <div class=\"accordion__item\" id=\"69ddfaeb695ea\">\n\n\t\t\t\t\t\t                            <header class=\"accordion__header\">\n                                <h2 class=\"accordion__title\">Compte rendu de la conf\u00e9rence<\/h2>\n                            <\/header>\n\t\t\t\t\t\t\n\t\t\t\t\t\t                            <div class=\"accordion__content\">\n\t\t\t\t\t\t\t\t<p><a href=\"https:\/\/www.dfh-ufa.org\/app\/uploads\/2022\/01\/Compte-rendu_DFADD.pdf\">Compte-rendu_DFADD<\/a><\/p>\n                            <\/div>\n\t\t\t\t\t\t\n\t\t\t\t\t\t\n                    <\/div><!-- .accordion -->\n\n\t\t\t\t\n\t\t\t\t\t\t\t\n        <\/div><!-- .accordion -->\n\n\t\t<\/div><div id=\"panel-894063-0-0-2\" class=\"so-panel widget widget_text\" data-index=\"2\" >\t\t\t<div class=\"textwidget\"><p>&nbsp;<\/p>\n<p>&nbsp;<\/p>\n<\/div>\n\t\t<\/div><div id=\"panel-894063-0-0-3\" class=\"so-panel widget widget_sow-slider panel-last-child\" data-index=\"3\" ><div class=\"so-widget-sow-slider so-widget-sow-slider-default-53fd0f98de19-894063\"><div class=\"sow-slider-base\" style=\"display: none\"><ul\n\t\t\t\t\tclass=\"sow-slider-images\"\n\t\t\t\t\tdata-settings=\"{&quot;pagination&quot;:true,&quot;speed&quot;:800,&quot;timeout&quot;:8000,&quot;paused&quot;:false,&quot;pause_on_hover&quot;:false,&quot;swipe&quot;:true,&quot;nav_always_show_desktop&quot;:&quot;&quot;,&quot;nav_always_show_mobile&quot;:&quot;&quot;,&quot;breakpoint&quot;:&quot;780px&quot;,&quot;unmute&quot;:false,&quot;anchor&quot;:null}\"\n\t\t\t\t\t\t\t\t\t>\t\t<li class=\"sow-slider-image  sow-slider-image-cover\" style=\"background-image: url(https:\/\/www.dfh-ufa.org\/app\/uploads\/2021\/12\/20211028_162808_DFH.jpg)\" >\n\t\t\t\t\t\t\t\t\t<img width=\"2000\" height=\"1125\" src=\"https:\/\/www.dfh-ufa.org\/app\/uploads\/2021\/12\/20211028_162808_DFH.jpg\" class=\"sow-slider-background-image skip-lazy\" alt=\"\" decoding=\"async\" loading=\"eager\" srcset=\"https:\/\/www.dfh-ufa.org\/app\/uploads\/2021\/12\/20211028_162808_DFH.jpg 2000w, https:\/\/www.dfh-ufa.org\/app\/uploads\/2021\/12\/20211028_162808_DFH-250x141.jpg 250w, https:\/\/www.dfh-ufa.org\/app\/uploads\/2021\/12\/20211028_162808_DFH-1024x576.jpg 1024w, https:\/\/www.dfh-ufa.org\/app\/uploads\/2021\/12\/20211028_162808_DFH-768x432.jpg 768w, https:\/\/www.dfh-ufa.org\/app\/uploads\/2021\/12\/20211028_162808_DFH-1536x864.jpg 1536w, https:\/\/www.dfh-ufa.org\/app\/uploads\/2021\/12\/20211028_162808_DFH-1600x900.jpg 1600w\" sizes=\"(max-width: 2000px) 100vw, 2000px\" \/>\t\t\t\t\t\t\t\t<\/li>\n\t\t\t\t<li class=\"sow-slider-image  sow-slider-image-cover\" style=\"background-image: url(https:\/\/www.dfh-ufa.org\/app\/uploads\/2021\/12\/20211028_145213_DFH.jpg)\" >\n\t\t\t\t\t\t\t\t\t<img width=\"2000\" height=\"1125\" src=\"https:\/\/www.dfh-ufa.org\/app\/uploads\/2021\/12\/20211028_145213_DFH.jpg\" class=\"sow-slider-background-image skip-lazy\" alt=\"\" decoding=\"async\" loading=\"eager\" srcset=\"https:\/\/www.dfh-ufa.org\/app\/uploads\/2021\/12\/20211028_145213_DFH.jpg 2000w, https:\/\/www.dfh-ufa.org\/app\/uploads\/2021\/12\/20211028_145213_DFH-250x141.jpg 250w, https:\/\/www.dfh-ufa.org\/app\/uploads\/2021\/12\/20211028_145213_DFH-1024x576.jpg 1024w, https:\/\/www.dfh-ufa.org\/app\/uploads\/2021\/12\/20211028_145213_DFH-768x432.jpg 768w, https:\/\/www.dfh-ufa.org\/app\/uploads\/2021\/12\/20211028_145213_DFH-1536x864.jpg 1536w, https:\/\/www.dfh-ufa.org\/app\/uploads\/2021\/12\/20211028_145213_DFH-1600x900.jpg 1600w\" sizes=\"(max-width: 2000px) 100vw, 2000px\" \/>\t\t\t\t\t\t\t\t<\/li>\n\t\t\t\t<li class=\"sow-slider-image  sow-slider-image-cover\" style=\"background-image: url(https:\/\/www.dfh-ufa.org\/app\/uploads\/2021\/12\/20211028_110425_DFH.jpg)\" >\n\t\t\t\t\t\t\t\t\t<img width=\"1000\" height=\"1778\" src=\"https:\/\/www.dfh-ufa.org\/app\/uploads\/2021\/12\/20211028_110425_DFH.jpg\" class=\"sow-slider-background-image skip-lazy\" alt=\"\" decoding=\"async\" loading=\"eager\" srcset=\"https:\/\/www.dfh-ufa.org\/app\/uploads\/2021\/12\/20211028_110425_DFH.jpg 1000w, https:\/\/www.dfh-ufa.org\/app\/uploads\/2021\/12\/20211028_110425_DFH-141x250.jpg 141w, https:\/\/www.dfh-ufa.org\/app\/uploads\/2021\/12\/20211028_110425_DFH-576x1024.jpg 576w, https:\/\/www.dfh-ufa.org\/app\/uploads\/2021\/12\/20211028_110425_DFH-768x1366.jpg 768w, https:\/\/www.dfh-ufa.org\/app\/uploads\/2021\/12\/20211028_110425_DFH-864x1536.jpg 864w\" sizes=\"(max-width: 1000px) 100vw, 1000px\" \/>\t\t\t\t\t\t\t\t<\/li>\n\t\t\t\t<li class=\"sow-slider-image  sow-slider-image-cover\" style=\"background-image: url(https:\/\/www.dfh-ufa.org\/app\/uploads\/2021\/12\/2021-10-29_Nachhaltigkeit-9_CERC.jpg)\" >\n\t\t\t\t\t\t\t\t\t<img width=\"2000\" height=\"1333\" src=\"https:\/\/www.dfh-ufa.org\/app\/uploads\/2021\/12\/2021-10-29_Nachhaltigkeit-9_CERC.jpg\" class=\"sow-slider-background-image skip-lazy\" alt=\"\" decoding=\"async\" loading=\"eager\" srcset=\"https:\/\/www.dfh-ufa.org\/app\/uploads\/2021\/12\/2021-10-29_Nachhaltigkeit-9_CERC.jpg 2000w, https:\/\/www.dfh-ufa.org\/app\/uploads\/2021\/12\/2021-10-29_Nachhaltigkeit-9_CERC-250x167.jpg 250w, https:\/\/www.dfh-ufa.org\/app\/uploads\/2021\/12\/2021-10-29_Nachhaltigkeit-9_CERC-1024x682.jpg 1024w, https:\/\/www.dfh-ufa.org\/app\/uploads\/2021\/12\/2021-10-29_Nachhaltigkeit-9_CERC-768x512.jpg 768w, https:\/\/www.dfh-ufa.org\/app\/uploads\/2021\/12\/2021-10-29_Nachhaltigkeit-9_CERC-1536x1024.jpg 1536w, https:\/\/www.dfh-ufa.org\/app\/uploads\/2021\/12\/2021-10-29_Nachhaltigkeit-9_CERC-272x182.jpg 272w\" sizes=\"(max-width: 2000px) 100vw, 2000px\" \/>\t\t\t\t\t\t\t\t<\/li>\n\t\t\t\t<li class=\"sow-slider-image  sow-slider-image-cover\" style=\"background-image: url(https:\/\/www.dfh-ufa.org\/app\/uploads\/2021\/12\/2021-10-28_Nachhaltigkeit-129_CERC.jpg)\" >\n\t\t\t\t\t\t\t\t\t<img width=\"2000\" height=\"1333\" src=\"https:\/\/www.dfh-ufa.org\/app\/uploads\/2021\/12\/2021-10-28_Nachhaltigkeit-129_CERC.jpg\" class=\"sow-slider-background-image skip-lazy\" alt=\"\" decoding=\"async\" loading=\"eager\" srcset=\"https:\/\/www.dfh-ufa.org\/app\/uploads\/2021\/12\/2021-10-28_Nachhaltigkeit-129_CERC.jpg 2000w, https:\/\/www.dfh-ufa.org\/app\/uploads\/2021\/12\/2021-10-28_Nachhaltigkeit-129_CERC-250x167.jpg 250w, https:\/\/www.dfh-ufa.org\/app\/uploads\/2021\/12\/2021-10-28_Nachhaltigkeit-129_CERC-1024x682.jpg 1024w, https:\/\/www.dfh-ufa.org\/app\/uploads\/2021\/12\/2021-10-28_Nachhaltigkeit-129_CERC-768x512.jpg 768w, https:\/\/www.dfh-ufa.org\/app\/uploads\/2021\/12\/2021-10-28_Nachhaltigkeit-129_CERC-1536x1024.jpg 1536w, https:\/\/www.dfh-ufa.org\/app\/uploads\/2021\/12\/2021-10-28_Nachhaltigkeit-129_CERC-272x182.jpg 272w\" sizes=\"(max-width: 2000px) 100vw, 2000px\" \/>\t\t\t\t\t\t\t\t<\/li>\n\t\t\t\t<li class=\"sow-slider-image  sow-slider-image-cover\" style=\"background-image: url(https:\/\/www.dfh-ufa.org\/app\/uploads\/2021\/12\/2021-10-28_Nachhaltigkeit-88_CERC.jpg)\" >\n\t\t\t\t\t\t\t\t\t<img width=\"2000\" height=\"1333\" src=\"https:\/\/www.dfh-ufa.org\/app\/uploads\/2021\/12\/2021-10-28_Nachhaltigkeit-88_CERC.jpg\" class=\"sow-slider-background-image skip-lazy\" alt=\"\" decoding=\"async\" loading=\"eager\" srcset=\"https:\/\/www.dfh-ufa.org\/app\/uploads\/2021\/12\/2021-10-28_Nachhaltigkeit-88_CERC.jpg 2000w, https:\/\/www.dfh-ufa.org\/app\/uploads\/2021\/12\/2021-10-28_Nachhaltigkeit-88_CERC-250x167.jpg 250w, https:\/\/www.dfh-ufa.org\/app\/uploads\/2021\/12\/2021-10-28_Nachhaltigkeit-88_CERC-1024x682.jpg 1024w, https:\/\/www.dfh-ufa.org\/app\/uploads\/2021\/12\/2021-10-28_Nachhaltigkeit-88_CERC-768x512.jpg 768w, https:\/\/www.dfh-ufa.org\/app\/uploads\/2021\/12\/2021-10-28_Nachhaltigkeit-88_CERC-1536x1024.jpg 1536w, https:\/\/www.dfh-ufa.org\/app\/uploads\/2021\/12\/2021-10-28_Nachhaltigkeit-88_CERC-272x182.jpg 272w\" sizes=\"(max-width: 2000px) 100vw, 2000px\" \/>\t\t\t\t\t\t\t\t<\/li>\n\t\t\t\t<li class=\"sow-slider-image  sow-slider-image-cover\" style=\"background-image: url(https:\/\/www.dfh-ufa.org\/app\/uploads\/2021\/12\/2021-10-28_Nachhaltigkeit-72_CERC.jpg)\" >\n\t\t\t\t\t\t\t\t\t<img width=\"2000\" height=\"1333\" src=\"https:\/\/www.dfh-ufa.org\/app\/uploads\/2021\/12\/2021-10-28_Nachhaltigkeit-72_CERC.jpg\" class=\"sow-slider-background-image skip-lazy\" alt=\"\" decoding=\"async\" loading=\"eager\" srcset=\"https:\/\/www.dfh-ufa.org\/app\/uploads\/2021\/12\/2021-10-28_Nachhaltigkeit-72_CERC.jpg 2000w, https:\/\/www.dfh-ufa.org\/app\/uploads\/2021\/12\/2021-10-28_Nachhaltigkeit-72_CERC-250x167.jpg 250w, https:\/\/www.dfh-ufa.org\/app\/uploads\/2021\/12\/2021-10-28_Nachhaltigkeit-72_CERC-1024x682.jpg 1024w, https:\/\/www.dfh-ufa.org\/app\/uploads\/2021\/12\/2021-10-28_Nachhaltigkeit-72_CERC-768x512.jpg 768w, https:\/\/www.dfh-ufa.org\/app\/uploads\/2021\/12\/2021-10-28_Nachhaltigkeit-72_CERC-1536x1024.jpg 1536w, https:\/\/www.dfh-ufa.org\/app\/uploads\/2021\/12\/2021-10-28_Nachhaltigkeit-72_CERC-272x182.jpg 272w\" sizes=\"(max-width: 2000px) 100vw, 2000px\" \/>\t\t\t\t\t\t\t\t<\/li>\n\t\t\t\t<li class=\"sow-slider-image  sow-slider-image-cover\" style=\"background-image: url(https:\/\/www.dfh-ufa.org\/app\/uploads\/2021\/12\/2021-10-28_Nachhaltigkeit-39b_CERC.jpg)\" >\n\t\t\t\t\t\t\t\t\t<img width=\"2000\" height=\"1334\" src=\"https:\/\/www.dfh-ufa.org\/app\/uploads\/2021\/12\/2021-10-28_Nachhaltigkeit-39b_CERC.jpg\" class=\"sow-slider-background-image skip-lazy\" alt=\"\" decoding=\"async\" loading=\"eager\" srcset=\"https:\/\/www.dfh-ufa.org\/app\/uploads\/2021\/12\/2021-10-28_Nachhaltigkeit-39b_CERC.jpg 2000w, https:\/\/www.dfh-ufa.org\/app\/uploads\/2021\/12\/2021-10-28_Nachhaltigkeit-39b_CERC-250x167.jpg 250w, https:\/\/www.dfh-ufa.org\/app\/uploads\/2021\/12\/2021-10-28_Nachhaltigkeit-39b_CERC-1024x683.jpg 1024w, https:\/\/www.dfh-ufa.org\/app\/uploads\/2021\/12\/2021-10-28_Nachhaltigkeit-39b_CERC-768x512.jpg 768w, https:\/\/www.dfh-ufa.org\/app\/uploads\/2021\/12\/2021-10-28_Nachhaltigkeit-39b_CERC-1536x1025.jpg 1536w, https:\/\/www.dfh-ufa.org\/app\/uploads\/2021\/12\/2021-10-28_Nachhaltigkeit-39b_CERC-272x182.jpg 272w\" sizes=\"(max-width: 2000px) 100vw, 2000px\" \/>\t\t\t\t\t\t\t\t<\/li>\n\t\t\t\t<li class=\"sow-slider-image  sow-slider-image-cover\" style=\"background-image: url(https:\/\/www.dfh-ufa.org\/app\/uploads\/2021\/12\/2021-10-28_Nachhaltigkeit-12c4b_CERC.jpg)\" >\n\t\t\t\t\t\t\t\t\t<img width=\"1500\" height=\"1000\" src=\"https:\/\/www.dfh-ufa.org\/app\/uploads\/2021\/12\/2021-10-28_Nachhaltigkeit-12c4b_CERC.jpg\" class=\"sow-slider-background-image skip-lazy\" alt=\"\" decoding=\"async\" loading=\"eager\" srcset=\"https:\/\/www.dfh-ufa.org\/app\/uploads\/2021\/12\/2021-10-28_Nachhaltigkeit-12c4b_CERC.jpg 1500w, https:\/\/www.dfh-ufa.org\/app\/uploads\/2021\/12\/2021-10-28_Nachhaltigkeit-12c4b_CERC-250x167.jpg 250w, https:\/\/www.dfh-ufa.org\/app\/uploads\/2021\/12\/2021-10-28_Nachhaltigkeit-12c4b_CERC-1024x683.jpg 1024w, https:\/\/www.dfh-ufa.org\/app\/uploads\/2021\/12\/2021-10-28_Nachhaltigkeit-12c4b_CERC-768x512.jpg 768w, https:\/\/www.dfh-ufa.org\/app\/uploads\/2021\/12\/2021-10-28_Nachhaltigkeit-12c4b_CERC-272x182.jpg 272w\" sizes=\"(max-width: 1500px) 100vw, 1500px\" \/>\t\t\t\t\t\t\t\t<\/li>\n\t\t\t\t<li class=\"sow-slider-image  sow-slider-image-cover\" style=\"background-image: url(https:\/\/www.dfh-ufa.org\/app\/uploads\/2021\/12\/202112Nachhaltigkeitsdialog.jpg)\" >\n\t\t\t\t\t\t\t\t\t<img width=\"1279\" height=\"854\" src=\"https:\/\/www.dfh-ufa.org\/app\/uploads\/2021\/12\/202112Nachhaltigkeitsdialog.jpg\" class=\"sow-slider-background-image skip-lazy\" alt=\"\" decoding=\"async\" loading=\"eager\" srcset=\"https:\/\/www.dfh-ufa.org\/app\/uploads\/2021\/12\/202112Nachhaltigkeitsdialog.jpg 1279w, https:\/\/www.dfh-ufa.org\/app\/uploads\/2021\/12\/202112Nachhaltigkeitsdialog-250x167.jpg 250w, https:\/\/www.dfh-ufa.org\/app\/uploads\/2021\/12\/202112Nachhaltigkeitsdialog-1024x684.jpg 1024w, https:\/\/www.dfh-ufa.org\/app\/uploads\/2021\/12\/202112Nachhaltigkeitsdialog-768x513.jpg 768w, https:\/\/www.dfh-ufa.org\/app\/uploads\/2021\/12\/202112Nachhaltigkeitsdialog-272x182.jpg 272w\" sizes=\"(max-width: 1279px) 100vw, 1279px\" \/>\t\t\t\t\t\t\t\t<\/li>\n\t\t<\/ul>\t\t\t\t<ol class=\"sow-slider-pagination\">\n\t\t\t\t\t\t\t\t\t\t\t<li><a href=\"#\" data-goto=\"0\" aria-label=\"afficher la diapositive 1\"><\/a><\/li>\n\t\t\t\t\t\t\t\t\t\t\t<li><a href=\"#\" data-goto=\"1\" aria-label=\"afficher la diapositive 2\"><\/a><\/li>\n\t\t\t\t\t\t\t\t\t\t\t<li><a href=\"#\" data-goto=\"2\" aria-label=\"afficher la diapositive 3\"><\/a><\/li>\n\t\t\t\t\t\t\t\t\t\t\t<li><a href=\"#\" data-goto=\"3\" aria-label=\"afficher la diapositive 4\"><\/a><\/li>\n\t\t\t\t\t\t\t\t\t\t\t<li><a href=\"#\" data-goto=\"4\" aria-label=\"afficher la diapositive 5\"><\/a><\/li>\n\t\t\t\t\t\t\t\t\t\t\t<li><a href=\"#\" data-goto=\"5\" aria-label=\"afficher la diapositive 6\"><\/a><\/li>\n\t\t\t\t\t\t\t\t\t\t\t<li><a href=\"#\" data-goto=\"6\" aria-label=\"afficher la diapositive 7\"><\/a><\/li>\n\t\t\t\t\t\t\t\t\t\t\t<li><a href=\"#\" data-goto=\"7\" aria-label=\"afficher la diapositive 8\"><\/a><\/li>\n\t\t\t\t\t\t\t\t\t\t\t<li><a href=\"#\" data-goto=\"8\" aria-label=\"afficher la diapositive 9\"><\/a><\/li>\n\t\t\t\t\t\t\t\t\t\t\t<li><a href=\"#\" data-goto=\"9\" aria-label=\"afficher la diapositive 10\"><\/a><\/li>\n\t\t\t\t\t\t\t\t\t<\/ol>\n\n\t\t\t\t<div class=\"sow-slide-nav sow-slide-nav-next\">\n\t\t\t\t\t<a href=\"#\" data-goto=\"next\" aria-label=\"diapositive suivante\" data-action=\"next\">\n\t\t\t\t\t\t<em class=\"sow-sld-icon-thin-right\"><\/em>\n\t\t\t\t\t<\/a>\n\t\t\t\t<\/div>\n\n\t\t\t\t<div class=\"sow-slide-nav sow-slide-nav-prev\">\n\t\t\t\t\t<a href=\"#\" data-goto=\"previous\" aria-label=\"diapositive pr\u00e9c\u00e9dente\" data-action=\"prev\">\n\t\t\t\t\t\t<em class=\"sow-sld-icon-thin-left\"><\/em>\n\t\t\t\t\t<\/a>\n\t\t\t\t<\/div>\n\t\t\t\t<\/div><\/div><\/div><\/div><\/div><\/div>","protected":false},"excerpt":{"rendered":"<p>&nbsp; &nbsp;<\/p>\n","protected":false},"author":26,"featured_media":0,"parent":869,"menu_order":3,"comment_status":"closed","ping_status":"closed","template":"","meta":{"_bbp_topic_count":0,"_bbp_reply_count":0,"_bbp_total_topic_count":0,"_bbp_total_reply_count":0,"_bbp_voice_count":0,"_bbp_anonymous_reply_count":0,"_bbp_topic_count_hidden":0,"_bbp_reply_count_hidden":0,"_bbp_forum_subforum_count":0,"inline_featured_image":false},"acf":[],"_links":{"self":[{"href":"https:\/\/www.dfh-ufa.org\/fr\/wp-json\/wp\/v2\/pages\/894063"}],"collection":[{"href":"https:\/\/www.dfh-ufa.org\/fr\/wp-json\/wp\/v2\/pages"}],"about":[{"href":"https:\/\/www.dfh-ufa.org\/fr\/wp-json\/wp\/v2\/types\/page"}],"author":[{"embeddable":true,"href":"https:\/\/www.dfh-ufa.org\/fr\/wp-json\/wp\/v2\/users\/26"}],"replies":[{"embeddable":true,"href":"https:\/\/www.dfh-ufa.org\/fr\/wp-json\/wp\/v2\/comments?post=894063"}],"version-history":[{"count":28,"href":"https:\/\/www.dfh-ufa.org\/fr\/wp-json\/wp\/v2\/pages\/894063\/revisions"}],"predecessor-version":[{"id":1754697,"href":"https:\/\/www.dfh-ufa.org\/fr\/wp-json\/wp\/v2\/pages\/894063\/revisions\/1754697"}],"up":[{"embeddable":true,"href":"https:\/\/www.dfh-ufa.org\/fr\/wp-json\/wp\/v2\/pages\/869"}],"wp:attachment":[{"href":"https:\/\/www.dfh-ufa.org\/fr\/wp-json\/wp\/v2\/media?parent=894063"}],"curies":[{"name":"wp","href":"https:\/\/api.w.org\/{rel}","templated":true}]}}