{"id":9224,"date":"2018-07-20T14:58:18","date_gmt":"2018-07-20T12:58:18","guid":{"rendered":"https:\/\/www.dfh-ufa.org\/fr\/?page_id=9224"},"modified":"2018-07-20T15:00:03","modified_gmt":"2018-07-20T13:00:03","slug":"etablissements","status":"publish","type":"page","link":"https:\/\/www.dfh-ufa.org\/fr\/liste-de-liens\/etablissements","title":{"rendered":"\u00c9tablissements"},"content":{"rendered":"<ul>\n<li><a href=\"http:\/\/www.che.de\/\" target=\"blank\">Centrum f\u00fcr Hochschul-Entwicklung (CHE)<\/a><\/li>\n<li><a href=\"http:\/\/www.cdefi.fr\/\" target=\"blank\">Conf\u00e9rence des Directeurs d\u2019Ecoles et Formations d\u2019Ing\u00e9nieurs (CDEFI)<\/a><\/li>\n<li><a href=\"http:\/\/www.cge.asso.fr\/\" target=\"blank\">Conf\u00e9r\u00e9nce des Grandes Ecoles (CGE)<\/a><\/li>\n<li><a href=\"http:\/\/www.cpu.fr\/\" target=\"blank\">Conf\u00e9rence des Pr\u00e9sidents d&rsquo;Universit\u00e9 (CPU)<\/a><\/li>\n<li><a href=\"http:\/\/www.hrk.de\/\" target=\"blank\">Hochschulrektorenkonferenz (HRK)<\/a><\/li>\n<\/ul>\n","protected":false},"excerpt":{"rendered":"<p>Centrum f\u00fcr Hochschul-Entwicklung (CHE) Conf\u00e9rence des Directeurs d\u2019Ecoles et Formations d\u2019Ing\u00e9nieurs (CDEFI) Conf\u00e9r\u00e9nce des Grandes Ecoles (CGE) Conf\u00e9rence des Pr\u00e9sidents d&rsquo;Universit\u00e9 (CPU) Hochschulrektorenkonferenz (HRK)<\/p>\n","protected":false},"author":6,"featured_media":0,"parent":881,"menu_order":0,"comment_status":"closed","ping_status":"closed","template":"","meta":{"_bbp_topic_count":0,"_bbp_reply_count":0,"_bbp_total_topic_count":0,"_bbp_total_reply_count":0,"_bbp_voice_count":0,"_bbp_anonymous_reply_count":0,"_bbp_topic_count_hidden":0,"_bbp_reply_count_hidden":0,"_bbp_forum_subforum_count":0,"inline_featured_image":false},"acf":[],"_links":{"self":[{"href":"https:\/\/www.dfh-ufa.org\/fr\/wp-json\/wp\/v2\/pages\/9224"}],"collection":[{"href":"https:\/\/www.dfh-ufa.org\/fr\/wp-json\/wp\/v2\/pages"}],"about":[{"href":"https:\/\/www.dfh-ufa.org\/fr\/wp-json\/wp\/v2\/types\/page"}],"author":[{"embeddable":true,"href":"https:\/\/www.dfh-ufa.org\/fr\/wp-json\/wp\/v2\/users\/6"}],"replies":[{"embeddable":true,"href":"https:\/\/www.dfh-ufa.org\/fr\/wp-json\/wp\/v2\/comments?post=9224"}],"version-history":[{"count":2,"href":"https:\/\/www.dfh-ufa.org\/fr\/wp-json\/wp\/v2\/pages\/9224\/revisions"}],"predecessor-version":[{"id":9226,"href":"https:\/\/www.dfh-ufa.org\/fr\/wp-json\/wp\/v2\/pages\/9224\/revisions\/9226"}],"up":[{"embeddable":true,"href":"https:\/\/www.dfh-ufa.org\/fr\/wp-json\/wp\/v2\/pages\/881"}],"wp:attachment":[{"href":"https:\/\/www.dfh-ufa.org\/fr\/wp-json\/wp\/v2\/media?parent=9224"}],"curies":[{"name":"wp","href":"https:\/\/api.w.org\/{rel}","templated":true}]}}