{"id":9227,"date":"2018-07-20T15:03:59","date_gmt":"2018-07-20T13:03:59","guid":{"rendered":"https:\/\/www.dfh-ufa.org\/fr\/?page_id=9227"},"modified":"2022-04-29T09:45:18","modified_gmt":"2022-04-29T07:45:18","slug":"doctorants-chercheurs","status":"publish","type":"page","link":"https:\/\/www.dfh-ufa.org\/fr\/liste-de-liens\/doctorants-chercheurs","title":{"rendered":"Doctorants\/chercheurs"},"content":{"rendered":"<ul>\n<li><a href=\"http:\/\/www.caesar.de\/\" target=\"blank\" rel=\"noopener\">caesar &#8211; center of advanced european studies and research<\/a><\/li>\n<li><a href=\"https:\/\/www.hrk.de\/themen\/internationales\/internationale-studierende-und-forschende\/mobilitaet-und-anerkennung\/cotutelle-de-these\/\" target=\"blank\" rel=\"noopener\">Das Cotutelle-Verfahren &#8211; Informationen der HRK<\/a><\/li>\n<li><a href=\"http:\/\/www.dfg.de\/\" target=\"blank\" rel=\"noopener\">Deutsche Forschungsgemeinschaft (DFG)<\/a><\/li>\n<li><a href=\"http:\/\/www.forschungsportal.net\/\" target=\"blank\" rel=\"noopener\">Forschungsportal.net<\/a><\/li>\n<li><a href=\"https:\/\/www.bmbf.de\/files\/66bmbf_futur_eine_erste_bilanz.pdf\" target=\"blank\" rel=\"noopener\">futur &#8211; Der deutsche Forschungsdialog (Bundesministerium f\u00fcr Bildung und Forschung)<\/a><\/li>\n<li><a href=\"http:\/\/www.thesis.de\/\" target=\"blank\" rel=\"noopener\">Interdisziplin\u00e4res Netzwerk f\u00fcr Promovierende und Promovierte e. V.<\/a><\/li>\n<\/ul>\n","protected":false},"excerpt":{"rendered":"<p>caesar &#8211; center of advanced european studies and research Das Cotutelle-Verfahren &#8211; Informationen der HRK Deutsche Forschungsgemeinschaft (DFG) Forschungsportal.net futur &#8211; Der deutsche Forschungsdialog (Bundesministerium f\u00fcr Bildung und Forschung) Interdisziplin\u00e4res Netzwerk f\u00fcr Promovierende und Promovierte e. V.<\/p>\n","protected":false},"author":6,"featured_media":0,"parent":881,"menu_order":117,"comment_status":"closed","ping_status":"closed","template":"","meta":{"_bbp_topic_count":0,"_bbp_reply_count":0,"_bbp_total_topic_count":0,"_bbp_total_reply_count":0,"_bbp_voice_count":0,"_bbp_anonymous_reply_count":0,"_bbp_topic_count_hidden":0,"_bbp_reply_count_hidden":0,"_bbp_forum_subforum_count":0,"inline_featured_image":false},"acf":[],"_links":{"self":[{"href":"https:\/\/www.dfh-ufa.org\/fr\/wp-json\/wp\/v2\/pages\/9227"}],"collection":[{"href":"https:\/\/www.dfh-ufa.org\/fr\/wp-json\/wp\/v2\/pages"}],"about":[{"href":"https:\/\/www.dfh-ufa.org\/fr\/wp-json\/wp\/v2\/types\/page"}],"author":[{"embeddable":true,"href":"https:\/\/www.dfh-ufa.org\/fr\/wp-json\/wp\/v2\/users\/6"}],"replies":[{"embeddable":true,"href":"https:\/\/www.dfh-ufa.org\/fr\/wp-json\/wp\/v2\/comments?post=9227"}],"version-history":[{"count":4,"href":"https:\/\/www.dfh-ufa.org\/fr\/wp-json\/wp\/v2\/pages\/9227\/revisions"}],"predecessor-version":[{"id":1173289,"href":"https:\/\/www.dfh-ufa.org\/fr\/wp-json\/wp\/v2\/pages\/9227\/revisions\/1173289"}],"up":[{"embeddable":true,"href":"https:\/\/www.dfh-ufa.org\/fr\/wp-json\/wp\/v2\/pages\/881"}],"wp:attachment":[{"href":"https:\/\/www.dfh-ufa.org\/fr\/wp-json\/wp\/v2\/media?parent=9227"}],"curies":[{"name":"wp","href":"https:\/\/api.w.org\/{rel}","templated":true}]}}