{"id":9229,"date":"2018-07-20T15:24:21","date_gmt":"2018-07-20T13:24:21","guid":{"rendered":"https:\/\/www.dfh-ufa.org\/fr\/?page_id=9229"},"modified":"2022-04-29T09:51:19","modified_gmt":"2022-04-29T07:51:19","slug":"entreprises","status":"publish","type":"page","link":"https:\/\/www.dfh-ufa.org\/fr\/liste-de-liens\/entreprises","title":{"rendered":"Entreprises"},"content":{"rendered":"<div id=\"pl-9229\"  class=\"panel-layout\" ><div id=\"pg-9229-0\"  class=\"panel-grid panel-no-style\" ><div id=\"pgc-9229-0-0\"  class=\"panel-grid-cell\" ><div id=\"panel-9229-0-0-0\" class=\"so-panel widget widget_accordion panel-first-child panel-last-child\" data-index=\"0\" >        <div class=\"accordion\" data-collapse=\"1\">\n\n\t\t\t\t\t\t\t\t\t\t\t\t                    <div class=\"accordion__item\" id=\"69e7b9d923254\">\n\n\t\t\t\t\t\t                            <header class=\"accordion__header\">\n                                <h2 class=\"accordion__title\">Allemagne<\/h2>\n                            <\/header>\n\t\t\t\t\t\t\n\t\t\t\t\t\t                            <div class=\"accordion__content\">\n\t\t\t\t\t\t\t\t<div class=\"csc-textpic-text\">\n<ul>\n<li><a href=\"https:\/\/www.aplv-languesmodernes.org\/spip.php?article384\" target=\"blank\">Association des professeurs de langues vivantes<\/a><\/li>\n<li><a href=\"http:\/\/www.boersen-zeitung.de\/\" target=\"blank\">B\u00f6rsen-Zeitung \u2013 Zeitung f\u00fcr die Finanzm\u00e4rkte<\/a><\/li>\n<li><a href=\"http:\/\/https:\/\/die-deutsche-wirtschaft.de\/\" target=\"blank\">Deutsche Wirtschaft.de<\/a><\/li>\n<li><a href=\"http:\/\/www.misterwhat.de\/\" target=\"blank\">Deutsches Branchenverzeichnis - Finden Sie lokale Firmen, Unternehmen, Gesch\u00e4fte und mehr -MisterWhat<\/a><\/li>\n<li><a href=\"http:\/\/www.diw.de\/deutsch\/\" target=\"blank\">Deutsches Institut f\u00fcr Wirtschaftsforschung (DIW) Berlin<\/a><\/li>\n<li><a href=\"http:\/\/www.eidam-und-partner.de\/\" target=\"blank\">Eidam &amp; Partner: Interkulturelles Training. Interkulturelles Coaching. Interkulturelles E-Learning. Interkulturelles Consulting.<\/a><\/li>\n<li><a href=\"http:\/\/www.ifim.de\/\" target=\"blank\">Institut f\u00fcr Interkulturelles Management (IFIM)<\/a><\/li>\n<li><a href=\"http:\/\/www.investinfrance.org\/\" target=\"blank\">Invest in France<\/a><\/li>\n<li><a href=\"http:\/\/http:\/\/www.statistikportal.de\/de\" target=\"blank\">Wirtschaftsdaten (Statistische \u00c4mter des Bundes und der L\u00e4nder)<\/a><\/li>\n<\/ul>\n<\/div>\n                            <\/div>\n\t\t\t\t\t\t\n\t\t\t\t\t\t\n                    <\/div><!-- .accordion -->\n\n\t\t\t\t\n\t\t\t\t\t\t\t\t\t                    <div class=\"accordion__item\" id=\"69e7b9d92329d\">\n\n\t\t\t\t\t\t                            <header class=\"accordion__header\">\n                                <h2 class=\"accordion__title\">Frankreich<\/h2>\n                            <\/header>\n\t\t\t\t\t\t\n\t\t\t\t\t\t                            <div class=\"accordion__content\">\n\t\t\t\t\t\t\t\t<ul>\n<li><a href=\"http:\/\/www.anpe.fr\/\" target=\"blank\">Agence Nationale pour l\u2019Emploi<\/a><\/li>\n<li><a href=\"http:\/\/www.boursorama.com\/\" target=\"blank\">Boursorama - Votre partenir por investir<\/a><\/li>\n<li><a href=\"http:\/\/www.bva.fr\/\" target=\"blank\">BVA- Institut d'Etudes de March\u00e9 et d'Opinion<\/a><\/li>\n<li><a href=\"http:\/\/www.coface.fr\/\" target=\"blank\">Coface assurance-cr\u00e9dit domestique et internationale, gestion de cr\u00e9ances, prospection et information commerciale, assurance<\/a><\/li>\n<li><a href=\"http:\/\/www.confederationpaysanne.fr\/\" target=\"blank\">Conf\u00e9d\u00e9ration paysanne<\/a><\/li>\n<li><a href=\"https:\/\/www.lecese.fr\/#\" target=\"blank\">Conseil Economique et Social (CES)<\/a><\/li>\n<li><a href=\"http:\/\/www.conso.net\/\" target=\"blank\">conso.net - Le portail de la consommation<\/a><\/li>\n<li><a href=\"http:\/\/www.efl.fr\/efl\/si\/service\/actualite\/actu.htm\" target=\"blank\">Feuillet rapide fiscal social (Editions Francis Lef\u00e8bvre) \u2013 Le partenaire de l\u2019entreprise et de son conseil<\/a><\/li>\n<li><a href=\"http:\/\/www.travail.gouv.fr\/\" target=\"blank\">Franz\u00f6sisches Arbeitsministerium \u2013 Informationen zum Arbeitsmarkt und speziellen Branchen<\/a><\/li>\n<li><a href=\"http:\/\/www.insee.fr\/fr\/home\/home_page.asp\" target=\"blank\">Institut National de la Statistique et des Etudes Economiques (INSEE)<\/a><\/li>\n<li><a href=\"https:\/\/travail-emploi.gouv.fr\/\" target=\"blank\">Minist\u00e8re des Affaires sociales, du Travail et de la Solidarit\u00e9<\/a><\/li>\n<li><a href=\"http:\/\/www.unapl.org\/\" target=\"blank\">Union Nationale des Professions Lib\u00e9rales (unapl)<\/a><\/li>\n<\/ul>\n                            <\/div>\n\t\t\t\t\t\t\n\t\t\t\t\t\t\n                    <\/div><!-- .accordion -->\n\n\t\t\t\t\n\t\t\t\t\t\t\t\n        <\/div><!-- .accordion -->\n\n\t\t<\/div><\/div><\/div><\/div>","protected":false},"excerpt":{"rendered":"<p>Allemagne Association des professeurs de langues vivantes B\u00f6rsen-Zeitung \u2013 Zeitung f\u00fcr die Finanzm\u00e4rkte Deutsche Wirtschaft.de Deutsches Branchenverzeichnis &#8211; Finden Sie lokale Firmen, Unternehmen, Gesch\u00e4fte und mehr -MisterWhat Deutsches Institut f\u00fcr Wirtschaftsforschung (DIW) Berlin Eidam &amp; Partner: Interkulturelles Training. Interkulturelles Coaching. Interkulturelles E-Learning. Interkulturelles Consulting. Institut f\u00fcr Interkulturelles Management (IFIM) Invest in France Wirtschaftsdaten (Statistische \u00c4mter [&hellip;]<\/p>\n","protected":false},"author":6,"featured_media":0,"parent":881,"menu_order":117,"comment_status":"closed","ping_status":"closed","template":"","meta":{"_bbp_topic_count":0,"_bbp_reply_count":0,"_bbp_total_topic_count":0,"_bbp_total_reply_count":0,"_bbp_voice_count":0,"_bbp_anonymous_reply_count":0,"_bbp_topic_count_hidden":0,"_bbp_reply_count_hidden":0,"_bbp_forum_subforum_count":0,"inline_featured_image":false},"acf":[],"_links":{"self":[{"href":"https:\/\/www.dfh-ufa.org\/fr\/wp-json\/wp\/v2\/pages\/9229"}],"collection":[{"href":"https:\/\/www.dfh-ufa.org\/fr\/wp-json\/wp\/v2\/pages"}],"about":[{"href":"https:\/\/www.dfh-ufa.org\/fr\/wp-json\/wp\/v2\/types\/page"}],"author":[{"embeddable":true,"href":"https:\/\/www.dfh-ufa.org\/fr\/wp-json\/wp\/v2\/users\/6"}],"replies":[{"embeddable":true,"href":"https:\/\/www.dfh-ufa.org\/fr\/wp-json\/wp\/v2\/comments?post=9229"}],"version-history":[{"count":9,"href":"https:\/\/www.dfh-ufa.org\/fr\/wp-json\/wp\/v2\/pages\/9229\/revisions"}],"predecessor-version":[{"id":1165928,"href":"https:\/\/www.dfh-ufa.org\/fr\/wp-json\/wp\/v2\/pages\/9229\/revisions\/1165928"}],"up":[{"embeddable":true,"href":"https:\/\/www.dfh-ufa.org\/fr\/wp-json\/wp\/v2\/pages\/881"}],"wp:attachment":[{"href":"https:\/\/www.dfh-ufa.org\/fr\/wp-json\/wp\/v2\/media?parent=9229"}],"curies":[{"name":"wp","href":"https:\/\/api.w.org\/{rel}","templated":true}]}}