{"id":9317,"date":"2018-07-25T11:53:54","date_gmt":"2018-07-25T09:53:54","guid":{"rendered":"https:\/\/www.dfh-ufa.org\/fr\/?page_id=9317"},"modified":"2026-03-19T12:06:51","modified_gmt":"2026-03-19T11:06:51","slug":"demande-de-soutien-en-ligne","status":"publish","type":"page","link":"https:\/\/www.dfh-ufa.org\/fr\/vous-etes\/etablissements\/evaluation\/demande-de-soutien-en-ligne","title":{"rendered":""},"content":{"rendered":"<div class=\"container\">\n<div class=\"content__container\" style=\"padding-top: 28px !important\">\n<div class=\"sidebar\">\n<aside class=\"aside__subnav\">\n<nav class=\"nav__sidebar\">\n<ul id=\"menu-header-main-1\" class=\"menu\">\n<li class=\"menu-item menu-item-type-post_type current-page-ancestor current-menu-ancestor menu-item-object-page menu-item-has-children\">\n<div class=\"menu-item-wrapper\"><a href=\"https:\/\/www.dfh-ufa.org\/fr\/vous-etes\/etablissements\/evaluation\/demande-de-soutien-en-ligne\/\">Demande de soutien en ligne<\/a><button class=\"menu-item-toggle\"><\/button><\/div>\n<ul class=\"sub-menu\">\n<li class=\"menu-item menu-item-type-post_type menu-item-object-page menu-item-has-children\">\n<div class=\"menu-item-wrapper\"><a href=\"https:\/\/www.dfh-ufa.org\/fr\/vous-etes\/etablissements\/evaluation\/demande-de-soutien-en-ligne\/informations-generales\/\">Informations g\u00e9n\u00e9rales<\/a><button class=\"menu-item-toggle\"><\/button><\/div>\n<ul class=\"sub-menu\">\n<li class=\"menu-item menu-item-type-post_type menu-item-object-page\">\n<div class=\"menu-item-wrapper\"><a href=\"https:\/\/www.dfh-ufa.org\/fr\/vous-etes\/etablissements\/evaluation\/demande-de-soutien-en-ligne\/informations-generales\/cursus\/\">Cursus<\/a><button class=\"menu-item-toggle\"><\/button><\/div>\n<\/li>\n<li class=\"menu-item menu-item-type-post_type menu-item-object-page\">\n<div class=\"menu-item-wrapper\"><a href=\"https:\/\/www.dfh-ufa.org\/fr\/vous-etes\/etablissements\/evaluation\/demande-de-soutien-en-ligne\/informations-generales\/degre-dintegration\/\">Degr\u00e9 d&rsquo;int\u00e9gration<\/a><button class=\"menu-item-toggle\"><\/button><\/div>\n<\/li>\n<li class=\"menu-item menu-item-type-post_type menu-item-object-page menu-item-has-children\">\n<div class=\"menu-item-wrapper\"><a href=\"https:\/\/www.dfh-ufa.org\/fr\/vous-etes\/etablissements\/evaluation\/demande-de-soutien-en-ligne\/informations-generales\/annexes\/\">Annexes<\/a><button class=\"menu-item-toggle\"><\/button><\/div>\n<ul class=\"sub-menu\">\n<li class=\"menu-item menu-item-type-post_type menu-item-object-page\">\n<div class=\"menu-item-wrapper\"><a href=\"https:\/\/www.dfh-ufa.org\/fr\/vous-etes\/etablissements\/evaluation\/demande-de-soutien-en-ligne\/informations-generales\/annexes\/chargement-des-annexes\/\">Chargement des annexes<\/a><button class=\"menu-item-toggle\"><\/button><\/div>\n<\/li>\n<li class=\"menu-item menu-item-type-post_type menu-item-object-page\">\n<div class=\"menu-item-wrapper\"><a href=\"https:\/\/www.dfh-ufa.org\/fr\/vous-etes\/etablissements\/evaluation\/demande-de-soutien-en-ligne\/informations-generales\/annexes\/liste-des-annexes\/\">Liste des annexes<\/a><button class=\"menu-item-toggle\"><\/button><\/div>\n<\/li>\n<\/ul>\n<\/li>\n<li class=\"menu-item menu-item-type-post_type menu-item-object-page\">\n<div class=\"menu-item-wrapper\"><a href=\"https:\/\/www.dfh-ufa.org\/fr\/vous-etes\/etablissements\/evaluation\/demande-de-soutien-en-ligne\/informations-generales\/signatures\/\">Signatures<\/a><button class=\"menu-item-toggle\"><\/button><\/div>\n<\/li>\n<li class=\"menu-item menu-item-type-post_type menu-item-object-page\">\n<div class=\"menu-item-wrapper\"><a href=\"https:\/\/www.dfh-ufa.org\/fr\/vous-etes\/etablissements\/evaluation\/demande-de-soutien-en-ligne\/informations-generales\/version-imprimable-validation\/\">Version imprimable &amp; validation<\/a><button class=\"menu-item-toggle\"><\/button><\/div>\n<\/li>\n<\/ul>\n<\/li>\n<li class=\"menu-item menu-item-type-post_type menu-item-object-page menu-item-has-children\">\n<div class=\"menu-item-wrapper\"><a href=\"https:\/\/www.dfh-ufa.org\/fr\/vous-etes\/etablissements\/evaluation\/demande-de-soutien-en-ligne\/partenaires\/\">Partenaires<\/a><button class=\"menu-item-toggle\"><\/button><\/div>\n<ul class=\"sub-menu\">\n<li class=\"menu-item menu-item-type-post_type menu-item-object-page\">\n<div class=\"menu-item-wrapper\"><a href=\"https:\/\/www.dfh-ufa.org\/fr\/vous-etes\/etablissements\/evaluation\/demande-de-soutien-en-ligne\/partenaires\/coordonnees\/\">Coordonn\u00e9es<\/a><button class=\"menu-item-toggle\"><\/button><\/div>\n<\/li>\n<li class=\"menu-item menu-item-type-post_type menu-item-object-page\">\n<div class=\"menu-item-wrapper\"><a href=\"https:\/\/www.dfh-ufa.org\/fr\/vous-etes\/etablissements\/evaluation\/demande-de-soutien-en-ligne\/partenaires\/cursus\/\">Cursus<\/a><button class=\"menu-item-toggle\"><\/button><\/div>\n<\/li>\n<li class=\"menu-item menu-item-type-post_type menu-item-object-page\">\n<div class=\"menu-item-wrapper\"><a href=\"https:\/\/www.dfh-ufa.org\/fr\/vous-etes\/etablissements\/evaluation\/demande-de-soutien-en-ligne\/partenaires\/assurance-qualite\/\">Assurance-qualit\u00e9<\/a><button class=\"menu-item-toggle\"><\/button><\/div>\n<\/li>\n<li class=\"menu-item menu-item-type-post_type menu-item-object-page\">\n<div class=\"menu-item-wrapper\"><a href=\"https:\/\/www.dfh-ufa.org\/fr\/vous-etes\/etablissements\/evaluation\/demande-de-soutien-en-ligne\/partenaires\/deroulement-du-cursus\/\">D\u00e9roulement du cursus<\/a><button class=\"menu-item-toggle\"><\/button><\/div>\n<\/li>\n<li class=\"menu-item menu-item-type-post_type menu-item-object-page\">\n<div class=\"menu-item-wrapper\"><a href=\"https:\/\/www.dfh-ufa.org\/fr\/vous-etes\/etablissements\/evaluation\/demande-de-soutien-en-ligne\/partenaires\/admission\/\">Admission<\/a><button class=\"menu-item-toggle\"><\/button><\/div>\n<\/li>\n<li class=\"menu-item menu-item-type-post_type menu-item-object-page\">\n<div class=\"menu-item-wrapper\"><a href=\"https:\/\/www.dfh-ufa.org\/fr\/vous-etes\/etablissements\/evaluation\/demande-de-soutien-en-ligne\/partenaires\/previsions-deffectifs-etudiants\/\">Pr\u00e9visions d&rsquo;effectifs \u00e9tudiants<\/a><button class=\"menu-item-toggle\"><\/button><\/div>\n<\/li>\n<li class=\"menu-item menu-item-type-post_type menu-item-object-page\">\n<div class=\"menu-item-wrapper\"><a href=\"https:\/\/www.dfh-ufa.org\/fr\/vous-etes\/etablissements\/evaluation\/demande-de-soutien-en-ligne\/partenaires\/evolution-du-nombre-detudiants\/\">Evolution du nombre d&rsquo;\u00e9tudiants<\/a><button class=\"menu-item-toggle\"><\/button><\/div>\n<\/li>\n<li class=\"menu-item menu-item-type-post_type menu-item-object-page\">\n<div class=\"menu-item-wrapper\"><a href=\"https:\/\/www.dfh-ufa.org\/fr\/vous-etes\/etablissements\/evaluation\/demande-de-soutien-en-ligne\/partenaires\/cooperation-et-encadrement\/\">Coop\u00e9ration et encadrement<\/a><button class=\"menu-item-toggle\"><\/button><\/div>\n<\/li>\n<li class=\"menu-item menu-item-type-post_type menu-item-object-page\">\n<div class=\"menu-item-wrapper\"><a href=\"https:\/\/www.dfh-ufa.org\/fr\/vous-etes\/etablissements\/evaluation\/demande-de-soutien-en-ligne\/partenaires\/competences-linguistiques\/\">Comp\u00e9tences linguistiques<\/a><button class=\"menu-item-toggle\"><\/button><\/div>\n<\/li>\n<li class=\"menu-item menu-item-type-post_type menu-item-object-page\">\n<div class=\"menu-item-wrapper\"><a href=\"https:\/\/www.dfh-ufa.org\/fr\/vous-etes\/etablissements\/evaluation\/demande-de-soutien-en-ligne\/partenaires\/contenu-du-cursus-et-debouches\/\">Contenu du cursus et d\u00e9bouch\u00e9s<\/a><button class=\"menu-item-toggle\"><\/button><\/div>\n<\/li>\n<li class=\"menu-item menu-item-type-post_type menu-item-object-page\">\n<div class=\"menu-item-wrapper\"><a href=\"https:\/\/www.dfh-ufa.org\/fr\/vous-etes\/etablissements\/evaluation\/demande-de-soutien-en-ligne\/partenaires\/dimension-interculturelle\/\">Dimension interculturelle<\/a><button class=\"menu-item-toggle\"><\/button><\/div>\n<\/li>\n<li class=\"menu-item menu-item-type-post_type menu-item-object-page\">\n<div class=\"menu-item-wrapper\"><a href=\"https:\/\/www.dfh-ufa.org\/fr\/vous-etes\/etablissements\/evaluation\/demande-de-soutien-en-ligne\/partenaires\/originalite\/\">Originalit\u00e9<\/a><button class=\"menu-item-toggle\"><\/button><\/div>\n<\/li>\n<li class=\"menu-item menu-item-type-post_type menu-item-object-page\">\n<div class=\"menu-item-wrapper\"><a href=\"https:\/\/www.dfh-ufa.org\/fr\/vous-etes\/etablissements\/evaluation\/demande-de-soutien-en-ligne\/partenaires\/developpement-et-perennisation\/\">D\u00e9veloppement et p\u00e9rennisation<\/a><button class=\"menu-item-toggle\"><\/button><\/div>\n<\/li>\n<li class=\"menu-item menu-item-type-post_type menu-item-object-page\">\n<div class=\"menu-item-wrapper\"><a href=\"https:\/\/www.dfh-ufa.org\/fr\/vous-etes\/etablissements\/evaluation\/demande-de-soutien-en-ligne\/partenaires\/verification-des-donnees\/\">V\u00e9rification des donn\u00e9es<\/a><button class=\"menu-item-toggle\"><\/button><\/div>\n<\/li>\n<\/ul>\n<\/li>\n<li class=\"menu-item menu-item-type-post_type menu-item-object-page\">\n<div class=\"menu-item-wrapper\"><a href=\"https:\/\/www.dfh-ufa.org\/fr\/vous-etes\/etablissements\/evaluation\/demande-de-soutien-en-ligne\/fermer-la-session\/\">Fermer la session<\/a><button class=\"menu-item-toggle\"><\/button><\/div>\n<\/li>\n<\/ul>\n<\/li>\n<\/ul>\n<\/nav>\n<\/aside>\n<p><!-- .aside__subnav --><\/p>\n<\/div>\n<p><!-- .sidebar --><\/p>\n<article class=\"page type-page status-publish hentry\" style=\"padding-left: 30px !important\">\n<header class=\"entry__header\">\n<h1 class=\"entry__title\">Page d&rsquo;accueil<\/h1>\n<\/header>\n<p><!-- .entry__header --><\/p>\n<div class=\"entry__content cf\">\n<div class=\"panel-layout\">\n<div class=\"panel-grid panel-no-style\">\n<div class=\"panel-grid-cell\">\n<p>Chers porteur\u00b7euses de projets,<\/p>\n<p>Voici la <strong>page d&rsquo;introduction<\/strong> de l&rsquo;aide \u00e0 l&rsquo;\u00e9laboration de votre dossier de demande de soutien pour la mise en \u0153uvre d&rsquo;un cursus franco-allemand.<br \/>\nLes pages d&rsquo;aide concernant la proc\u00e9dure de demande de soutien en ligne respectent la structure de cette derni\u00e8re avec ses rubriques \u201einformations g\u00e9n\u00e9rales\u201c et \u201epartenaires\u201c.<\/p>\n<p>D&rsquo;autres informations viendront s&rsquo;y rajouter, p.ex. des pr\u00e9cisions techniques, &#8230;<\/p>\n<h2>Nous vous invitons \u00e0 prendre connaissance des informations suivantes, avant de commencer \u00e0 r\u00e9diger votre demande de soutien:<\/h2>\n<h3>Choix de la langue<\/h3>\n<p>La demande de soutien peut \u00eatre affich\u00e9e en version fran\u00e7aise ou en version allemande (toutes les questions et informations figurant dans le formulaire de demande de soutien sont soit en fran\u00e7ais soit en allemand). Il s\u2019agit toutefois d\u2019<strong>un seul et unique<\/strong> formulaire que les partenaires de la coop\u00e9ration remplissent ensemble.<br \/>\nToutefois, les <strong>r\u00e9ponses<\/strong> de <strong>l&rsquo;\u00e9tablissement fran\u00e7ais<\/strong> devront \u00eatre r\u00e9dig\u00e9es en <strong>fran\u00e7ais<\/strong> et celles de <strong>l&rsquo;\u00e9tablissement allemand<\/strong> en allemand. Pour les coop\u00e9rations trinationales, les informations concernant <strong>l&rsquo;\u00e9tablissement du pays tiers<\/strong> peuvent, au choix, \u00eatre fournies en <strong>fran\u00e7ais ou en allemand. <\/strong>Veuillez cependant utiliser syst\u00e9matiquement la m\u00eame langue pour les informations fournies par l\u2019\u00e9tablissement partenaire du pays tiers. Il ne devra cependant pas s\u2019agir de traductions. Les informations fournies par l\u2019\u00e9tablissement fran\u00e7ais doivent surtout concerner les modalit\u00e9s de mise en \u0153uvre du cursus du c\u00f4t\u00e9 fran\u00e7ais et les informations fournies par l\u2019\u00e9tablissement allemand les modalit\u00e9s de mise en \u0153uvre du c\u00f4t\u00e9 allemand.<strong><br \/>\n<\/strong><\/p>\n<h6><\/h6>\n<h3>Aide<\/h3>\n<p><strong>Sp\u00e9cifique \u00e0 chaque rubrique \/ onglet :<br \/>\n<\/strong>La rubrique \u201eaide\u201c (bouton sur chaque page) vous apporte des informations relatives \u00e0 l&rsquo;\u00e9laboration de la demande de soutien et \u00e0 certaines questions de la rubrique \/ de l&rsquo;onglet concern\u00e9(e). Nous vous recommandons de les lire, avant de traiter la rubrique \/ l&rsquo;onglet concern\u00e9(e).<\/p>\n<p><strong>G\u00e9n\u00e9ralit\u00e9 :<\/strong><\/p>\n<p>Les pages d&rsquo;aide sont disponibles sous le lien suivant :<br \/>\n<a href=\"https:\/\/www.dfh-ufa.org\/fr\/vous-etes\/etablissements\/evaluation\/demande-de-soutien-en-ligne\">https:\/\/www.dfh-ufa.org\/fr\/vous-etes\/etablissements\/evaluation\/demande-de-soutien-en-ligne<\/a><\/p>\n<p>Dans la rubrique \u201eaide\u201c, vous trouverez \u00e9galement des compl\u00e9ments d&rsquo;information relatifs \u00e0 la demande de soutien et \u00e0 l&rsquo;\u00e9valuation.<\/p>\n<h6><\/h6>\n<h3>Veillez \u00e0 sauvegarder vos donn\u00e9es !<\/h3>\n<p>Seules les donn\u00e9es de l&rsquo;onglet actuellement visible \u00e0 l&rsquo;\u00e9cran seront sauvegard\u00e9es, c&rsquo;est \u00e0 dire que vous devez <strong>toujours<\/strong> sauvegarder vos donn\u00e9es avant de passer \u00e0 la rubrique \/ \u00e0 l&rsquo;onglet suivant(e). Il n&rsquo;y a pas de bouton de sauvegarde qui vous permette d&rsquo;enregistrer simultan\u00e9ment toutes les donn\u00e9es des diff\u00e9rentes rubriques et onglets.<\/p>\n<p>Les donn\u00e9es <strong>non sauvegard\u00e9es<\/strong> seront irr\u00e9m\u00e9diablement <strong>perdues<\/strong> en cas d&rsquo;une panne du syst\u00e8me, lorsque vous quittez le formulaire ou dans d&rsquo;autres cas semblables !<\/p>\n<h6><\/h6>\n<h3>Plan du formulaire de demande de soutien en ligne<\/h3>\n<p>La structure arborescente \u00e0 gauche de l&rsquo;\u00e9cran affiche les diff\u00e9rentes rubriques du formulaire de demande de soutien :<\/p>\n<ul>\n<li>La 1re rubrique <strong>\u201eInformations g\u00e9n\u00e9rales\u201c<\/strong> comporte 6 onglets qui concernent tous les partenaires et doivent donc \u00eatre remplis de mani\u00e8re concert\u00e9e et <strong>conjointe<\/strong> par les partenaires de coop\u00e9ration ;<\/li>\n<li>La partie <strong>\u201epartenaires\u201c<\/strong>, comporte 13 \u00e0 14 rubriques que chaque \u00e9tablissement doit remplir <strong>s\u00e9par\u00e9ment<\/strong> (un onglet par \u00e9tablissement).<\/li>\n<\/ul>\n<h6><\/h6>\n<p>Cliquez sur une rubrique pour la s\u00e9lectionner et commencer \u00e0 la traiter. Chaque rubrique peut \u00eatre trait\u00e9e dans un ordre ind\u00e9termin\u00e9.<\/p>\n<p>Veuillez noter que les onglets des \u00e9tablissements sont dispos\u00e9s dans l&rsquo;ordre suivant :<br \/>\n\u00e9tablissement allemand,<br \/>\n\u00e9tablissement fran\u00e7ais,<br \/>\nle cas \u00e9ch\u00e9ant, \u00e9tablissement du pays tiers.<br \/>\nPour des raisons techniques, l\u2019onglet de l\u2019\u00e9tablissement allemand appara\u00eet toujours en premier lors de la premi\u00e8re ouverture de la rubrique (conform\u00e9ment \u00e0 la disposition des onglets) ; ensuite, appara\u00eet l\u2019onglet dans lequel vous vous trouviez en dernier.<\/p>\n<h6><\/h6>\n<h3>Possibilit\u00e9 pour les partenaires de travailler simultan\u00e9ment dans la demande de soutien<\/h3>\n<p>Etant donn\u00e9 que la sauvegarde des donn\u00e9es s&rsquo;effectue par rubrique et par onglet, il vous est possible de travailler en m\u00eame temps que votre (vos) partenaire(s) dans diff\u00e9rents onglets du formulaire en ligne.<br \/>\nSeule exception : il <strong>n&rsquo;est pas<\/strong> possible de <strong>travailler simultan\u00e9ment<\/strong> dans la rubrique \u201einformations g\u00e9n\u00e9rales\u201c, dans la mesure o\u00f9 les r\u00e9ponses sont conjointes \u00e0 la coop\u00e9ration.<\/p>\n<h6><\/h6>\n<h3>Consultation des informations saisies par <strong>l\u2019 (les) \u00e9tablissement(s) <\/strong>partenaire(s)<\/h3>\n<p>Vous pouvez \u00e0 tout moment consulter les informations saisies par votre(vos) partenaire(s). Si vous travaillez simultan\u00e9ment dans la demande de soutien en ligne, les donn\u00e9es nouvellement sauvegard\u00e9es par votre(vos) partenaire(s) ne s&rsquo;afficheront sur votre page qu&rsquo;apr\u00e8s avoir cliqu\u00e9 sur \u201echarger \u00e0 nouveau cette rubrique avec tous les onglets \u201c. Alternativement, vous pouvez \u00e9galement fermer et rouvrir votre dossier.<\/p>\n<h6><\/h6>\n<h3>Donn\u00e9es non modifiables<\/h3>\n<p>Les champs en gris \u2013 renseignements concernant les partenaires et leurs coordonn\u00e9es, la d\u00e9nomination du cursus, &#8230; \u2013 ne peuvent pas \u00eatre modifi\u00e9s. Nous vous prions de v\u00e9rifier ces champs <strong>avant<\/strong> de proc\u00e9der \u00e0 l&rsquo;\u00e9laboration de la demande et de signaler aux collaborateur\u00b7trices de l&rsquo;UFA les corrections qui seraient n\u00e9cessaires (\u00e0 l&rsquo;exception des effectifs \u00e9tudiants que vous pourrez commenter dans le formulaire).<\/p>\n<h6><\/h6>\n<h3>Pr\u00e9cisions techniques relatives aux champs<\/h3>\n<ul>\n<li>Dans les champs oui\/non, la r\u00e9ponse \u201enon\u201c a \u00e9t\u00e9 coch\u00e9e par d\u00e9faut, pour des raisons techniques.<\/li>\n<li>Les champs de texte ont \u00e9t\u00e9 con\u00e7us de mani\u00e8re \u00e0 s&rsquo;agrandir automatiquement.<\/li>\n<\/ul>\n<h6><\/h6>\n<h3>Version imprimable de la demande de soutien<\/h3>\n<p>La version imprimable de la demande de soutien peut \u00eatre \u00e9dit\u00e9e \u00e0 tout moment de l&rsquo;\u00e9laboration du dossier en ligne, en cliquant sous la rubrique \u201einformations g\u00e9n\u00e9rales\u201c sur l&rsquo;onglet \u201eversion imprimable &amp; validation\u201c.<br \/>\nElle comporte toutes les informations que vous avez enregistr\u00e9es dans les champs de saisie et une liste des annexes que vous avez charg\u00e9es.<br \/>\nL&rsquo;UFA transmettra cette version imprimable ainsi que les annexes fournies aux expert\u00b7es.<\/p>\n<h6><\/h6>\n<h3>Expiration du d\u00e9lai de d\u00e9p\u00f4t de demande de soutien<\/h3>\n<p>Le d\u00e9lai de d\u00e9p\u00f4t d&rsquo;une demande de soutien expire le 31.10.2025 \u00e0 23 heures 59.<br \/>\nCe d\u00e9lai ne pourra <strong>PAS \u00eatre prolong\u00e9.<br \/>\n<\/strong>Si la demande de soutien n&rsquo;a <strong>pas \u00e9t\u00e9 valid\u00e9e<\/strong> \u00e0 cette date, elle <strong>ne pourra<\/strong> plus <strong>\u00eatre prise en compte.<\/strong><\/p>\n<h6><\/h6>\n<h3>Transmission d\u00e9finitive du dossier de demande de soutien \u00e0 l&rsquo;UFA<\/h3>\n<p>Nous attirons votre attention sur le fait qu&rsquo;en cliquant sur le bouton <strong>\u201evalidation\u201c<\/strong>, le dossier de demande de soutien sera d\u00e9finitivement transmis \u00e0 l&rsquo;UFA et <strong>le processus d&rsquo;\u00e9laboration de la demande d\u00e9finitivement termin\u00e9.<\/strong><br \/>\n<strong>Il ne sera alors plus possible<\/strong> d&rsquo;apporter des <strong>modifications<\/strong> \u00e0 la demande de soutien.<br \/>\nPour plus de pr\u00e9cisions sur la validation de la demande de soutien, veuillez consulter la rubrique <strong>\u201einformations g\u00e9n\u00e9rales\u201c<\/strong>, onglet <strong>\u201eversion imprimable &amp; validation\u201c<\/strong>.<\/p>\n<\/div>\n<div class=\"panel-grid-cell\">\n<p>Nous nous tenons volontiers \u00e0 votre disposition en cas de&#8230;<\/p>\n<p><strong>&#8230;questions concernant la demande de soutien et la proc\u00e9dure d&rsquo;\u00e9valuation :<\/strong><br \/>\nSabine Kletzke-Vukovi\u0107 (+49 681\/93812-166 ; kletzke(at)dfh-ufa.org)<br \/>\nDanielle Weislinger (+49 681\/93812-163 ; weislinger(at)dfh-ufa.org)<br \/>\nNadia Huppert (+49 681\/93812-153 ; huppert(at)dfh-ufa.org)<\/p>\n<p><strong>&#8230;questions techniques :<\/strong><br \/>\nLes questions d&rsquo;ordre technique seront transmises par Sabine Kletzke-Vukovi\u0107, Danielle Weislinger et\/ou Nadia Huppert au service \u00ab\u00a0Syst\u00e8mes d&rsquo;information et m\u00e9dias num\u00e9riques\u00a0\u00bb.<\/p>\n<\/div>\n<\/div>\n<\/div>\n<\/div>\n<p><!-- .entry-content --><\/p>\n<\/article>\n<p><!-- #post-851 --><br \/>\n<!-- .main --><\/p>\n<\/div>\n<p><!-- .content__container --><\/p>\n<\/div>\n","protected":false},"excerpt":{"rendered":"<p>Demande de soutien en ligne Informations g\u00e9n\u00e9rales Cursus Degr\u00e9 d&rsquo;int\u00e9gration Annexes Chargement des annexes Liste des annexes Signatures Version imprimable &amp; validation Partenaires Coordonn\u00e9es Cursus Assurance-qualit\u00e9 D\u00e9roulement du cursus Admission Pr\u00e9visions d&rsquo;effectifs \u00e9tudiants Evolution du nombre d&rsquo;\u00e9tudiants Coop\u00e9ration et encadrement Comp\u00e9tences linguistiques Contenu du cursus et d\u00e9bouch\u00e9s Dimension interculturelle Originalit\u00e9 D\u00e9veloppement et p\u00e9rennisation V\u00e9rification des [&hellip;]<\/p>\n","protected":false},"author":3,"featured_media":0,"parent":850,"menu_order":1275,"comment_status":"closed","ping_status":"closed","template":"templates\/tpl.full-width.php","meta":{"_bbp_topic_count":0,"_bbp_reply_count":0,"_bbp_total_topic_count":0,"_bbp_total_reply_count":0,"_bbp_voice_count":0,"_bbp_anonymous_reply_count":0,"_bbp_topic_count_hidden":0,"_bbp_reply_count_hidden":0,"_bbp_forum_subforum_count":0,"inline_featured_image":false},"acf":[],"_links":{"self":[{"href":"https:\/\/www.dfh-ufa.org\/fr\/wp-json\/wp\/v2\/pages\/9317"}],"collection":[{"href":"https:\/\/www.dfh-ufa.org\/fr\/wp-json\/wp\/v2\/pages"}],"about":[{"href":"https:\/\/www.dfh-ufa.org\/fr\/wp-json\/wp\/v2\/types\/page"}],"author":[{"embeddable":true,"href":"https:\/\/www.dfh-ufa.org\/fr\/wp-json\/wp\/v2\/users\/3"}],"replies":[{"embeddable":true,"href":"https:\/\/www.dfh-ufa.org\/fr\/wp-json\/wp\/v2\/comments?post=9317"}],"version-history":[{"count":39,"href":"https:\/\/www.dfh-ufa.org\/fr\/wp-json\/wp\/v2\/pages\/9317\/revisions"}],"predecessor-version":[{"id":1963731,"href":"https:\/\/www.dfh-ufa.org\/fr\/wp-json\/wp\/v2\/pages\/9317\/revisions\/1963731"}],"up":[{"embeddable":true,"href":"https:\/\/www.dfh-ufa.org\/fr\/wp-json\/wp\/v2\/pages\/850"}],"wp:attachment":[{"href":"https:\/\/www.dfh-ufa.org\/fr\/wp-json\/wp\/v2\/media?parent=9317"}],"curies":[{"name":"wp","href":"https:\/\/api.w.org\/{rel}","templated":true}]}}