{"id":9325,"date":"2018-07-25T15:47:10","date_gmt":"2018-07-25T13:47:10","guid":{"rendered":"https:\/\/www.dfh-ufa.org\/fr\/?page_id=9325"},"modified":"2022-04-28T10:12:50","modified_gmt":"2022-04-28T08:12:50","slug":"version-imprimable-validation","status":"publish","type":"page","link":"https:\/\/www.dfh-ufa.org\/fr\/vous-etes\/etablissements\/evaluation\/demande-de-soutien-en-ligne\/informations-generales\/version-imprimable-validation","title":{"rendered":""},"content":{"rendered":"<div class=\"container\">\n<div class=\"content__container\" style=\"padding-top: 28px !important\">\n<div class=\"sidebar\">\n<aside class=\"aside__subnav\">\n<nav class=\"nav__sidebar\">\n<ul id=\"menu-header-main-1\" class=\"menu\">\n<li class=\"menu-item menu-item-type-post_type current-page-ancestor current-menu-ancestor current-menu-parent current-page-parent menu-item-object-page menu-item-has-children\">\n<div class=\"menu-item-wrapper\"><a href=\"https:\/\/www.dfh-ufa.org\/fr\/vous-etes\/etablissements\/evaluation\/demande-de-soutien-en-ligne\/\">Demande de soutien en ligne<\/a><button class=\"menu-item-toggle\"><\/button><\/div>\n<ul class=\"sub-menu\">\n<li class=\"menu-item menu-item-type-post_type current-page-ancestor current-menu-ancestor menu-item-object-page menu-item-has-children\">\n<div class=\"menu-item-wrapper\"><a href=\"https:\/\/www.dfh-ufa.org\/fr\/vous-etes\/etablissements\/evaluation\/demande-de-soutien-en-ligne\/informations-generales\/\">Informations g\u00e9n\u00e9rales<\/a><button class=\"menu-item-toggle\"><\/button><\/div>\n<ul class=\"sub-menu\">\n<li class=\"menu-item menu-item-type-post_type menu-item-object-page\">\n<div class=\"menu-item-wrapper\"><a href=\"https:\/\/www.dfh-ufa.org\/fr\/vous-etes\/etablissements\/evaluation\/demande-de-soutien-en-ligne\/informations-generales\/cursus\/\">Cursus<\/a><button class=\"menu-item-toggle\"><\/button><\/div>\n<\/li>\n<li class=\"menu-item menu-item-type-post_type menu-item-object-page\">\n<div class=\"menu-item-wrapper\"><a href=\"https:\/\/www.dfh-ufa.org\/fr\/vous-etes\/etablissements\/evaluation\/demande-de-soutien-en-ligne\/informations-generales\/degre-dintegration\/\">Degr\u00e9 d&rsquo;int\u00e9gration<\/a><button class=\"menu-item-toggle\"><\/button><\/div>\n<\/li>\n<li class=\"menu-item menu-item-type-post_type menu-item-object-page menu-item-has-children\">\n<div class=\"menu-item-wrapper\"><a href=\"https:\/\/www.dfh-ufa.org\/fr\/vous-etes\/etablissements\/evaluation\/demande-de-soutien-en-ligne\/informations-generales\/annexes\/\">Annexes<\/a><button class=\"menu-item-toggle\"><\/button><\/div>\n<ul class=\"sub-menu\">\n<li class=\"menu-item menu-item-type-post_type menu-item-object-page\">\n<div class=\"menu-item-wrapper\"><a href=\"https:\/\/www.dfh-ufa.org\/fr\/vous-etes\/etablissements\/evaluation\/demande-de-soutien-en-ligne\/informations-generales\/annexes\/chargement-des-annexes\/\">Chargement des annexes<\/a><button class=\"menu-item-toggle\"><\/button><\/div>\n<\/li>\n<li class=\"menu-item menu-item-type-post_type menu-item-object-page\">\n<div class=\"menu-item-wrapper\"><a href=\"https:\/\/www.dfh-ufa.org\/fr\/vous-etes\/etablissements\/evaluation\/demande-de-soutien-en-ligne\/informations-generales\/annexes\/liste-des-annexes\/\">Liste des annexes<\/a><button class=\"menu-item-toggle\"><\/button><\/div>\n<\/li>\n<\/ul>\n<\/li>\n<li class=\"menu-item menu-item-type-post_type_item menu-item-object-page\">\n<div class=\"menu-item-wrapper\"><a href=\"https:\/\/www.dfh-ufa.org\/fr\/vous-etes\/etablissements\/evaluation\/demande-de-soutien-en-ligne\/informations-generales\/signatures\/\">Signatures<\/a><button class=\"menu-item-toggle\"><\/button><\/div>\n<\/li>\n<li class=\"menu-item menu-item-type-post_type current-menu-item page_item current_page menu-item-object-page\">\n<div class=\"menu-item-wrapper\"><a href=\"https:\/\/www.dfh-ufa.org\/fr\/vous-etes\/etablissements\/evaluation\/demande-de-soutien-en-ligne\/informations-generales\/version-imprimable-validation\/\">Version imprimable &amp; validation<\/a><button class=\"menu-item-toggle\"><\/button><\/div>\n<\/li>\n<\/ul>\n<\/li>\n<li class=\"menu-item menu-item-type-post_type menu-item-object-page menu-item-has-children\">\n<div class=\"menu-item-wrapper\"><a href=\"https:\/\/www.dfh-ufa.org\/fr\/vous-etes\/etablissements\/evaluation\/demande-de-soutien-en-ligne\/partenaires\/\">Partenaires<\/a><button class=\"menu-item-toggle\"><\/button><\/div>\n<ul class=\"sub-menu\">\n<li class=\"menu-item menu-item-type-post_type menu-item-object-page\">\n<div class=\"menu-item-wrapper\"><a href=\"https:\/\/www.dfh-ufa.org\/fr\/vous-etes\/etablissements\/evaluation\/demande-de-soutien-en-ligne\/partenaires\/coordonnees\/\">Coordonn\u00e9es<\/a><button class=\"menu-item-toggle\"><\/button><\/div>\n<\/li>\n<li class=\"menu-item menu-item-type-post_type menu-item-object-page\">\n<div class=\"menu-item-wrapper\"><a href=\"https:\/\/www.dfh-ufa.org\/fr\/vous-etes\/etablissements\/evaluation\/demande-de-soutien-en-ligne\/partenaires\/cursus\/\">Cursus<\/a><button class=\"menu-item-toggle\"><\/button><\/div>\n<\/li>\n<li class=\"menu-item menu-item-type-post_type menu-item-object-page\">\n<div class=\"menu-item-wrapper\"><a href=\"https:\/\/www.dfh-ufa.org\/fr\/vous-etes\/etablissements\/evaluation\/demande-de-soutien-en-ligne\/partenaires\/assurance-qualite\/\">Assurance-qualit\u00e9<\/a><button class=\"menu-item-toggle\"><\/button><\/div>\n<\/li>\n<li class=\"menu-item menu-item-type-post_type menu-item-object-page\">\n<div class=\"menu-item-wrapper\"><a href=\"https:\/\/www.dfh-ufa.org\/fr\/vous-etes\/etablissements\/evaluation\/demande-de-soutien-en-ligne\/partenaires\/deroulement-du-cursus\/\">D\u00e9roulement du cursus<\/a><button class=\"menu-item-toggle\"><\/button><\/div>\n<\/li>\n<li class=\"menu-item menu-item-type-post_type menu-item-object-page\">\n<div class=\"menu-item-wrapper\"><a href=\"https:\/\/www.dfh-ufa.org\/fr\/vous-etes\/etablissements\/evaluation\/demande-de-soutien-en-ligne\/partenaires\/admission\/\">Admission<\/a><button class=\"menu-item-toggle\"><\/button><\/div>\n<\/li>\n<li class=\"menu-item menu-item-type-post_type menu-item-object-page\">\n<div class=\"menu-item-wrapper\"><a href=\"https:\/\/www.dfh-ufa.org\/fr\/vous-etes\/etablissements\/evaluation\/demande-de-soutien-en-ligne\/partenaires\/previsions-deffectifs-etudiants\/\">Pr\u00e9visions d&rsquo;effectifs \u00e9tudiants<\/a><button class=\"menu-item-toggle\"><\/button><\/div>\n<\/li>\n<li class=\"menu-item menu-item-type-post_type menu-item-object-page\">\n<div class=\"menu-item-wrapper\"><a href=\"https:\/\/www.dfh-ufa.org\/fr\/vous-etes\/etablissements\/evaluation\/demande-de-soutien-en-ligne\/partenaires\/evolution-du-nombre-detudiants\/\">Evolution du nombre d&rsquo;\u00e9tudiants<\/a><button class=\"menu-item-toggle\"><\/button><\/div>\n<\/li>\n<li class=\"menu-item menu-item-type-post_type menu-item-object-page\">\n<div class=\"menu-item-wrapper\"><a href=\"https:\/\/www.dfh-ufa.org\/fr\/vous-etes\/etablissements\/evaluation\/demande-de-soutien-en-ligne\/partenaires\/cooperation-et-encadrement\/\">Coop\u00e9ration et encadrement<\/a><button class=\"menu-item-toggle\"><\/button><\/div>\n<\/li>\n<li class=\"menu-item menu-item-type-post_type menu-item-object-page\">\n<div class=\"menu-item-wrapper\"><a href=\"https:\/\/www.dfh-ufa.org\/fr\/vous-etes\/etablissements\/evaluation\/demande-de-soutien-en-ligne\/partenaires\/competences-linguistiques\/\">Comp\u00e9tences linguistiques<\/a><button class=\"menu-item-toggle\"><\/button><\/div>\n<\/li>\n<li class=\"menu-item menu-item-type-post_type menu-item-object-page\">\n<div class=\"menu-item-wrapper\"><a href=\"https:\/\/www.dfh-ufa.org\/fr\/vous-etes\/etablissements\/evaluation\/demande-de-soutien-en-ligne\/partenaires\/contenu-du-cursus-et-debouches\/\">Contenu du cursus et d\u00e9bouch\u00e9s<\/a><button class=\"menu-item-toggle\"><\/button><\/div>\n<\/li>\n<li class=\"menu-item menu-item-type-post_type menu-item-object-page\">\n<div class=\"menu-item-wrapper\"><a href=\"https:\/\/www.dfh-ufa.org\/fr\/vous-etes\/etablissements\/evaluation\/demande-de-soutien-en-ligne\/partenaires\/dimension-interculturelle\/\">Dimension interculturelle<\/a><button class=\"menu-item-toggle\"><\/button><\/div>\n<\/li>\n<li class=\"menu-item menu-item-type-post_type menu-item-object-page\">\n<div class=\"menu-item-wrapper\"><a href=\"https:\/\/www.dfh-ufa.org\/fr\/vous-etes\/etablissements\/evaluation\/demande-de-soutien-en-ligne\/partenaires\/originalite\/\">Originalit\u00e9<\/a><button class=\"menu-item-toggle\"><\/button><\/div>\n<\/li>\n<li class=\"menu-item menu-item-type-post_type menu-item-object-page\">\n<div class=\"menu-item-wrapper\"><a href=\"https:\/\/www.dfh-ufa.org\/fr\/vous-etes\/etablissements\/evaluation\/demande-de-soutien-en-ligne\/partenaires\/developpement-et-perennisation\/\">D\u00e9veloppement et p\u00e9rennisation<\/a><button class=\"menu-item-toggle\"><\/button><\/div>\n<\/li>\n<li class=\"menu-item menu-item-type-post_type menu-item-object-page\">\n<div class=\"menu-item-wrapper\"><a href=\"https:\/\/www.dfh-ufa.org\/fr\/vous-etes\/etablissements\/evaluation\/demande-de-soutien-en-ligne\/partenaires\/verification-des-donnees\/\">V\u00e9rification des donn\u00e9es<\/a><button class=\"menu-item-toggle\"><\/button><\/div>\n<\/li>\n<\/ul>\n<\/li>\n<li class=\"menu-item menu-item-type-post_type menu-item-object-page\">\n<div class=\"menu-item-wrapper\"><a href=\"https:\/\/www.dfh-ufa.org\/fr\/vous-etes\/etablissements\/evaluation\/demande-de-soutien-en-ligne\/fermer-la-session\/\">Fermer la session<\/a><button class=\"menu-item-toggle\"><\/button><\/div>\n<\/li>\n<\/ul>\n<\/li>\n<\/ul>\n<\/nav>\n<\/aside>\n<\/div>\n<article class=\"page type-page status-publish hentry\" style=\"padding-left: 30px !important\">\n<header class=\"entry__header\">\n<h1 class=\"entry__title\">Version imprimable &amp; validation<\/h1>\n<\/header>\n<div class=\"entry__content cf\">\n<h2>Remarques g\u00e9n\u00e9rales :<\/h2>\n<ul>\n<li>Cette partie doit \u00eatre remplie conjointement par les partenaires.<\/li>\n<li>Les partenaires ne peuvent pas travailler simultan\u00e9ment sur cette page (c.-\u00e0-d. dans cet onglet).<\/li>\n<\/ul>\n<h2>ATTENTION :<\/h2>\n<p><span lang=\"FR\">La <strong>validation<\/strong> de la demande de soutien (c.-\u00e0-d. la transmission en ligne du dossier de demande de soutien \u00e0 l&rsquo;UFA) est <strong>d\u00e9finitive, sans possibilit\u00e9 de revenir en arri\u00e8re. <\/strong>Elle<\/span> est ex\u00e9cut\u00e9e, apr\u00e8s concertation entre les partenaires, par l\u2019un des \u00e9tablissements partenaires.<\/p>\n<p><span lang=\"FR\">Toute<strong> demande de soutien non valid\u00e9e au 31.10. \u00e0 23h59<\/strong> sera consid\u00e9r\u00e9e comme <strong>n\u2019ayant<\/strong> <\/span>pas \u00e9t\u00e9 d\u00e9pos\u00e9e et ne pourra plus \u00eatre prise en compte.<\/p>\n<h2>Autres remarques :<\/h2>\n<p>Dans la rubrique \u00ab\u00a0V\u00e9rification des donn\u00e9es\u00a0\u00bb appara\u00eet le r\u00e9sultat de chaque \u00e9tablissement. Cette v\u00e9rification doit avoir \u00e9t\u00e9 effectu\u00e9e au pr\u00e9alable par chaque partenaire dans la rubrique \u00ab\u00a0V\u00e9rification des donn\u00e9es\u00a0\u00bb.<\/p>\n<ul>\n<li>\u00ab\u00a0Complet\u00a0\u00bb signifie que tous les champs ont \u00e9t\u00e9 remplis.<\/li>\n<li>\u00ab\u00a0Incomplet\u00a0\u00bb signifie qu\u2019un ou plusieurs champs n\u2019ont pas \u00e9t\u00e9 remplis (d\u00e9lib\u00e9r\u00e9ment ou non). Des pr\u00e9cisions \u00e0 ce sujet figurent sous la rubrique \u201eV\u00e9rification des donn\u00e9es\u201c. Une validation de la demande de soutien est n\u00e9anmoins possible. Nous attirons encore une fois votre attention sur le fait qu\u2019il est de la responsabilit\u00e9 de l\u2019\u00e9tablissement porteur de projet de veiller \u00e0 ce que le formulaire de demande de soutien soit rempli de mani\u00e8re pr\u00e9cise.<\/li>\n<li>\u00ab\u00a0Non v\u00e9rifi\u00e9\u00a0\u00bb signifie que la v\u00e9rification des donn\u00e9es n\u2019a pas encore \u00e9t\u00e9 effectu\u00e9e.<\/li>\n<\/ul>\n<h6><\/h6>\n<p><span lang=\"FR\">Lorsque l\u2019un des partenaires a :<\/span><\/p>\n<ul>\n<li><span lang=\"FR\"><strong>rempli tous les champs<\/strong><\/span><\/li>\n<li><span lang=\"FR\"><strong>charg\u00e9 <\/strong>toutes ses <strong>annexes<\/strong> et la <strong>page de signatures<\/strong><\/span><\/li>\n<li><span lang=\"FR\">termin\u00e9 <strong>la v\u00e9rification des donn\u00e9es<\/strong>,<\/span><\/li>\n<\/ul>\n<h6><\/h6>\n<p><span lang=\"FR\">le processus d\u2019\u00e9laboration de la demande de soutien peut \u00eatre cl\u00f4tur\u00e9. Pour ce faire, cochez les cases correspondantes dans la colonne \u00ab\u00a0Saisie termin\u00e9e\u00a0\u00bb.<\/span><\/p>\n<p><span lang=\"FR\">Lorsque tous les partenaires ont cl\u00f4tur\u00e9 l\u2019\u00e9laboration de la demande de soutien, le bouton \u00ab\u00a0Validation\u00a0\u00bb devient actif. La \u00ab\u00a0Validation\u00a0\u00bb de la demande de soutien <\/span>(\u00e0 savoir la transmission en ligne du dossier de demande de soutien \u00e0 l\u2019UFA) est alors possible. Cette op\u00e9ration est effectu\u00e9e, apr\u00e8s concertation, par l\u2019<strong>un<\/strong> des \u00e9tablissements partenaires.<\/p>\n<p><strong><span lang=\"FR\">ATTENTION : La validation est d\u00e9finitive et il ne sera pas possible de revenir en arri\u00e8re. <\/span><\/strong><\/p>\n<p><strong>Il n\u2019y aura pas de d\u00e9lai suppl\u00e9mentaire pour fournir les \u00e9l\u00e9ments manquants. Veuillez donc vous assurer que votre dossier soit bien complet\u00a0! Les dossiers de demande de soutien incomplets seront refus\u00e9s pour raisons formelles.<\/strong><\/p>\n<h2>Version imprimable de la demande de soutien<\/h2>\n<p>\u00c0 l\u2019aide du bouton \u00ab\u00a0t\u00e9l\u00e9charger la demande de soutien au format PDF\u00a0\u00bb, vous pouvez \u00e9diter une version imprimable de votre demande de soutien qui contient les donn\u00e9es saisies par tous les partenaires et mentionne les annexes charg\u00e9es.<\/p>\n<p>Ce document peut \u00eatre \u00e9dit\u00e9 \u00e0 tout moment. Toutefois, la version imprimable de la demande de soutien devra imp\u00e9rativement \u00eatre \u00e9dit\u00e9e apr\u00e8s enregistrement de toutes les donn\u00e9es et de toutes les annexes par tous les partenaires, afin de soumettre le dossier de demande de soutien en m\u00eame temps que la page de signatures \u00e0 votre direction d\u2019\u00e9tablissement.<\/p>\n<p>Si un message d&rsquo;erreur appara\u00eet lorsque vous ouvrez le document PDF dans votre navigateur (en particulier avec Firefox qui int\u00e8gre un lecteur de PDF qui n&rsquo;est pas compatible avec nos documents PDF), veuillez suivre cette proc\u00e9dure :<br \/>\nEnregistrez le document PDF en appuyant sur le bouton droit de la souris et en choisissant \u00ab\u00a0Enregistrer la cible sous\u00a0\u00bb, puis ouvrez le document avec Adobe Reader.<\/p>\n<p>Veuillez contacter l\u2019UFA si vous rencontrez des probl\u00e8mes lors de la cr\u00e9ation de la version imprimable au format PDF.<\/p>\n<\/div>\n<\/article>\n<\/div>\n<p><!-- .content__container --><\/p>\n<\/div>\n","protected":false},"excerpt":{"rendered":"<p>Demande de soutien en ligne Informations g\u00e9n\u00e9rales Cursus Degr\u00e9 d&rsquo;int\u00e9gration Annexes Chargement des annexes Liste des annexes Signatures Version imprimable &amp; validation Partenaires Coordonn\u00e9es Cursus Assurance-qualit\u00e9 D\u00e9roulement du cursus Admission Pr\u00e9visions d&rsquo;effectifs \u00e9tudiants Evolution du nombre d&rsquo;\u00e9tudiants Coop\u00e9ration et encadrement Comp\u00e9tences linguistiques Contenu du cursus et d\u00e9bouch\u00e9s Dimension interculturelle Originalit\u00e9 D\u00e9veloppement et p\u00e9rennisation V\u00e9rification des [&hellip;]<\/p>\n","protected":false},"author":3,"featured_media":0,"parent":9319,"menu_order":1709,"comment_status":"closed","ping_status":"closed","template":"templates\/tpl.full-width.php","meta":{"_bbp_topic_count":0,"_bbp_reply_count":0,"_bbp_total_topic_count":0,"_bbp_total_reply_count":0,"_bbp_voice_count":0,"_bbp_anonymous_reply_count":0,"_bbp_topic_count_hidden":0,"_bbp_reply_count_hidden":0,"_bbp_forum_subforum_count":0,"inline_featured_image":false},"acf":[],"_links":{"self":[{"href":"https:\/\/www.dfh-ufa.org\/fr\/wp-json\/wp\/v2\/pages\/9325"}],"collection":[{"href":"https:\/\/www.dfh-ufa.org\/fr\/wp-json\/wp\/v2\/pages"}],"about":[{"href":"https:\/\/www.dfh-ufa.org\/fr\/wp-json\/wp\/v2\/types\/page"}],"author":[{"embeddable":true,"href":"https:\/\/www.dfh-ufa.org\/fr\/wp-json\/wp\/v2\/users\/3"}],"replies":[{"embeddable":true,"href":"https:\/\/www.dfh-ufa.org\/fr\/wp-json\/wp\/v2\/comments?post=9325"}],"version-history":[{"count":17,"href":"https:\/\/www.dfh-ufa.org\/fr\/wp-json\/wp\/v2\/pages\/9325\/revisions"}],"predecessor-version":[{"id":1171813,"href":"https:\/\/www.dfh-ufa.org\/fr\/wp-json\/wp\/v2\/pages\/9325\/revisions\/1171813"}],"up":[{"embeddable":true,"href":"https:\/\/www.dfh-ufa.org\/fr\/wp-json\/wp\/v2\/pages\/9319"}],"wp:attachment":[{"href":"https:\/\/www.dfh-ufa.org\/fr\/wp-json\/wp\/v2\/media?parent=9325"}],"curies":[{"name":"wp","href":"https:\/\/api.w.org\/{rel}","templated":true}]}}