{"id":933461,"date":"2021-11-16T13:42:27","date_gmt":"2021-11-16T12:42:27","guid":{"rendered":"https:\/\/www.dfh-ufa.org\/fr\/?page_id=933461"},"modified":"2026-01-07T12:38:21","modified_gmt":"2026-01-07T11:38:21","slug":"reunion-dinformation-en-ligne-sur-les-cursus-binationaux-de-luniversite-franco-allemande-ufa-le-7-fevrier","status":"publish","type":"page","link":"https:\/\/www.dfh-ufa.org\/fr\/vous-etes\/infos-pour-futurs-etudiants\/reunion-dinformation-en-ligne-sur-les-cursus-binationaux-de-luniversite-franco-allemande-ufa-le-7-fevrier","title":{"rendered":"R\u00e9union d\u2019information en ligne sur les cursus de Licence propos\u00e9s par l\u2019Universit\u00e9 franco-allemande (UFA) le 7 f\u00e9vrier"},"content":{"rendered":"<p>Bonjour,<\/p>\n<p>Nous vous remercions pour l&rsquo;int\u00e9r\u00eat que vous portez \u00e0 la r\u00e9union d\u2019information en ligne sur les cursus binationaux et trinationaux de niveau Licence propos\u00e9 par l&rsquo;UFA. La manifestation est organis\u00e9e par la repr\u00e9sentation \u00e9tudiante de l&rsquo;UFA\u00a0 <strong>le samedi 7 f\u00e9vrier 2026 de 10h00 \u00e0 11h00.<\/strong><\/p>\n<p>Nous vous prions de bien vouloir remplir le formulaire ci-dessous afin de recevoir le <strong>lien<\/strong> <strong>vers l\u2019\u00e9v\u00e9nement<\/strong> dans le message de confirmation automatique.<\/p>\n<p><em>Information pour les enseignant\u00b7es<\/em> : Merci d&rsquo;indiquer le nombre estim\u00e9 d&rsquo;\u00e9l\u00e8ves qui participeront \u00e0 cette r\u00e9union en ligne et de transmettre le lien \u00e0 vos \u00e9l\u00e8ves.<\/p>\n<div><\/div>\n<div><\/div>\n<div><\/div>\n","protected":false},"excerpt":{"rendered":"<p>Bonjour, Nous vous remercions pour l&rsquo;int\u00e9r\u00eat que vous portez \u00e0 la r\u00e9union d\u2019information en ligne sur les cursus binationaux et trinationaux de niveau Licence propos\u00e9 par l&rsquo;UFA. La manifestation est organis\u00e9e par la repr\u00e9sentation \u00e9tudiante de l&rsquo;UFA\u00a0 le samedi 7 f\u00e9vrier 2026 de 10h00 \u00e0 11h00. Nous vous prions de bien vouloir remplir le formulaire [&hellip;]<\/p>\n","protected":false},"author":21,"featured_media":0,"parent":311775,"menu_order":0,"comment_status":"closed","ping_status":"closed","template":"","meta":{"_bbp_topic_count":0,"_bbp_reply_count":0,"_bbp_total_topic_count":0,"_bbp_total_reply_count":0,"_bbp_voice_count":0,"_bbp_anonymous_reply_count":0,"_bbp_topic_count_hidden":0,"_bbp_reply_count_hidden":0,"_bbp_forum_subforum_count":0,"inline_featured_image":false},"acf":[],"_links":{"self":[{"href":"https:\/\/www.dfh-ufa.org\/fr\/wp-json\/wp\/v2\/pages\/933461"}],"collection":[{"href":"https:\/\/www.dfh-ufa.org\/fr\/wp-json\/wp\/v2\/pages"}],"about":[{"href":"https:\/\/www.dfh-ufa.org\/fr\/wp-json\/wp\/v2\/types\/page"}],"author":[{"embeddable":true,"href":"https:\/\/www.dfh-ufa.org\/fr\/wp-json\/wp\/v2\/users\/21"}],"replies":[{"embeddable":true,"href":"https:\/\/www.dfh-ufa.org\/fr\/wp-json\/wp\/v2\/comments?post=933461"}],"version-history":[{"count":15,"href":"https:\/\/www.dfh-ufa.org\/fr\/wp-json\/wp\/v2\/pages\/933461\/revisions"}],"predecessor-version":[{"id":1962456,"href":"https:\/\/www.dfh-ufa.org\/fr\/wp-json\/wp\/v2\/pages\/933461\/revisions\/1962456"}],"up":[{"embeddable":true,"href":"https:\/\/www.dfh-ufa.org\/fr\/wp-json\/wp\/v2\/pages\/311775"}],"wp:attachment":[{"href":"https:\/\/www.dfh-ufa.org\/fr\/wp-json\/wp\/v2\/media?parent=933461"}],"curies":[{"name":"wp","href":"https:\/\/api.w.org\/{rel}","templated":true}]}}