{"id":937211,"date":"2021-11-25T17:14:32","date_gmt":"2021-11-25T16:14:32","guid":{"rendered":"https:\/\/www.dfh-ufa.org\/fr\/?page_id=937211"},"modified":"2021-11-29T09:33:39","modified_gmt":"2021-11-29T08:33:39","slug":"testez-vos-connaissances-sur-lufa","status":"publish","type":"page","link":"https:\/\/www.dfh-ufa.org\/fr\/vous-etes\/infos-pour-futurs-etudiants\/testez-vos-connaissances-sur-lufa","title":{"rendered":"Testez vos connaissances sur l&rsquo;UFA"},"content":{"rendered":"<script>\n                            if (window.qmn_quiz_data === undefined) {\n                                    window.qmn_quiz_data = new Object();\n                            }\n                    <\/script><script>window.qmn_quiz_data[\"1\"] = {\"quiz_id\":\"1\",\"quiz_name\":\"Quiz pour les futur\\u00b7es \\u00e9tudiant\\u00b7es\",\"disable_answer\":0,\"ajax_show_correct\":0,\"progress_bar\":\"0\",\"contact_info_location\":0,\"qpages\":{\"1\":{\"id\":\"1\",\"quizID\":\"1\",\"pagekey\":\"4pF1lnU2\",\"hide_prevbtn\":\"0\"}},\"skip_validation_time_expire\":1,\"timer_limit_val\":\"0\",\"disable_scroll_next_previous_click\":\"0\",\"disable_first_page\":0,\"enable_result_after_timer_end\":0,\"enable_quick_result_mc\":0,\"end_quiz_if_wrong\":0,\"form_disable_autofill\":0,\"enable_quick_correct_answer_info\":0,\"quick_result_correct_answer_text\":\"Correct! You have selected correct answer.\",\"quick_result_wrong_answer_text\":\"Wrong! You have selected wrong answer.\",\"quiz_processing_message\":\"\",\"not_allow_after_expired_time\":0,\"scheduled_time_end\":false,\"error_messages\":{\"email\":\"Not a valid e-mail address!\",\"number\":\"This field must be a number!\",\"incorrect\":\"The entered text is not correct!\",\"empty\":\"Please complete all required fields!\"},\"first_page\":false}\n                    <\/script><div class='qsm-quiz-container qsm-quiz-container-1 qmn_quiz_container mlw_qmn_quiz  quiz_theme_default  '>\n\t\t\t\t\t<form name=\"quizForm1\" id=\"quizForm1\" action=\"\/fr\/wp-json\/wp\/v2\/pages\/937211\" method=\"POST\" class=\"qsm-quiz-form qmn_quiz_form mlw_quiz_form\" novalidate enctype=\"multipart\/form-data\">\n\t\t\t\t<input type=\"hidden\" name=\"qsm_hidden_questions\" id=\"qsm_hidden_questions\" value=\"\">\n\t\t\t\t<div id=\"mlw_error_message\" class=\"qsm-error-message qmn_error_message_section\"><\/div>\n\t\t\t\t<span id=\"mlw_top_of_quiz\"><\/span>\n\t\t\t\t\t\t\t<section class=\"qsm-page \">\n\t\t\t\t\t\t\t\t<div class=\"quiz_section quiz_begin\">\n\t\t\t\t\t\t<div class='qsm-before-message mlw_qmn_message_before'>\n\t\t\t\t<p>Quiz pour les futur\u00b7es \u00e9tudiant\u00b7es<\/p>\n\t\t\t\t\t\t<\/div>\n\t\t\t\t\t\t\t\t\t<\/div>\n\t\t\t\t\t\t\t\t\t<div class=\"quiz_section qsm-question-wrapper question-section-id-1 \" data-qid=\"1\">\n\t\t\t\t\t\t\t<div class=\"qsm-featured-image\"><img width=\"1571\" height=\"871\" src=\"https:\/\/www.dfh-ufa.org\/app\/uploads\/2022\/06\/Jump_Klein_mit_copyright.jpg\" class=\"attachment-full size-full\" alt=\"\" decoding=\"async\" loading=\"lazy\" srcset=\"https:\/\/www.dfh-ufa.org\/app\/uploads\/2022\/06\/Jump_Klein_mit_copyright.jpg 1571w, https:\/\/www.dfh-ufa.org\/app\/uploads\/2022\/06\/Jump_Klein_mit_copyright-250x139.jpg 250w, https:\/\/www.dfh-ufa.org\/app\/uploads\/2022\/06\/Jump_Klein_mit_copyright-1024x568.jpg 1024w, https:\/\/www.dfh-ufa.org\/app\/uploads\/2022\/06\/Jump_Klein_mit_copyright-768x426.jpg 768w, https:\/\/www.dfh-ufa.org\/app\/uploads\/2022\/06\/Jump_Klein_mit_copyright-1536x852.jpg 1536w\" sizes=\"(max-width: 1571px) 100vw, 1571px\" \/><\/div>\n\t\t\t\t\t<div class='mlw_qmn_new_question'>Quelles langues doit-on ma\u00eetriser un minimum pour pouvoir \u00e9tudier dans un cursus soutenu par l\u2019UFA ? <\/div>\n\t\t\t<div class='mlw_qmn_question  qsm_remove_bold' >\n\t\t<\/div>\n\t\t<div class='qmn_radio_answers '>\n\t\t\t\t\t\t\t\t<div class=\"qmn_mc_answer_wrap \" id=\"question1-1 \">\n\t\t\t\t\t\t\t\t\t\t\t<input type='radio' class='qmn_quiz_radio' name=\"question1\" id=\"question1_1\" value=\"0\" \/>\n\t\t\t\t\t<label class=\"qsm-input-label\" for=\"question1_1\">\n\t\t\t\t\tAllemand et anglais\t\t\t\t\t<\/label>\n\t\t\t\t\t \t\t\t\t<\/div>\n\t\t\t\t\t\t\t\t\t\t\t<div class=\"qmn_mc_answer_wrap \" id=\"question1-2 \">\n\t\t\t\t\t\t\t\t\t\t\t<input type='radio' class='qmn_quiz_radio' name=\"question1\" id=\"question1_2\" value=\"1\" \/>\n\t\t\t\t\t<label class=\"qsm-input-label\" for=\"question1_2\">\n\t\t\t\t\tFran\u00e7ais et allemand\t\t\t\t\t<\/label>\n\t\t\t\t\t \t\t\t\t<\/div>\n\t\t\t\t\t\t\t\t\t\t\t<div class=\"qmn_mc_answer_wrap \" id=\"question1-3 \">\n\t\t\t\t\t\t\t\t\t\t\t<input type='radio' class='qmn_quiz_radio' name=\"question1\" id=\"question1_3\" value=\"2\" \/>\n\t\t\t\t\t<label class=\"qsm-input-label\" for=\"question1_3\">\n\t\t\t\t\tAnglais et fran\u00e7ais\t\t\t\t\t<\/label>\n\t\t\t\t\t \t\t\t\t<\/div>\n\t\t\t\t\t\t\t\t\t\t\t<div class=\"qmn_mc_answer_wrap \" id=\"question1-4 \">\n\t\t\t\t\t\t\t\t\t\t\t<input type='radio' class='qmn_quiz_radio' name=\"question1\" id=\"question1_4\" value=\"3\" \/>\n\t\t\t\t\t<label class=\"qsm-input-label\" for=\"question1_4\">\n\t\t\t\t\tSeulement le fran\u00e7ais\t\t\t\t\t<\/label>\n\t\t\t\t\t \t\t\t\t<\/div>\n\t\t\t\t\t\t\t\t<input type=\"radio\" style=\"display: none;\" name=\"question1\" id=\"question1_none\" checked=\"checked\" value=\"\" \/>\n\t\t\t\t<\/div>\n\t\t\t\t\t\t<\/div>\n\t\t\t\t\t\t\t\t\t<div class=\"quiz_section qsm-question-wrapper question-section-id-2 \" data-qid=\"2\">\n\t\t\t\t\t\t<div class='mlw_qmn_new_question'>Combien de cursus sont actuellement propos\u00e9s par l\u2019UFA ? <\/div>\n\t\t\t<div class='mlw_qmn_question  qsm_remove_bold' >\n\t\t<\/div>\n\t\t<div class='qmn_radio_answers '>\n\t\t\t\t\t\t\t\t<div class=\"qmn_mc_answer_wrap \" id=\"question2-1 \">\n\t\t\t\t\t\t\t\t\t\t\t<input type='radio' class='qmn_quiz_radio' name=\"question2\" id=\"question2_1\" value=\"0\" \/>\n\t\t\t\t\t<label class=\"qsm-input-label\" for=\"question2_1\">\n\t\t\t\t\t91\t\t\t\t\t<\/label>\n\t\t\t\t\t \t\t\t\t<\/div>\n\t\t\t\t\t\t\t\t\t\t\t<div class=\"qmn_mc_answer_wrap \" id=\"question2-2 \">\n\t\t\t\t\t\t\t\t\t\t\t<input type='radio' class='qmn_quiz_radio' name=\"question2\" id=\"question2_2\" value=\"1\" \/>\n\t\t\t\t\t<label class=\"qsm-input-label\" for=\"question2_2\">\n\t\t\t\t\t104\t\t\t\t\t<\/label>\n\t\t\t\t\t \t\t\t\t<\/div>\n\t\t\t\t\t\t\t\t\t\t\t<div class=\"qmn_mc_answer_wrap \" id=\"question2-3 \">\n\t\t\t\t\t\t\t\t\t\t\t<input type='radio' class='qmn_quiz_radio' name=\"question2\" id=\"question2_3\" value=\"2\" \/>\n\t\t\t\t\t<label class=\"qsm-input-label\" for=\"question2_3\">\n\t\t\t\t\t158\t\t\t\t\t<\/label>\n\t\t\t\t\t \t\t\t\t<\/div>\n\t\t\t\t\t\t\t\t\t\t\t<div class=\"qmn_mc_answer_wrap \" id=\"question2-4 \">\n\t\t\t\t\t\t\t\t\t\t\t<input type='radio' class='qmn_quiz_radio' name=\"question2\" id=\"question2_4\" value=\"3\" \/>\n\t\t\t\t\t<label class=\"qsm-input-label\" for=\"question2_4\">\n\t\t\t\t\t199\t\t\t\t\t<\/label>\n\t\t\t\t\t \t\t\t\t<\/div>\n\t\t\t\t\t\t\t\t<input type=\"radio\" style=\"display: none;\" name=\"question2\" id=\"question2_none\" checked=\"checked\" value=\"\" \/>\n\t\t\t\t<\/div>\n\t\t\t\t\t\t<\/div>\n\t\t\t\t\t\t\t\t\t<div class=\"quiz_section qsm-question-wrapper question-section-id-3 \" data-qid=\"3\">\n\t\t\t\t\t\t<div class='mlw_qmn_new_question'>Parmi ces cursus, lesquels font r\u00e9ellement partie de l\u2019offre de formation de l\u2019UFA ? <\/div>\n\t\t\t<div class='mlw_qmn_question  qsm_remove_bold' >\n\t(Plusieurs r\u00e9ponses possibles)\t<\/div>\n\t\t<div class=\"qmn_check_answers \">\n\t\t\t\t\t\t<div class=\"qsm_check_answer\">\n\t\t\t\t\t\t<input type=\"checkbox\"  name=\"question3[]\" id=\"question3_1\" value=\"0\" \/>\n\t\t\t\t\t\t<label class=\"qsm-input-label\" for=\"question3_1\">\n\t\t\t\t\t\t\tMusicologie\t\t\t\t\t\t<\/label>\n\t\t\t\t\t<\/div>\n\t\t\t\t\t\t\t\t\t<div class=\"qsm_check_answer\">\n\t\t\t\t\t\t<input type=\"checkbox\"  name=\"question3[]\" id=\"question3_2\" value=\"1\" \/>\n\t\t\t\t\t\t<label class=\"qsm-input-label\" for=\"question3_2\">\n\t\t\t\t\t\t\tMedical Technology and Healthcare Business\t\t\t\t\t\t<\/label>\n\t\t\t\t\t<\/div>\n\t\t\t\t\t\t\t\t\t<div class=\"qsm_check_answer\">\n\t\t\t\t\t\t<input type=\"checkbox\"  name=\"question3[]\" id=\"question3_3\" value=\"2\" \/>\n\t\t\t\t\t\t<label class=\"qsm-input-label\" for=\"question3_3\">\n\t\t\t\t\t\t\tAerospace engineering\t\t\t\t\t\t<\/label>\n\t\t\t\t\t<\/div>\n\t\t\t\t\t\t\t\t\t<div class=\"qsm_check_answer\">\n\t\t\t\t\t\t<input type=\"checkbox\"  name=\"question3[]\" id=\"question3_4\" value=\"3\" \/>\n\t\t\t\t\t\t<label class=\"qsm-input-label\" for=\"question3_4\">\n\t\t\t\t\t\t\tSyst\u00e8mes d'\u00e9nergies durables\t\t\t\t\t\t<\/label>\n\t\t\t\t\t<\/div>\n\t\t\t\t\t\t<\/div>\n\t\t\t\t\t\t<\/div>\n\t\t\t\t\t\t\t\t\t<div class=\"quiz_section qsm-question-wrapper question-section-id-4 \" data-qid=\"4\">\n\t\t\t\t\t\t<div class='mlw_qmn_new_question'>Au sein de quel type d\u2019\u00e9tablissement d\u2019enseignement sup\u00e9rieur peut-on \u00e9tudier en France dans le cadre d\u2019un cursus UFA ? <\/div>\n\t\t\t<div class='mlw_qmn_question  qsm_remove_bold' >\n\t(Plusieurs r\u00e9ponses possibles)\t<\/div>\n\t\t<div class=\"qmn_check_answers \">\n\t\t\t\t\t\t<div class=\"qsm_check_answer\">\n\t\t\t\t\t\t<input type=\"checkbox\"  name=\"question4[]\" id=\"question4_1\" value=\"0\" \/>\n\t\t\t\t\t\t<label class=\"qsm-input-label\" for=\"question4_1\">\n\t\t\t\t\t\t\tUniversit\u00e9\t\t\t\t\t\t<\/label>\n\t\t\t\t\t<\/div>\n\t\t\t\t\t\t\t\t\t<div class=\"qsm_check_answer\">\n\t\t\t\t\t\t<input type=\"checkbox\"  name=\"question4[]\" id=\"question4_2\" value=\"1\" \/>\n\t\t\t\t\t\t<label class=\"qsm-input-label\" for=\"question4_2\">\n\t\t\t\t\t\t\tGrande \u00e9cole\t\t\t\t\t\t<\/label>\n\t\t\t\t\t<\/div>\n\t\t\t\t\t\t\t\t\t<div class=\"qsm_check_answer\">\n\t\t\t\t\t\t<input type=\"checkbox\"  name=\"question4[]\" id=\"question4_3\" value=\"2\" \/>\n\t\t\t\t\t\t<label class=\"qsm-input-label\" for=\"question4_3\">\n\t\t\t\t\t\t\tInstitut d\u2019Etudes Politiques\t\t\t\t\t\t<\/label>\n\t\t\t\t\t<\/div>\n\t\t\t\t\t\t\t\t\t<div class=\"qsm_check_answer\">\n\t\t\t\t\t\t<input type=\"checkbox\"  name=\"question4[]\" id=\"question4_4\" value=\"3\" \/>\n\t\t\t\t\t\t<label class=\"qsm-input-label\" for=\"question4_4\">\n\t\t\t\t\t\t\tEcole\t\t\t\t\t\t<\/label>\n\t\t\t\t\t<\/div>\n\t\t\t\t\t\t<\/div>\n\t\t\t\t\t\t<\/div>\n\t\t\t\t\t\t\t\t\t<div class=\"quiz_section qsm-question-wrapper question-section-id-5 \" data-qid=\"5\">\n\t\t\t\t\t\t<div class='mlw_qmn_new_question'>D\u2019o\u00f9 sont originaires les \u00e9tudiant\u00b7es d\u2019un cursus de l\u2019UFA ? <\/div>\n\t\t\t<div class='mlw_qmn_question  qsm_remove_bold' >\n\t\t<\/div>\n\t\t<div class='qmn_radio_answers '>\n\t\t\t\t\t\t\t\t<div class=\"qmn_mc_answer_wrap \" id=\"question5-1 \">\n\t\t\t\t\t\t\t\t\t\t\t<input type='radio' class='qmn_quiz_radio' name=\"question5\" id=\"question5_1\" value=\"0\" \/>\n\t\t\t\t\t<label class=\"qsm-input-label\" for=\"question5_1\">\n\t\t\t\t\tUniquement d\u2019Allemagne\t\t\t\t\t<\/label>\n\t\t\t\t\t \t\t\t\t<\/div>\n\t\t\t\t\t\t\t\t\t\t\t<div class=\"qmn_mc_answer_wrap \" id=\"question5-2 \">\n\t\t\t\t\t\t\t\t\t\t\t<input type='radio' class='qmn_quiz_radio' name=\"question5\" id=\"question5_2\" value=\"1\" \/>\n\t\t\t\t\t<label class=\"qsm-input-label\" for=\"question5_2\">\n\t\t\t\t\tUniquement de France\t\t\t\t\t<\/label>\n\t\t\t\t\t \t\t\t\t<\/div>\n\t\t\t\t\t\t\t\t\t\t\t<div class=\"qmn_mc_answer_wrap \" id=\"question5-3 \">\n\t\t\t\t\t\t\t\t\t\t\t<input type='radio' class='qmn_quiz_radio' name=\"question5\" id=\"question5_3\" value=\"2\" \/>\n\t\t\t\t\t<label class=\"qsm-input-label\" for=\"question5_3\">\n\t\t\t\t\tUniquement d\u2019Allemagne et de France\t\t\t\t\t<\/label>\n\t\t\t\t\t \t\t\t\t<\/div>\n\t\t\t\t\t\t\t\t\t\t\t<div class=\"qmn_mc_answer_wrap \" id=\"question5-4 \">\n\t\t\t\t\t\t\t\t\t\t\t<input type='radio' class='qmn_quiz_radio' name=\"question5\" id=\"question5_4\" value=\"3\" \/>\n\t\t\t\t\t<label class=\"qsm-input-label\" for=\"question5_4\">\n\t\t\t\t\tD\u2019Allemagne, de France et de plus de 30 autres pays\t\t\t\t\t<\/label>\n\t\t\t\t\t \t\t\t\t<\/div>\n\t\t\t\t\t\t\t\t<input type=\"radio\" style=\"display: none;\" name=\"question5\" id=\"question5_none\" checked=\"checked\" value=\"\" \/>\n\t\t\t\t<\/div>\n\t\t\t\t\t\t<\/div>\n\t\t\t\t\t\t\t\t\t<div class=\"quiz_section qsm-question-wrapper question-section-id-6 \" data-qid=\"6\">\n\t\t\t\t\t\t<div class='mlw_qmn_new_question'>Combien d\u2019\u00e9tudiant\u00b7es compte actuellement l\u2019UFA ? <\/div>\n\t\t\t<div class='mlw_qmn_question  qsm_remove_bold' >\n\t\t<\/div>\n\t\t<div class='qmn_radio_answers '>\n\t\t\t\t\t\t\t\t<div class=\"qmn_mc_answer_wrap \" id=\"question6-1 \">\n\t\t\t\t\t\t\t\t\t\t\t<input type='radio' class='qmn_quiz_radio' name=\"question6\" id=\"question6_1\" value=\"0\" \/>\n\t\t\t\t\t<label class=\"qsm-input-label\" for=\"question6_1\">\n\t\t\t\t\t5.753\t\t\t\t\t<\/label>\n\t\t\t\t\t \t\t\t\t<\/div>\n\t\t\t\t\t\t\t\t\t\t\t<div class=\"qmn_mc_answer_wrap \" id=\"question6-2 \">\n\t\t\t\t\t\t\t\t\t\t\t<input type='radio' class='qmn_quiz_radio' name=\"question6\" id=\"question6_2\" value=\"1\" \/>\n\t\t\t\t\t<label class=\"qsm-input-label\" for=\"question6_2\">\n\t\t\t\t\t4.930\t\t\t\t\t<\/label>\n\t\t\t\t\t \t\t\t\t<\/div>\n\t\t\t\t\t\t\t\t\t\t\t<div class=\"qmn_mc_answer_wrap \" id=\"question6-3 \">\n\t\t\t\t\t\t\t\t\t\t\t<input type='radio' class='qmn_quiz_radio' name=\"question6\" id=\"question6_3\" value=\"2\" \/>\n\t\t\t\t\t<label class=\"qsm-input-label\" for=\"question6_3\">\n\t\t\t\t\t7.300\t\t\t\t\t<\/label>\n\t\t\t\t\t \t\t\t\t<\/div>\n\t\t\t\t\t\t\t\t\t\t\t<div class=\"qmn_mc_answer_wrap \" id=\"question6-4 \">\n\t\t\t\t\t\t\t\t\t\t\t<input type='radio' class='qmn_quiz_radio' name=\"question6\" id=\"question6_4\" value=\"3\" \/>\n\t\t\t\t\t<label class=\"qsm-input-label\" for=\"question6_4\">\n\t\t\t\t\t3.080\t\t\t\t\t<\/label>\n\t\t\t\t\t \t\t\t\t<\/div>\n\t\t\t\t\t\t\t\t<input type=\"radio\" style=\"display: none;\" name=\"question6\" id=\"question6_none\" checked=\"checked\" value=\"\" \/>\n\t\t\t\t<\/div>\n\t\t\t\t\t\t<\/div>\n\t\t\t\t\t\t\t\t\t<div class=\"quiz_section qsm-question-wrapper question-section-id-7 \" data-qid=\"7\">\n\t\t\t\t\t\t<div class='mlw_qmn_new_question'>O\u00f9 doit-on d\u00e9poser sa candidature pour int\u00e9grer un cursus UFA ? <\/div>\n\t\t\t<div class='mlw_qmn_question  qsm_remove_bold' >\n\t(Plusieurs r\u00e9ponses possibles)\t<\/div>\n\t\t<div class=\"qmn_check_answers \">\n\t\t\t\t\t\t<div class=\"qsm_check_answer\">\n\t\t\t\t\t\t<input type=\"checkbox\"  name=\"question7[]\" id=\"question7_1\" value=\"0\" \/>\n\t\t\t\t\t\t<label class=\"qsm-input-label\" for=\"question7_1\">\n\t\t\t\t\t\t\tAupr\u00e8s de l\u2018UFA\t\t\t\t\t\t<\/label>\n\t\t\t\t\t<\/div>\n\t\t\t\t\t\t\t\t\t<div class=\"qsm_check_answer\">\n\t\t\t\t\t\t<input type=\"checkbox\"  name=\"question7[]\" id=\"question7_2\" value=\"1\" \/>\n\t\t\t\t\t\t<label class=\"qsm-input-label\" for=\"question7_2\">\n\t\t\t\t\t\t\tDu c\u00f4t\u00e9 allemand : directement aupr\u00e8s de l\u2019\u00e9tablissement d\u2019enseignement sup\u00e9rieur choisi\t\t\t\t\t\t<\/label>\n\t\t\t\t\t<\/div>\n\t\t\t\t\t\t\t\t\t<div class=\"qsm_check_answer\">\n\t\t\t\t\t\t<input type=\"checkbox\"  name=\"question7[]\" id=\"question7_3\" value=\"2\" \/>\n\t\t\t\t\t\t<label class=\"qsm-input-label\" for=\"question7_3\">\n\t\t\t\t\t\t\tToujours aupr\u00e8s de l\u2019universit\u00e9 dans le pays partenaire\t\t\t\t\t\t<\/label>\n\t\t\t\t\t<\/div>\n\t\t\t\t\t\t\t\t\t<div class=\"qsm_check_answer\">\n\t\t\t\t\t\t<input type=\"checkbox\"  name=\"question7[]\" id=\"question7_4\" value=\"3\" \/>\n\t\t\t\t\t\t<label class=\"qsm-input-label\" for=\"question7_4\">\n\t\t\t\t\t\t\tDu c\u00f4t\u00e9 fran\u00e7ais : via la plateforme Parcoursup\t\t\t\t\t\t<\/label>\n\t\t\t\t\t<\/div>\n\t\t\t\t\t\t<\/div>\n\t\t\t\t\t\t<\/div>\n\t\t\t\t\t\t\t\t\t<div class=\"quiz_section qsm-question-wrapper question-section-id-8 \" data-qid=\"8\">\n\t\t\t\t\t\t<div class='mlw_qmn_new_question'>Que signifie \u201eaide \u00e0 la mobilit\u00e9\u201c ? <\/div>\n\t\t\t<div class='mlw_qmn_question  qsm_remove_bold' >\n\t\t<\/div>\n\t\t<div class='qmn_radio_answers '>\n\t\t\t\t\t\t\t\t<div class=\"qmn_mc_answer_wrap \" id=\"question8-1 \">\n\t\t\t\t\t\t\t\t\t\t\t<input type='radio' class='qmn_quiz_radio' name=\"question8\" id=\"question8_1\" value=\"0\" \/>\n\t\t\t\t\t<label class=\"qsm-input-label\" for=\"question8_1\">\n\t\t\t\t\tUn soutien financier accord\u00e9 aux \u00e9tudiant\u00b7es UFA lors de leur s\u00e9jour d\u2019\u00e9tudes dans le pays partenaire\t\t\t\t\t<\/label>\n\t\t\t\t\t \t\t\t\t<\/div>\n\t\t\t\t\t\t\t\t\t\t\t<div class=\"qmn_mc_answer_wrap \" id=\"question8-2 \">\n\t\t\t\t\t\t\t\t\t\t\t<input type='radio' class='qmn_quiz_radio' name=\"question8\" id=\"question8_2\" value=\"1\" \/>\n\t\t\t\t\t<label class=\"qsm-input-label\" for=\"question8_2\">\n\t\t\t\t\tUne navette en bus pour se rendre \u00e0 l\u2019\u00e9tablissement d\u2019enseignement sup\u00e9rieur choisi\t\t\t\t\t<\/label>\n\t\t\t\t\t \t\t\t\t<\/div>\n\t\t\t\t\t\t\t\t\t\t\t<div class=\"qmn_mc_answer_wrap \" id=\"question8-3 \">\n\t\t\t\t\t\t\t\t\t\t\t<input type='radio' class='qmn_quiz_radio' name=\"question8\" id=\"question8_3\" value=\"2\" \/>\n\t\t\t\t\t<label class=\"qsm-input-label\" for=\"question8_3\">\n\t\t\t\t\tUn soutien en terme de contenu assur\u00e9 par les coordinateurs de cursus\t\t\t\t\t<\/label>\n\t\t\t\t\t \t\t\t\t<\/div>\n\t\t\t\t\t\t\t\t\t\t\t<div class=\"qmn_mc_answer_wrap \" id=\"question8-4 \">\n\t\t\t\t\t\t\t\t\t\t\t<input type='radio' class='qmn_quiz_radio' name=\"question8\" id=\"question8_4\" value=\"3\" \/>\n\t\t\t\t\t<label class=\"qsm-input-label\" for=\"question8_4\">\n\t\t\t\t\tUn programme de sport complet\t\t\t\t\t<\/label>\n\t\t\t\t\t \t\t\t\t<\/div>\n\t\t\t\t\t\t\t\t<input type=\"radio\" style=\"display: none;\" name=\"question8\" id=\"question8_none\" checked=\"checked\" value=\"\" \/>\n\t\t\t\t<\/div>\n\t\t\t\t\t\t<\/div>\n\t\t\t\t\t\t\t\t\t<div class=\"quiz_section qsm-question-wrapper question-section-id-9 \" data-qid=\"9\">\n\t\t\t\t\t\t<div class='mlw_qmn_new_question'>A combien s\u2019\u00e9l\u00e8ve actuellement l\u2019aide \u00e0 la mobilit\u00e9 mensuelle accord\u00e9e par l\u2019UFA ? <\/div>\n\t\t\t<div class='mlw_qmn_question  qsm_remove_bold' >\n\t\t<\/div>\n\t\t<div class='qmn_radio_answers '>\n\t\t\t\t\t\t\t\t<div class=\"qmn_mc_answer_wrap \" id=\"question9-1 \">\n\t\t\t\t\t\t\t\t\t\t\t<input type='radio' class='qmn_quiz_radio' name=\"question9\" id=\"question9_1\" value=\"0\" \/>\n\t\t\t\t\t<label class=\"qsm-input-label\" for=\"question9_1\">\n\t\t\t\t\t200\u20ac\t\t\t\t\t<\/label>\n\t\t\t\t\t \t\t\t\t<\/div>\n\t\t\t\t\t\t\t\t\t\t\t<div class=\"qmn_mc_answer_wrap \" id=\"question9-2 \">\n\t\t\t\t\t\t\t\t\t\t\t<input type='radio' class='qmn_quiz_radio' name=\"question9\" id=\"question9_2\" value=\"1\" \/>\n\t\t\t\t\t<label class=\"qsm-input-label\" for=\"question9_2\">\n\t\t\t\t\t250\u20ac\t\t\t\t\t<\/label>\n\t\t\t\t\t \t\t\t\t<\/div>\n\t\t\t\t\t\t\t\t\t\t\t<div class=\"qmn_mc_answer_wrap \" id=\"question9-3 \">\n\t\t\t\t\t\t\t\t\t\t\t<input type='radio' class='qmn_quiz_radio' name=\"question9\" id=\"question9_3\" value=\"2\" \/>\n\t\t\t\t\t<label class=\"qsm-input-label\" for=\"question9_3\">\n\t\t\t\t\t300\u20ac\t\t\t\t\t<\/label>\n\t\t\t\t\t \t\t\t\t<\/div>\n\t\t\t\t\t\t\t\t\t\t\t<div class=\"qmn_mc_answer_wrap \" id=\"question9-4 \">\n\t\t\t\t\t\t\t\t\t\t\t<input type='radio' class='qmn_quiz_radio' name=\"question9\" id=\"question9_4\" value=\"3\" \/>\n\t\t\t\t\t<label class=\"qsm-input-label\" for=\"question9_4\">\n\t\t\t\t\t350\u20ac\t\t\t\t\t<\/label>\n\t\t\t\t\t \t\t\t\t<\/div>\n\t\t\t\t\t\t\t\t<input type=\"radio\" style=\"display: none;\" name=\"question9\" id=\"question9_none\" checked=\"checked\" value=\"\" \/>\n\t\t\t\t<\/div>\n\t\t\t\t\t\t<\/div>\n\t\t\t\t\t\t\t\t\t<div class=\"quiz_section qsm-question-wrapper question-section-id-10 \" data-qid=\"10\">\n\t\t\t\t\t\t<div class='mlw_qmn_new_question'>O\u00f9 peut-on trouver des informations suppl\u00e9mentaires sur l\u2019offre de l\u2019UFA ? <\/div>\n\t\t\t<div class='mlw_qmn_question  qsm_remove_bold' >\n\t(Plusieurs r\u00e9ponses possibles)\t<\/div>\n\t\t<div class=\"qmn_check_answers \">\n\t\t\t\t\t\t<div class=\"qsm_check_answer\">\n\t\t\t\t\t\t<input type=\"checkbox\"  name=\"question10[]\" id=\"question10_1\" value=\"0\" \/>\n\t\t\t\t\t\t<label class=\"qsm-input-label\" for=\"question10_1\">\n\t\t\t\t\t\t\tLors des salons \u00e9tudiants\/orientation en France et en Allemagne\t\t\t\t\t\t<\/label>\n\t\t\t\t\t<\/div>\n\t\t\t\t\t\t\t\t\t<div class=\"qsm_check_answer\">\n\t\t\t\t\t\t<input type=\"checkbox\"  name=\"question10[]\" id=\"question10_2\" value=\"1\" \/>\n\t\t\t\t\t\t<label class=\"qsm-input-label\" for=\"question10_2\">\n\t\t\t\t\t\t\tAupr\u00e8s des \u00e9tablissements d\u2019enseignement sup\u00e9rieurs concern\u00e9s en Allemagne et en France\t\t\t\t\t\t<\/label>\n\t\t\t\t\t<\/div>\n\t\t\t\t\t\t\t\t\t<div class=\"qsm_check_answer\">\n\t\t\t\t\t\t<input type=\"checkbox\"  name=\"question10[]\" id=\"question10_3\" value=\"2\" \/>\n\t\t\t\t\t\t<label class=\"qsm-input-label\" for=\"question10_3\">\n\t\t\t\t\t\t\tDans le guide des \u00e9tudes disponible \u00e0 l\u2019adresse suivante : https:\/\/www.dfh-ufa.org\/fr\/programmes\/guide-des-etudes\t\t\t\t\t\t<\/label>\n\t\t\t\t\t<\/div>\n\t\t\t\t\t\t\t\t\t<div class=\"qsm_check_answer\">\n\t\t\t\t\t\t<input type=\"checkbox\"  name=\"question10[]\" id=\"question10_4\" value=\"3\" \/>\n\t\t\t\t\t\t<label class=\"qsm-input-label\" for=\"question10_4\">\n\t\t\t\t\t\t\tEn consultant les brochures d\u2019information de l\u2019UFA, que l\u2019on peut commander gratuitement via le site internet\t\t\t\t\t\t<\/label>\n\t\t\t\t\t<\/div>\n\t\t\t\t\t\t<\/div>\n\t\t\t\t\t\t<\/div>\n\t\t\t\t\t\t\t\t\t<div class=\"quiz_section qsm-question-wrapper question-section-id-11 \" data-qid=\"11\">\n\t\t\t\t\t\t<div class='mlw_qmn_new_question'>Apr\u00e8s obtention du dipl\u00f4me, combien de temps faut-il aux \u00e9tudiant*es UFA pour trouver un emploi ad\u00e9quat ? <\/div>\n\t\t\t<div class='mlw_qmn_question  qsm_remove_bold' >\n\t(Plusieurs r\u00e9ponses possibles)\t<\/div>\n\t\t<div class=\"qmn_check_answers \">\n\t\t\t\t\t\t<div class=\"qsm_check_answer\">\n\t\t\t\t\t\t<input type=\"checkbox\"  name=\"question11[]\" id=\"question11_1\" value=\"0\" \/>\n\t\t\t\t\t\t<label class=\"qsm-input-label\" for=\"question11_1\">\n\t\t\t\t\t\t\t37 % des dipl\u00f4m\u00e9*es trouvent un emploi avant l\u2019obtention du dipl\u00f4me\t\t\t\t\t\t<\/label>\n\t\t\t\t\t<\/div>\n\t\t\t\t\t\t\t\t\t<div class=\"qsm_check_answer\">\n\t\t\t\t\t\t<input type=\"checkbox\"  name=\"question11[]\" id=\"question11_2\" value=\"1\" \/>\n\t\t\t\t\t\t<label class=\"qsm-input-label\" for=\"question11_2\">\n\t\t\t\t\t\t\t68 % au plus tard 3 mois apr\u00e8s l\u2019obtention du dipl\u00f4me\t\t\t\t\t\t<\/label>\n\t\t\t\t\t<\/div>\n\t\t\t\t\t\t\t\t\t<div class=\"qsm_check_answer\">\n\t\t\t\t\t\t<input type=\"checkbox\"  name=\"question11[]\" id=\"question11_3\" value=\"2\" \/>\n\t\t\t\t\t\t<label class=\"qsm-input-label\" for=\"question11_3\">\n\t\t\t\t\t\t\t55 % 6 mois plus tard\t\t\t\t\t\t<\/label>\n\t\t\t\t\t<\/div>\n\t\t\t\t\t\t\t\t\t<div class=\"qsm_check_answer\">\n\t\t\t\t\t\t<input type=\"checkbox\"  name=\"question11[]\" id=\"question11_4\" value=\"3\" \/>\n\t\t\t\t\t\t<label class=\"qsm-input-label\" for=\"question11_4\">\n\t\t\t\t\t\t\tLa plupart plusieures ann\u00e9es apr\u00e8s\t\t\t\t\t\t<\/label>\n\t\t\t\t\t<\/div>\n\t\t\t\t\t\t<\/div>\n\t\t\t\t\t\t<\/div>\n\t\t\t\t\t\t\t<\/section>\n\t\t\t\t\t<input type=\"hidden\" name=\"qmn_question_list\" value=\"1Q2Q3Q4Q5Q6Q7Q8Q9Q10Q11Q\" \/>\n\t\t\t\t\t\t<div id=\"mlw_error_message_bottom\" class=\"qsm-error-message qmn_error_message_section\"><\/div>\n\t\t\t\t\t<input type=\"hidden\" name=\"total_questions\" id=\"total_questions\" value=\"11\" \/>\n\t\t\t\t\t<input type=\"hidden\" name=\"timer\" id=\"timer\" value=\"0\" \/>\n\t\t\t\t\t<input type=\"hidden\" name=\"timer_ms\" id=\"timer_ms\" value=\"0\"\/>\n\t\t\t\t\t<input type=\"hidden\" class=\"qmn_quiz_id\" name=\"qmn_quiz_id\" id=\"qmn_quiz_id\" value=\"1\" \/>\n\t\t\t\t\t<input type='hidden' name='complete_quiz' value='confirmation' \/>\n\t\t\t\t\t\t\t\t\t<\/form>\n\t\t<\/div>\n\t\t<div style=\"display: none;\" class=\"qsm-popup qsm-popup-slide\" id=\"modal-4\" aria-hidden=\"false\"><div class=\"qsm-popup__overlay\" tabindex=\"-1\" data-micromodal-close=\"\"><div class=\"qsm-popup__container qmn_quiz_container\" role=\"dialog\" aria-modal=\"true\"><div class=\"qsm-popup__content\"><img src=\"https:\/\/www.dfh-ufa.org\/app\/plugins\/quiz-master-next\/assets\/clock.png\" alt=\"clock.png\"\/><p class=\"qsm-time-up-text\"> Time's up<\/p><\/div><footer class=\"qsm-popup__footer\"><button class=\"qsm-popup-secondary-button qmn_btn\" data-micromodal-close=\"\" aria-label=\"Close this dialog window\" onclick=\"location.reload();\">Annuler<\/button><\/footer><\/div><\/div><\/div>\n","protected":false},"excerpt":{"rendered":"","protected":false},"author":416,"featured_media":0,"parent":311775,"menu_order":0,"comment_status":"closed","ping_status":"closed","template":"","meta":{"_bbp_topic_count":0,"_bbp_reply_count":0,"_bbp_total_topic_count":0,"_bbp_total_reply_count":0,"_bbp_voice_count":0,"_bbp_anonymous_reply_count":0,"_bbp_topic_count_hidden":0,"_bbp_reply_count_hidden":0,"_bbp_forum_subforum_count":0,"inline_featured_image":false},"acf":[],"_links":{"self":[{"href":"https:\/\/www.dfh-ufa.org\/fr\/wp-json\/wp\/v2\/pages\/937211"}],"collection":[{"href":"https:\/\/www.dfh-ufa.org\/fr\/wp-json\/wp\/v2\/pages"}],"about":[{"href":"https:\/\/www.dfh-ufa.org\/fr\/wp-json\/wp\/v2\/types\/page"}],"author":[{"embeddable":true,"href":"https:\/\/www.dfh-ufa.org\/fr\/wp-json\/wp\/v2\/users\/416"}],"replies":[{"embeddable":true,"href":"https:\/\/www.dfh-ufa.org\/fr\/wp-json\/wp\/v2\/comments?post=937211"}],"version-history":[{"count":4,"href":"https:\/\/www.dfh-ufa.org\/fr\/wp-json\/wp\/v2\/pages\/937211\/revisions"}],"predecessor-version":[{"id":937741,"href":"https:\/\/www.dfh-ufa.org\/fr\/wp-json\/wp\/v2\/pages\/937211\/revisions\/937741"}],"up":[{"embeddable":true,"href":"https:\/\/www.dfh-ufa.org\/fr\/wp-json\/wp\/v2\/pages\/311775"}],"wp:attachment":[{"href":"https:\/\/www.dfh-ufa.org\/fr\/wp-json\/wp\/v2\/media?parent=937211"}],"curies":[{"name":"wp","href":"https:\/\/api.w.org\/{rel}","templated":true}]}}