{"id":9385,"date":"2018-07-26T15:52:52","date_gmt":"2018-07-26T13:52:52","guid":{"rendered":"https:\/\/www.dfh-ufa.org\/fr\/?page_id=9385"},"modified":"2026-03-10T15:44:01","modified_gmt":"2026-03-10T14:44:01","slug":"coordonnees","status":"publish","type":"page","link":"https:\/\/www.dfh-ufa.org\/fr\/vous-etes\/etablissements\/evaluation\/demande-de-soutien-en-ligne\/partenaires\/coordonnees","title":{"rendered":""},"content":{"rendered":"<div class=\"container\">\n<div class=\"content__container\" style=\"padding-top: 28px !important\">\n<div class=\"sidebar\">\n<aside class=\"aside__subnav\">\n<nav class=\"nav__sidebar\">\n<ul id=\"menu-header-main-1\" class=\"menu\">\n<li class=\"menu-item menu-item-type-post_type current-page-ancestor current-menu-ancestor current-menu-parent current-page-parent menu-item-object-page menu-item-has-children\">\n<div class=\"menu-item-wrapper\"><a href=\"https:\/\/www.dfh-ufa.org\/fr\/vous-etes\/etablissements\/evaluation\/demande-de-soutien-en-ligne\/\">Demande de soutien en ligne<\/a><button class=\"menu-item-toggle\"><\/button><\/div>\n<ul class=\"sub-menu\">\n<li class=\"menu-item menu-item-type-post_type menu-item-object-page menu-item-has-children\">\n<div class=\"menu-item-wrapper\"><a href=\"https:\/\/www.dfh-ufa.org\/fr\/vous-etes\/etablissements\/evaluation\/demande-de-soutien-en-ligne\/informations-generales\/\">Informations g\u00e9n\u00e9rales<\/a><button class=\"menu-item-toggle\"><\/button><\/div>\n<ul class=\"sub-menu\">\n<li class=\"menu-item menu-item-type-post_type menu-item-object-page\">\n<div class=\"menu-item-wrapper\"><a href=\"https:\/\/www.dfh-ufa.org\/fr\/vous-etes\/etablissements\/evaluation\/demande-de-soutien-en-ligne\/informations-generales\/cursus\/\">Cursus<\/a><button class=\"menu-item-toggle\"><\/button><\/div>\n<\/li>\n<li class=\"menu-item menu-item-type-post_type menu-item-object-page\">\n<div class=\"menu-item-wrapper\"><a href=\"https:\/\/www.dfh-ufa.org\/fr\/vous-etes\/etablissements\/evaluation\/demande-de-soutien-en-ligne\/informations-generales\/degre-dintegration\/\">Degr\u00e9 d&rsquo;int\u00e9gration<\/a><button class=\"menu-item-toggle\"><\/button><\/div>\n<\/li>\n<li class=\"menu-item menu-item-type-post_type menu-item-object-page menu-item-has-children\">\n<div class=\"menu-item-wrapper\"><a href=\"https:\/\/www.dfh-ufa.org\/fr\/vous-etes\/etablissements\/evaluation\/demande-de-soutien-en-ligne\/informations-generales\/annexes\/\">Annexes<\/a><button class=\"menu-item-toggle\"><\/button><\/div>\n<ul class=\"sub-menu\">\n<li class=\"menu-item menu-item-type-post_type menu-item-object-page\">\n<div class=\"menu-item-wrapper\"><a href=\"https:\/\/www.dfh-ufa.org\/fr\/vous-etes\/etablissements\/evaluation\/demande-de-soutien-en-ligne\/informations-generales\/annexes\/chargement-des-annexes\/\">Chargement des annexes<\/a><button class=\"menu-item-toggle\"><\/button><\/div>\n<\/li>\n<li class=\"menu-item menu-item-type-post_type menu-item-object-page\">\n<div class=\"menu-item-wrapper\"><a href=\"https:\/\/www.dfh-ufa.org\/fr\/vous-etes\/etablissements\/evaluation\/demande-de-soutien-en-ligne\/informations-generales\/annexes\/liste-des-annexes\/\">Liste des annexes<\/a><button class=\"menu-item-toggle\"><\/button><\/div>\n<\/li>\n<\/ul>\n<\/li>\n<li class=\"menu-item menu-item-type-post_type_item menu-item-object-page\">\n<div class=\"menu-item-wrapper\"><a href=\"https:\/\/www.dfh-ufa.org\/fr\/vous-etes\/etablissements\/evaluation\/demande-de-soutien-en-ligne\/informations-generales\/signatures\/\">Signatures<\/a><button class=\"menu-item-toggle\"><\/button><\/div>\n<\/li>\n<li class=\"menu-item menu-item-type-post_type menu-item-object-page\">\n<div class=\"menu-item-wrapper\"><a href=\"https:\/\/www.dfh-ufa.org\/fr\/vous-etes\/etablissements\/evaluation\/demande-de-soutien-en-ligne\/informations-generales\/version-imprimable-validation\/\">Version imprimable &amp; validation<\/a><button class=\"menu-item-toggle\"><\/button><\/div>\n<\/li>\n<\/ul>\n<\/li>\n<li class=\"menu-item menu-item-type-post_type current-page-ancestor current-menu-ancestor menu-item-object-page menu-item-has-children\">\n<div class=\"menu-item-wrapper\"><a href=\"https:\/\/www.dfh-ufa.org\/fr\/vous-etes\/etablissements\/evaluation\/demande-de-soutien-en-ligne\/partenaires\/\">Partenaires<\/a><button class=\"menu-item-toggle\"><\/button><\/div>\n<ul class=\"sub-menu\">\n<li class=\"menu-item menu-item-type-post_type current-menu-item page_item current_page menu-item-object-page\">\n<div class=\"menu-item-wrapper\"><a href=\"https:\/\/www.dfh-ufa.org\/fr\/vous-etes\/etablissements\/evaluation\/demande-de-soutien-en-ligne\/partenaires\/coordonnees\/\">Coordonn\u00e9es<\/a><button class=\"menu-item-toggle\"><\/button><\/div>\n<\/li>\n<li class=\"menu-item menu-item-type-post_type menu-item-object-page\">\n<div class=\"menu-item-wrapper\"><a href=\"https:\/\/www.dfh-ufa.org\/fr\/vous-etes\/etablissements\/evaluation\/demande-de-soutien-en-ligne\/partenaires\/cursus\/\">Cursus<\/a><button class=\"menu-item-toggle\"><\/button><\/div>\n<\/li>\n<li class=\"menu-item menu-item-type-post_type menu-item-object-page\">\n<div class=\"menu-item-wrapper\"><a href=\"https:\/\/www.dfh-ufa.org\/fr\/vous-etes\/etablissements\/evaluation\/demande-de-soutien-en-ligne\/partenaires\/assurance-qualite\/\">Assurance-qualit\u00e9<\/a><button class=\"menu-item-toggle\"><\/button><\/div>\n<\/li>\n<li class=\"menu-item menu-item-type-post_type menu-item-object-page\">\n<div class=\"menu-item-wrapper\"><a href=\"https:\/\/www.dfh-ufa.org\/fr\/vous-etes\/etablissements\/evaluation\/demande-de-soutien-en-ligne\/partenaires\/deroulement-du-cursus\/\">D\u00e9roulement du cursus<\/a><button class=\"menu-item-toggle\"><\/button><\/div>\n<\/li>\n<li class=\"menu-item menu-item-type-post_type menu-item-object-page\">\n<div class=\"menu-item-wrapper\"><a href=\"https:\/\/www.dfh-ufa.org\/fr\/vous-etes\/etablissements\/evaluation\/demande-de-soutien-en-ligne\/partenaires\/admission\/\">Admission<\/a><button class=\"menu-item-toggle\"><\/button><\/div>\n<\/li>\n<li class=\"menu-item menu-item-type-post_type menu-item-object-page\">\n<div class=\"menu-item-wrapper\"><a href=\"https:\/\/www.dfh-ufa.org\/fr\/vous-etes\/etablissements\/evaluation\/demande-de-soutien-en-ligne\/partenaires\/previsions-deffectifs-etudiants\/\">Pr\u00e9visions d&rsquo;effectifs \u00e9tudiants<\/a><button class=\"menu-item-toggle\"><\/button><\/div>\n<\/li>\n<li class=\"menu-item menu-item-type-post_type menu-item-object-page\">\n<div class=\"menu-item-wrapper\"><a href=\"https:\/\/www.dfh-ufa.org\/fr\/vous-etes\/etablissements\/evaluation\/demande-de-soutien-en-ligne\/partenaires\/evolution-du-nombre-detudiants\/\">Evolution du nombre d&rsquo;\u00e9tudiants<\/a><button class=\"menu-item-toggle\"><\/button><\/div>\n<\/li>\n<li class=\"menu-item menu-item-type-post_type menu-item-object-page\">\n<div class=\"menu-item-wrapper\"><a href=\"https:\/\/www.dfh-ufa.org\/fr\/vous-etes\/etablissements\/evaluation\/demande-de-soutien-en-ligne\/partenaires\/cooperation-et-encadrement\/\">Coop\u00e9ration et encadrement<\/a><button class=\"menu-item-toggle\"><\/button><\/div>\n<\/li>\n<li class=\"menu-item menu-item-type-post_type menu-item-object-page\">\n<div class=\"menu-item-wrapper\"><a href=\"https:\/\/www.dfh-ufa.org\/fr\/vous-etes\/etablissements\/evaluation\/demande-de-soutien-en-ligne\/partenaires\/competences-linguistiques\/\">Comp\u00e9tences linguistiques<\/a><button class=\"menu-item-toggle\"><\/button><\/div>\n<\/li>\n<li class=\"menu-item menu-item-type-post_type menu-item-object-page\">\n<div class=\"menu-item-wrapper\"><a href=\"https:\/\/www.dfh-ufa.org\/fr\/vous-etes\/etablissements\/evaluation\/demande-de-soutien-en-ligne\/partenaires\/contenu-du-cursus-et-debouches\/\">Contenu du cursus et d\u00e9bouch\u00e9s<\/a><button class=\"menu-item-toggle\"><\/button><\/div>\n<\/li>\n<li class=\"menu-item menu-item-type-post_type menu-item-object-page\">\n<div class=\"menu-item-wrapper\"><a href=\"https:\/\/www.dfh-ufa.org\/fr\/vous-etes\/etablissements\/evaluation\/demande-de-soutien-en-ligne\/partenaires\/dimension-interculturelle\/\">Dimension interculturelle<\/a><button class=\"menu-item-toggle\"><\/button><\/div>\n<\/li>\n<li class=\"menu-item menu-item-type-post_type menu-item-object-page\">\n<div class=\"menu-item-wrapper\"><a href=\"https:\/\/www.dfh-ufa.org\/fr\/vous-etes\/etablissements\/evaluation\/demande-de-soutien-en-ligne\/partenaires\/originalite\/\">Originalit\u00e9<\/a><button class=\"menu-item-toggle\"><\/button><\/div>\n<\/li>\n<li class=\"menu-item menu-item-type-post_type menu-item-object-page\">\n<div class=\"menu-item-wrapper\"><a href=\"https:\/\/www.dfh-ufa.org\/fr\/vous-etes\/etablissements\/evaluation\/demande-de-soutien-en-ligne\/partenaires\/developpement-et-perennisation\/\">D\u00e9veloppement et p\u00e9rennisation<\/a><button class=\"menu-item-toggle\"><\/button><\/div>\n<\/li>\n<li class=\"menu-item menu-item-type-post_type menu-item-object-page\">\n<div class=\"menu-item-wrapper\"><a href=\"https:\/\/www.dfh-ufa.org\/fr\/vous-etes\/etablissements\/evaluation\/demande-de-soutien-en-ligne\/partenaires\/verification-des-donnees\/\">V\u00e9rification des donn\u00e9es<\/a><button class=\"menu-item-toggle\"><\/button><\/div>\n<\/li>\n<\/ul>\n<\/li>\n<li class=\"menu-item menu-item-type-post_type menu-item-object-page\">\n<div class=\"menu-item-wrapper\"><a href=\"https:\/\/www.dfh-ufa.org\/fr\/vous-etes\/etablissements\/evaluation\/demande-de-soutien-en-ligne\/fermer-la-session\/\">Fermer la session<\/a><button class=\"menu-item-toggle\"><\/button><\/div>\n<\/li>\n<\/ul>\n<\/li>\n<\/ul>\n<\/nav>\n<\/aside>\n<\/div>\n<article class=\"page type-page status-publish hentry\" style=\"padding-left: 30px !important\">\n<header class=\"entry__header\">\n<h1 class=\"entry__title\">Coordonn\u00e9es<\/h1>\n<\/header>\n<div class=\"entry__content cf\">\n<div id=\"c21056\" class=\"csc-default\">\n<div class=\"csc-header csc-header-n2\">\n<h2>Remarques g\u00e9n\u00e9rales :<\/h2>\n<ul>\n<li>Cette partie est \u00e0 remplir par chaque partenaire (un onglet par \u00e9tablissement) :<br \/>\nIl est possible de travailler simultan\u00e9ment sur cette page puisque chaque partenaire travaille dans l&rsquo;onglet de son \u00e9tablissement et que les donn\u00e9es sont sauvegard\u00e9es s\u00e9par\u00e9ment pour chaque onglet.<\/li>\n<li>Si vous travaillez simultan\u00e9ment dans le formulaire de demande de soutien, les donn\u00e9es nouvellement enregistr\u00e9es par votre\/vos partenaire\/s s\u2019afficheront seulement sur votre page lorsque vous aurez cliqu\u00e9 sur \u00ab\u00a0charger \u00e0 nouveau cette rubrique avec tous les onglets\u00a0\u00bb. Alternativement, vous pouvez \u00e9galement red\u00e9marrer le processus de demande de soutien.<\/li>\n<\/ul>\n<h2>Autres remarques :<\/h2>\n<p>Les coordonn\u00e9es figurant ci-dessous ont \u00e9t\u00e9 saisies par les collaborateur\u00b7trices de l&rsquo;UFA, sur la base de votre manifestation d&rsquo;int\u00e9r\u00eat. Si vous constatez des erreurs dans ces donn\u00e9es, veuillez-vous mettre directement en relation avec les collaborateur\u00b7trices UFA du secteur \u00ab\u00a0Cursus int\u00e9gr\u00e9s et formation doctorale\u00a0\u00bb (par t\u00e9l\u00e9phone ou par mail) afin que les corrections puissent \u00eatre effectu\u00e9es.<\/p>\n<p><strong>Veuillez indiquer \u2013 le cas \u00e9ch\u00e9ant &#8211; le site Internet du cursus int\u00e9gr\u00e9.<\/strong><\/p>\n<\/div>\n<\/div>\n<\/div>\n<\/article>\n<\/div>\n<p><!-- .content__container --><\/p>\n<\/div>\n","protected":false},"excerpt":{"rendered":"<p>Demande de soutien en ligne Informations g\u00e9n\u00e9rales Cursus Degr\u00e9 d&rsquo;int\u00e9gration Annexes Chargement des annexes Liste des annexes Signatures Version imprimable &amp; validation Partenaires Coordonn\u00e9es Cursus Assurance-qualit\u00e9 D\u00e9roulement du cursus Admission Pr\u00e9visions d&rsquo;effectifs \u00e9tudiants Evolution du nombre d&rsquo;\u00e9tudiants Coop\u00e9ration et encadrement Comp\u00e9tences linguistiques Contenu du cursus et d\u00e9bouch\u00e9s Dimension interculturelle Originalit\u00e9 D\u00e9veloppement et p\u00e9rennisation V\u00e9rification des [&hellip;]<\/p>\n","protected":false},"author":3,"featured_media":0,"parent":9399,"menu_order":1729,"comment_status":"closed","ping_status":"closed","template":"templates\/tpl.full-width.php","meta":{"_bbp_topic_count":0,"_bbp_reply_count":0,"_bbp_total_topic_count":0,"_bbp_total_reply_count":0,"_bbp_voice_count":0,"_bbp_anonymous_reply_count":0,"_bbp_topic_count_hidden":0,"_bbp_reply_count_hidden":0,"_bbp_forum_subforum_count":0,"inline_featured_image":false},"acf":[],"_links":{"self":[{"href":"https:\/\/www.dfh-ufa.org\/fr\/wp-json\/wp\/v2\/pages\/9385"}],"collection":[{"href":"https:\/\/www.dfh-ufa.org\/fr\/wp-json\/wp\/v2\/pages"}],"about":[{"href":"https:\/\/www.dfh-ufa.org\/fr\/wp-json\/wp\/v2\/types\/page"}],"author":[{"embeddable":true,"href":"https:\/\/www.dfh-ufa.org\/fr\/wp-json\/wp\/v2\/users\/3"}],"replies":[{"embeddable":true,"href":"https:\/\/www.dfh-ufa.org\/fr\/wp-json\/wp\/v2\/comments?post=9385"}],"version-history":[{"count":13,"href":"https:\/\/www.dfh-ufa.org\/fr\/wp-json\/wp\/v2\/pages\/9385\/revisions"}],"predecessor-version":[{"id":1963665,"href":"https:\/\/www.dfh-ufa.org\/fr\/wp-json\/wp\/v2\/pages\/9385\/revisions\/1963665"}],"up":[{"embeddable":true,"href":"https:\/\/www.dfh-ufa.org\/fr\/wp-json\/wp\/v2\/pages\/9399"}],"wp:attachment":[{"href":"https:\/\/www.dfh-ufa.org\/fr\/wp-json\/wp\/v2\/media?parent=9385"}],"curies":[{"name":"wp","href":"https:\/\/api.w.org\/{rel}","templated":true}]}}