{"id":9393,"date":"2018-07-26T16:00:00","date_gmt":"2018-07-26T14:00:00","guid":{"rendered":"https:\/\/www.dfh-ufa.org\/fr\/?page_id=9393"},"modified":"2026-03-11T10:23:57","modified_gmt":"2026-03-11T09:23:57","slug":"competences-linguistiques","status":"publish","type":"page","link":"https:\/\/www.dfh-ufa.org\/fr\/vous-etes\/etablissements\/evaluation\/demande-de-soutien-en-ligne\/partenaires\/competences-linguistiques","title":{"rendered":""},"content":{"rendered":"<div class=\"container\">\n<div class=\"content__container\" style=\"padding-top: 28px !important\">\n<div class=\"sidebar\">\n<aside class=\"aside__subnav\">\n<nav class=\"nav__sidebar\">\n<ul id=\"menu-header-main-1\" class=\"menu\">\n<li class=\"menu-item menu-item-type-post_type current-page-ancestor current-menu-ancestor current-menu-parent current-page-parent menu-item-object-page menu-item-has-children\">\n<div class=\"menu-item-wrapper\"><a href=\"https:\/\/www.dfh-ufa.org\/fr\/vous-etes\/etablissements\/evaluation\/demande-de-soutien-en-ligne\/\">Demande de soutien en ligne<\/a><button class=\"menu-item-toggle\"><\/button><\/div>\n<ul class=\"sub-menu\">\n<li class=\"menu-item menu-item-type-post_type menu-item-object-page menu-item-has-children\">\n<div class=\"menu-item-wrapper\"><a href=\"https:\/\/www.dfh-ufa.org\/fr\/vous-etes\/etablissements\/evaluation\/demande-de-soutien-en-ligne\/informations-generales\/\">Informations g\u00e9n\u00e9rales<\/a><button class=\"menu-item-toggle\"><\/button><\/div>\n<ul class=\"sub-menu\">\n<li class=\"menu-item menu-item-type-post_type menu-item-object-page\">\n<div class=\"menu-item-wrapper\"><a href=\"https:\/\/www.dfh-ufa.org\/fr\/vous-etes\/etablissements\/evaluation\/demande-de-soutien-en-ligne\/informations-generales\/cursus\/\">Cursus<\/a><button class=\"menu-item-toggle\"><\/button><\/div>\n<\/li>\n<li class=\"menu-item menu-item-type-post_type menu-item-object-page\">\n<div class=\"menu-item-wrapper\"><a href=\"https:\/\/www.dfh-ufa.org\/fr\/vous-etes\/etablissements\/evaluation\/demande-de-soutien-en-ligne\/informations-generales\/degre-dintegration\/\">Degr\u00e9 d&rsquo;int\u00e9gration<\/a><button class=\"menu-item-toggle\"><\/button><\/div>\n<\/li>\n<li class=\"menu-item menu-item-type-post_type menu-item-object-page menu-item-has-children\">\n<div class=\"menu-item-wrapper\"><a href=\"https:\/\/www.dfh-ufa.org\/fr\/vous-etes\/etablissements\/evaluation\/demande-de-soutien-en-ligne\/informations-generales\/annexes\/\">Annexes<\/a><button class=\"menu-item-toggle\"><\/button><\/div>\n<ul class=\"sub-menu\">\n<li class=\"menu-item menu-item-type-post_type menu-item-object-page\">\n<div class=\"menu-item-wrapper\"><a href=\"https:\/\/www.dfh-ufa.org\/fr\/vous-etes\/etablissements\/evaluation\/demande-de-soutien-en-ligne\/informations-generales\/annexes\/chargement-des-annexes\/\">Chargement des annexes<\/a><button class=\"menu-item-toggle\"><\/button><\/div>\n<\/li>\n<li class=\"menu-item menu-item-type-post_type menu-item-object-page\">\n<div class=\"menu-item-wrapper\"><a href=\"https:\/\/www.dfh-ufa.org\/fr\/vous-etes\/etablissements\/evaluation\/demande-de-soutien-en-ligne\/informations-generales\/annexes\/liste-des-annexes\/\">Liste des annexes<\/a><button class=\"menu-item-toggle\"><\/button><\/div>\n<\/li>\n<\/ul>\n<\/li>\n<li class=\"menu-item menu-item-type-post_type_item menu-item-object-page\">\n<div class=\"menu-item-wrapper\"><a href=\"https:\/\/www.dfh-ufa.org\/fr\/vous-etes\/etablissements\/evaluation\/demande-de-soutien-en-ligne\/informations-generales\/signatures\/\">Signatures<\/a><button class=\"menu-item-toggle\"><\/button><\/div>\n<\/li>\n<li class=\"menu-item menu-item-type-post_type menu-item-object-page\">\n<div class=\"menu-item-wrapper\"><a href=\"https:\/\/www.dfh-ufa.org\/fr\/vous-etes\/etablissements\/evaluation\/demande-de-soutien-en-ligne\/informations-generales\/version-imprimable-validation\/\">Version imprimable &amp; validation<\/a><button class=\"menu-item-toggle\"><\/button><\/div>\n<\/li>\n<\/ul>\n<\/li>\n<li class=\"menu-item menu-item-type-post_type current-page-ancestor current-menu-ancestor menu-item-object-page menu-item-has-children\">\n<div class=\"menu-item-wrapper\"><a href=\"https:\/\/www.dfh-ufa.org\/fr\/vous-etes\/etablissements\/evaluation\/demande-de-soutien-en-ligne\/partenaires\/\">Partenaires<\/a><button class=\"menu-item-toggle\"><\/button><\/div>\n<ul class=\"sub-menu\">\n<li class=\"menu-item menu-item-type-post_type menu-item-object-page\">\n<div class=\"menu-item-wrapper\"><a href=\"https:\/\/www.dfh-ufa.org\/fr\/vous-etes\/etablissements\/evaluation\/demande-de-soutien-en-ligne\/partenaires\/coordonnees\/\">Coordonn\u00e9es<\/a><button class=\"menu-item-toggle\"><\/button><\/div>\n<\/li>\n<li class=\"menu-item menu-item-type-post_type menu-item-object-page\">\n<div class=\"menu-item-wrapper\"><a href=\"https:\/\/www.dfh-ufa.org\/fr\/vous-etes\/etablissements\/evaluation\/demande-de-soutien-en-ligne\/partenaires\/cursus\/\">Cursus<\/a><button class=\"menu-item-toggle\"><\/button><\/div>\n<\/li>\n<li class=\"menu-item menu-item-type-post_type menu-item-object-page\">\n<div class=\"menu-item-wrapper\"><a href=\"https:\/\/www.dfh-ufa.org\/fr\/vous-etes\/etablissements\/evaluation\/demande-de-soutien-en-ligne\/partenaires\/assurance-qualite\/\">Assurance-qualit\u00e9<\/a><button class=\"menu-item-toggle\"><\/button><\/div>\n<\/li>\n<li class=\"menu-item menu-item-type-post_type menu-item-object-page\">\n<div class=\"menu-item-wrapper\"><a href=\"https:\/\/www.dfh-ufa.org\/fr\/vous-etes\/etablissements\/evaluation\/demande-de-soutien-en-ligne\/partenaires\/deroulement-du-cursus\/\">D\u00e9roulement du cursus<\/a><button class=\"menu-item-toggle\"><\/button><\/div>\n<\/li>\n<li class=\"menu-item menu-item-type-post_type menu-item-object-page\">\n<div class=\"menu-item-wrapper\"><a href=\"https:\/\/www.dfh-ufa.org\/fr\/vous-etes\/etablissements\/evaluation\/demande-de-soutien-en-ligne\/partenaires\/admission\/\">Admission<\/a><button class=\"menu-item-toggle\"><\/button><\/div>\n<\/li>\n<li class=\"menu-item menu-item-type-post_type menu-item-object-page\">\n<div class=\"menu-item-wrapper\"><a href=\"https:\/\/www.dfh-ufa.org\/fr\/vous-etes\/etablissements\/evaluation\/demande-de-soutien-en-ligne\/partenaires\/previsions-deffectifs-etudiants\/\">Pr\u00e9visions d&rsquo;effectifs \u00e9tudiants<\/a><button class=\"menu-item-toggle\"><\/button><\/div>\n<\/li>\n<li class=\"menu-item menu-item-type-post_type menu-item-object-page\">\n<div class=\"menu-item-wrapper\"><a href=\"https:\/\/www.dfh-ufa.org\/fr\/vous-etes\/etablissements\/evaluation\/demande-de-soutien-en-ligne\/partenaires\/evolution-du-nombre-detudiants\/\">Evolution du nombre d&rsquo;\u00e9tudiants<\/a><button class=\"menu-item-toggle\"><\/button><\/div>\n<\/li>\n<li class=\"menu-item menu-item-type-post_type menu-item-object-page\">\n<div class=\"menu-item-wrapper\"><a href=\"https:\/\/www.dfh-ufa.org\/fr\/vous-etes\/etablissements\/evaluation\/demande-de-soutien-en-ligne\/partenaires\/cooperation-et-encadrement\/\">Coop\u00e9ration et encadrement<\/a><button class=\"menu-item-toggle\"><\/button><\/div>\n<\/li>\n<li class=\"menu-item menu-item-type-post_type current-menu-item current_page page_item menu-item-object-page\">\n<div class=\"menu-item-wrapper\"><a href=\"https:\/\/www.dfh-ufa.org\/fr\/vous-etes\/etablissements\/evaluation\/demande-de-soutien-en-ligne\/partenaires\/competences-linguistiques\/\">Comp\u00e9tences linguistiques<\/a><button class=\"menu-item-toggle\"><\/button><\/div>\n<\/li>\n<li class=\"menu-item menu-item-type-post_type menu-item-object-page\">\n<div class=\"menu-item-wrapper\"><a href=\"https:\/\/www.dfh-ufa.org\/fr\/vous-etes\/etablissements\/evaluation\/demande-de-soutien-en-ligne\/partenaires\/contenu-du-cursus-et-debouches\/\">Contenu du cursus et d\u00e9bouch\u00e9s<\/a><button class=\"menu-item-toggle\"><\/button><\/div>\n<\/li>\n<li class=\"menu-item menu-item-type-post_type menu-item-object-page\">\n<div class=\"menu-item-wrapper\"><a href=\"https:\/\/www.dfh-ufa.org\/fr\/vous-etes\/etablissements\/evaluation\/demande-de-soutien-en-ligne\/partenaires\/dimension-interculturelle\/\">Dimension interculturelle<\/a><button class=\"menu-item-toggle\"><\/button><\/div>\n<\/li>\n<li class=\"menu-item menu-item-type-post_type menu-item-object-page\">\n<div class=\"menu-item-wrapper\"><a href=\"https:\/\/www.dfh-ufa.org\/fr\/vous-etes\/etablissements\/evaluation\/demande-de-soutien-en-ligne\/partenaires\/originalite\/\">Originalit\u00e9<\/a><button class=\"menu-item-toggle\"><\/button><\/div>\n<\/li>\n<li class=\"menu-item menu-item-type-post_type menu-item-object-page\">\n<div class=\"menu-item-wrapper\"><a href=\"https:\/\/www.dfh-ufa.org\/fr\/vous-etes\/etablissements\/evaluation\/demande-de-soutien-en-ligne\/partenaires\/developpement-et-perennisation\/\">D\u00e9veloppement et p\u00e9rennisation<\/a><button class=\"menu-item-toggle\"><\/button><\/div>\n<\/li>\n<li class=\"menu-item menu-item-type-post_type menu-item-object-page\">\n<div class=\"menu-item-wrapper\"><a href=\"https:\/\/www.dfh-ufa.org\/fr\/vous-etes\/etablissements\/evaluation\/demande-de-soutien-en-ligne\/partenaires\/verification-des-donnees\/\">V\u00e9rification des donn\u00e9es<\/a><button class=\"menu-item-toggle\"><\/button><\/div>\n<\/li>\n<\/ul>\n<\/li>\n<li class=\"menu-item menu-item-type-post_type menu-item-object-page\">\n<div class=\"menu-item-wrapper\"><a href=\"https:\/\/www.dfh-ufa.org\/fr\/vous-etes\/etablissements\/evaluation\/demande-de-soutien-en-ligne\/fermer-la-session\/\">Fermer la session<\/a><button class=\"menu-item-toggle\"><\/button><\/div>\n<\/li>\n<\/ul>\n<\/li>\n<\/ul>\n<\/nav>\n<\/aside>\n<\/div>\n<article class=\"page type-page status-publish hentry\" style=\"padding-left: 30px !important\">\n<header class=\"entry__header\">\n<h1 class=\"entry__title\">Comp\u00e9tences linguistiques<\/h1>\n<\/header>\n<div class=\"entry__content cf\">\n<h2>Remarques g\u00e9n\u00e9rales :<\/h2>\n<ul>\n<li>Cette partie est \u00e0 remplir par chaque partenaire (un onglet par \u00e9tablissement) :<br \/>\nIl est possible de travailler simultan\u00e9ment sur cette page puisque chaque partenaire travaille dans l\u2019onglet de son \u00e9tablissement et que les donn\u00e9es sont sauvegard\u00e9es s\u00e9par\u00e9ment pour chaque onglet.<\/li>\n<li>Si vous travaillez simultan\u00e9ment dans le formulaire de demande de soutien, les donn\u00e9es nouvellement enregistr\u00e9es par votre\/vos partenaire\/s s\u2019afficheront seulement sur votre page lorsque vous aurez cliqu\u00e9 sur \u00ab\u00a0charger \u00e0 nouveau cette rubrique avec tous les onglets\u00a0\u00bb. Alternativement, vous pouvez \u00e9galement red\u00e9marrer le processus de demande de soutien.<\/li>\n<li>Pour des raisons techniques, la r\u00e9ponse \u00ab non \u00bb a \u00e9t\u00e9 coch\u00e9e par d\u00e9faut dans les champs oui\/non.<\/li>\n<li>Les textes d\u00e9j\u00e0 pr\u00eats, p.ex. en format Word, peuvent \u00eatre int\u00e9gr\u00e9s sans probl\u00e8me dans le formulaire de demande de soutien en ligne ; leur formatage ne pourra pas \u00eatre repris.<\/li>\n<\/ul>\n<h2>Autres remarques :<\/h2>\n<p>Si vous r\u00e9pondez \u00ab\u00a0oui\u00a0\u00bb, il vous sera demand\u00e9 dans certains cas de pr\u00e9ciser la \u00ab\u00a0forme\u00a0\u00bb.<br \/>\nVeuillez alors indiquer de quelle mani\u00e8re et sous quelle forme se d\u00e9roulent le test de niveau \/ la certification \/ la pr\u00e9paration etc\u2026.<\/p>\n<p>Dans la derni\u00e8re question, pr\u00e9cisez l\u2019importance (en pourcentage ou en nombre d\u2019heures etc.) accord\u00e9e aux autres langues \u00e9trang\u00e8res et notamment \u00e0 l\u2019anglais.<br \/>\nLes cursus qui se d\u00e9roulent majoritairement en anglais ne pourront \u00eatre soutenus qu\u2019\u00e0 condition de garantir l\u2019existence d\u2019un socle franco-allemand et que les dipl\u00f4m\u00e9\u00b7es de ce cursus disposent de tr\u00e8s bonnes connaissances en fran\u00e7ais et en allemand, leur permettant d&rsquo;int\u00e9grer le march\u00e9 du travail fran\u00e7ais et allemand.<br \/>\nAinsi, il appartiendra aux \u00e9tablissements porteurs de projets d\u2019expliquer :<\/p>\n<ul>\n<li>les raisons pour lesquelles les cours sont dispens\u00e9s en anglais (discipline, intervention de professeur\u00b7es originaires d\u2019un pays anglo-saxon, internationalisation, petite cohorte d\u2019\u00e9tudiant\u00b7es int\u00e9gr\u00e9e dans un cursus existant dispens\u00e9 en anglais\u2026)<\/li>\n<li>comment ils garantissent que les \u00e9tudiant\u00b7es du programme acqui\u00e8rent les comp\u00e9tences linguistiques requises : test de niveau de langue lors de la s\u00e9lection, cours de langues pendant le cursus \/ programme, test de niveau de langue lors de la bi-diplomation, certification\u2026<\/li>\n<li>comment les sp\u00e9cificit\u00e9s interculturelles franco-allemandes sont g\u00e9r\u00e9es et acquises<\/li>\n<\/ul>\n<\/div>\n<\/article>\n<\/div>\n<p><!-- .content__container --><\/p>\n<\/div>\n","protected":false},"excerpt":{"rendered":"<p>Demande de soutien en ligne Informations g\u00e9n\u00e9rales Cursus Degr\u00e9 d&rsquo;int\u00e9gration Annexes Chargement des annexes Liste des annexes Signatures Version imprimable &amp; validation Partenaires Coordonn\u00e9es Cursus Assurance-qualit\u00e9 D\u00e9roulement du cursus Admission Pr\u00e9visions d&rsquo;effectifs \u00e9tudiants Evolution du nombre d&rsquo;\u00e9tudiants Coop\u00e9ration et encadrement Comp\u00e9tences linguistiques Contenu du cursus et d\u00e9bouch\u00e9s Dimension interculturelle Originalit\u00e9 D\u00e9veloppement et p\u00e9rennisation V\u00e9rification des [&hellip;]<\/p>\n","protected":false},"author":3,"featured_media":0,"parent":9399,"menu_order":1809,"comment_status":"closed","ping_status":"closed","template":"templates\/tpl.full-width.php","meta":{"_bbp_topic_count":0,"_bbp_reply_count":0,"_bbp_total_topic_count":0,"_bbp_total_reply_count":0,"_bbp_voice_count":0,"_bbp_anonymous_reply_count":0,"_bbp_topic_count_hidden":0,"_bbp_reply_count_hidden":0,"_bbp_forum_subforum_count":0,"inline_featured_image":false},"acf":[],"_links":{"self":[{"href":"https:\/\/www.dfh-ufa.org\/fr\/wp-json\/wp\/v2\/pages\/9393"}],"collection":[{"href":"https:\/\/www.dfh-ufa.org\/fr\/wp-json\/wp\/v2\/pages"}],"about":[{"href":"https:\/\/www.dfh-ufa.org\/fr\/wp-json\/wp\/v2\/types\/page"}],"author":[{"embeddable":true,"href":"https:\/\/www.dfh-ufa.org\/fr\/wp-json\/wp\/v2\/users\/3"}],"replies":[{"embeddable":true,"href":"https:\/\/www.dfh-ufa.org\/fr\/wp-json\/wp\/v2\/comments?post=9393"}],"version-history":[{"count":12,"href":"https:\/\/www.dfh-ufa.org\/fr\/wp-json\/wp\/v2\/pages\/9393\/revisions"}],"predecessor-version":[{"id":1963689,"href":"https:\/\/www.dfh-ufa.org\/fr\/wp-json\/wp\/v2\/pages\/9393\/revisions\/1963689"}],"up":[{"embeddable":true,"href":"https:\/\/www.dfh-ufa.org\/fr\/wp-json\/wp\/v2\/pages\/9399"}],"wp:attachment":[{"href":"https:\/\/www.dfh-ufa.org\/fr\/wp-json\/wp\/v2\/media?parent=9393"}],"curies":[{"name":"wp","href":"https:\/\/api.w.org\/{rel}","templated":true}]}}