{"id":9417,"date":"2018-07-27T09:20:29","date_gmt":"2018-07-27T07:20:29","guid":{"rendered":"https:\/\/www.dfh-ufa.org\/fr\/?page_id=9417"},"modified":"2018-07-27T09:32:23","modified_gmt":"2018-07-27T07:32:23","slug":"inscription-a-la-rencontre-des-associations-de-diplomes-au-sein-du-reseau-ufa-le-vendredi-9-novembre-2018-a-strasbourg","status":"publish","type":"page","link":"https:\/\/www.dfh-ufa.org\/fr\/vous-etes\/diplome\/associations-de-diplomes-dans-le-reseau-de-lufa\/inscription-a-la-rencontre-des-associations-de-diplomes-au-sein-du-reseau-ufa-le-vendredi-9-novembre-2018-a-strasbourg","title":{"rendered":"Inscription \u00e0 la rencontre des associations de dipl\u00f4m\u00e9s au sein du r\u00e9seau UFA le vendredi 9 novembre 2018 \u00e0 Strasbourg"},"content":{"rendered":"<script type=\"text\/javascript\">var gform;gform||(document.addEventListener(\"gform_main_scripts_loaded\",function(){gform.scriptsLoaded=!0}),window.addEventListener(\"DOMContentLoaded\",function(){gform.domLoaded=!0}),gform={domLoaded:!1,scriptsLoaded:!1,initializeOnLoaded:function(o){gform.domLoaded&&gform.scriptsLoaded?o():!gform.domLoaded&&gform.scriptsLoaded?window.addEventListener(\"DOMContentLoaded\",o):document.addEventListener(\"gform_main_scripts_loaded\",o)},hooks:{action:{},filter:{}},addAction:function(o,n,r,t){gform.addHook(\"action\",o,n,r,t)},addFilter:function(o,n,r,t){gform.addHook(\"filter\",o,n,r,t)},doAction:function(o){gform.doHook(\"action\",o,arguments)},applyFilters:function(o){return gform.doHook(\"filter\",o,arguments)},removeAction:function(o,n){gform.removeHook(\"action\",o,n)},removeFilter:function(o,n,r){gform.removeHook(\"filter\",o,n,r)},addHook:function(o,n,r,t,i){null==gform.hooks[o][n]&&(gform.hooks[o][n]=[]);var e=gform.hooks[o][n];null==i&&(i=n+\"_\"+e.length),gform.hooks[o][n].push({tag:i,callable:r,priority:t=null==t?10:t})},doHook:function(n,o,r){var t;if(r=Array.prototype.slice.call(r,1),null!=gform.hooks[n][o]&&((o=gform.hooks[n][o]).sort(function(o,n){return o.priority-n.priority}),o.forEach(function(o){\"function\"!=typeof(t=o.callable)&&(t=window[t]),\"action\"==n?t.apply(null,r):r[0]=t.apply(null,r)})),\"filter\"==n)return r[0]},removeHook:function(o,n,t,i){var r;null!=gform.hooks[o][n]&&(r=(r=gform.hooks[o][n]).filter(function(o,n,r){return!!(null!=i&&i!=o.tag||null!=t&&t!=o.priority)}),gform.hooks[o][n]=r)}});<\/script>\n                <div class='gf_browser_gecko gform_wrapper gform_legacy_markup_wrapper' id='gform_wrapper_8' ><form method='post' enctype='multipart\/form-data'  id='gform_8'  action='\/fr\/wp-json\/wp\/v2\/pages\/9417' novalidate>\n                        <div class='gform_body gform-body'><ul id='gform_fields_8' class='gform_fields top_label form_sublabel_below description_below'><li id=\"field_8_3\"  class=\"gfield gsection field_sublabel_below field_description_below gfield_visibility_visible\"  data-js-reload=\"field_8_3\"><h2 class=\"gsection_title\">Donn\u00e9es personnelles<\/h2><\/li><li id=\"field_8_5\"  class=\"gfield gfield_contains_required field_sublabel_below field_description_below gfield_visibility_visible\"  data-js-reload=\"field_8_5\"><label class='gfield_label' for='input_8_5' >Nom<span class=\"gfield_required\"><span class=\"gfield_required gfield_required_asterisk\">*<\/span><\/span><\/label><div class='ginput_container ginput_container_text'><input name='input_5' id='input_8_5' type='text' value='' class='large'     aria-required=\"true\" aria-invalid=\"false\"   \/> <\/div><\/li><li id=\"field_8_6\"  class=\"gfield gfield_contains_required field_sublabel_below field_description_below gfield_visibility_visible\"  data-js-reload=\"field_8_6\"><label class='gfield_label' for='input_8_6' >Pr\u00e9nom<span class=\"gfield_required\"><span class=\"gfield_required gfield_required_asterisk\">*<\/span><\/span><\/label><div class='ginput_container ginput_container_text'><input name='input_6' id='input_8_6' type='text' value='' class='large'     aria-required=\"true\" aria-invalid=\"false\"   \/> <\/div><\/li><li id=\"field_8_7\"  class=\"gfield gfield_contains_required field_sublabel_below field_description_below gfield_visibility_visible\"  data-js-reload=\"field_8_7\"><label class='gfield_label' for='input_8_7' >T\u00e9l\u00e9phone<span class=\"gfield_required\"><span class=\"gfield_required gfield_required_asterisk\">*<\/span><\/span><\/label><div class='ginput_container ginput_container_text'><input name='input_7' id='input_8_7' type='text' value='' class='large'    placeholder='+33 \/ +49 \/ ...' aria-required=\"true\" aria-invalid=\"false\"   \/> <\/div><\/li><li id=\"field_8_8\"  class=\"gfield gfield_contains_required field_sublabel_below field_description_below gfield_visibility_visible\"  data-js-reload=\"field_8_8\"><label class='gfield_label' for='input_8_8' >E-mail<span class=\"gfield_required\"><span class=\"gfield_required gfield_required_asterisk\">*<\/span><\/span><\/label><div class='ginput_container ginput_container_email'>\n                            <input name='input_8' id='input_8_8' type='email' value='' class='large'    aria-required=\"true\" aria-invalid=\"false\"  \/>\n                        <\/div><\/li><li id=\"field_8_9\"  class=\"gfield gsection field_sublabel_below field_description_below gfield_visibility_visible\"  data-js-reload=\"field_8_9\"><h2 class=\"gsection_title\">Informations sur l&#039;association<\/h2><\/li><li id=\"field_8_10\"  class=\"gfield gfield_contains_required field_sublabel_below field_description_below gfield_visibility_visible\"  data-js-reload=\"field_8_10\"><label class='gfield_label'  >Existe t-il d\u00e9j\u00e0 une association?<span class=\"gfield_required\"><span class=\"gfield_required gfield_required_asterisk\">*<\/span><\/span><\/label><div class='ginput_container ginput_container_radio'><ul class='gfield_radio' id='input_8_10'>\n\t\t\t<li class='gchoice gchoice_8_10_0'>\n\t\t\t\t<input name='input_10' type='radio' value='oui'  id='choice_8_10_0'    \/>\n\t\t\t\t<label for='choice_8_10_0' id='label_8_10_0'>oui<\/label>\n\t\t\t<\/li>\n\t\t\t<li class='gchoice gchoice_8_10_1'>\n\t\t\t\t<input name='input_10' type='radio' value='non'  id='choice_8_10_1'    \/>\n\t\t\t\t<label for='choice_8_10_1' id='label_8_10_1'>non<\/label>\n\t\t\t<\/li><\/ul><\/div><\/li><li id=\"field_8_21\"  class=\"gfield gfield_html gfield_html_formatted gfield_no_follows_desc field_sublabel_below field_description_below gfield_visibility_visible\"  data-js-reload=\"field_8_21\"><br><\/li><li id=\"field_8_11\"  class=\"gfield field_sublabel_below field_description_below gfield_visibility_visible\"  data-js-reload=\"field_8_11\"><label class='gfield_label' for='input_8_11' >Ann\u00e9e de cr\u00e9ation<\/label><div class='ginput_container ginput_container_text'><input name='input_11' id='input_8_11' type='text' value='' class='large'      aria-invalid=\"false\"   \/> <\/div><\/li><li id=\"field_8_12\"  class=\"gfield field_sublabel_below field_description_below gfield_visibility_visible\"  data-js-reload=\"field_8_12\"><label class='gfield_label' for='input_8_12' >Nom de l&#039;association<\/label><div class='ginput_container ginput_container_text'><input name='input_12' id='input_8_12' type='text' value='' class='large'      aria-invalid=\"false\"   \/> <\/div><\/li><li id=\"field_8_13\"  class=\"gfield field_sublabel_below field_description_below gfield_visibility_visible\"  data-js-reload=\"field_8_13\"><label class='gfield_label' for='input_8_13' >Site internet de l&#039;association<\/label><div class='ginput_container ginput_container_text'><input name='input_13' id='input_8_13' type='text' value='' class='large'      aria-invalid=\"false\"   \/> <\/div><\/li><li id=\"field_8_14\"  class=\"gfield field_sublabel_below field_description_below gfield_visibility_visible\"  data-js-reload=\"field_8_14\"><label class='gfield_label' for='input_8_14' >\u00c9tablissements partenaires<\/label><div class='ginput_container ginput_container_text'><input name='input_14' id='input_8_14' type='text' value='' class='large'      aria-invalid=\"false\"   \/> <\/div><\/li><li id=\"field_8_15\"  class=\"gfield field_sublabel_below field_description_below gfield_visibility_visible\"  data-js-reload=\"field_8_15\"><label class='gfield_label' for='input_8_15' >Cursus<\/label><div class='ginput_container ginput_container_text'><input name='input_15' id='input_8_15' type='text' value='' class='large'      aria-invalid=\"false\"   \/> <\/div><\/li><li id=\"field_8_16\"  class=\"gfield gsection field_sublabel_below field_description_below gfield_visibility_visible\"  data-js-reload=\"field_8_16\"><h2 class=\"gsection_title\">D\u00e9claration de consentement<\/h2><\/li><li id=\"field_8_18\"  class=\"gfield gfield_contains_required field_sublabel_below field_description_below gfield_visibility_visible\"  data-js-reload=\"field_8_18\"><label class='gfield_label'  >Par la pr\u00e9sente, j\u2019autorise l\u2019UFA \u00e0 transmettre mon nom et mon adresse e-mail aux autres participants en vue d\u2019une prise de contact apr\u00e8s la tenue de la manifestation<span class=\"gfield_required\"><span class=\"gfield_required gfield_required_asterisk\">*<\/span><\/span><\/label><div class='ginput_container ginput_container_radio'><ul class='gfield_radio' id='input_8_18'>\n\t\t\t<li class='gchoice gchoice_8_18_0'>\n\t\t\t\t<input name='input_18' type='radio' value='oui'  id='choice_8_18_0'    \/>\n\t\t\t\t<label for='choice_8_18_0' id='label_8_18_0'>oui<\/label>\n\t\t\t<\/li>\n\t\t\t<li class='gchoice gchoice_8_18_1'>\n\t\t\t\t<input name='input_18' type='radio' value='non'  id='choice_8_18_1'    \/>\n\t\t\t\t<label for='choice_8_18_1' id='label_8_18_1'>non<\/label>\n\t\t\t<\/li><\/ul><\/div><\/li><li id=\"field_8_22\"  class=\"gfield gfield_html gfield_html_formatted gfield_no_follows_desc field_sublabel_below field_description_below gfield_visibility_visible\"  data-js-reload=\"field_8_22\"><br><\/li><li id=\"field_8_17\"  class=\"gfield gfield_contains_required field_sublabel_below field_description_below gfield_visibility_visible\"  data-js-reload=\"field_8_17\"><label class='gfield_label gfield_label_before_complex'  >Inscription \u00e0 la rencontre des associations de dipl\u00f4m\u00e9s<span class=\"gfield_required\"><span class=\"gfield_required gfield_required_asterisk\">*<\/span><\/span><\/label><div class='ginput_container ginput_container_checkbox'><ul class='gfield_checkbox' id='input_8_17'><li class='gchoice gchoice_8_17_1'>\n\t\t\t\t\t\t\t\t<input class='gfield-choice-input' name='input_17.1' type='checkbox'  value='&lt;b&gt;Je m\u2019inscris \u00e0 la rencontre des associations de dipl\u00f4m\u00e9s au sein du r\u00e9seau UFA le 9 novembre 2018 \u00e0 Strasbourg.&lt;\/b&gt;'  id='choice_8_17_1'   \/>\n\t\t\t\t\t\t\t\t<label for='choice_8_17_1' id='label_8_17_1'><b>Je m\u2019inscris \u00e0 la rencontre des associations de dipl\u00f4m\u00e9s au sein du r\u00e9seau UFA le 9 novembre 2018 \u00e0 Strasbourg.<\/b><\/label>\n\t\t\t\t\t\t\t<\/li><\/ul><\/div><\/li><li id=\"field_8_19\"  class=\"gfield gsection field_sublabel_below field_description_below gfield_visibility_visible\"  data-js-reload=\"field_8_19\"><h2 class=\"gsection_title\">Soutien aux frais de transports<\/h2><\/li><li id=\"field_8_20\"  class=\"gfield field_sublabel_below field_description_below gfield_visibility_visible\"  data-js-reload=\"field_8_20\"><label class='gfield_label gfield_label_before_complex'  >Dans le cadre des mesures \u00ab Relations dipl\u00f4m\u00e9s \u00bb, l&#039;UFA soutient la participation \u00e0 cette rencontre sous forme d&#039;un soutien aux frais de transport \u00e0 hauteur de 50 euros par personne (merci de bien vouloir garder vos factures (billets de train, etc.) !).<\/label><div class='ginput_container ginput_container_checkbox'><ul class='gfield_checkbox' id='input_8_20'><li class='gchoice gchoice_8_20_1'>\n\t\t\t\t\t\t\t\t<input class='gfield-choice-input' name='input_20.1' type='checkbox'  value='&lt;b&gt;Je souhaite b\u00e9n\u00e9ficier du soutien aux frais de transport.&lt;\/b&gt;'  id='choice_8_20_1'   aria-describedby=\"gfield_description_8_20\"\/>\n\t\t\t\t\t\t\t\t<label for='choice_8_20_1' id='label_8_20_1'><b>Je souhaite b\u00e9n\u00e9ficier du soutien aux frais de transport.<\/b><\/label>\n\t\t\t\t\t\t\t<\/li><\/ul><\/div><div class='gfield_description' id='gfield_description_8_20'><br><small>Il n\u2019y a pas de droit acquis au soutien aux frais de d\u00e9placement par l\u2019UFA. Le recours aux tribunaux est exclu. <\/small><\/div><\/li><\/ul><\/div>\n        <div class='gform_footer top_label'> <input type='submit' id='gform_submit_button_8' class='gform_button button' value='Envoyer'  onclick='if(window[\"gf_submitting_8\"]){return false;}  if( !jQuery(\"#gform_8\")[0].checkValidity || jQuery(\"#gform_8\")[0].checkValidity()){window[\"gf_submitting_8\"]=true;}  ' onkeypress='if( event.keyCode == 13 ){ if(window[\"gf_submitting_8\"]){return false;} if( !jQuery(\"#gform_8\")[0].checkValidity || jQuery(\"#gform_8\")[0].checkValidity()){window[\"gf_submitting_8\"]=true;}  jQuery(\"#gform_8\").trigger(\"submit\",[true]); }' \/> \n            <input type='hidden' class='gform_hidden' name='is_submit_8' value='1' \/>\n            <input type='hidden' class='gform_hidden' name='gform_submit' value='8' \/>\n            \n            <input type='hidden' class='gform_hidden' name='gform_unique_id' value='' \/>\n            <input type='hidden' class='gform_hidden' name='state_8' value='WyJbXSIsIjAwYmQ1ZTQ3NWM2ZjliNjBhNGE1ZWJkNWNkYWI1YmNjIl0=' \/>\n            <input type='hidden' class='gform_hidden' name='gform_target_page_number_8' id='gform_target_page_number_8' value='0' \/>\n            <input type='hidden' class='gform_hidden' name='gform_source_page_number_8' id='gform_source_page_number_8' value='1' \/>\n            <input type='hidden' name='gform_field_values' value='' \/>\n            \n        <\/div>\n                        <\/form>\n                        <\/div>\n","protected":false},"excerpt":{"rendered":"","protected":false},"author":2,"featured_media":0,"parent":837,"menu_order":16,"comment_status":"closed","ping_status":"closed","template":"","meta":{"_bbp_topic_count":0,"_bbp_reply_count":0,"_bbp_total_topic_count":0,"_bbp_total_reply_count":0,"_bbp_voice_count":0,"_bbp_anonymous_reply_count":0,"_bbp_topic_count_hidden":0,"_bbp_reply_count_hidden":0,"_bbp_forum_subforum_count":0,"inline_featured_image":false},"acf":[],"_links":{"self":[{"href":"https:\/\/www.dfh-ufa.org\/fr\/wp-json\/wp\/v2\/pages\/9417"}],"collection":[{"href":"https:\/\/www.dfh-ufa.org\/fr\/wp-json\/wp\/v2\/pages"}],"about":[{"href":"https:\/\/www.dfh-ufa.org\/fr\/wp-json\/wp\/v2\/types\/page"}],"author":[{"embeddable":true,"href":"https:\/\/www.dfh-ufa.org\/fr\/wp-json\/wp\/v2\/users\/2"}],"replies":[{"embeddable":true,"href":"https:\/\/www.dfh-ufa.org\/fr\/wp-json\/wp\/v2\/comments?post=9417"}],"version-history":[{"count":1,"href":"https:\/\/www.dfh-ufa.org\/fr\/wp-json\/wp\/v2\/pages\/9417\/revisions"}],"predecessor-version":[{"id":9418,"href":"https:\/\/www.dfh-ufa.org\/fr\/wp-json\/wp\/v2\/pages\/9417\/revisions\/9418"}],"up":[{"embeddable":true,"href":"https:\/\/www.dfh-ufa.org\/fr\/wp-json\/wp\/v2\/pages\/837"}],"wp:attachment":[{"href":"https:\/\/www.dfh-ufa.org\/fr\/wp-json\/wp\/v2\/media?parent=9417"}],"curies":[{"name":"wp","href":"https:\/\/api.w.org\/{rel}","templated":true}]}}