{"id":9490,"date":"2018-08-02T15:24:09","date_gmt":"2018-08-02T13:24:09","guid":{"rendered":"https:\/\/www.dfh-ufa.org\/fr\/?page_id=9490"},"modified":"2018-10-15T09:04:16","modified_gmt":"2018-10-15T07:04:16","slug":"lufa-a-la-rencontre-des-entreprises","status":"publish","type":"page","link":"https:\/\/www.dfh-ufa.org\/fr\/vous-etes\/entreprises\/manifestations\/lufa-a-la-rencontre-des-entreprises","title":{"rendered":"\u00ab L\u2019UFA \u00e0 la rencontre des entreprises \u00bb"},"content":{"rendered":"<p><img decoding=\"async\" loading=\"lazy\" class=\"aligncenter wp-image-9564 size-large\" src=\"https:\/\/www.dfh-ufa.org\/app\/uploads\/2018\/07\/Unbenannt-1-1024x150.jpg\" alt=\"\" width=\"1024\" height=\"150\" srcset=\"https:\/\/www.dfh-ufa.org\/app\/uploads\/2018\/07\/Unbenannt-1-1024x150.jpg 1024w, https:\/\/www.dfh-ufa.org\/app\/uploads\/2018\/07\/Unbenannt-1-300x44.jpg 300w, https:\/\/www.dfh-ufa.org\/app\/uploads\/2018\/07\/Unbenannt-1-768x112.jpg 768w\" sizes=\"(max-width: 1024px) 100vw, 1024px\" \/><\/p>\n<h5 style=\"text-align: center\"><span style=\"color: #000000\"><strong>Manifestation commune de l\u2019Universit\u00e9 franco-allemande, du <\/strong><strong>Club \u00c9conomique Franco-Allemand et <\/strong><strong>de la Chambre Franco-Allemande <\/strong><strong>de <\/strong><\/span><strong><span style=\"color: #000000\">Commerce et d\u2019Industrie<br \/>\n<\/span><\/strong><\/h5>\n<h5><\/h5>\n<h5 style=\"text-align: center\"><strong><span style=\"color: #000000\">Jeudi 11 octobre 2018 de 15h30 \u00e0 20h<\/span><\/strong><br \/>\n<strong><span style=\"color: #000000\">\u00e0 la Maison des Travaux Publics (3 rue de Berri, 75008 Paris)<\/span><\/strong><\/h5>\n<hr \/>\n<h3 style=\"text-align: center\"><span style=\"color: #000000\">\u00ab\u00a0L\u2019Universit\u00e9 franco-allemande \u00e0 la rencontre des entreprises\u00a0\u00bb<\/span><\/h3>\n<h5><\/h5>\n<h5 style=\"text-align: center\"><span style=\"color: #000000\"><strong>Qu\u2019attendent les employeurs de l\u2019enseignement sup\u00e9rieur \u2013 et notamment<\/strong><\/span><br \/>\n<span style=\"color: #000000\"><strong>des cursus franco-allemands ? Que propose le r\u00e9seau de l\u2019UFA au monde \u00e9conomique ?<\/strong><\/span><br \/>\n<span style=\"color: #000000\"><strong>Quelle est la plus-value des parcours universitaires et scientifiques internationaux\u00a0?<\/strong><\/span><br \/>\n<span style=\"color: #000000\"><strong>L\u2019insertion professionnelle et l\u2019optimisation des parcours professionnels \u00e0 l\u2019\u00e8re du 4.0<\/strong><\/span><\/h5>\n<p><strong>\u00a0<\/strong><\/p>\n<p>15h30\u00a0: Inscriptions et \u00e9changes informels<\/p>\n<p>&nbsp;<\/p>\n<p>16h00\u00a0: Mots de bienvenue de David Capitant, Pr\u00e9sident de l\u2019UFA et de Nikolaus Meyer-Landrut, Ambassadeur d\u2019Allemagne en France<\/p>\n<p>Les cursus de l\u2019UFA\u00a0\u2013 projection d\u2019un film de pr\u00e9sentation<\/p>\n<p>&nbsp;<\/p>\n<p><strong>\u00c9changes entre repr\u00e9sentants \u00e9conomiques et repr\u00e9sentants du r\u00e9seau de l\u2019UFA\u00a0:<\/strong><\/p>\n<p><strong>Dialogue d\u2019introduction entre Jad Ariss, Directeur des affaires publiques &amp; de la responsabilit\u00e9 d\u2019entreprise du Groupe AXA, et Iris Ritter von Fallois, responsable de programme de l&rsquo;UFA, HEC<\/strong><\/p>\n<p>&nbsp;<\/p>\n<p><strong>Table ronde\u00a0<\/strong><\/p>\n<p>&#8211; Agn\u00e8s Vogt-Raynaud, Directrice g\u00e9n\u00e9rale de Bertrandt SAS,<\/p>\n<p>&#8211; Jean-Michel Tasse, Directeur g\u00e9n\u00e9ral de Festo France,<\/p>\n<p>&#8211; Pamela Stenzel, CCEF, Office K61, consultante juridique et strat\u00e9gique,<\/p>\n<p>&#8211; Denis Matheis, rapporteur du groupe disciplinaire \u00ab\u00a0sciences de l\u2019ing\u00e9nieur\u00a0\u00bb de l\u2019UFA, ENSAM,<\/p>\n<p>&#8211; Alexandra Verdeil, dipl\u00f4m\u00e9e UFA du cursus \u00ab Master in Management \u00bb (ESCP Europe Berlin, Paris et Madrid) et Chef de projet Allemagne, TactileStudio.<\/p>\n<p>&nbsp;<\/p>\n<p><strong>\u00c9change avec le public<\/strong><\/p>\n<p><strong>Mot de cl\u00f4ture\u00a0propos\u00e9 par Wulf Eckardt, Principal, Kienbaum France et Pierre-Henri Pr\u00e9lot, responsable de programme de l&rsquo;UFA, Universit\u00e9 de Cergy-Pontoise<\/strong><\/p>\n<p>La mod\u00e9ration sera prise en charge par la journaliste Annette Burgdorf.<\/p>\n<p>&nbsp;<\/p>\n<p>19h00\u00a0: Cocktail et \u00e9changes informels<\/p>\n<p><a class=\"primary button\" href=\"https:\/\/www.fntp.fr\/contact\" target=\"_blank\" rel=\"noopener\">Plan d&rsquo;acc\u00e8s<\/a><\/p>\n","protected":false},"excerpt":{"rendered":"<p>Manifestation commune de l\u2019Universit\u00e9 franco-allemande, du Club \u00c9conomique Franco-Allemand et de la Chambre Franco-Allemande de Commerce et d\u2019Industrie Jeudi 11 octobre 2018 de 15h30 \u00e0 20h \u00e0 la Maison des Travaux Publics (3 rue de Berri, 75008 Paris) \u00ab\u00a0L\u2019Universit\u00e9 franco-allemande \u00e0 la rencontre des entreprises\u00a0\u00bb Qu\u2019attendent les employeurs de l\u2019enseignement sup\u00e9rieur \u2013 et notamment des [&hellip;]<\/p>\n","protected":false},"author":2,"featured_media":0,"parent":864,"menu_order":116,"comment_status":"closed","ping_status":"closed","template":"","meta":{"_bbp_topic_count":0,"_bbp_reply_count":0,"_bbp_total_topic_count":0,"_bbp_total_reply_count":0,"_bbp_voice_count":0,"_bbp_anonymous_reply_count":0,"_bbp_topic_count_hidden":0,"_bbp_reply_count_hidden":0,"_bbp_forum_subforum_count":0,"inline_featured_image":false},"acf":[],"_links":{"self":[{"href":"https:\/\/www.dfh-ufa.org\/fr\/wp-json\/wp\/v2\/pages\/9490"}],"collection":[{"href":"https:\/\/www.dfh-ufa.org\/fr\/wp-json\/wp\/v2\/pages"}],"about":[{"href":"https:\/\/www.dfh-ufa.org\/fr\/wp-json\/wp\/v2\/types\/page"}],"author":[{"embeddable":true,"href":"https:\/\/www.dfh-ufa.org\/fr\/wp-json\/wp\/v2\/users\/2"}],"replies":[{"embeddable":true,"href":"https:\/\/www.dfh-ufa.org\/fr\/wp-json\/wp\/v2\/comments?post=9490"}],"version-history":[{"count":49,"href":"https:\/\/www.dfh-ufa.org\/fr\/wp-json\/wp\/v2\/pages\/9490\/revisions"}],"predecessor-version":[{"id":11737,"href":"https:\/\/www.dfh-ufa.org\/fr\/wp-json\/wp\/v2\/pages\/9490\/revisions\/11737"}],"up":[{"embeddable":true,"href":"https:\/\/www.dfh-ufa.org\/fr\/wp-json\/wp\/v2\/pages\/864"}],"wp:attachment":[{"href":"https:\/\/www.dfh-ufa.org\/fr\/wp-json\/wp\/v2\/media?parent=9490"}],"curies":[{"name":"wp","href":"https:\/\/api.w.org\/{rel}","templated":true}]}}