{"id":951844,"date":"2021-11-29T15:15:27","date_gmt":"2021-11-29T14:15:27","guid":{"rendered":"https:\/\/www.dfh-ufa.org\/fr\/?page_id=951844"},"modified":"2022-03-09T13:02:58","modified_gmt":"2022-03-09T12:02:58","slug":"votre-temoignage","status":"publish","type":"page","link":"https:\/\/www.dfh-ufa.org\/fr\/vous-etes\/etudes-franco-allemandes\/temoignages\/votre-temoignage","title":{"rendered":"Votre t\u00e9moignage"},"content":{"rendered":"<script type=\"text\/javascript\">var gform;gform||(document.addEventListener(\"gform_main_scripts_loaded\",function(){gform.scriptsLoaded=!0}),window.addEventListener(\"DOMContentLoaded\",function(){gform.domLoaded=!0}),gform={domLoaded:!1,scriptsLoaded:!1,initializeOnLoaded:function(o){gform.domLoaded&&gform.scriptsLoaded?o():!gform.domLoaded&&gform.scriptsLoaded?window.addEventListener(\"DOMContentLoaded\",o):document.addEventListener(\"gform_main_scripts_loaded\",o)},hooks:{action:{},filter:{}},addAction:function(o,n,r,t){gform.addHook(\"action\",o,n,r,t)},addFilter:function(o,n,r,t){gform.addHook(\"filter\",o,n,r,t)},doAction:function(o){gform.doHook(\"action\",o,arguments)},applyFilters:function(o){return gform.doHook(\"filter\",o,arguments)},removeAction:function(o,n){gform.removeHook(\"action\",o,n)},removeFilter:function(o,n,r){gform.removeHook(\"filter\",o,n,r)},addHook:function(o,n,r,t,i){null==gform.hooks[o][n]&&(gform.hooks[o][n]=[]);var e=gform.hooks[o][n];null==i&&(i=n+\"_\"+e.length),gform.hooks[o][n].push({tag:i,callable:r,priority:t=null==t?10:t})},doHook:function(n,o,r){var t;if(r=Array.prototype.slice.call(r,1),null!=gform.hooks[n][o]&&((o=gform.hooks[n][o]).sort(function(o,n){return o.priority-n.priority}),o.forEach(function(o){\"function\"!=typeof(t=o.callable)&&(t=window[t]),\"action\"==n?t.apply(null,r):r[0]=t.apply(null,r)})),\"filter\"==n)return r[0]},removeHook:function(o,n,t,i){var r;null!=gform.hooks[o][n]&&(r=(r=gform.hooks[o][n]).filter(function(o,n,r){return!!(null!=i&&i!=o.tag||null!=t&&t!=o.priority)}),gform.hooks[o][n]=r)}});<\/script>\n                <div class='gf_browser_gecko gform_wrapper gform_legacy_markup_wrapper' id='gform_wrapper_58' ><form method='post' enctype='multipart\/form-data'  id='gform_58'  action='\/fr\/wp-json\/wp\/v2\/pages\/951844' novalidate>\n                        <div class='gform_body gform-body'><ul id='gform_fields_58' class='gform_fields top_label form_sublabel_below description_below'><li id=\"field_58_24\"  class=\"gfield gfield_html gfield_html_formatted gfield_no_follows_desc field_sublabel_below field_description_below gfield_visibility_visible\"  data-js-reload=\"field_58_24\">Nous vous remercions pour la transmission de votre t\u00e9moignage qui facilitera le choix d'\u00e9tudes de nos futur*es \u00e9tudiant*es. <\/li><li id=\"field_58_17\"  class=\"gfield gfield--width-full gfield_contains_required field_sublabel_below field_description_below gfield_visibility_visible\"  data-js-reload=\"field_58_17\"><label class='gfield_label gfield_label_before_complex'  >Veuillez choisir un ou plusieurs sujets pour votre t\u00e9moignage<span class=\"gfield_required\"><span class=\"gfield_required gfield_required_asterisk\">*<\/span><\/span><\/label><div class='ginput_container ginput_container_checkbox'><ul class='gfield_checkbox' id='input_58_17'><li class='gchoice gchoice_58_17_1'>\n\t\t\t\t\t\t\t\t<input class='gfield-choice-input' name='input_17.1' type='checkbox'  value='Orientation et candidature'  id='choice_58_17_1'   \/>\n\t\t\t\t\t\t\t\t<label for='choice_58_17_1' id='label_58_17_1'>Orientation et candidature<\/label>\n\t\t\t\t\t\t\t<\/li><li class='gchoice gchoice_58_17_2'>\n\t\t\t\t\t\t\t\t<input class='gfield-choice-input' name='input_17.2' type='checkbox'  value='Amiti\u00e9 franco-allemande et &quot;r\u00e9v\u00e9lations&quot; interculturelles'  id='choice_58_17_2'   \/>\n\t\t\t\t\t\t\t\t<label for='choice_58_17_2' id='label_58_17_2'>Amiti\u00e9 franco-allemande et \"r\u00e9v\u00e9lations\" interculturelles<\/label>\n\t\t\t\t\t\t\t<\/li><li class='gchoice gchoice_58_17_3'>\n\t\t\t\t\t\t\t\t<input class='gfield-choice-input' name='input_17.3' type='checkbox'  value='Les \u00e9tudes dans le pays partenaire'  id='choice_58_17_3'   \/>\n\t\t\t\t\t\t\t\t<label for='choice_58_17_3' id='label_58_17_3'>Les \u00e9tudes dans le pays partenaire<\/label>\n\t\t\t\t\t\t\t<\/li><li class='gchoice gchoice_58_17_4'>\n\t\t\t\t\t\t\t\t<input class='gfield-choice-input' name='input_17.4' type='checkbox'  value='Aspects pratiques (financement, d\u00e9m\u00e9nagement...)'  id='choice_58_17_4'   \/>\n\t\t\t\t\t\t\t\t<label for='choice_58_17_4' id='label_58_17_4'>Aspects pratiques (financement, d\u00e9m\u00e9nagement...)<\/label>\n\t\t\t\t\t\t\t<\/li><li class='gchoice gchoice_58_17_5'>\n\t\t\t\t\t\t\t\t<input class='gfield-choice-input' name='input_17.5' type='checkbox'  value='Recherche de stage et d&#039;emploi'  id='choice_58_17_5'   \/>\n\t\t\t\t\t\t\t\t<label for='choice_58_17_5' id='label_58_17_5'>Recherche de stage et d'emploi<\/label>\n\t\t\t\t\t\t\t<\/li><li class='gchoice gchoice_58_17_6'>\n\t\t\t\t\t\t\t\t<input class='gfield-choice-input' name='input_17.6' type='checkbox'  value='Autre'  id='choice_58_17_6'   \/>\n\t\t\t\t\t\t\t\t<label for='choice_58_17_6' id='label_58_17_6'>Autre<\/label>\n\t\t\t\t\t\t\t<\/li><\/ul><\/div><\/li><li id=\"field_58_18\"  class=\"gfield gfield--width-full gfield_contains_required field_sublabel_below field_description_below gfield_visibility_visible\"  data-js-reload=\"field_58_18\"><label class='gfield_label' for='input_58_18' >Votre t\u00e9moignage<span class=\"gfield_required\"><span class=\"gfield_required gfield_required_asterisk\">*<\/span><\/span><\/label><div class='ginput_container ginput_container_textarea'><textarea name='input_18' id='input_58_18' class='textarea medium'   maxlength='900' placeholder='Vous pouvez r\u00e9diger votre t\u00e9moignage en fran\u00e7ais, en allemand ou en anglais. L&#039;UFA se chargera de la traduction.' aria-required=\"true\" aria-invalid=\"false\"   rows='10' cols='50'><\/textarea><\/div><\/li><li id=\"field_58_25\"  class=\"gfield gsection field_sublabel_below field_description_below gfield_visibility_visible\"  data-js-reload=\"field_58_25\"><h2 class=\"gsection_title\">Informations relatives \u00e0 votre personne<\/h2><\/li><li id=\"field_58_1\"  class=\"gfield gfield_contains_required field_sublabel_below field_description_below gfield_visibility_visible\"  data-js-reload=\"field_58_1\"><label class='gfield_label' for='input_58_1' >Pr\u00e9nom<span class=\"gfield_required\"><span class=\"gfield_required gfield_required_asterisk\">*<\/span><\/span><\/label><div class='ginput_container ginput_container_text'><input name='input_1' id='input_58_1' type='text' value='' class='medium'     aria-required=\"true\" aria-invalid=\"false\"   \/> <\/div><\/li><li id=\"field_58_2\"  class=\"gfield gfield_contains_required field_sublabel_below field_description_below gfield_visibility_visible\"  data-js-reload=\"field_58_2\"><label class='gfield_label' for='input_58_2' >Nom de famille<span class=\"gfield_required\"><span class=\"gfield_required gfield_required_asterisk\">*<\/span><\/span><\/label><div class='ginput_container ginput_container_text'><input name='input_2' id='input_58_2' type='text' value='' class='medium'     aria-required=\"true\" aria-invalid=\"false\"   \/> <\/div><\/li><li id=\"field_58_3\"  class=\"gfield gfield_contains_required field_sublabel_below field_description_below gfield_visibility_visible\"  data-js-reload=\"field_58_3\"><label class='gfield_label gfield_label_before_complex'  >Courriel<span class=\"gfield_required\"><span class=\"gfield_required gfield_required_asterisk\">*<\/span><\/span><\/label><div class='ginput_complex ginput_container ginput_container_email' id='input_58_3_container'>\n                                <span id='input_58_3_1_container' class='ginput_left'>\n                                    <input class='' type='email' name='input_3' id='input_58_3' value=''    aria-required=\"true\" aria-invalid=\"false\"  \/>\n                                    <label for='input_58_3' >entrez votre courriel<\/label>\n                                <\/span>\n                                <span id='input_58_3_2_container' class='ginput_right'>\n                                    <input class='' type='email' name='input_3_2' id='input_58_3_2' value=''    aria-required=\"true\" aria-invalid=\"false\"  \/>\n                                    <label for='input_58_3_2' >confirmez votre courriel<\/label>\n                                <\/span>\n                                <div class='gf_clear gf_clear_complex'><\/div>\n                            <\/div><\/li><li id=\"field_58_4\"  class=\"gfield field_sublabel_below field_description_below gfield_visibility_visible\"  data-js-reload=\"field_58_4\"><label class='gfield_label' for='input_58_4' >N\u00b0 de matricule de l&#039;UFA<\/label><div class='ginput_container ginput_container_text'><input name='input_4' id='input_58_4' type='text' value='' class='medium'  aria-describedby=\"gfield_description_58_4\"  placeholder='XXXX-XX-XXXX'  aria-invalid=\"false\"   \/> <\/div><div class='gfield_description' id='gfield_description_58_4'><small><i>Cette information ne sera PAS publi\u00e9e.<br>Vous trouverez votre num\u00e9ro de matricule UFA sur votre <a href=\"https:\/\/login.dfh-ufa.org\/\" target=\"blank\"> espace personnel<\/a>.  <\/small><\/i><\/div><\/li><li id=\"field_58_5\"  class=\"gfield field_sublabel_below field_description_below gfield_visibility_visible\"  data-js-reload=\"field_58_5\"><label class='gfield_label gfield_label_before_complex'  >Nationalit\u00e9<\/label><div class='ginput_container ginput_container_checkbox'><ul class='gfield_checkbox' id='input_58_5'><li class='gchoice gchoice_58_5_1'>\n\t\t\t\t\t\t\t\t<input class='gfield-choice-input' name='input_5.1' type='checkbox'  value='allemande'  id='choice_58_5_1'   aria-describedby=\"gfield_description_58_5\"\/>\n\t\t\t\t\t\t\t\t<label for='choice_58_5_1' id='label_58_5_1'>allemande<\/label>\n\t\t\t\t\t\t\t<\/li><li class='gchoice gchoice_58_5_2'>\n\t\t\t\t\t\t\t\t<input class='gfield-choice-input' name='input_5.2' type='checkbox'  value='fran\u00e7aise'  id='choice_58_5_2'   \/>\n\t\t\t\t\t\t\t\t<label for='choice_58_5_2' id='label_58_5_2'>fran\u00e7aise<\/label>\n\t\t\t\t\t\t\t<\/li><li class='gchoice gchoice_58_5_3'>\n\t\t\t\t\t\t\t\t<input class='gfield-choice-input' name='input_5.3' type='checkbox'  value='franco-allemande'  id='choice_58_5_3'   \/>\n\t\t\t\t\t\t\t\t<label for='choice_58_5_3' id='label_58_5_3'>franco-allemande<\/label>\n\t\t\t\t\t\t\t<\/li><li class='gchoice gchoice_58_5_4'>\n\t\t\t\t\t\t\t\t<input class='gfield-choice-input' name='input_5.4' type='checkbox'  value='autre'  id='choice_58_5_4'   \/>\n\t\t\t\t\t\t\t\t<label for='choice_58_5_4' id='label_58_5_4'>autre<\/label>\n\t\t\t\t\t\t\t<\/li><\/ul><\/div><div class='gfield_description' id='gfield_description_58_5'><small><i>Cette information ne sera PAS publi\u00e9e.<\/small><\/i><\/div><\/li><li id=\"field_58_6\"  class=\"gfield gfield_contains_required field_sublabel_below field_description_below gfield_visibility_visible\"  data-js-reload=\"field_58_6\"><label class='gfield_label' for='input_58_6' >Discipline<span class=\"gfield_required\"><span class=\"gfield_required gfield_required_asterisk\">*<\/span><\/span><\/label><div class='ginput_container ginput_container_select'><select name='input_6' id='input_58_6' class='medium gfield_select'    aria-required=\"true\" aria-invalid=\"false\" ><option value='' selected='selected' class='gf_placeholder'>Veuillez s\u00e9lectionner<\/option><option value='Sciences humaines et sociales, Formation des enseignants \/ Geistes- und Sozialwissenschaften, Lehrerbildung' >Sciences humaines et sociales, Formation des enseignants \/ Geistes- und Sozialwissenschaften, Lehrerbildung<\/option><option value='Droit \/ Rechtswissenshaften' >Droit \/ Rechtswissenshaften<\/option><option value='Sciences de l&#039;ing\u00e9nieur, Sciences, Informatique, Architecture \/ Ingenieur- und Naturwissenschaften, Informatik, Architektur' >Sciences de l&#039;ing\u00e9nieur, Sciences, Informatique, Architecture \/ Ingenieur- und Naturwissenschaften, Informatik, Architektur<\/option><option value='Sciences \u00e9conomiques \/ Wirtschaftswissenschaften' >Sciences \u00e9conomiques \/ Wirtschaftswissenschaften<\/option><\/select><\/div><\/li><li id=\"field_58_7\"  class=\"gfield gfield_contains_required field_sublabel_below field_description_below gfield_visibility_visible\"  data-js-reload=\"field_58_7\"><label class='gfield_label' for='input_58_7' >Nom allemand de votre cursus UFA<span class=\"gfield_required\"><span class=\"gfield_required gfield_required_asterisk\">*<\/span><\/span><\/label><div class='ginput_container ginput_container_text'><input name='input_7' id='input_58_7' type='text' value='' class='medium'  aria-describedby=\"gfield_description_58_7\"   aria-required=\"true\" aria-invalid=\"false\"   \/> <\/div><div class='gfield_description' id='gfield_description_58_7'><small><i>(veuillez indiquer l'appellation compl\u00e8te, conforme au <a href=\"https:\/\/www.dfh-ufa.org\/fr\/programmes\/guide-des-etudes\/\" target=\"_blank\">Guide des \u00e9tudes en ligne<\/a>)<\/small><\/i><\/div><\/li><li id=\"field_58_8\"  class=\"gfield gfield_contains_required field_sublabel_below field_description_below gfield_visibility_visible\"  data-js-reload=\"field_58_8\"><label class='gfield_label' for='input_58_8' >Nom fran\u00e7ais de votre cursus UFA<span class=\"gfield_required\"><span class=\"gfield_required gfield_required_asterisk\">*<\/span><\/span><\/label><div class='ginput_container ginput_container_text'><input name='input_8' id='input_58_8' type='text' value='' class='medium'  aria-describedby=\"gfield_description_58_8\"   aria-required=\"true\" aria-invalid=\"false\"   \/> <\/div><div class='gfield_description' id='gfield_description_58_8'><small><i>(veuillez indiquer l'appellation compl\u00e8te, conforme au <a href=\"https:\/\/www.dfh-ufa.org\/fr\/programmes\/guide-des-etudes\/\" target=\"_blank\">Guide des \u00e9tudes en ligne<\/a>)<\/small><\/i><\/div><\/li><li id=\"field_58_9\"  class=\"gfield gfield_contains_required field_sublabel_below field_description_below gfield_visibility_visible\"  data-js-reload=\"field_58_9\"><label class='gfield_label' for='input_58_9' >Etablissement universitaire en Allemagne<span class=\"gfield_required\"><span class=\"gfield_required gfield_required_asterisk\">*<\/span><\/span><\/label><div class='ginput_container ginput_container_text'><input name='input_9' id='input_58_9' type='text' value='' class='medium'  aria-describedby=\"gfield_description_58_9\"   aria-required=\"true\" aria-invalid=\"false\"   \/> <\/div><div class='gfield_description' id='gfield_description_58_9'><small><i>(veuillez indiquer l'appellation compl\u00e8te, conforme au <a href=\"https:\/\/www.dfh-ufa.org\/fr\/programmes\/guide-des-etudes\/\" target=\"_blank\">Guide des \u00e9tudes en ligne<\/a>)<\/small><\/i><\/div><\/li><li id=\"field_58_10\"  class=\"gfield gfield_contains_required field_sublabel_below field_description_below gfield_visibility_visible\"  data-js-reload=\"field_58_10\"><label class='gfield_label' for='input_58_10' >Etablissement universitaire en France<span class=\"gfield_required\"><span class=\"gfield_required gfield_required_asterisk\">*<\/span><\/span><\/label><div class='ginput_container ginput_container_text'><input name='input_10' id='input_58_10' type='text' value='' class='medium'  aria-describedby=\"gfield_description_58_10\"   aria-required=\"true\" aria-invalid=\"false\"   \/> <\/div><div class='gfield_description' id='gfield_description_58_10'><small><i>(veuillez indiquer l'appellation compl\u00e8te, conforme au <a href=\"https:\/\/www.dfh-ufa.org\/fr\/programmes\/guide-des-etudes\/\" target=\"_blank\">Guide des \u00e9tudes en ligne<\/a>)<\/small><\/i><\/div><\/li><li id=\"field_58_11\"  class=\"gfield gfield_contains_required field_sublabel_below field_description_below gfield_visibility_visible\"  data-js-reload=\"field_58_11\"><label class='gfield_label' for='input_58_11' >Le cas \u00e9ch\u00e9ant, \u00e9tablissement universitaire dans le pays tiers<span class=\"gfield_required\"><span class=\"gfield_required gfield_required_asterisk\">*<\/span><\/span><\/label><div class='ginput_container ginput_container_text'><input name='input_11' id='input_58_11' type='text' value='' class='medium'  aria-describedby=\"gfield_description_58_11\"   aria-required=\"true\" aria-invalid=\"false\"   \/> <\/div><div class='gfield_description' id='gfield_description_58_11'><small><i>(veuillez indiquer l'appellation compl\u00e8te, conforme au <a href=\"https:\/\/www.dfh-ufa.org\/fr\/programmes\/guide-des-etudes\/\" target=\"_blank\">Guide des \u00e9tudes en ligne<\/a>)<\/small><\/i><\/div><\/li><li id=\"field_58_12\"  class=\"gfield gfield_contains_required field_sublabel_below field_description_below gfield_visibility_visible\"  data-js-reload=\"field_58_12\"><label class='gfield_label' for='input_58_12' >Date de d\u00e9but et de fin de vos \u00e9tudes UFA<span class=\"gfield_required\"><span class=\"gfield_required gfield_required_asterisk\">*<\/span><\/span><\/label><div class='ginput_container ginput_container_text'><input name='input_12' id='input_58_12' type='text' value='' class='medium'    placeholder='p. ex. 01\/10\/2019 - 30\/09\/2022' aria-required=\"true\" aria-invalid=\"false\"   \/> <\/div><\/li><li id=\"field_58_13\"  class=\"gfield gfield_contains_required field_sublabel_below field_description_below gfield_visibility_visible\"  data-js-reload=\"field_58_13\"><label class='gfield_label' for='input_58_13' >Dipl\u00f4me (vis\u00e9 ou obtenu)<span class=\"gfield_required\"><span class=\"gfield_required gfield_required_asterisk\">*<\/span><\/span><\/label><div class='ginput_container ginput_container_text'><input name='input_13' id='input_58_13' type='text' value='' class='medium'    placeholder='Licence, Master...' aria-required=\"true\" aria-invalid=\"false\"   \/> <\/div><\/li><li id=\"field_58_15\"  class=\"gfield field_sublabel_below field_description_below gfield_visibility_visible\"  data-js-reload=\"field_58_15\"><label class='gfield_label' for='input_58_15' >Photo<\/label><div class='ginput_complex ginput_container ginput_container_post_image'><span class='ginput_full'><input name='input_15' id='input_58_15' type='file' class='medium'   aria-invalid=\"false\" aria-describedby=\"extensions_message_58_15 gfield_description_58_15\" \/><span id='extensions_message_58_15'>Types de fichiers accept\u00e9s : jpg, jpeg, png, gif.<\/span><label for='input_58_15' class='ginput_post_image_file' >Fichier<\/label><\/span><span class='ginput_full ginput_post_image_description' ><input type='text' name='input_15.7' id='input_58_15_7' value=''  \/><label for='input_58_15_7'>Description<\/label><\/span><\/div><div class='gfield_description' id='gfield_description_58_15'><small><i> Formats : .jpg, .png; taille max. : 5 Mo\n<br>Veuillez indiquer dans tous les cas, m\u00eame pour des photos priv\u00e9es, le <b><big>Copyright<\/big> (Nom du photographe) dans le champs <big>\"Description\" <\/big><\/b><\/small><\/i><\/div><\/li><li id=\"field_58_19\"  class=\"gfield gsection field_sublabel_below field_description_below gfield_visibility_visible\"  data-js-reload=\"field_58_19\"><h2 class=\"gsection_title\">Accord<\/h2><\/li><li id=\"field_58_23\"  class=\"gfield gfield_html gfield_html_formatted gfield_no_follows_desc field_sublabel_below field_description_below gfield_visibility_visible\"  data-js-reload=\"field_58_23\">Je consens \u00e0 la publication de mon t\u00e9moignage (complet ou partiel), ainsi que des informations personnelles destin\u00e9es \u00e0 \u00eatre publi\u00e9es et, le cas \u00e9ch\u00e9ant, de la photo t\u00e9l\u00e9charg\u00e9e, dans le cadre suivant : <\/li><li id=\"field_58_20\"  class=\"gfield gfield_contains_required field_sublabel_below field_description_below gfield_visibility_visible\"  data-js-reload=\"field_58_20\"><label class='gfield_label gfield_label_before_complex'  >Accord pour la publication de votre t\u00e9moignage<span class=\"gfield_required\"><span class=\"gfield_required gfield_required_asterisk\">*<\/span><\/span><\/label><div class='ginput_container ginput_container_checkbox'><ul class='gfield_checkbox' id='input_58_20'><li class='gchoice gchoice_58_20_1'>\n\t\t\t\t\t\t\t\t<input class='gfield-choice-input' name='input_20.1' type='checkbox'  value='sur le site web de l&#039;UFA'  id='choice_58_20_1'   \/>\n\t\t\t\t\t\t\t\t<label for='choice_58_20_1' id='label_58_20_1'>sur le site web de l'UFA<\/label>\n\t\t\t\t\t\t\t<\/li><li class='gchoice gchoice_58_20_2'>\n\t\t\t\t\t\t\t\t<input class='gfield-choice-input' name='input_20.2' type='checkbox'  value='sur les r\u00e9seaux sociaux de l&#039;UFA (Facebook, Instagram, Twitter, LinkedIn)'  id='choice_58_20_2'   \/>\n\t\t\t\t\t\t\t\t<label for='choice_58_20_2' id='label_58_20_2'>sur les r\u00e9seaux sociaux de l'UFA (Facebook, Instagram, Twitter, LinkedIn)<\/label>\n\t\t\t\t\t\t\t<\/li><li class='gchoice gchoice_58_20_3'>\n\t\t\t\t\t\t\t\t<input class='gfield-choice-input' name='input_20.3' type='checkbox'  value='dans des publications de l&#039;UFA (versions papier et num\u00e9riques)'  id='choice_58_20_3'   \/>\n\t\t\t\t\t\t\t\t<label for='choice_58_20_3' id='label_58_20_3'>dans des publications de l'UFA (versions papier et num\u00e9riques)<\/label>\n\t\t\t\t\t\t\t<\/li><\/ul><\/div><\/li><li id=\"field_58_21\"  class=\"gfield gfield_html gfield_html_formatted gfield_no_follows_desc field_sublabel_below field_description_below gfield_visibility_visible\"  data-js-reload=\"field_58_21\">Je peux r\u00e9voquer cet accord \u00e0 tout moment en envoyant un courriel \u00e0 l'adresse suivante :  \n<a href=\"mailto:digitale_medien@dfh-ufa.org\">digitale_medien@dfh-ufa.org<\/a><\/li><li id=\"field_58_22\"  class=\"gfield gfield_contains_required field_sublabel_below field_description_below gfield_visibility_visible\"  data-js-reload=\"field_58_22\"><label class='gfield_label gfield_label_before_complex'  >Accord<span class=\"gfield_required\"><span class=\"gfield_required gfield_required_asterisk\">*<\/span><\/span><\/label><div class='ginput_container ginput_container_consent'><input name='input_22.1' id='input_58_22_1' type='checkbox' value='1'   aria-required=\"true\" aria-invalid=\"false\"   \/> <label class=\"gfield_consent_label\" for='input_58_22_1' >Je d\u00e9clare avoir pris connaissance de la <a href=\"https:\/\/www.dfh-ufa.org\/fr\/donnees_personnelles\">d\u00e9claration sur la protection des donn\u00e9es de l'UFA<\/a> et donne mon accord pour le traitement des donn\u00e9es renseign\u00e9es ci-dessus.<\/label><input type='hidden' name='input_22.2' value='Je d\u00e9clare avoir pris connaissance de la &lt;a href=&quot;https:\/\/www.dfh-ufa.org\/fr\/donnees_personnelles&quot;&gt;d\u00e9claration sur la protection des donn\u00e9es de l&#039;UFA&lt;\/a&gt; et donne mon accord pour le traitement des donn\u00e9es renseign\u00e9es ci-dessus.' class='gform_hidden' \/><input type='hidden' name='input_22.3' value='9' class='gform_hidden' \/><\/div><\/li><\/ul><\/div>\n        <div class='gform_footer top_label'> <input type='submit' id='gform_submit_button_58' class='gform_button button' value='Envoyer'  onclick='if(window[\"gf_submitting_58\"]){return false;}  if( !jQuery(\"#gform_58\")[0].checkValidity || jQuery(\"#gform_58\")[0].checkValidity()){window[\"gf_submitting_58\"]=true;}  ' onkeypress='if( event.keyCode == 13 ){ if(window[\"gf_submitting_58\"]){return false;} if( !jQuery(\"#gform_58\")[0].checkValidity || jQuery(\"#gform_58\")[0].checkValidity()){window[\"gf_submitting_58\"]=true;}  jQuery(\"#gform_58\").trigger(\"submit\",[true]); }' \/> \n            <input type='hidden' class='gform_hidden' name='is_submit_58' value='1' \/>\n            <input type='hidden' class='gform_hidden' name='gform_submit' value='58' \/>\n            \n            <input type='hidden' class='gform_hidden' name='gform_unique_id' value='' \/>\n            <input type='hidden' class='gform_hidden' name='state_58' value='WyJ7XCIyMi4xXCI6XCI1ZDMwN2E3MmRiOGNlNDlkYWZkNTFmNzVhMmQ3MDY2Y1wiLFwiMjIuMlwiOlwiOTgxOWM4OGUwMDAxOTAyYWY0YjljMTBkNGZhNGNkOWNcIixcIjIyLjNcIjpcImFmZTA2MzlkOGI4MzNhYWQ5MmVkYzFmYTM2YTBiNzdjXCJ9IiwiM2YwZTE5ZmIwODMyOTVmMzI0YTcyYzkyZTFlYWNkNTEiXQ==' \/>\n            <input type='hidden' class='gform_hidden' name='gform_target_page_number_58' id='gform_target_page_number_58' value='0' \/>\n            <input type='hidden' class='gform_hidden' name='gform_source_page_number_58' id='gform_source_page_number_58' value='1' \/>\n            <input type='hidden' name='gform_field_values' value='' \/>\n            \n        <\/div>\n                        <\/form>\n                        <\/div>\n","protected":false},"excerpt":{"rendered":"","protected":false},"author":21,"featured_media":0,"parent":815,"menu_order":27,"comment_status":"closed","ping_status":"closed","template":"","meta":{"_bbp_topic_count":0,"_bbp_reply_count":0,"_bbp_total_topic_count":0,"_bbp_total_reply_count":0,"_bbp_voice_count":0,"_bbp_anonymous_reply_count":0,"_bbp_topic_count_hidden":0,"_bbp_reply_count_hidden":0,"_bbp_forum_subforum_count":0,"inline_featured_image":false},"acf":[],"_links":{"self":[{"href":"https:\/\/www.dfh-ufa.org\/fr\/wp-json\/wp\/v2\/pages\/951844"}],"collection":[{"href":"https:\/\/www.dfh-ufa.org\/fr\/wp-json\/wp\/v2\/pages"}],"about":[{"href":"https:\/\/www.dfh-ufa.org\/fr\/wp-json\/wp\/v2\/types\/page"}],"author":[{"embeddable":true,"href":"https:\/\/www.dfh-ufa.org\/fr\/wp-json\/wp\/v2\/users\/21"}],"replies":[{"embeddable":true,"href":"https:\/\/www.dfh-ufa.org\/fr\/wp-json\/wp\/v2\/comments?post=951844"}],"version-history":[{"count":2,"href":"https:\/\/www.dfh-ufa.org\/fr\/wp-json\/wp\/v2\/pages\/951844\/revisions"}],"predecessor-version":[{"id":952582,"href":"https:\/\/www.dfh-ufa.org\/fr\/wp-json\/wp\/v2\/pages\/951844\/revisions\/952582"}],"up":[{"embeddable":true,"href":"https:\/\/www.dfh-ufa.org\/fr\/wp-json\/wp\/v2\/pages\/815"}],"wp:attachment":[{"href":"https:\/\/www.dfh-ufa.org\/fr\/wp-json\/wp\/v2\/media?parent=951844"}],"curies":[{"name":"wp","href":"https:\/\/api.w.org\/{rel}","templated":true}]}}