{"id":9786,"date":"2018-08-03T11:23:01","date_gmt":"2018-08-03T09:23:01","guid":{"rendered":"https:\/\/www.dfh-ufa.org\/fr\/?page_id=9786"},"modified":"2018-08-21T17:05:53","modified_gmt":"2018-08-21T15:05:53","slug":"lufa-a-la-rencontre-des-entreprises-formulaire-dinscription","status":"publish","type":"page","link":"https:\/\/www.dfh-ufa.org\/fr\/vous-etes\/entreprises\/manifestations\/lufa-a-la-rencontre-des-entreprises\/lufa-a-la-rencontre-des-entreprises-formulaire-dinscription","title":{"rendered":"\u00ab L\u2019UFA \u00e0 la rencontre des entreprises \u00bb"},"content":{"rendered":"<p><img decoding=\"async\" loading=\"lazy\" class=\"aligncenter wp-image-9564 size-large\" src=\"https:\/\/www.dfh-ufa.org\/app\/uploads\/2018\/07\/Unbenannt-1-1024x150.jpg\" alt=\"\" width=\"1024\" height=\"150\" srcset=\"https:\/\/www.dfh-ufa.org\/app\/uploads\/2018\/07\/Unbenannt-1-1024x150.jpg 1024w, https:\/\/www.dfh-ufa.org\/app\/uploads\/2018\/07\/Unbenannt-1-300x44.jpg 300w, https:\/\/www.dfh-ufa.org\/app\/uploads\/2018\/07\/Unbenannt-1-768x112.jpg 768w\" sizes=\"(max-width: 1024px) 100vw, 1024px\" \/><\/p>\n<p style=\"text-align: left;\"><script type=\"text\/javascript\">var gform;gform||(document.addEventListener(\"gform_main_scripts_loaded\",function(){gform.scriptsLoaded=!0}),window.addEventListener(\"DOMContentLoaded\",function(){gform.domLoaded=!0}),gform={domLoaded:!1,scriptsLoaded:!1,initializeOnLoaded:function(o){gform.domLoaded&&gform.scriptsLoaded?o():!gform.domLoaded&&gform.scriptsLoaded?window.addEventListener(\"DOMContentLoaded\",o):document.addEventListener(\"gform_main_scripts_loaded\",o)},hooks:{action:{},filter:{}},addAction:function(o,n,r,t){gform.addHook(\"action\",o,n,r,t)},addFilter:function(o,n,r,t){gform.addHook(\"filter\",o,n,r,t)},doAction:function(o){gform.doHook(\"action\",o,arguments)},applyFilters:function(o){return gform.doHook(\"filter\",o,arguments)},removeAction:function(o,n){gform.removeHook(\"action\",o,n)},removeFilter:function(o,n,r){gform.removeHook(\"filter\",o,n,r)},addHook:function(o,n,r,t,i){null==gform.hooks[o][n]&&(gform.hooks[o][n]=[]);var e=gform.hooks[o][n];null==i&&(i=n+\"_\"+e.length),gform.hooks[o][n].push({tag:i,callable:r,priority:t=null==t?10:t})},doHook:function(n,o,r){var t;if(r=Array.prototype.slice.call(r,1),null!=gform.hooks[n][o]&&((o=gform.hooks[n][o]).sort(function(o,n){return o.priority-n.priority}),o.forEach(function(o){\"function\"!=typeof(t=o.callable)&&(t=window[t]),\"action\"==n?t.apply(null,r):r[0]=t.apply(null,r)})),\"filter\"==n)return r[0]},removeHook:function(o,n,t,i){var r;null!=gform.hooks[o][n]&&(r=(r=gform.hooks[o][n]).filter(function(o,n,r){return!!(null!=i&&i!=o.tag||null!=t&&t!=o.priority)}),gform.hooks[o][n]=r)}});<\/script>\n                <div class='gf_browser_gecko gform_wrapper gform_legacy_markup_wrapper' id='gform_wrapper_9' style='display:none'><form method='post' enctype='multipart\/form-data'  id='gform_9'  action='\/fr\/wp-json\/wp\/v2\/pages\/9786' novalidate>\n                        <div class='gform_body gform-body'><ul id='gform_fields_9' class='gform_fields top_label form_sublabel_below description_below'><li id=\"field_9_3\"  class=\"gfield gfield_contains_required field_sublabel_below field_description_below gfield_visibility_visible\"  data-js-reload=\"field_9_3\"><label class='gfield_label'  >Participation<span class=\"gfield_required\"><span class=\"gfield_required gfield_required_asterisk\">*<\/span><\/span><\/label><div class='ginput_container ginput_container_radio'><ul class='gfield_radio' id='input_9_3'>\n\t\t\t<li class='gchoice gchoice_9_3_0'>\n\t\t\t\t<input name='input_3' type='radio' value='Oui'  id='choice_9_3_0'    \/>\n\t\t\t\t<label for='choice_9_3_0' id='label_9_3_0'>Oui<\/label>\n\t\t\t<\/li>\n\t\t\t<li class='gchoice gchoice_9_3_1'>\n\t\t\t\t<input name='input_3' type='radio' value='Non'  id='choice_9_3_1'    \/>\n\t\t\t\t<label for='choice_9_3_1' id='label_9_3_1'>Non<\/label>\n\t\t\t<\/li><\/ul><\/div><\/li><li id=\"field_9_13\"  class=\"gfield gsection field_sublabel_below field_description_below gfield_visibility_visible\"  data-js-reload=\"field_9_13\"><h2 class=\"gsection_title\">Informations personnelles<\/h2><\/li><li id=\"field_9_5\"  class=\"gfield gfield_contains_required field_sublabel_below field_description_below gfield_visibility_visible\"  data-js-reload=\"field_9_5\"><label class='gfield_label' for='input_9_5' >Pr\u00e9nom<span class=\"gfield_required\"><span class=\"gfield_required gfield_required_asterisk\">*<\/span><\/span><\/label><div class='ginput_container ginput_container_text'><input name='input_5' id='input_9_5' type='text' value='' class='large'     aria-required=\"true\" aria-invalid=\"false\"   \/> <\/div><\/li><li id=\"field_9_6\"  class=\"gfield gfield_contains_required field_sublabel_below field_description_below gfield_visibility_visible\"  data-js-reload=\"field_9_6\"><label class='gfield_label' for='input_9_6' >Nom<span class=\"gfield_required\"><span class=\"gfield_required gfield_required_asterisk\">*<\/span><\/span><\/label><div class='ginput_container ginput_container_text'><input name='input_6' id='input_9_6' type='text' value='' class='large'     aria-required=\"true\" aria-invalid=\"false\"   \/> <\/div><\/li><li id=\"field_9_7\"  class=\"gfield gfield_contains_required field_sublabel_below field_description_below gfield_visibility_visible\"  data-js-reload=\"field_9_7\"><label class='gfield_label' for='input_9_7' >Fonction<span class=\"gfield_required\"><span class=\"gfield_required gfield_required_asterisk\">*<\/span><\/span><\/label><div class='ginput_container ginput_container_text'><input name='input_7' id='input_9_7' type='text' value='' class='large'     aria-required=\"true\" aria-invalid=\"false\"   \/> <\/div><\/li><li id=\"field_9_8\"  class=\"gfield gfield_contains_required field_sublabel_below field_description_below gfield_visibility_visible\"  data-js-reload=\"field_9_8\"><label class='gfield_label' for='input_9_8' >Entreprise \/ Institution \/ \u00c9tablissement d&#039;enseignement sup\u00e9rieur<span class=\"gfield_required\"><span class=\"gfield_required gfield_required_asterisk\">*<\/span><\/span><\/label><div class='ginput_container ginput_container_text'><input name='input_8' id='input_9_8' type='text' value='' class='large'     aria-required=\"true\" aria-invalid=\"false\"   \/> <\/div><\/li><li id=\"field_9_9\"  class=\"gfield gfield_contains_required field_sublabel_below field_description_below gfield_visibility_visible\"  data-js-reload=\"field_9_9\"><label class='gfield_label' for='input_9_9' >Courriel<span class=\"gfield_required\"><span class=\"gfield_required gfield_required_asterisk\">*<\/span><\/span><\/label><div class='ginput_container ginput_container_email'>\n                            <input name='input_9' id='input_9_9' type='email' value='' class='large'    aria-required=\"true\" aria-invalid=\"false\"  \/>\n                        <\/div><\/li><li id=\"field_9_11\"  class=\"gfield field_sublabel_below field_description_below gfield_visibility_visible\"  data-js-reload=\"field_9_11\"><label class='gfield_label' for='input_9_11' >(Le cas \u00e9ch\u00e9ant) Je viens en remplacement de (pr\u00e9nom, nom):<\/label><div class='ginput_container ginput_container_text'><input name='input_11' id='input_9_11' type='text' value='' class='large'      aria-invalid=\"false\"   \/> <\/div><\/li><li id=\"field_9_14\"  class=\"gfield gfield_html gfield_html_formatted gfield_no_follows_desc field_sublabel_below field_description_below gfield_visibility_visible\"  data-js-reload=\"field_9_14\"><br><\/li><li id=\"field_9_12\"  class=\"gfield gfield_contains_required field_sublabel_below field_description_below gfield_visibility_visible\"  data-js-reload=\"field_9_12\"><label class='gfield_label'  >Je viendrai accompagn\u00e9(e)<span class=\"gfield_required\"><span class=\"gfield_required gfield_required_asterisk\">*<\/span><\/span><\/label><div class='ginput_container ginput_container_radio'><ul class='gfield_radio' id='input_9_12'>\n\t\t\t<li class='gchoice gchoice_9_12_0'>\n\t\t\t\t<input name='input_12' type='radio' value='oui (veuillez remplir en ce cas les cases sous le point suivant)'  id='choice_9_12_0'    \/>\n\t\t\t\t<label for='choice_9_12_0' id='label_9_12_0'>oui (veuillez remplir en ce cas les cases sous le point suivant)<\/label>\n\t\t\t<\/li>\n\t\t\t<li class='gchoice gchoice_9_12_1'>\n\t\t\t\t<input name='input_12' type='radio' value='non'  id='choice_9_12_1'    \/>\n\t\t\t\t<label for='choice_9_12_1' id='label_9_12_1'>non<\/label>\n\t\t\t<\/li><\/ul><\/div><\/li><li id=\"field_9_15\"  class=\"gfield gsection field_sublabel_below field_description_below gfield_visibility_visible\"  data-js-reload=\"field_9_15\"><h2 class=\"gsection_title\">Je viendrai accompagn\u00e9(e) de<\/h2><\/li><li id=\"field_9_16\"  class=\"gfield field_sublabel_below field_description_below gfield_visibility_visible\"  data-js-reload=\"field_9_16\"><label class='gfield_label' for='input_9_16' >Pr\u00e9nom<\/label><div class='ginput_container ginput_container_text'><input name='input_16' id='input_9_16' type='text' value='' class='large'      aria-invalid=\"false\"   \/> <\/div><\/li><li id=\"field_9_17\"  class=\"gfield field_sublabel_below field_description_below gfield_visibility_visible\"  data-js-reload=\"field_9_17\"><label class='gfield_label' for='input_9_17' >Nom<\/label><div class='ginput_container ginput_container_text'><input name='input_17' id='input_9_17' type='text' value='' class='large'      aria-invalid=\"false\"   \/> <\/div><\/li><li id=\"field_9_18\"  class=\"gfield field_sublabel_below field_description_below gfield_visibility_visible\"  data-js-reload=\"field_9_18\"><label class='gfield_label' for='input_9_18' >Fonction<\/label><div class='ginput_container ginput_container_text'><input name='input_18' id='input_9_18' type='text' value='' class='large'      aria-invalid=\"false\"   \/> <\/div><\/li><li id=\"field_9_19\"  class=\"gfield field_sublabel_below field_description_below gfield_visibility_visible\"  data-js-reload=\"field_9_19\"><label class='gfield_label' for='input_9_19' >Entreprise \/ Institution \/ \u00c9tablissement d&#039;enseignement sup\u00e9rieur<\/label><div class='ginput_container ginput_container_text'><input name='input_19' id='input_9_19' type='text' value='' class='large'      aria-invalid=\"false\"   \/> <\/div><\/li><li id=\"field_9_20\"  class=\"gfield field_sublabel_below field_description_below gfield_visibility_visible\"  data-js-reload=\"field_9_20\"><label class='gfield_label' for='input_9_20' >Courriel<\/label><div class='ginput_container ginput_container_text'><input name='input_20' id='input_9_20' type='text' value='' class='large'      aria-invalid=\"false\"   \/> <\/div><\/li><li id=\"field_9_21\"  class=\"gfield gsection field_sublabel_below field_description_below gfield_visibility_visible\"  data-js-reload=\"field_9_21\"><h2 class=\"gsection_title\">\u00c9ventuels commentaires<\/h2><div class='gsection_description' id='gfield_description_9_21'><b><small>Veuillez noter ici vos commentaires ou questions par rapport \u00e0 la manifestation : <\/b><\/small><\/div><\/li><li id=\"field_9_22\"  class=\"gfield field_sublabel_below field_description_below gfield_visibility_visible\"  data-js-reload=\"field_9_22\"><label class='gfield_label screen-reader-text' for='input_9_22' ><\/label><div class='ginput_container ginput_container_textarea'><textarea name='input_22' id='input_9_22' class='textarea medium'      aria-invalid=\"false\"   rows='10' cols='50'><\/textarea><\/div><\/li><li id=\"field_9_24\"  class=\"gfield gfield_contains_required field_sublabel_below field_description_below gfield_visibility_visible\"  data-js-reload=\"field_9_24\"><label class='gfield_label gfield_label_before_complex'  >Par la pr\u00e9sente, je consens \u00e0 ce que les prises de vue (photos et vid\u00e9os) de ma personne r\u00e9alis\u00e9es dans le cadre de la table ronde le 24 novembre 2022 \u00e0 Strasbourg puissent \u00eatre diffus\u00e9es, reproduites et expos\u00e9es dans l&#039;espace public par l&#039;UFA. L&#039;Universit\u00e9 franco-allemande est autoris\u00e9e \u00e0 transmettre ces prises de vue \u00e0 des tiers ou \u00e0 accorder des licences \u00e0 des tiers en vue de l&#039;utilisation des photos et vid\u00e9os concern\u00e9es. Ce consentement est volontaire. Je peux \u00e0 tout moment r\u00e9voquer mon consentement avec effet imm\u00e9diat.<span class=\"gfield_required\"><span class=\"gfield_required gfield_required_asterisk\">*<\/span><\/span><\/label><div class='ginput_container ginput_container_checkbox'><ul class='gfield_checkbox' id='input_9_24'><li class='gchoice gchoice_9_24_1'>\n\t\t\t\t\t\t\t\t<input class='gfield-choice-input' name='input_24.1' type='checkbox'  value='Oui'  id='choice_9_24_1'   \/>\n\t\t\t\t\t\t\t\t<label for='choice_9_24_1' id='label_9_24_1'>Oui<\/label>\n\t\t\t\t\t\t\t<\/li><li class='gchoice gchoice_9_24_2'>\n\t\t\t\t\t\t\t\t<input class='gfield-choice-input' name='input_24.2' type='checkbox'  value='Non'  id='choice_9_24_2'   \/>\n\t\t\t\t\t\t\t\t<label for='choice_9_24_2' id='label_9_24_2'>Non<\/label>\n\t\t\t\t\t\t\t<\/li><\/ul><\/div><\/li><li id=\"field_9_25\"  class=\"gfield gfield_contains_required field_sublabel_below field_description_below gfield_visibility_visible\"  data-js-reload=\"field_9_25\"><label class='gfield_label'  >Les donn\u00e9es que j&#039;ai fournies dans le pr\u00e9sent formulaire sont trait\u00e9es aux seules fins de mon inscription \u00e0 la table ronde le 24 novembre 2022 \u00e0 Strasbourg, de l&#039;organisation de cette manifestation et du traitement de mes demandes de renseignement. Pour tout compl\u00e9ment d&#039;information, veuillez consulter la d\u00e9claration sur la protection des donn\u00e9es de l&#039;UFA (www.dfh-ufa.org\/fr\/charte-de-confidentialite). Je confirme par la pr\u00e9sente avoir pris connaissance de la d\u00e9claration de protection des donn\u00e9es.<span class=\"gfield_required\"><span class=\"gfield_required gfield_required_asterisk\">*<\/span><\/span><\/label><div class='ginput_container ginput_container_radio'><ul class='gfield_radio' id='input_9_25'>\n\t\t\t<li class='gchoice gchoice_9_25_0'>\n\t\t\t\t<input name='input_25' type='radio' value='Je suis d&#039;accord.'  id='choice_9_25_0'    \/>\n\t\t\t\t<label for='choice_9_25_0' id='label_9_25_0'>Je suis d'accord.<\/label>\n\t\t\t<\/li><\/ul><\/div><\/li><li id=\"field_9_23\"  class=\"gfield gsection field_sublabel_below field_description_below gfield_visibility_visible\"  data-js-reload=\"field_9_23\"><h2 class=\"gsection_title\">\u00c0 noter<\/h2><div class='gsection_description' id='gfield_description_9_23'>Afin de nous <b>transmettre d\u00e9finitivement<\/b> vos donn\u00e9es, merci de cliquer sur le bouton \u00ab <b>Envoyer<\/b> \u00bb.\n<br><br>\nUne fois le formulaire envoy\u00e9, vous recevrez un <b>message automatique de confirmation<\/b> ainsi qu'un r\u00e9capitulatif de vos donn\u00e9es \u00e0 l'adresse mail indiqu\u00e9e dans le formulaire (merci de bien vouloir v\u00e9rifier \u00e9galement votre dossier spam).\n<br><br>\nEn cas de probl\u00e8me, merci de bien vouloir contacter Mme Rohland : <a href=\"mailto:rohland@dfh-ufa.org\">rohland(at)dfh-ufa.org<\/a>\n<br><br><\/div><\/li><\/ul><\/div>\n        <div class='gform_footer top_label'> <input type='submit' id='gform_submit_button_9' class='gform_button button' value='Envoyer'  onclick='if(window[\"gf_submitting_9\"]){return false;}  if( !jQuery(\"#gform_9\")[0].checkValidity || jQuery(\"#gform_9\")[0].checkValidity()){window[\"gf_submitting_9\"]=true;}  ' onkeypress='if( event.keyCode == 13 ){ if(window[\"gf_submitting_9\"]){return false;} if( !jQuery(\"#gform_9\")[0].checkValidity || jQuery(\"#gform_9\")[0].checkValidity()){window[\"gf_submitting_9\"]=true;}  jQuery(\"#gform_9\").trigger(\"submit\",[true]); }' \/> \n            <input type='hidden' class='gform_hidden' name='is_submit_9' value='1' \/>\n            <input type='hidden' class='gform_hidden' name='gform_submit' value='9' \/>\n            \n            <input type='hidden' class='gform_hidden' name='gform_unique_id' value='' \/>\n            <input type='hidden' class='gform_hidden' name='state_9' value='WyJbXSIsIjAwYmQ1ZTQ3NWM2ZjliNjBhNGE1ZWJkNWNkYWI1YmNjIl0=' \/>\n            <input type='hidden' class='gform_hidden' name='gform_target_page_number_9' id='gform_target_page_number_9' value='0' \/>\n            <input type='hidden' class='gform_hidden' name='gform_source_page_number_9' id='gform_source_page_number_9' value='1' \/>\n            <input type='hidden' name='gform_field_values' value='' \/>\n            \n        <\/div>\n                        <\/form>\n                        <\/div><\/p>\n","protected":false},"excerpt":{"rendered":"","protected":false},"author":8,"featured_media":0,"parent":9490,"menu_order":111,"comment_status":"closed","ping_status":"closed","template":"","meta":{"_bbp_topic_count":0,"_bbp_reply_count":0,"_bbp_total_topic_count":0,"_bbp_total_reply_count":0,"_bbp_voice_count":0,"_bbp_anonymous_reply_count":0,"_bbp_topic_count_hidden":0,"_bbp_reply_count_hidden":0,"_bbp_forum_subforum_count":0,"inline_featured_image":false},"acf":[],"_links":{"self":[{"href":"https:\/\/www.dfh-ufa.org\/fr\/wp-json\/wp\/v2\/pages\/9786"}],"collection":[{"href":"https:\/\/www.dfh-ufa.org\/fr\/wp-json\/wp\/v2\/pages"}],"about":[{"href":"https:\/\/www.dfh-ufa.org\/fr\/wp-json\/wp\/v2\/types\/page"}],"author":[{"embeddable":true,"href":"https:\/\/www.dfh-ufa.org\/fr\/wp-json\/wp\/v2\/users\/8"}],"replies":[{"embeddable":true,"href":"https:\/\/www.dfh-ufa.org\/fr\/wp-json\/wp\/v2\/comments?post=9786"}],"version-history":[{"count":5,"href":"https:\/\/www.dfh-ufa.org\/fr\/wp-json\/wp\/v2\/pages\/9786\/revisions"}],"predecessor-version":[{"id":10084,"href":"https:\/\/www.dfh-ufa.org\/fr\/wp-json\/wp\/v2\/pages\/9786\/revisions\/10084"}],"up":[{"embeddable":true,"href":"https:\/\/www.dfh-ufa.org\/fr\/wp-json\/wp\/v2\/pages\/9490"}],"wp:attachment":[{"href":"https:\/\/www.dfh-ufa.org\/fr\/wp-json\/wp\/v2\/media?parent=9786"}],"curies":[{"name":"wp","href":"https:\/\/api.w.org\/{rel}","templated":true}]}}