{"id":996772,"date":"2022-02-01T17:22:13","date_gmt":"2022-02-01T16:22:13","guid":{"rendered":"https:\/\/www.dfh-ufa.org\/fr\/?page_id=996772"},"modified":"2022-04-29T17:36:03","modified_gmt":"2022-04-29T15:36:03","slug":"inscription-a-la-rencontre-des-responsables-de-programmes-et-lassemblee-des-etablissements-membres-les-2-et-3-juin-2022-a-toulouse","status":"publish","type":"page","link":"https:\/\/www.dfh-ufa.org\/fr\/actualites\/news\/toulouse-2022\/inscription-a-la-rencontre-des-responsables-de-programmes-et-lassemblee-des-etablissements-membres-les-2-et-3-juin-2022-a-toulouse","title":{"rendered":"Inscription \u00e0 la rencontre des responsables de programmes et \u00e0 l&rsquo;assembl\u00e9e des \u00e9tablissements membres les 2 et 3 juin 2022 \u00e0 Toulouse"},"content":{"rendered":"\n","protected":false},"excerpt":{"rendered":"","protected":false},"author":21,"featured_media":0,"parent":905769,"menu_order":27,"comment_status":"closed","ping_status":"closed","template":"","meta":{"_bbp_topic_count":0,"_bbp_reply_count":0,"_bbp_total_topic_count":0,"_bbp_total_reply_count":0,"_bbp_voice_count":0,"_bbp_anonymous_reply_count":0,"_bbp_topic_count_hidden":0,"_bbp_reply_count_hidden":0,"_bbp_forum_subforum_count":0,"inline_featured_image":false},"acf":[],"_links":{"self":[{"href":"https:\/\/www.dfh-ufa.org\/fr\/wp-json\/wp\/v2\/pages\/996772"}],"collection":[{"href":"https:\/\/www.dfh-ufa.org\/fr\/wp-json\/wp\/v2\/pages"}],"about":[{"href":"https:\/\/www.dfh-ufa.org\/fr\/wp-json\/wp\/v2\/types\/page"}],"author":[{"embeddable":true,"href":"https:\/\/www.dfh-ufa.org\/fr\/wp-json\/wp\/v2\/users\/21"}],"replies":[{"embeddable":true,"href":"https:\/\/www.dfh-ufa.org\/fr\/wp-json\/wp\/v2\/comments?post=996772"}],"version-history":[{"count":3,"href":"https:\/\/www.dfh-ufa.org\/fr\/wp-json\/wp\/v2\/pages\/996772\/revisions"}],"predecessor-version":[{"id":1049646,"href":"https:\/\/www.dfh-ufa.org\/fr\/wp-json\/wp\/v2\/pages\/996772\/revisions\/1049646"}],"up":[{"embeddable":true,"href":"https:\/\/www.dfh-ufa.org\/fr\/wp-json\/wp\/v2\/pages\/905769"}],"wp:attachment":[{"href":"https:\/\/www.dfh-ufa.org\/fr\/wp-json\/wp\/v2\/media?parent=996772"}],"curies":[{"name":"wp","href":"https:\/\/api.w.org\/{rel}","templated":true}]}}